{"id":3,"date":"2024-05-27T13:31:48","date_gmt":"2024-05-27T12:31:48","guid":{"rendered":"https:\/\/heat-pump-day.org\/?page_id=3"},"modified":"2025-01-29T15:20:37","modified_gmt":"2025-01-29T15:20:37","slug":"privacy-policy","status":"publish","type":"page","link":"https:\/\/heat-pump-day.org\/sv\/privacy-policy\/","title":{"rendered":"Integritetspolicy"},"content":{"rendered":"<div data-elementor-type=\"wp-page\" data-elementor-id=\"3\" class=\"elementor elementor-3\" data-elementor-post-type=\"page\">\n\t\t\t\t<div class=\"elementor-element elementor-element-788a49c6 e-flex e-con-boxed e-con e-parent\" data-id=\"788a49c6\" data-element_type=\"container\">\n\t\t\t\t\t<div class=\"e-con-inner\">\n\t\t\t\t<div class=\"elementor-element elementor-element-222870e elementor-widget elementor-widget-heading\" data-id=\"222870e\" data-element_type=\"widget\" data-widget_type=\"heading.default\">\n\t\t\t\t<div class=\"elementor-widget-container\">\n\t\t\t<style>\/*! elementor - v3.21.0 - 26-05-2024 *\/\n.elementor-heading-title{padding:0;margin:0;line-height:1}.elementor-widget-heading .elementor-heading-title[class*=elementor-size-]>a{color:inherit;font-size:inherit;line-height:inherit}.elementor-widget-heading .elementor-heading-title.elementor-size-small{font-size:15px}.elementor-widget-heading .elementor-heading-title.elementor-size-medium{font-size:19px}.elementor-widget-heading .elementor-heading-title.elementor-size-large{font-size:29px}.elementor-widget-heading .elementor-heading-title.elementor-size-xl{font-size:39px}.elementor-widget-heading .elementor-heading-title.elementor-size-xxl{font-size:59px}<\/style><h1 class=\"elementor-heading-title elementor-size-default\">Integritetspolicy f\u00f6r Heat Pump Day<\/h1>\t\t<\/div>\n\t\t\t\t<\/div>\n\t\t\t\t<div class=\"elementor-element elementor-element-6eb0f4d4 elementor-widget elementor-widget-text-editor\" data-id=\"6eb0f4d4\" data-element_type=\"widget\" data-widget_type=\"text-editor.default\">\n\t\t\t\t<div class=\"elementor-widget-container\">\n\t\t\t<style>\/*! elementor - v3.21.0 - 26-05-2024 *\/\n.elementor-widget-text-editor.elementor-drop-cap-view-stacked .elementor-drop-cap{background-color:#69727d;color:#fff}.elementor-widget-text-editor.elementor-drop-cap-view-framed .elementor-drop-cap{color:#69727d;border:3px solid;background-color:transparent}.elementor-widget-text-editor:not(.elementor-drop-cap-view-default) .elementor-drop-cap{margin-top:8px}.elementor-widget-text-editor:not(.elementor-drop-cap-view-default) .elementor-drop-cap-letter{width:1em;height:1em}.elementor-widget-text-editor .elementor-drop-cap{float:left;text-align:center;line-height:1;font-size:50px}.elementor-widget-text-editor .elementor-drop-cap-letter{display:inline-block}<\/style>\t\t\t\t<!-- wp:heading -->\n<h2><b>Vilka vi \u00e4r<\/b><\/h2>\n<p><span style=\"font-weight: 400;\">V\u00e4rd f\u00f6r Heat Pump Day \u00e4r den europeiska v\u00e4rmepumpf\u00f6reningen AISBL.<\/span><\/p>\n<p><span style=\"font-weight: 400;\">V\u00e5r huvudsakliga webbplatsadress \u00e4r: https:\/\/www.ehpa.org.<\/span><\/p>\n<h2 data-sourcepos=\"1:1-1:35\">\u00a0<\/h2>\n<p><span style=\"font-weight: 400;\">Vi driver \u00e4ven andra projekt- och eventwebbplatser, bland annat <\/span><a href=\"http:\/\/www.heatpumpkeymark.com\"><span style=\"font-weight: 400;\">www.heatpumpkeymark.com<\/span><\/a><span style=\"font-weight: 400;\">, <\/span><a href=\"http:\/\/www.dryficiency.eu\"><span style=\"font-weight: 400;\">www.dryficiency.eu<\/span><\/a><span style=\"font-weight: 400;\">, <\/span><a href=\"http:\/\/www.heat4cool.eu\"><span style=\"font-weight: 400;\">www.heat4cool.eu<\/span><\/a><span style=\"font-weight: 400;\">, och <\/span><a href=\"http:\/\/www.decarbheat.eu\"><span style=\"font-weight: 400;\">www.decarbheat.eu<\/span><\/a><span style=\"font-weight: 400;\">.<\/span><\/p>\n<h2 data-sourcepos=\"1:1-1:35\">\u00a0<\/h2>\n<p><span style=\"font-weight: 400;\">Den europeiska v\u00e4rmepumpsf\u00f6reningen AISBL, i f\u00f6rkortad form EHPA, f\u00e4ster stor vikt vid att respektera r\u00e4tten till integritet f\u00f6r de personuppgifter som den lagrar.<\/span><\/p>\n<p><span style=\"font-weight: 400;\">Du kan kontakta EHPA p\u00e5<\/span><\/p>\n<p><span style=\"font-weight: 400;\">Avenue de Cortenbergh 120, 1000<\/span><\/p>\n<p><span style=\"font-weight: 400;\">Bryssel, Belgien.<\/span><\/p>\n<p><span style=\"font-weight: 400;\">Telefon +(32) 488 59 76 59<\/span><\/p>\n<h2 data-sourcepos=\"1:1-1:35\">\u00a0<\/h2>\n<h2><b>Vad inneb\u00e4r \"personuppgifter\"?<\/b><\/h2>\n<p><span style=\"font-weight: 400;\">Personuppgifter \u00e4r all information som r\u00f6r en identifierad eller identifierbar fysisk person; en identifierbar person \u00e4r en person som kan identifieras, direkt eller indirekt, s\u00e4rskilt genom h\u00e4nvisning till ett e-postmeddelande.<\/span><\/p>\n<h2 data-sourcepos=\"1:1-1:35\">\u00a0<\/h2>\n<p><span style=\"font-weight: 400;\">F\u00f6r att f\u00e5 tillg\u00e5ng till den information som finns tillg\u00e4nglig p\u00e5 eller via denna webbplats kr\u00e4vs i princip inte att anv\u00e4ndaren l\u00e4mnar n\u00e5gra personuppgifter. F\u00f6r att kunna anv\u00e4nda vissa onlinetj\u00e4nster, t.ex. f\u00f6r att kontakta oss via v\u00e5rt kontaktformul\u00e4r, kan du dock bli ombedd att l\u00e4mna personuppgifter till oss, t.ex. f\u00f6rnamn, efternamn och e-postadress.\u00a0<\/span><\/p>\n<h2 data-sourcepos=\"1:1-1:35\">\u00a0<\/h2>\n<h2><b>Varf\u00f6r samlar vi in och lagrar personuppgifter?<\/b><\/h2>\n<p><span style=\"font-weight: 400;\">EHPA samlar in och lagrar endast de personuppgifter som beh\u00f6vs f\u00f6r att kommunicera med sin publik. Personuppgifterna anv\u00e4nds inte f\u00f6r n\u00e5got annat \u00e4ndam\u00e5l och aldrig f\u00f6r kommersiella syften. EHPA kommer d\u00e4rf\u00f6r att lagra personuppgifter som skickas via webbplatsens formul\u00e4r. EHPA kommer inte att anv\u00e4nda, dela, hyra ut eller s\u00e4lja din information.<\/span><\/p>\n<h2 data-sourcepos=\"1:1-1:35\">\u00a0<\/h2>\n<h2><b>Insamling och anv\u00e4ndning av personuppgifter och bilder<\/b><\/h2>\n<p><span style=\"font-weight: 400;\">Genom att delta i v\u00e5r fotot\u00e4vling samtycker du till insamling och anv\u00e4ndning av din inl\u00e4mnade information och bilder enligt beskrivningen i denna integritetspolicy. De uppgifter du laddar upp via v\u00e5ra formul\u00e4r kommer att anv\u00e4ndas f\u00f6r deltagande i t\u00e4vlingen och f\u00f6r marknadsf\u00f6rings\u00e4ndam\u00e5l. Du ger oss en icke-exklusiv, royaltyfri, evig och v\u00e4rldsomsp\u00e4nnande licens att anv\u00e4nda, modifiera, reproducera och distribuera dina bilder.<\/span><\/p>\n<h2 data-sourcepos=\"1:1-1:35\">\u00a0<\/h2>\n<h2><b>Lagring och s\u00e4kerhet<\/b><\/h2>\n<p><span style=\"font-weight: 400;\">Dina uppgifter lagras p\u00e5 ett s\u00e4kert s\u00e4tt p\u00e5 v\u00e5ra servrar och vi vidtar rimliga \u00e5tg\u00e4rder f\u00f6r att skydda dem fr\u00e5n obeh\u00f6rig \u00e5tkomst. Vi kommer att beh\u00e5lla din information s\u00e5 l\u00e4nge som det \u00e4r n\u00f6dv\u00e4ndigt f\u00f6r att uppfylla de syften som beskrivs i denna policy.<\/span><\/p>\n<h2 data-sourcepos=\"1:1-1:35\">\u00a0<\/h2>\n<h2><b>Delning och offentligg\u00f6rande<\/b><\/h2>\n<p><span style=\"font-weight: 400;\">Vi kommer inte att dela dina uppgifter och bilder med tredje part f\u00f6rutom med dem som \u00e4r involverade i hanteringen av t\u00e4vlingen eller som kr\u00e4vs enligt lag.<\/span><span style=\"font-weight: 400;\"> Vinnande bilder kan visas offentligt p\u00e5 v\u00e5r webbplats, sociala medieplattformar eller i annat marknadsf\u00f6ringsmaterial, tillsammans med ditt namn och annan identifierande information som du tillhandah\u00e5ller.<\/span><\/p>\n<h2 data-sourcepos=\"1:1-1:35\">\u00a0<\/h2>\n<h2><b>Dina r\u00e4ttigheter<\/b><\/h2>\n<p><span style=\"font-weight: 400;\">Du beh\u00e5ller alla r\u00e4ttigheter till dina bilder med undantag f\u00f6r den begr\u00e4nsade licens som beviljats oss. Du kan beg\u00e4ra att din bild tas bort fr\u00e5n v\u00e5r webbplats eller v\u00e5rt marknadsf\u00f6ringsmaterial genom att kontakta oss. Dessutom har du r\u00e4tt att f\u00e5 tillg\u00e5ng till, korrigera eller radera alla personuppgifter som vi har om dig. F\u00f6r fr\u00e5gor eller funderingar kring denna policy, v\u00e4nligen kontakta oss p\u00e5 info@heat-pump-day.org.<\/span><\/p>\n<h2 data-sourcepos=\"1:1-1:35\">\u00a0<\/h2>\n<h2><b>Kakor<\/b><\/h2>\n<p><span style=\"font-weight: 400;\">Vi anv\u00e4nder cookies f\u00f6r att hj\u00e4lpa dig att navigera effektivt och utf\u00f6ra vissa funktioner. Du hittar detaljerad information om alla cookies under varje samtyckeskategori nedan.<\/span><\/p>\n<h2 data-sourcepos=\"1:1-1:35\">\u00a0<\/h2>\n<p><span style=\"font-weight: 400;\">De cookies som kategoriseras som \"N\u00f6dv\u00e4ndiga\" lagras i din webbl\u00e4sare eftersom de \u00e4r n\u00f6dv\u00e4ndiga f\u00f6r att m\u00f6jligg\u00f6ra webbplatsens grundl\u00e4ggande funktioner.<\/span><\/p>\n<h2 data-sourcepos=\"1:1-1:35\">\u00a0<\/h2>\n<p><span style=\"font-weight: 400;\">Vi anv\u00e4nder \u00e4ven tredjepartscookies som hj\u00e4lper oss att analysera hur du anv\u00e4nder webbplatsen, lagra dina preferenser och tillhandah\u00e5lla inneh\u00e5ll och annonser som \u00e4r relevanta f\u00f6r dig. Dessa cookies kommer endast att lagras i din webbl\u00e4sare med ditt f\u00f6reg\u00e5ende samtycke.<\/span><\/p>\n<h2 data-sourcepos=\"1:1-1:35\">\u00a0<\/h2>\n<p><span style=\"font-weight: 400;\">Du kan v\u00e4lja att aktivera eller inaktivera vissa eller alla dessa cookies, men om du inaktiverar vissa av dem kan det p\u00e5verka din surfupplevelse.<\/span><\/p>\n<h2 data-sourcepos=\"1:1-1:35\">\u00a0<\/h2>\n<p><span style=\"font-weight: 400;\">EHPA samlar in och lagrar cookies, en liten textfil som en webbplats sparar p\u00e5 din dator eller mobila enhet n\u00e4r du bes\u00f6ker webbplatsen. Det g\u00f6r det m\u00f6jligt f\u00f6r webbplatsen att komma ih\u00e5g dina \u00e5tg\u00e4rder och preferenser under en tidsperiod, s\u00e5 att du inte beh\u00f6ver forts\u00e4tta att specificera dem n\u00e4r du kommer tillbaka till webbplatsen eller bl\u00e4ddrar fr\u00e5n en sida till en annan. EHPA anv\u00e4nder dessa cookies f\u00f6r att f\u00f6rb\u00e4ttra anv\u00e4ndarupplevelsen p\u00e5 sin webbplats, t.ex. via Google Analytics.<\/span><\/p>\n<h2 data-sourcepos=\"1:1-1:35\">\u00a0<\/h2>\n<h3><strong><i>N\u00f6dv\u00e4ndigt\u00a0<\/i><\/strong><\/h3>\n<p><span style=\"font-weight: 400;\">N\u00f6dv\u00e4ndiga cookies kr\u00e4vs f\u00f6r att aktivera de grundl\u00e4ggande funktionerna p\u00e5 denna webbplats, till exempel s\u00e4ker inloggning eller justering av dina samtyckespreferenser. Dessa cookies lagrar inte n\u00e5gra personligt identifierbara uppgifter.<\/span><\/p>\n<ul>\n<li style=\"font-weight: 400;\" aria-level=\"1\"><span style=\"font-weight: 400;\">Cookieyes-samtycke: CookieYes s\u00e4tter denna cookie f\u00f6r att komma ih\u00e5g anv\u00e4ndarnas samtyckespreferenser s\u00e5 att deras preferenser respekteras vid efterf\u00f6ljande bes\u00f6k p\u00e5 denna webbplats. Den samlar inte in eller lagrar n\u00e5gon personlig information om webbplatsens bes\u00f6kare.<\/span><\/li>\n<li style=\"font-weight: 400;\" aria-level=\"1\"><span style=\"font-weight: 400;\">Elementor: Webbplatsens WordPress-tema anv\u00e4nder denna cookie. Den g\u00f6r det m\u00f6jligt f\u00f6r webbplats\u00e4garen att implementera eller \u00e4ndra webbplatsens inneh\u00e5ll i realtid.<\/span><\/li>\n<li style=\"font-weight: 400;\" aria-level=\"1\"><span style=\"font-weight: 400;\">wpEmojiSettingsSupports: WordPress s\u00e4tter denna cookie n\u00e4r en anv\u00e4ndare interagerar med emojis p\u00e5 en WordPress-webbplats. Den hj\u00e4lper till att avg\u00f6ra om anv\u00e4ndarens webbl\u00e4sare kan visa emojis p\u00e5 r\u00e4tt s\u00e4tt.<\/span><\/li>\n<li style=\"font-weight: 400;\" aria-level=\"1\"><span style=\"font-weight: 400;\">rc::c: Denna cookie s\u00e4tts av Googles recaptcha-tj\u00e4nst f\u00f6r att identifiera bots och skydda webbplatsen mot skadliga spamattacker.\u00a0<\/span><\/li>\n<\/ul>\n<h2 data-sourcepos=\"1:1-1:35\">\u00a0<\/h2>\n<h3><strong><i>Analytisk<\/i><\/strong><\/h3>\n<p><span style=\"font-weight: 400;\">Analytiska cookies anv\u00e4nds f\u00f6r att f\u00f6rst\u00e5 hur bes\u00f6kare interagerar med webbplatsen. Dessa cookies bidrar till att ge information om m\u00e4tv\u00e4rden som antal bes\u00f6kare, avvisningsfrekvens, trafikk\u00e4lla etc.<\/span><\/p>\n<ul>\n<li style=\"font-weight: 400;\" aria-level=\"1\"><span style=\"font-weight: 400;\">Google analytics: Google Analytics s\u00e4tter cookies f\u00f6r att 1. lagra och r\u00e4kna sidvisningar; 2. ber\u00e4kna bes\u00f6kar-, sessions- och kampanjdata och sp\u00e5ra webbplatsanv\u00e4ndning f\u00f6r webbplatsens analysrapport. Cookien lagrar information anonymt och tilldelar ett slumpm\u00e4ssigt genererat nummer f\u00f6r att k\u00e4nna igen unika bes\u00f6kare.<\/span><\/li>\n<\/ul>\n<h2 data-sourcepos=\"1:1-1:35\"><br \/><br \/><\/h2>\n<h2><b>Inb\u00e4ddat inneh\u00e5ll fr\u00e5n andra webbplatser<\/b><\/h2>\n<p><span style=\"font-weight: 400;\">Artiklar p\u00e5 denna webbplats kan inneh\u00e5lla inb\u00e4ddat inneh\u00e5ll (t.ex. videor, bilder, artiklar etc.). Inb\u00e4ddat inneh\u00e5ll fr\u00e5n andra webbplatser beter sig p\u00e5 exakt samma s\u00e4tt som om bes\u00f6karen har bes\u00f6kt den andra webbplatsen.<\/span><\/p>\n<h2 data-sourcepos=\"1:1-1:35\">\u00a0<\/h2>\n<p><span style=\"font-weight: 400;\">Dessa webbplatser kan samla in uppgifter om dig, anv\u00e4nda cookies, b\u00e4dda in ytterligare sp\u00e5rning fr\u00e5n tredje part och \u00f6vervaka din interaktion med det inb\u00e4ddade inneh\u00e5llet, inklusive att sp\u00e5ra din interaktion med det inb\u00e4ddade inneh\u00e5llet om du har ett konto och \u00e4r inloggad p\u00e5 den webbplatsen.<\/span><\/p>\n<h2 data-sourcepos=\"1:1-1:35\">\u00a0<\/h2>\n<h2><b>Uppdatering<\/b><\/h2>\n<p><span style=\"font-weight: 400;\">Denna policy har publicerats p\u00e5 <\/span><span style=\"font-weight: 400;\">27 juni 2024.\u00a0<\/span><\/p>\n<h2 data-sourcepos=\"1:1-1:35\">\u00a0<\/h2>\n<p><span style=\"font-weight: 400;\">Om du \u00e4r orolig f\u00f6r att vi inte har f\u00f6ljt dina lagliga r\u00e4ttigheter eller g\u00e4llande integritetslagar kan du kontakta den belgiska dataskyddsmyndigheten (Data Protection Authority: https:\/\/www.dataprotectionauthority.be\/). Alternativt, om du befinner dig utanf\u00f6r Belgien, kan du kontakta din lokala dataskyddsmyndighet.<\/span><\/p>\t\t\t\t\t\t<\/div>\n\t\t\t\t<\/div>\n\t\t\t\t\t<\/div>\n\t\t\t\t<\/div>\n\t\t\t\t<\/div>","protected":false},"excerpt":{"rendered":"<p>Integritetspolicy f\u00f6r Heat Pump Day Vilka vi \u00e4r Heat Pump Day drivs av The European Heat Pump Association AISBL. V\u00e5r huvudsakliga webbplatsadress \u00e4r: https:\/\/www.ehpa.org.   Vi driver ocks\u00e5 andra projekt- och evenemangswebbplatser, inklusive www.heatpumpkeymark.com, www.dryficiency.eu, www.heat4cool.eu och www.decarbheat.eu.   Den europeiska v\u00e4rmepumpsf\u00f6reningen AISBL, i f\u00f6rkortad form EHPA, bifogar [...]<\/p>","protected":false},"author":1,"featured_media":0,"parent":0,"menu_order":0,"comment_status":"closed","ping_status":"open","template":"elementor_header_footer","meta":{"footnotes":""},"class_list":["post-3","page","type-page","status-publish","hentry"],"yoast_head":"<!-- This site is optimized with the Yoast SEO plugin v24.5 - https:\/\/yoast.com\/wordpress\/plugins\/seo\/ -->\n<title>Privacy Policy - Heat Pump Day<\/title>\n<meta name=\"robots\" content=\"index, follow, max-snippet:-1, max-image-preview:large, max-video-preview:-1\" \/>\n<link rel=\"canonical\" href=\"https:\/\/heat-pump-day.org\/sv\/privacy-policy\/\" \/>\n<meta property=\"og:locale\" content=\"sv_SE\" \/>\n<meta property=\"og:type\" content=\"article\" \/>\n<meta property=\"og:title\" content=\"Privacy Policy - Heat Pump Day\" \/>\n<meta property=\"og:description\" content=\"Privacy Policy for Heat Pump Day Who we are The Heat Pump Day is hosted by The European Heat Pump Association AISBL. Our main website address is: https:\/\/www.ehpa.org. \u00a0 We also run other project and event websites, including www.heatpumpkeymark.com, www.dryficiency.eu, www.heat4cool.eu, and www.decarbheat.eu. \u00a0 The European Heat Pump Association AISBL, in abbreviated form EHPA, attaches [&hellip;]\" \/>\n<meta property=\"og:url\" content=\"https:\/\/heat-pump-day.org\/sv\/privacy-policy\/\" \/>\n<meta property=\"og:site_name\" content=\"Heat Pump Day\" \/>\n<meta property=\"article:modified_time\" content=\"2025-01-29T15:20:37+00:00\" \/>\n<meta name=\"twitter:card\" content=\"summary_large_image\" \/>\n<meta name=\"twitter:label1\" content=\"Ber\u00e4knad l\u00e4stid\" \/>\n\t<meta name=\"twitter:data1\" content=\"5 minuter\" \/>\n<script type=\"application\/ld+json\" class=\"yoast-schema-graph\">{\"@context\":\"https:\/\/schema.org\",\"@graph\":[{\"@type\":\"WebPage\",\"@id\":\"https:\/\/heat-pump-day.org\/privacy-policy\/\",\"url\":\"https:\/\/heat-pump-day.org\/privacy-policy\/\",\"name\":\"Privacy Policy - Heat Pump Day\",\"isPartOf\":{\"@id\":\"https:\/\/heat-pump-day.org\/#website\"},\"datePublished\":\"2024-05-27T12:31:48+00:00\",\"dateModified\":\"2025-01-29T15:20:37+00:00\",\"breadcrumb\":{\"@id\":\"https:\/\/heat-pump-day.org\/privacy-policy\/#breadcrumb\"},\"inLanguage\":\"sv-SE\",\"potentialAction\":[{\"@type\":\"ReadAction\",\"target\":[\"https:\/\/heat-pump-day.org\/privacy-policy\/\"]}]},{\"@type\":\"BreadcrumbList\",\"@id\":\"https:\/\/heat-pump-day.org\/privacy-policy\/#breadcrumb\",\"itemListElement\":[{\"@type\":\"ListItem\",\"position\":1,\"name\":\"Home\",\"item\":\"https:\/\/heat-pump-day.org\/\"},{\"@type\":\"ListItem\",\"position\":2,\"name\":\"Privacy Policy\"}]},{\"@type\":\"WebSite\",\"@id\":\"https:\/\/heat-pump-day.org\/#website\",\"url\":\"https:\/\/heat-pump-day.org\/\",\"name\":\"Heat Pump Day\",\"description\":\"\",\"publisher\":{\"@id\":\"https:\/\/heat-pump-day.org\/#organization\"},\"potentialAction\":[{\"@type\":\"SearchAction\",\"target\":{\"@type\":\"EntryPoint\",\"urlTemplate\":\"https:\/\/heat-pump-day.org\/?s={search_term_string}\"},\"query-input\":{\"@type\":\"PropertyValueSpecification\",\"valueRequired\":true,\"valueName\":\"search_term_string\"}}],\"inLanguage\":\"sv-SE\"},{\"@type\":\"Organization\",\"@id\":\"https:\/\/heat-pump-day.org\/#organization\",\"name\":\"Heat Pump Day\",\"url\":\"https:\/\/heat-pump-day.org\/\",\"logo\":{\"@type\":\"ImageObject\",\"inLanguage\":\"sv-SE\",\"@id\":\"https:\/\/heat-pump-day.org\/#\/schema\/logo\/image\/\",\"url\":\"https:\/\/heat-pump-day.org\/wp-content\/uploads\/2024\/05\/fundo.png\",\"contentUrl\":\"https:\/\/heat-pump-day.org\/wp-content\/uploads\/2024\/05\/fundo.png\",\"width\":1676,\"height\":1092,\"caption\":\"Heat Pump Day\"},\"image\":{\"@id\":\"https:\/\/heat-pump-day.org\/#\/schema\/logo\/image\/\"}}]}<\/script>\n<!-- \/ Yoast SEO plugin. -->","yoast_head_json":{"title":"Privacy Policy - Heat Pump Day","robots":{"index":"index","follow":"follow","max-snippet":"max-snippet:-1","max-image-preview":"max-image-preview:large","max-video-preview":"max-video-preview:-1"},"canonical":"https:\/\/heat-pump-day.org\/sv\/privacy-policy\/","og_locale":"sv_SE","og_type":"article","og_title":"Privacy Policy - Heat Pump Day","og_description":"Privacy Policy for Heat Pump Day Who we are The Heat Pump Day is hosted by The European Heat Pump Association AISBL. Our main website address is: https:\/\/www.ehpa.org. \u00a0 We also run other project and event websites, including www.heatpumpkeymark.com, www.dryficiency.eu, www.heat4cool.eu, and www.decarbheat.eu. \u00a0 The European Heat Pump Association AISBL, in abbreviated form EHPA, attaches [&hellip;]","og_url":"https:\/\/heat-pump-day.org\/sv\/privacy-policy\/","og_site_name":"Heat Pump Day","article_modified_time":"2025-01-29T15:20:37+00:00","twitter_card":"summary_large_image","twitter_misc":{"Ber\u00e4knad l\u00e4stid":"5 minuter"},"schema":{"@context":"https:\/\/schema.org","@graph":[{"@type":"WebPage","@id":"https:\/\/heat-pump-day.org\/privacy-policy\/","url":"https:\/\/heat-pump-day.org\/privacy-policy\/","name":"Privacy Policy - Heat Pump Day","isPartOf":{"@id":"https:\/\/heat-pump-day.org\/#website"},"datePublished":"2024-05-27T12:31:48+00:00","dateModified":"2025-01-29T15:20:37+00:00","breadcrumb":{"@id":"https:\/\/heat-pump-day.org\/privacy-policy\/#breadcrumb"},"inLanguage":"sv-SE","potentialAction":[{"@type":"ReadAction","target":["https:\/\/heat-pump-day.org\/privacy-policy\/"]}]},{"@type":"BreadcrumbList","@id":"https:\/\/heat-pump-day.org\/privacy-policy\/#breadcrumb","itemListElement":[{"@type":"ListItem","position":1,"name":"Home","item":"https:\/\/heat-pump-day.org\/"},{"@type":"ListItem","position":2,"name":"Privacy Policy"}]},{"@type":"WebSite","@id":"https:\/\/heat-pump-day.org\/#website","url":"https:\/\/heat-pump-day.org\/","name":"Heat Pump Day","description":"","publisher":{"@id":"https:\/\/heat-pump-day.org\/#organization"},"potentialAction":[{"@type":"SearchAction","target":{"@type":"EntryPoint","urlTemplate":"https:\/\/heat-pump-day.org\/?s={search_term_string}"},"query-input":{"@type":"PropertyValueSpecification","valueRequired":true,"valueName":"search_term_string"}}],"inLanguage":"sv-SE"},{"@type":"Organization","@id":"https:\/\/heat-pump-day.org\/#organization","name":"Heat Pump Day","url":"https:\/\/heat-pump-day.org\/","logo":{"@type":"ImageObject","inLanguage":"sv-SE","@id":"https:\/\/heat-pump-day.org\/#\/schema\/logo\/image\/","url":"https:\/\/heat-pump-day.org\/wp-content\/uploads\/2024\/05\/fundo.png","contentUrl":"https:\/\/heat-pump-day.org\/wp-content\/uploads\/2024\/05\/fundo.png","width":1676,"height":1092,"caption":"Heat Pump Day"},"image":{"@id":"https:\/\/heat-pump-day.org\/#\/schema\/logo\/image\/"}}]}},"_links":{"self":[{"href":"https:\/\/heat-pump-day.org\/sv\/wp-json\/wp\/v2\/pages\/3","targetHints":{"allow":["GET"]}}],"collection":[{"href":"https:\/\/heat-pump-day.org\/sv\/wp-json\/wp\/v2\/pages"}],"about":[{"href":"https:\/\/heat-pump-day.org\/sv\/wp-json\/wp\/v2\/types\/page"}],"author":[{"embeddable":true,"href":"https:\/\/heat-pump-day.org\/sv\/wp-json\/wp\/v2\/users\/1"}],"replies":[{"embeddable":true,"href":"https:\/\/heat-pump-day.org\/sv\/wp-json\/wp\/v2\/comments?post=3"}],"version-history":[{"count":19,"href":"https:\/\/heat-pump-day.org\/sv\/wp-json\/wp\/v2\/pages\/3\/revisions"}],"predecessor-version":[{"id":1461,"href":"https:\/\/heat-pump-day.org\/sv\/wp-json\/wp\/v2\/pages\/3\/revisions\/1461"}],"wp:attachment":[{"href":"https:\/\/heat-pump-day.org\/sv\/wp-json\/wp\/v2\/media?parent=3"}],"curies":[{"name":"wp","href":"https:\/\/api.w.org\/{rel}","templated":true}]}}