{"id":3,"date":"2024-05-27T13:31:48","date_gmt":"2024-05-27T12:31:48","guid":{"rendered":"https:\/\/heat-pump-day.org\/?page_id=3"},"modified":"2025-01-29T15:20:37","modified_gmt":"2025-01-29T15:20:37","slug":"privacy-policy","status":"publish","type":"page","link":"https:\/\/heat-pump-day.org\/pt\/privacy-policy\/","title":{"rendered":"Pol\u00edtica de privacidade"},"content":{"rendered":"<div data-elementor-type=\"wp-page\" data-elementor-id=\"3\" class=\"elementor elementor-3\" data-elementor-post-type=\"page\">\n\t\t\t\t<div class=\"elementor-element elementor-element-788a49c6 e-flex e-con-boxed e-con e-parent\" data-id=\"788a49c6\" data-element_type=\"container\">\n\t\t\t\t\t<div class=\"e-con-inner\">\n\t\t\t\t<div class=\"elementor-element elementor-element-222870e elementor-widget elementor-widget-heading\" data-id=\"222870e\" data-element_type=\"widget\" data-widget_type=\"heading.default\">\n\t\t\t\t<div class=\"elementor-widget-container\">\n\t\t\t<style>\/*! elementor - v3.21.0 - 26-05-2024 *\/\n.elementor-heading-title{padding:0;margin:0;line-height:1}.elementor-widget-heading .elementor-heading-title[class*=elementor-size-]>a{color:inherit;font-size:inherit;line-height:inherit}.elementor-widget-heading .elementor-heading-title.elementor-size-small{font-size:15px}.elementor-widget-heading .elementor-heading-title.elementor-size-medium{font-size:19px}.elementor-widget-heading .elementor-heading-title.elementor-size-large{font-size:29px}.elementor-widget-heading .elementor-heading-title.elementor-size-xl{font-size:39px}.elementor-widget-heading .elementor-heading-title.elementor-size-xxl{font-size:59px}<\/style><h1 class=\"elementor-heading-title elementor-size-default\">Pol\u00edtica de privacidade para Heat Pump Day<\/h1>\t\t<\/div>\n\t\t\t\t<\/div>\n\t\t\t\t<div class=\"elementor-element elementor-element-6eb0f4d4 elementor-widget elementor-widget-text-editor\" data-id=\"6eb0f4d4\" data-element_type=\"widget\" data-widget_type=\"text-editor.default\">\n\t\t\t\t<div class=\"elementor-widget-container\">\n\t\t\t<style>\/*! elementor - v3.21.0 - 26-05-2024 *\/\n.elementor-widget-text-editor.elementor-drop-cap-view-stacked .elementor-drop-cap{background-color:#69727d;color:#fff}.elementor-widget-text-editor.elementor-drop-cap-view-framed .elementor-drop-cap{color:#69727d;border:3px solid;background-color:transparent}.elementor-widget-text-editor:not(.elementor-drop-cap-view-default) .elementor-drop-cap{margin-top:8px}.elementor-widget-text-editor:not(.elementor-drop-cap-view-default) .elementor-drop-cap-letter{width:1em;height:1em}.elementor-widget-text-editor .elementor-drop-cap{float:left;text-align:center;line-height:1;font-size:50px}.elementor-widget-text-editor .elementor-drop-cap-letter{display:inline-block}<\/style>\t\t\t\t<!-- wp:heading -->\n<h2><b>Quem somos<\/b><\/h2>\n<p><span style=\"font-weight: 400;\">O Heat Pump Day \u00e9 organizado pela Associa\u00e7\u00e3o Europeia de Bombas de Calor AISBL.<\/span><\/p>\n<p><span style=\"font-weight: 400;\">O endere\u00e7o principal do nosso s\u00edtio Web \u00e9: https:\/\/www.ehpa.org.<\/span><\/p>\n<h2 data-sourcepos=\"1:1-1:35\">\u00a0<\/h2>\n<p><span style=\"font-weight: 400;\">Tamb\u00e9m gerimos outros s\u00edtios Web de projectos e eventos, incluindo <\/span><a href=\"http:\/\/www.heatpumpkeymark.com\"><span style=\"font-weight: 400;\">www.heatpumpkeymark.com<\/span><\/a><span style=\"font-weight: 400;\">, <\/span><a href=\"http:\/\/www.dryficiency.eu\"><span style=\"font-weight: 400;\">www.dryficiency.eu<\/span><\/a><span style=\"font-weight: 400;\">, <\/span><a href=\"http:\/\/www.heat4cool.eu\"><span style=\"font-weight: 400;\">www.heat4cool.eu<\/span><\/a><span style=\"font-weight: 400;\">e <\/span><a href=\"http:\/\/www.decarbheat.eu\"><span style=\"font-weight: 400;\">www.decarbheat.eu<\/span><\/a><span style=\"font-weight: 400;\">.<\/span><\/p>\n<h2 data-sourcepos=\"1:1-1:35\">\u00a0<\/h2>\n<p><span style=\"font-weight: 400;\">A Associa\u00e7\u00e3o Europeia de Bombas de Calor AISBL, abreviadamente designada por EHPA, atribui grande import\u00e2ncia ao respeito pelo direito \u00e0 privacidade dos dados pessoais que armazena.<\/span><\/p>\n<p><span style=\"font-weight: 400;\">Pode contactar a EHPA atrav\u00e9s do seguinte endere\u00e7o<\/span><\/p>\n<p><span style=\"font-weight: 400;\">Avenue de Cortenbergh 120, 1000<\/span><\/p>\n<p><span style=\"font-weight: 400;\">Bruxelas, B\u00e9lgica.<\/span><\/p>\n<p><span style=\"font-weight: 400;\">Telefone +(32) 488 59 76 59<\/span><\/p>\n<h2 data-sourcepos=\"1:1-1:35\">\u00a0<\/h2>\n<h2><b>O que significa \"dados pessoais\"?<\/b><\/h2>\n<p><span style=\"font-weight: 400;\">Por dados pessoais entende-se qualquer informa\u00e7\u00e3o relativa a uma pessoa singular identificada ou identific\u00e1vel; uma pessoa identific\u00e1vel \u00e9 aquela que pode ser identificada, direta ou indiretamente, nomeadamente por refer\u00eancia a um correio eletr\u00f3nico.<\/span><\/p>\n<h2 data-sourcepos=\"1:1-1:35\">\u00a0<\/h2>\n<p><span style=\"font-weight: 400;\">Em princ\u00edpio, o acesso \u00e0s informa\u00e7\u00f5es dispon\u00edveis neste s\u00edtio Web ou atrav\u00e9s dele n\u00e3o exige o fornecimento de quaisquer dados pessoais por parte do utilizador. No entanto, para utilizar determinados servi\u00e7os em linha, como contactar-nos atrav\u00e9s do nosso formul\u00e1rio de contacto, poder\u00e1 ser-lhe pedido que nos forne\u00e7a dados pessoais, como o seu nome, apelido e endere\u00e7o de correio eletr\u00f3nico.\u00a0<\/span><\/p>\n<h2 data-sourcepos=\"1:1-1:35\">\u00a0<\/h2>\n<h2><b>Porque \u00e9 que recolhemos e armazenamos dados pessoais?<\/b><\/h2>\n<p><span style=\"font-weight: 400;\">A EHPA recolhe e armazena apenas os dados pessoais necess\u00e1rios para comunicar com o seu p\u00fablico. Os dados pessoais n\u00e3o s\u00e3o utilizados por qualquer outro motivo e nunca para fins comerciais. Assim, a EHPA guardar\u00e1 os dados pessoais enviados atrav\u00e9s dos formul\u00e1rios do s\u00edtio Web. A EHPA n\u00e3o utilizar\u00e1, partilhar\u00e1, alugar\u00e1 ou vender\u00e1 os seus dados.<\/span><\/p>\n<h2 data-sourcepos=\"1:1-1:35\">\u00a0<\/h2>\n<h2><b>Recolha e utiliza\u00e7\u00e3o de dados pessoais e imagens<\/b><\/h2>\n<p><span style=\"font-weight: 400;\">Ao participar no nosso concurso de fotografia, o utilizador concorda com a recolha e utiliza\u00e7\u00e3o das informa\u00e7\u00f5es e imagens enviadas, tal como descrito na presente pol\u00edtica de privacidade. Os dados que carregar atrav\u00e9s dos nossos formul\u00e1rios ser\u00e3o utilizados para efeitos de participa\u00e7\u00e3o no concurso e para fins promocionais. O utilizador concede-nos uma licen\u00e7a n\u00e3o exclusiva, isenta de direitos de autor, perp\u00e9tua e mundial para utilizar, modificar, reproduzir e distribuir as suas imagens.<\/span><\/p>\n<h2 data-sourcepos=\"1:1-1:35\">\u00a0<\/h2>\n<h2><b>Armazenamento e seguran\u00e7a<\/b><\/h2>\n<p><span style=\"font-weight: 400;\">Os seus dados ser\u00e3o armazenados de forma segura nos nossos servidores e tomamos medidas razo\u00e1veis para os proteger contra o acesso n\u00e3o autorizado. Conservaremos as suas informa\u00e7\u00f5es durante o tempo necess\u00e1rio para cumprir os objectivos descritos na presente pol\u00edtica.<\/span><\/p>\n<h2 data-sourcepos=\"1:1-1:35\">\u00a0<\/h2>\n<h2><b>Partilha e divulga\u00e7\u00e3o<\/b><\/h2>\n<p><span style=\"font-weight: 400;\">N\u00e3o partilharemos os seus dados e imagens com terceiros, exceto com os envolvidos na gest\u00e3o do concurso ou conforme exigido por lei.<\/span><span style=\"font-weight: 400;\"> As imagens vencedoras podem ser apresentadas publicamente no nosso s\u00edtio Web, nas plataformas de redes sociais ou noutros materiais promocionais, juntamente com o seu nome e quaisquer outras informa\u00e7\u00f5es de identifica\u00e7\u00e3o que forne\u00e7a.<\/span><\/p>\n<h2 data-sourcepos=\"1:1-1:35\">\u00a0<\/h2>\n<h2><b>Os seus direitos<\/b><\/h2>\n<p><span style=\"font-weight: 400;\">O utilizador mant\u00e9m todos os direitos sobre as suas imagens, exceto no que se refere \u00e0 licen\u00e7a limitada que nos foi concedida. Pode solicitar a remo\u00e7\u00e3o da sua imagem do nosso s\u00edtio Web ou de materiais promocionais, contactando-nos. Al\u00e9m disso, tem o direito de aceder, corrigir ou eliminar quaisquer dados pessoais que tenhamos sobre si. Para quaisquer quest\u00f5es ou d\u00favidas relativas a esta pol\u00edtica, contacte-nos atrav\u00e9s do endere\u00e7o info@heat-pump-day.org.<\/span><\/p>\n<h2 data-sourcepos=\"1:1-1:35\">\u00a0<\/h2>\n<h2><b>Biscoitos<\/b><\/h2>\n<p><span style=\"font-weight: 400;\">Utilizamos cookies para o ajudar a navegar eficientemente e a executar determinadas fun\u00e7\u00f5es. Encontrar\u00e1 informa\u00e7\u00f5es detalhadas sobre todos os cookies em cada categoria de consentimento abaixo.<\/span><\/p>\n<h2 data-sourcepos=\"1:1-1:35\">\u00a0<\/h2>\n<p><span style=\"font-weight: 400;\">Os cookies que s\u00e3o classificados como \"Necess\u00e1rios\" s\u00e3o armazenados no seu navegador, uma vez que s\u00e3o essenciais para permitir as funcionalidades b\u00e1sicas do s\u00edtio.<\/span><\/p>\n<h2 data-sourcepos=\"1:1-1:35\">\u00a0<\/h2>\n<p><span style=\"font-weight: 400;\">Tamb\u00e9m utilizamos cookies de terceiros que nos ajudam a analisar a forma como utiliza este s\u00edtio Web, armazenam as suas prefer\u00eancias e fornecem o conte\u00fado e os an\u00fancios que s\u00e3o relevantes para si. Estes cookies s\u00f3 ser\u00e3o armazenados no seu browser com o seu consentimento pr\u00e9vio.<\/span><\/p>\n<h2 data-sourcepos=\"1:1-1:35\">\u00a0<\/h2>\n<p><span style=\"font-weight: 400;\">O utilizador pode optar por ativar ou desativar alguns ou todos estes cookies, mas a desativa\u00e7\u00e3o de alguns deles pode afetar a sua experi\u00eancia de navega\u00e7\u00e3o.<\/span><\/p>\n<h2 data-sourcepos=\"1:1-1:35\">\u00a0<\/h2>\n<p><span style=\"font-weight: 400;\">A EHPA recolhe e armazena cookies, um pequeno ficheiro de texto que um s\u00edtio Web guarda no seu computador ou dispositivo m\u00f3vel quando visita o s\u00edtio. Este ficheiro permite que o s\u00edtio Web memorize as suas ac\u00e7\u00f5es e prefer\u00eancias durante um determinado per\u00edodo de tempo, para que n\u00e3o tenha de voltar a especific\u00e1-las sempre que regressa ao s\u00edtio ou navega de uma p\u00e1gina para outra. A EHPA utiliza estes cookies para melhorar a experi\u00eancia do utilizador no seu s\u00edtio Web, por exemplo, atrav\u00e9s do Google Analytics.<\/span><\/p>\n<h2 data-sourcepos=\"1:1-1:35\">\u00a0<\/h2>\n<h3><strong><i>Necess\u00e1rio\u00a0<\/i><\/strong><\/h3>\n<p><span style=\"font-weight: 400;\">Os cookies necess\u00e1rios s\u00e3o requeridos para ativar as funcionalidades b\u00e1sicas deste s\u00edtio, tais como proporcionar um in\u00edcio de sess\u00e3o seguro ou ajustar as suas prefer\u00eancias de consentimento. Estes cookies n\u00e3o armazenam quaisquer dados pessoais identific\u00e1veis.<\/span><\/p>\n<ul>\n<li style=\"font-weight: 400;\" aria-level=\"1\"><span style=\"font-weight: 400;\">Cookieyes-consent: CookieYes define este cookie para recordar as prefer\u00eancias de consentimento dos utilizadores, de modo a que as suas prefer\u00eancias sejam respeitadas nas visitas subsequentes a este s\u00edtio. N\u00e3o recolhe nem armazena quaisquer informa\u00e7\u00f5es pessoais sobre os visitantes do s\u00edtio.<\/span><\/li>\n<li style=\"font-weight: 400;\" aria-level=\"1\"><span style=\"font-weight: 400;\">Elementor: O tema WordPress do s\u00edtio Web utiliza este cookie. Permite ao propriet\u00e1rio do s\u00edtio Web implementar ou alterar o conte\u00fado do s\u00edtio Web em tempo real.<\/span><\/li>\n<li style=\"font-weight: 400;\" aria-level=\"1\"><span style=\"font-weight: 400;\">wpEmojiSettingsSupports: O WordPress define este cookie quando um utilizador interage com emojis num site WordPress. Ajuda a determinar se o browser do utilizador consegue apresentar os emojis corretamente.<\/span><\/li>\n<li style=\"font-weight: 400;\" aria-level=\"1\"><span style=\"font-weight: 400;\">rc::c: Este cookie \u00e9 definido pelo servi\u00e7o Google recaptcha para identificar bots e proteger o s\u00edtio Web contra ataques maliciosos de spam.\u00a0<\/span><\/li>\n<\/ul>\n<h2 data-sourcepos=\"1:1-1:35\">\u00a0<\/h2>\n<h3><strong><i>Anal\u00edtico<\/i><\/strong><\/h3>\n<p><span style=\"font-weight: 400;\">Os cookies anal\u00edticos s\u00e3o utilizados para compreender a forma como os visitantes interagem com o s\u00edtio Web. Estes cookies ajudam a fornecer informa\u00e7\u00f5es sobre m\u00e9tricas como o n\u00famero de visitantes, a taxa de rejei\u00e7\u00e3o, a origem do tr\u00e1fego, etc.<\/span><\/p>\n<ul>\n<li style=\"font-weight: 400;\" aria-level=\"1\"><span style=\"font-weight: 400;\">Google Analytics: O Google Analytics define cookies para 1. armazenar e contar as visualiza\u00e7\u00f5es de p\u00e1ginas; 2. calcular os dados do visitante, da sess\u00e3o e da campanha e acompanhar a utiliza\u00e7\u00e3o do s\u00edtio para o relat\u00f3rio anal\u00edtico do s\u00edtio. O cookie armazena informa\u00e7\u00f5es de forma an\u00f3nima e atribui um n\u00famero gerado aleatoriamente para reconhecer os visitantes \u00fanicos.<\/span><\/li>\n<\/ul>\n<h2 data-sourcepos=\"1:1-1:35\"><br \/><br \/><\/h2>\n<h2><b>Conte\u00fado incorporado de outros s\u00edtios Web<\/b><\/h2>\n<p><span style=\"font-weight: 400;\">Os artigos deste s\u00edtio podem incluir conte\u00fados incorporados (por exemplo, v\u00eddeos, imagens, artigos, etc.). O conte\u00fado incorporado de outros s\u00edtios Web comporta-se exatamente da mesma forma como se o visitante tivesse visitado o outro s\u00edtio Web.<\/span><\/p>\n<h2 data-sourcepos=\"1:1-1:35\">\u00a0<\/h2>\n<p><span style=\"font-weight: 400;\">Estes s\u00edtios Web podem recolher dados sobre o utilizador, utilizar cookies, incorporar rastreio adicional de terceiros e monitorizar a sua intera\u00e7\u00e3o com esse conte\u00fado incorporado, incluindo o rastreio da sua intera\u00e7\u00e3o com o conte\u00fado incorporado se tiver uma conta e estiver ligado a esse s\u00edtio Web.<\/span><\/p>\n<h2 data-sourcepos=\"1:1-1:35\">\u00a0<\/h2>\n<h2><b>Atualiza\u00e7\u00e3o<\/b><\/h2>\n<p><span style=\"font-weight: 400;\">Esta pol\u00edtica foi publicada em <\/span><span style=\"font-weight: 400;\">27 de junho de 2024.\u00a0<\/span><\/p>\n<h2 data-sourcepos=\"1:1-1:35\">\u00a0<\/h2>\n<p><span style=\"font-weight: 400;\">Se estiver preocupado com o facto de n\u00e3o termos cumprido os seus direitos legais ou as leis de privacidade aplic\u00e1veis, pode contactar a DPA belga (Autoridade de Prote\u00e7\u00e3o de Dados: https:\/\/www.dataprotectionauthority.be\/). Em alternativa, se estiver localizado fora da B\u00e9lgica, pode contactar a sua autoridade local de prote\u00e7\u00e3o de dados.<\/span><\/p>\t\t\t\t\t\t<\/div>\n\t\t\t\t<\/div>\n\t\t\t\t\t<\/div>\n\t\t\t\t<\/div>\n\t\t\t\t<\/div>","protected":false},"excerpt":{"rendered":"<p>Pol\u00edtica de privacidade do Heat Pump Day Quem somos O Heat Pump Day \u00e9 alojado pela Associa\u00e7\u00e3o Europeia de Bombas de Calor AISBL. O endere\u00e7o principal do nosso s\u00edtio Web \u00e9: https:\/\/www.ehpa.org.   Tamb\u00e9m gerimos outros s\u00edtios Web de projectos e eventos, incluindo www.heatpumpkeymark.com, www.dryficiency.eu, www.heat4cool.eu e www.decarbheat.eu.   A Associa\u00e7\u00e3o Europeia de Bombas de Calor AISBL, na sua forma abreviada EHPA, anexa [...]<\/p>","protected":false},"author":1,"featured_media":0,"parent":0,"menu_order":0,"comment_status":"closed","ping_status":"open","template":"elementor_header_footer","meta":{"footnotes":""},"class_list":["post-3","page","type-page","status-publish","hentry"],"yoast_head":"<!-- This site is optimized with the Yoast SEO plugin v24.5 - https:\/\/yoast.com\/wordpress\/plugins\/seo\/ -->\n<title>Privacy Policy - Heat Pump Day<\/title>\n<meta name=\"robots\" content=\"index, follow, max-snippet:-1, max-image-preview:large, max-video-preview:-1\" \/>\n<link rel=\"canonical\" href=\"https:\/\/heat-pump-day.org\/pt\/privacy-policy\/\" \/>\n<meta property=\"og:locale\" content=\"pt_PT\" \/>\n<meta property=\"og:type\" content=\"article\" \/>\n<meta property=\"og:title\" content=\"Privacy Policy - Heat Pump Day\" \/>\n<meta property=\"og:description\" content=\"Privacy Policy for Heat Pump Day Who we are The Heat Pump Day is hosted by The European Heat Pump Association AISBL. Our main website address is: https:\/\/www.ehpa.org. \u00a0 We also run other project and event websites, including www.heatpumpkeymark.com, www.dryficiency.eu, www.heat4cool.eu, and www.decarbheat.eu. \u00a0 The European Heat Pump Association AISBL, in abbreviated form EHPA, attaches [&hellip;]\" \/>\n<meta property=\"og:url\" content=\"https:\/\/heat-pump-day.org\/pt\/privacy-policy\/\" \/>\n<meta property=\"og:site_name\" content=\"Heat Pump Day\" \/>\n<meta property=\"article:modified_time\" content=\"2025-01-29T15:20:37+00:00\" \/>\n<meta name=\"twitter:card\" content=\"summary_large_image\" \/>\n<meta name=\"twitter:label1\" content=\"Tempo estimado de leitura\" \/>\n\t<meta name=\"twitter:data1\" content=\"5 minutos\" \/>\n<script type=\"application\/ld+json\" class=\"yoast-schema-graph\">{\"@context\":\"https:\/\/schema.org\",\"@graph\":[{\"@type\":\"WebPage\",\"@id\":\"https:\/\/heat-pump-day.org\/privacy-policy\/\",\"url\":\"https:\/\/heat-pump-day.org\/privacy-policy\/\",\"name\":\"Privacy Policy - Heat Pump Day\",\"isPartOf\":{\"@id\":\"https:\/\/heat-pump-day.org\/#website\"},\"datePublished\":\"2024-05-27T12:31:48+00:00\",\"dateModified\":\"2025-01-29T15:20:37+00:00\",\"breadcrumb\":{\"@id\":\"https:\/\/heat-pump-day.org\/privacy-policy\/#breadcrumb\"},\"inLanguage\":\"pt-PT\",\"potentialAction\":[{\"@type\":\"ReadAction\",\"target\":[\"https:\/\/heat-pump-day.org\/privacy-policy\/\"]}]},{\"@type\":\"BreadcrumbList\",\"@id\":\"https:\/\/heat-pump-day.org\/privacy-policy\/#breadcrumb\",\"itemListElement\":[{\"@type\":\"ListItem\",\"position\":1,\"name\":\"Home\",\"item\":\"https:\/\/heat-pump-day.org\/\"},{\"@type\":\"ListItem\",\"position\":2,\"name\":\"Privacy Policy\"}]},{\"@type\":\"WebSite\",\"@id\":\"https:\/\/heat-pump-day.org\/#website\",\"url\":\"https:\/\/heat-pump-day.org\/\",\"name\":\"Heat Pump Day\",\"description\":\"\",\"publisher\":{\"@id\":\"https:\/\/heat-pump-day.org\/#organization\"},\"potentialAction\":[{\"@type\":\"SearchAction\",\"target\":{\"@type\":\"EntryPoint\",\"urlTemplate\":\"https:\/\/heat-pump-day.org\/?s={search_term_string}\"},\"query-input\":{\"@type\":\"PropertyValueSpecification\",\"valueRequired\":true,\"valueName\":\"search_term_string\"}}],\"inLanguage\":\"pt-PT\"},{\"@type\":\"Organization\",\"@id\":\"https:\/\/heat-pump-day.org\/#organization\",\"name\":\"Heat Pump Day\",\"url\":\"https:\/\/heat-pump-day.org\/\",\"logo\":{\"@type\":\"ImageObject\",\"inLanguage\":\"pt-PT\",\"@id\":\"https:\/\/heat-pump-day.org\/#\/schema\/logo\/image\/\",\"url\":\"https:\/\/heat-pump-day.org\/wp-content\/uploads\/2024\/05\/fundo.png\",\"contentUrl\":\"https:\/\/heat-pump-day.org\/wp-content\/uploads\/2024\/05\/fundo.png\",\"width\":1676,\"height\":1092,\"caption\":\"Heat Pump Day\"},\"image\":{\"@id\":\"https:\/\/heat-pump-day.org\/#\/schema\/logo\/image\/\"}}]}<\/script>\n<!-- \/ Yoast SEO plugin. -->","yoast_head_json":{"title":"Privacy Policy - Heat Pump Day","robots":{"index":"index","follow":"follow","max-snippet":"max-snippet:-1","max-image-preview":"max-image-preview:large","max-video-preview":"max-video-preview:-1"},"canonical":"https:\/\/heat-pump-day.org\/pt\/privacy-policy\/","og_locale":"pt_PT","og_type":"article","og_title":"Privacy Policy - Heat Pump Day","og_description":"Privacy Policy for Heat Pump Day Who we are The Heat Pump Day is hosted by The European Heat Pump Association AISBL. Our main website address is: https:\/\/www.ehpa.org. \u00a0 We also run other project and event websites, including www.heatpumpkeymark.com, www.dryficiency.eu, www.heat4cool.eu, and www.decarbheat.eu. \u00a0 The European Heat Pump Association AISBL, in abbreviated form EHPA, attaches [&hellip;]","og_url":"https:\/\/heat-pump-day.org\/pt\/privacy-policy\/","og_site_name":"Heat Pump Day","article_modified_time":"2025-01-29T15:20:37+00:00","twitter_card":"summary_large_image","twitter_misc":{"Tempo estimado de leitura":"5 minutos"},"schema":{"@context":"https:\/\/schema.org","@graph":[{"@type":"WebPage","@id":"https:\/\/heat-pump-day.org\/privacy-policy\/","url":"https:\/\/heat-pump-day.org\/privacy-policy\/","name":"Privacy Policy - Heat Pump Day","isPartOf":{"@id":"https:\/\/heat-pump-day.org\/#website"},"datePublished":"2024-05-27T12:31:48+00:00","dateModified":"2025-01-29T15:20:37+00:00","breadcrumb":{"@id":"https:\/\/heat-pump-day.org\/privacy-policy\/#breadcrumb"},"inLanguage":"pt-PT","potentialAction":[{"@type":"ReadAction","target":["https:\/\/heat-pump-day.org\/privacy-policy\/"]}]},{"@type":"BreadcrumbList","@id":"https:\/\/heat-pump-day.org\/privacy-policy\/#breadcrumb","itemListElement":[{"@type":"ListItem","position":1,"name":"Home","item":"https:\/\/heat-pump-day.org\/"},{"@type":"ListItem","position":2,"name":"Privacy Policy"}]},{"@type":"WebSite","@id":"https:\/\/heat-pump-day.org\/#website","url":"https:\/\/heat-pump-day.org\/","name":"Heat Pump Day","description":"","publisher":{"@id":"https:\/\/heat-pump-day.org\/#organization"},"potentialAction":[{"@type":"SearchAction","target":{"@type":"EntryPoint","urlTemplate":"https:\/\/heat-pump-day.org\/?s={search_term_string}"},"query-input":{"@type":"PropertyValueSpecification","valueRequired":true,"valueName":"search_term_string"}}],"inLanguage":"pt-PT"},{"@type":"Organization","@id":"https:\/\/heat-pump-day.org\/#organization","name":"Heat Pump Day","url":"https:\/\/heat-pump-day.org\/","logo":{"@type":"ImageObject","inLanguage":"pt-PT","@id":"https:\/\/heat-pump-day.org\/#\/schema\/logo\/image\/","url":"https:\/\/heat-pump-day.org\/wp-content\/uploads\/2024\/05\/fundo.png","contentUrl":"https:\/\/heat-pump-day.org\/wp-content\/uploads\/2024\/05\/fundo.png","width":1676,"height":1092,"caption":"Heat Pump Day"},"image":{"@id":"https:\/\/heat-pump-day.org\/#\/schema\/logo\/image\/"}}]}},"_links":{"self":[{"href":"https:\/\/heat-pump-day.org\/pt\/wp-json\/wp\/v2\/pages\/3","targetHints":{"allow":["GET"]}}],"collection":[{"href":"https:\/\/heat-pump-day.org\/pt\/wp-json\/wp\/v2\/pages"}],"about":[{"href":"https:\/\/heat-pump-day.org\/pt\/wp-json\/wp\/v2\/types\/page"}],"author":[{"embeddable":true,"href":"https:\/\/heat-pump-day.org\/pt\/wp-json\/wp\/v2\/users\/1"}],"replies":[{"embeddable":true,"href":"https:\/\/heat-pump-day.org\/pt\/wp-json\/wp\/v2\/comments?post=3"}],"version-history":[{"count":19,"href":"https:\/\/heat-pump-day.org\/pt\/wp-json\/wp\/v2\/pages\/3\/revisions"}],"predecessor-version":[{"id":1461,"href":"https:\/\/heat-pump-day.org\/pt\/wp-json\/wp\/v2\/pages\/3\/revisions\/1461"}],"wp:attachment":[{"href":"https:\/\/heat-pump-day.org\/pt\/wp-json\/wp\/v2\/media?parent=3"}],"curies":[{"name":"wp","href":"https:\/\/api.w.org\/{rel}","templated":true}]}}