{"id":3,"date":"2024-05-27T13:31:48","date_gmt":"2024-05-27T12:31:48","guid":{"rendered":"https:\/\/heat-pump-day.org\/?page_id=3"},"modified":"2025-01-29T15:20:37","modified_gmt":"2025-01-29T15:20:37","slug":"privacy-policy","status":"publish","type":"page","link":"https:\/\/heat-pump-day.org\/pl\/privacy-policy\/","title":{"rendered":"Polityka prywatno\u015bci"},"content":{"rendered":"<div data-elementor-type=\"wp-page\" data-elementor-id=\"3\" class=\"elementor elementor-3\" data-elementor-post-type=\"page\">\n\t\t\t\t<div class=\"elementor-element elementor-element-788a49c6 e-flex e-con-boxed e-con e-parent\" data-id=\"788a49c6\" data-element_type=\"container\">\n\t\t\t\t\t<div class=\"e-con-inner\">\n\t\t\t\t<div class=\"elementor-element elementor-element-222870e elementor-widget elementor-widget-heading\" data-id=\"222870e\" data-element_type=\"widget\" data-widget_type=\"heading.default\">\n\t\t\t\t<div class=\"elementor-widget-container\">\n\t\t\t<style>\/*! elementor - v3.21.0 - 26-05-2024 *\/\n.elementor-heading-title{padding:0;margin:0;line-height:1}.elementor-widget-heading .elementor-heading-title[class*=elementor-size-]>a{color:inherit;font-size:inherit;line-height:inherit}.elementor-widget-heading .elementor-heading-title.elementor-size-small{font-size:15px}.elementor-widget-heading .elementor-heading-title.elementor-size-medium{font-size:19px}.elementor-widget-heading .elementor-heading-title.elementor-size-large{font-size:29px}.elementor-widget-heading .elementor-heading-title.elementor-size-xl{font-size:39px}.elementor-widget-heading .elementor-heading-title.elementor-size-xxl{font-size:59px}<\/style><h1 class=\"elementor-heading-title elementor-size-default\">Polityka prywatno\u015bci dla Heat Pump Day<\/h1>\t\t<\/div>\n\t\t\t\t<\/div>\n\t\t\t\t<div class=\"elementor-element elementor-element-6eb0f4d4 elementor-widget elementor-widget-text-editor\" data-id=\"6eb0f4d4\" data-element_type=\"widget\" data-widget_type=\"text-editor.default\">\n\t\t\t\t<div class=\"elementor-widget-container\">\n\t\t\t<style>\/*! elementor - v3.21.0 - 26-05-2024 *\/\n.elementor-widget-text-editor.elementor-drop-cap-view-stacked .elementor-drop-cap{background-color:#69727d;color:#fff}.elementor-widget-text-editor.elementor-drop-cap-view-framed .elementor-drop-cap{color:#69727d;border:3px solid;background-color:transparent}.elementor-widget-text-editor:not(.elementor-drop-cap-view-default) .elementor-drop-cap{margin-top:8px}.elementor-widget-text-editor:not(.elementor-drop-cap-view-default) .elementor-drop-cap-letter{width:1em;height:1em}.elementor-widget-text-editor .elementor-drop-cap{float:left;text-align:center;line-height:1;font-size:50px}.elementor-widget-text-editor .elementor-drop-cap-letter{display:inline-block}<\/style>\t\t\t\t<!-- wp:heading -->\n<h2><b>Kim jeste\u015bmy<\/b><\/h2>\n<p><span style=\"font-weight: 400;\">Gospodarzem Heat Pump Day jest Europejskie Stowarzyszenie Pomp Ciep\u0142a AISBL.<\/span><\/p>\n<p><span style=\"font-weight: 400;\">Nasz g\u0142\u00f3wny adres strony internetowej to: https:\/\/www.ehpa.org.<\/span><\/p>\n<h2 data-sourcepos=\"1:1-1:35\">\u00a0<\/h2>\n<p><span style=\"font-weight: 400;\">Prowadzimy r\u00f3wnie\u017c inne strony internetowe dotycz\u0105ce projekt\u00f3w i wydarze\u0144, w tym <\/span><a href=\"http:\/\/www.heatpumpkeymark.com\"><span style=\"font-weight: 400;\">www.heatpumpkeymark.com<\/span><\/a><span style=\"font-weight: 400;\">, <\/span><a href=\"http:\/\/www.dryficiency.eu\"><span style=\"font-weight: 400;\">www.dryficiency.eu<\/span><\/a><span style=\"font-weight: 400;\">, <\/span><a href=\"http:\/\/www.heat4cool.eu\"><span style=\"font-weight: 400;\">www.heat4cool.eu<\/span><\/a><span style=\"font-weight: 400;\">oraz <\/span><a href=\"http:\/\/www.decarbheat.eu\"><span style=\"font-weight: 400;\">www.decarbheat.eu<\/span><\/a><span style=\"font-weight: 400;\">.<\/span><\/p>\n<h2 data-sourcepos=\"1:1-1:35\">\u00a0<\/h2>\n<p><span style=\"font-weight: 400;\">Europejskie Stowarzyszenie Pomp Ciep\u0142a AISBL, w skr\u00f3cie EHPA, przywi\u0105zuje du\u017c\u0105 wag\u0119 do poszanowania prawa do prywatno\u015bci przechowywanych danych osobowych.<\/span><\/p>\n<p><span style=\"font-weight: 400;\">Z EHPA mo\u017cna skontaktowa\u0107 si\u0119 pod adresem:<\/span><\/p>\n<p><span style=\"font-weight: 400;\">Avenue de Cortenbergh 120, 1000<\/span><\/p>\n<p><span style=\"font-weight: 400;\">Bruksela, Belgia.<\/span><\/p>\n<p><span style=\"font-weight: 400;\">Telefon +(32) 488 59 76 59<\/span><\/p>\n<h2 data-sourcepos=\"1:1-1:35\">\u00a0<\/h2>\n<h2><b>Co oznacza termin \"dane osobowe\"?<\/b><\/h2>\n<p><span style=\"font-weight: 400;\">Dane osobowe oznaczaj\u0105 wszelkie informacje dotycz\u0105ce zidentyfikowanej lub mo\u017cliwej do zidentyfikowania osoby fizycznej; osoba mo\u017cliwa do zidentyfikowania to osoba, kt\u00f3r\u0105 mo\u017cna zidentyfikowa\u0107 bezpo\u015brednio lub po\u015brednio, w szczeg\u00f3lno\u015bci poprzez odniesienie do wiadomo\u015bci e-mail.<\/span><\/p>\n<h2 data-sourcepos=\"1:1-1:35\">\u00a0<\/h2>\n<p><span style=\"font-weight: 400;\">Zasadniczo dost\u0119p do informacji dost\u0119pnych na tej stronie internetowej lub za jej po\u015brednictwem nie wymaga podawania przez u\u017cytkownika \u017cadnych danych osobowych. Jednak w celu korzystania z niekt\u00f3rych us\u0142ug online, takich jak kontaktowanie si\u0119 z nami za po\u015brednictwem naszego formularza kontaktowego, u\u017cytkownik mo\u017ce zosta\u0107 poproszony o podanie nam danych osobowych, takich jak imi\u0119, nazwisko i adres e-mail.\u00a0<\/span><\/p>\n<h2 data-sourcepos=\"1:1-1:35\">\u00a0<\/h2>\n<h2><b>Dlaczego gromadzimy i przechowujemy dane osobowe?<\/b><\/h2>\n<p><span style=\"font-weight: 400;\">EHPA gromadzi i przechowuje wy\u0142\u0105cznie dane osobowe niezb\u0119dne do komunikacji z odbiorcami. Dane osobowe nie s\u0105 wykorzystywane w \u017cadnym innym celu i nigdy w celach komercyjnych. W zwi\u0105zku z tym EHPA b\u0119dzie przechowywa\u0107 dane osobowe przes\u0142ane za po\u015brednictwem formularzy na stronie internetowej. EHPA nie b\u0119dzie wykorzystywa\u0107, udost\u0119pnia\u0107, wynajmowa\u0107 ani sprzedawa\u0107 Twoich danych.<\/span><\/p>\n<h2 data-sourcepos=\"1:1-1:35\">\u00a0<\/h2>\n<h2><b>Gromadzenie i wykorzystywanie danych osobowych i wizerunku<\/b><\/h2>\n<p><span style=\"font-weight: 400;\">Bior\u0105c udzia\u0142 w naszym konkursie fotograficznym, u\u017cytkownik wyra\u017ca zgod\u0119 na gromadzenie i wykorzystywanie przes\u0142anych przez niego informacji i zdj\u0119\u0107 w spos\u00f3b opisany w niniejszej polityce prywatno\u015bci. Dane przes\u0142ane za po\u015brednictwem naszych formularzy zostan\u0105 wykorzystane do udzia\u0142u w konkursie i do cel\u00f3w promocyjnych. U\u017cytkownik udziela nam niewy\u0142\u0105cznej, nieodp\u0142atnej, wieczystej i obowi\u0105zuj\u0105cej na ca\u0142ym \u015bwiecie licencji na wykorzystywanie, modyfikowanie, powielanie i rozpowszechnianie zdj\u0119\u0107.<\/span><\/p>\n<h2 data-sourcepos=\"1:1-1:35\">\u00a0<\/h2>\n<h2><b>Przechowywanie i bezpiecze\u0144stwo<\/b><\/h2>\n<p><span style=\"font-weight: 400;\">Dane u\u017cytkownika b\u0119d\u0105 bezpiecznie przechowywane na naszych serwerach, a my podejmiemy uzasadnione \u015brodki w celu ich ochrony przed nieautoryzowanym dost\u0119pem. B\u0119dziemy przechowywa\u0107 dane u\u017cytkownika tak d\u0142ugo, jak b\u0119dzie to konieczne do realizacji cel\u00f3w okre\u015blonych w niniejszej polityce.<\/span><\/p>\n<h2 data-sourcepos=\"1:1-1:35\">\u00a0<\/h2>\n<h2><b>Udost\u0119pnianie i ujawnianie<\/b><\/h2>\n<p><span style=\"font-weight: 400;\">Nie b\u0119dziemy udost\u0119pnia\u0107 danych i zdj\u0119\u0107 u\u017cytkownika stronom trzecim, z wyj\u0105tkiem os\u00f3b zaanga\u017cowanych w zarz\u0105dzanie konkursem lub zgodnie z wymogami prawa.<\/span><span style=\"font-weight: 400;\"> Zwyci\u0119skie zdj\u0119cia mog\u0105 by\u0107 wy\u015bwietlane publicznie na naszej stronie internetowej, platformach medi\u00f3w spo\u0142eczno\u015bciowych lub w innych materia\u0142ach promocyjnych, wraz z imieniem i nazwiskiem oraz wszelkimi innymi danymi identyfikacyjnymi podanymi przez u\u017cytkownika.<\/span><\/p>\n<h2 data-sourcepos=\"1:1-1:35\">\u00a0<\/h2>\n<h2><b>Prawa u\u017cytkownika<\/b><\/h2>\n<p><span style=\"font-weight: 400;\">U\u017cytkownik zachowuje wszelkie prawa do swoich zdj\u0119\u0107 z wyj\u0105tkiem ograniczonej licencji udzielonej nam. U\u017cytkownik mo\u017ce za\u017c\u0105da\u0107 usuni\u0119cia swojego wizerunku z naszej witryny internetowej lub materia\u0142\u00f3w promocyjnych, kontaktuj\u0105c si\u0119 z nami. Ponadto u\u017cytkownik ma prawo do dost\u0119pu, poprawienia lub usuni\u0119cia wszelkich danych osobowych, kt\u00f3re przechowujemy na jego temat. W przypadku jakichkolwiek pyta\u0144 lub w\u0105tpliwo\u015bci dotycz\u0105cych niniejszej polityki prosimy o kontakt pod adresem info@heat-pump-day.org.<\/span><\/p>\n<h2 data-sourcepos=\"1:1-1:35\">\u00a0<\/h2>\n<h2><b>Pliki cookie<\/b><\/h2>\n<p><span style=\"font-weight: 400;\">U\u017cywamy plik\u00f3w cookie, aby pom\u00f3c Ci w sprawnej nawigacji i wykonywaniu okre\u015blonych funkcji. Poni\u017cej znajduj\u0105 si\u0119 szczeg\u00f3\u0142owe informacje na temat wszystkich plik\u00f3w cookie w ka\u017cdej kategorii zgody.<\/span><\/p>\n<h2 data-sourcepos=\"1:1-1:35\">\u00a0<\/h2>\n<p><span style=\"font-weight: 400;\">Pliki cookie sklasyfikowane jako \"Niezb\u0119dne\" s\u0105 przechowywane w przegl\u0105darce u\u017cytkownika, poniewa\u017c s\u0105 niezb\u0119dne do zapewnienia podstawowych funkcji witryny.<\/span><\/p>\n<h2 data-sourcepos=\"1:1-1:35\">\u00a0<\/h2>\n<p><span style=\"font-weight: 400;\">U\u017cywamy r\u00f3wnie\u017c plik\u00f3w cookie stron trzecich, kt\u00f3re pomagaj\u0105 nam analizowa\u0107 spos\u00f3b korzystania z tej witryny, przechowywa\u0107 preferencje u\u017cytkownika oraz dostarcza\u0107 tre\u015bci i reklamy, kt\u00f3re s\u0105 dla niego odpowiednie. Te pliki cookie b\u0119d\u0105 przechowywane w przegl\u0105darce u\u017cytkownika wy\u0142\u0105cznie za jego uprzedni\u0105 zgod\u0105.<\/span><\/p>\n<h2 data-sourcepos=\"1:1-1:35\">\u00a0<\/h2>\n<p><span style=\"font-weight: 400;\">U\u017cytkownik mo\u017ce w\u0142\u0105czy\u0107 lub wy\u0142\u0105czy\u0107 niekt\u00f3re lub wszystkie z tych plik\u00f3w cookie, ale wy\u0142\u0105czenie niekt\u00f3rych z nich mo\u017ce wp\u0142yn\u0105\u0107 na wygod\u0119 przegl\u0105dania.<\/span><\/p>\n<h2 data-sourcepos=\"1:1-1:35\">\u00a0<\/h2>\n<p><span style=\"font-weight: 400;\">EHPA gromadzi i przechowuje pliki cookie, czyli ma\u0142e pliki tekstowe, kt\u00f3re strona internetowa zapisuje na komputerze lub urz\u0105dzeniu mobilnym u\u017cytkownika podczas odwiedzania strony. Umo\u017cliwia to stronie internetowej zapami\u0119tywanie dzia\u0142a\u0144 i preferencji u\u017cytkownika przez pewien okres czasu, dzi\u0119ki czemu nie trzeba ich ponownie okre\u015bla\u0107 za ka\u017cdym razem, gdy u\u017cytkownik powraca na stron\u0119 lub przechodzi z jednej strony na drug\u0105. EHPA wykorzystuje te pliki cookie w celu poprawy komfortu korzystania z witryny, na przyk\u0142ad za po\u015brednictwem Google Analytics.<\/span><\/p>\n<h2 data-sourcepos=\"1:1-1:35\">\u00a0<\/h2>\n<h3><strong><i>Niezb\u0119dny\u00a0<\/i><\/strong><\/h3>\n<p><span style=\"font-weight: 400;\">Niezb\u0119dne pliki cookie s\u0105 wymagane do w\u0142\u0105czenia podstawowych funkcji tej witryny, takich jak zapewnienie bezpiecznego logowania lub dostosowanie preferencji zgody. Te pliki cookie nie przechowuj\u0105 \u017cadnych danych umo\u017cliwiaj\u0105cych identyfikacj\u0119 u\u017cytkownika.<\/span><\/p>\n<ul>\n<li style=\"font-weight: 400;\" aria-level=\"1\"><span style=\"font-weight: 400;\">Cookieyes-zgoda: CookieYes ustawia ten plik cookie, aby zapami\u0119ta\u0107 preferencje u\u017cytkownik\u00f3w dotycz\u0105ce zgody, tak aby ich preferencje by\u0142y przestrzegane podczas kolejnych wizyt na tej stronie. Nie gromadzi ani nie przechowuje \u017cadnych danych osobowych os\u00f3b odwiedzaj\u0105cych witryn\u0119.<\/span><\/li>\n<li style=\"font-weight: 400;\" aria-level=\"1\"><span style=\"font-weight: 400;\">Elementor: Motyw WordPress witryny wykorzystuje ten plik cookie. Umo\u017cliwia on w\u0142a\u015bcicielowi witryny wdra\u017canie lub zmian\u0119 jej zawarto\u015bci w czasie rzeczywistym.<\/span><\/li>\n<li style=\"font-weight: 400;\" aria-level=\"1\"><span style=\"font-weight: 400;\">wpEmojiSettingsSupports: WordPress ustawia ten plik cookie, gdy u\u017cytkownik wchodzi w interakcj\u0119 z emoji na stronie WordPress. Pomaga on okre\u015bli\u0107, czy przegl\u0105darka u\u017cytkownika mo\u017ce prawid\u0142owo wy\u015bwietla\u0107 emoji.<\/span><\/li>\n<li style=\"font-weight: 400;\" aria-level=\"1\"><span style=\"font-weight: 400;\">rc::c: Ten plik cookie jest ustawiany przez us\u0142ug\u0119 Google recaptcha w celu identyfikacji bot\u00f3w, aby chroni\u0107 witryn\u0119 przed z\u0142o\u015bliwymi atakami spamowymi.\u00a0<\/span><\/li>\n<\/ul>\n<h2 data-sourcepos=\"1:1-1:35\">\u00a0<\/h2>\n<h3><strong><i>Analityczny<\/i><\/strong><\/h3>\n<p><span style=\"font-weight: 400;\">Analityczne pliki cookie s\u0142u\u017c\u0105 do zrozumienia, w jaki spos\u00f3b odwiedzaj\u0105cy wchodz\u0105 w interakcj\u0119 z witryn\u0105. Te pliki cookie pomagaj\u0105 dostarcza\u0107 informacji na temat wska\u017anik\u00f3w, takich jak liczba odwiedzaj\u0105cych, wsp\u00f3\u0142czynnik odrzuce\u0144, \u017ar\u00f3d\u0142o ruchu itp.<\/span><\/p>\n<ul>\n<li style=\"font-weight: 400;\" aria-level=\"1\"><span style=\"font-weight: 400;\">Google Analytics: Google Analytics ustawia pliki cookie w celu 1. przechowywania i liczenia ods\u0142on; 2. obliczania danych odwiedzaj\u0105cych, sesji i kampanii oraz \u015bledzenia korzystania z witryny na potrzeby raportu analitycznego witryny. Plik cookie przechowuje informacje anonimowo i przypisuje losowo wygenerowany numer w celu rozpoznania unikalnych odwiedzaj\u0105cych.<\/span><\/li>\n<\/ul>\n<h2 data-sourcepos=\"1:1-1:35\"><br \/><br \/><\/h2>\n<h2><b>Osadzona zawarto\u015b\u0107 z innych stron internetowych<\/b><\/h2>\n<p><span style=\"font-weight: 400;\">Artyku\u0142y na tej stronie mog\u0105 zawiera\u0107 osadzone tre\u015bci (np. filmy, obrazy, artyku\u0142y itp.). Osadzone tre\u015bci z innych witryn zachowuj\u0105 si\u0119 dok\u0142adnie tak samo, jak gdyby u\u017cytkownik odwiedzi\u0142 inn\u0105 witryn\u0119.<\/span><\/p>\n<h2 data-sourcepos=\"1:1-1:35\">\u00a0<\/h2>\n<p><span style=\"font-weight: 400;\">Witryny te mog\u0105 gromadzi\u0107 dane o u\u017cytkowniku, wykorzystywa\u0107 pliki cookie, osadza\u0107 dodatkowe \u015bledzenie stron trzecich i monitorowa\u0107 interakcj\u0119 u\u017cytkownika z osadzon\u0105 zawarto\u015bci\u0105, w tym \u015bledzi\u0107 interakcj\u0119 u\u017cytkownika z osadzon\u0105 zawarto\u015bci\u0105, je\u015bli u\u017cytkownik ma konto i jest zalogowany w tej witrynie.<\/span><\/p>\n<h2 data-sourcepos=\"1:1-1:35\">\u00a0<\/h2>\n<h2><b>Aktualizacja<\/b><\/h2>\n<p><span style=\"font-weight: 400;\">Niniejsza polityka zosta\u0142a opublikowana na stronie <\/span><span style=\"font-weight: 400;\">27 czerwca 2024 r.\u00a0<\/span><\/p>\n<h2 data-sourcepos=\"1:1-1:35\">\u00a0<\/h2>\n<p><span style=\"font-weight: 400;\">Je\u015bli u\u017cytkownik obawia si\u0119, \u017ce nie przestrzegamy jego praw lub obowi\u0105zuj\u0105cych przepis\u00f3w o ochronie prywatno\u015bci, mo\u017ce skontaktowa\u0107 si\u0119 z belgijskim organem ochrony danych (Data Protection Authority: https:\/\/www.dataprotectionauthority.be\/). Alternatywnie, je\u015bli u\u017cytkownik znajduje si\u0119 poza Belgi\u0105, mo\u017ce skontaktowa\u0107 si\u0119 z lokalnym organem ochrony danych.<\/span><\/p>\t\t\t\t\t\t<\/div>\n\t\t\t\t<\/div>\n\t\t\t\t\t<\/div>\n\t\t\t\t<\/div>\n\t\t\t\t<\/div>","protected":false},"excerpt":{"rendered":"<p>Polityka prywatno\u015bci dla Heat Pump Day Kim jeste\u015bmy Strona Heat Pump Day jest prowadzona przez Europejskie Stowarzyszenie Pomp Ciep\u0142a AISBL. Nasz g\u0142\u00f3wny adres strony internetowej to: https:\/\/www.ehpa.org.   Prowadzimy r\u00f3wnie\u017c inne strony internetowe projekt\u00f3w i wydarze\u0144, w tym www.heatpumpkeymark.com, www.dryficiency.eu, www.heat4cool.eu i www.decarbheat.eu.   Europejskie Stowarzyszenie Pomp Ciep\u0142a AISBL, w skr\u00f3cie EHPA, do\u0142\u0105cza [...]<\/p>","protected":false},"author":1,"featured_media":0,"parent":0,"menu_order":0,"comment_status":"closed","ping_status":"open","template":"elementor_header_footer","meta":{"footnotes":""},"class_list":["post-3","page","type-page","status-publish","hentry"],"yoast_head":"<!-- This site is optimized with the Yoast SEO plugin v24.5 - https:\/\/yoast.com\/wordpress\/plugins\/seo\/ -->\n<title>Privacy Policy - Heat Pump Day<\/title>\n<meta name=\"robots\" content=\"index, follow, max-snippet:-1, max-image-preview:large, max-video-preview:-1\" \/>\n<link rel=\"canonical\" href=\"https:\/\/heat-pump-day.org\/pl\/privacy-policy\/\" \/>\n<meta property=\"og:locale\" content=\"pl_PL\" \/>\n<meta property=\"og:type\" content=\"article\" \/>\n<meta property=\"og:title\" content=\"Privacy Policy - Heat Pump Day\" \/>\n<meta property=\"og:description\" content=\"Privacy Policy for Heat Pump Day Who we are The Heat Pump Day is hosted by The European Heat Pump Association AISBL. Our main website address is: https:\/\/www.ehpa.org. \u00a0 We also run other project and event websites, including www.heatpumpkeymark.com, www.dryficiency.eu, www.heat4cool.eu, and www.decarbheat.eu. \u00a0 The European Heat Pump Association AISBL, in abbreviated form EHPA, attaches [&hellip;]\" \/>\n<meta property=\"og:url\" content=\"https:\/\/heat-pump-day.org\/pl\/privacy-policy\/\" \/>\n<meta property=\"og:site_name\" content=\"Heat Pump Day\" \/>\n<meta property=\"article:modified_time\" content=\"2025-01-29T15:20:37+00:00\" \/>\n<meta name=\"twitter:card\" content=\"summary_large_image\" \/>\n<meta name=\"twitter:label1\" content=\"Szacowany czas czytania\" \/>\n\t<meta name=\"twitter:data1\" content=\"5 minut\" \/>\n<script type=\"application\/ld+json\" class=\"yoast-schema-graph\">{\"@context\":\"https:\/\/schema.org\",\"@graph\":[{\"@type\":\"WebPage\",\"@id\":\"https:\/\/heat-pump-day.org\/privacy-policy\/\",\"url\":\"https:\/\/heat-pump-day.org\/privacy-policy\/\",\"name\":\"Privacy Policy - Heat Pump Day\",\"isPartOf\":{\"@id\":\"https:\/\/heat-pump-day.org\/#website\"},\"datePublished\":\"2024-05-27T12:31:48+00:00\",\"dateModified\":\"2025-01-29T15:20:37+00:00\",\"breadcrumb\":{\"@id\":\"https:\/\/heat-pump-day.org\/privacy-policy\/#breadcrumb\"},\"inLanguage\":\"pl-PL\",\"potentialAction\":[{\"@type\":\"ReadAction\",\"target\":[\"https:\/\/heat-pump-day.org\/privacy-policy\/\"]}]},{\"@type\":\"BreadcrumbList\",\"@id\":\"https:\/\/heat-pump-day.org\/privacy-policy\/#breadcrumb\",\"itemListElement\":[{\"@type\":\"ListItem\",\"position\":1,\"name\":\"Home\",\"item\":\"https:\/\/heat-pump-day.org\/\"},{\"@type\":\"ListItem\",\"position\":2,\"name\":\"Privacy Policy\"}]},{\"@type\":\"WebSite\",\"@id\":\"https:\/\/heat-pump-day.org\/#website\",\"url\":\"https:\/\/heat-pump-day.org\/\",\"name\":\"Heat Pump Day\",\"description\":\"\",\"publisher\":{\"@id\":\"https:\/\/heat-pump-day.org\/#organization\"},\"potentialAction\":[{\"@type\":\"SearchAction\",\"target\":{\"@type\":\"EntryPoint\",\"urlTemplate\":\"https:\/\/heat-pump-day.org\/?s={search_term_string}\"},\"query-input\":{\"@type\":\"PropertyValueSpecification\",\"valueRequired\":true,\"valueName\":\"search_term_string\"}}],\"inLanguage\":\"pl-PL\"},{\"@type\":\"Organization\",\"@id\":\"https:\/\/heat-pump-day.org\/#organization\",\"name\":\"Heat Pump Day\",\"url\":\"https:\/\/heat-pump-day.org\/\",\"logo\":{\"@type\":\"ImageObject\",\"inLanguage\":\"pl-PL\",\"@id\":\"https:\/\/heat-pump-day.org\/#\/schema\/logo\/image\/\",\"url\":\"https:\/\/heat-pump-day.org\/wp-content\/uploads\/2024\/05\/fundo.png\",\"contentUrl\":\"https:\/\/heat-pump-day.org\/wp-content\/uploads\/2024\/05\/fundo.png\",\"width\":1676,\"height\":1092,\"caption\":\"Heat Pump Day\"},\"image\":{\"@id\":\"https:\/\/heat-pump-day.org\/#\/schema\/logo\/image\/\"}}]}<\/script>\n<!-- \/ Yoast SEO plugin. -->","yoast_head_json":{"title":"Privacy Policy - Heat Pump Day","robots":{"index":"index","follow":"follow","max-snippet":"max-snippet:-1","max-image-preview":"max-image-preview:large","max-video-preview":"max-video-preview:-1"},"canonical":"https:\/\/heat-pump-day.org\/pl\/privacy-policy\/","og_locale":"pl_PL","og_type":"article","og_title":"Privacy Policy - Heat Pump Day","og_description":"Privacy Policy for Heat Pump Day Who we are The Heat Pump Day is hosted by The European Heat Pump Association AISBL. Our main website address is: https:\/\/www.ehpa.org. \u00a0 We also run other project and event websites, including www.heatpumpkeymark.com, www.dryficiency.eu, www.heat4cool.eu, and www.decarbheat.eu. \u00a0 The European Heat Pump Association AISBL, in abbreviated form EHPA, attaches [&hellip;]","og_url":"https:\/\/heat-pump-day.org\/pl\/privacy-policy\/","og_site_name":"Heat Pump Day","article_modified_time":"2025-01-29T15:20:37+00:00","twitter_card":"summary_large_image","twitter_misc":{"Szacowany czas czytania":"5 minut"},"schema":{"@context":"https:\/\/schema.org","@graph":[{"@type":"WebPage","@id":"https:\/\/heat-pump-day.org\/privacy-policy\/","url":"https:\/\/heat-pump-day.org\/privacy-policy\/","name":"Privacy Policy - Heat Pump Day","isPartOf":{"@id":"https:\/\/heat-pump-day.org\/#website"},"datePublished":"2024-05-27T12:31:48+00:00","dateModified":"2025-01-29T15:20:37+00:00","breadcrumb":{"@id":"https:\/\/heat-pump-day.org\/privacy-policy\/#breadcrumb"},"inLanguage":"pl-PL","potentialAction":[{"@type":"ReadAction","target":["https:\/\/heat-pump-day.org\/privacy-policy\/"]}]},{"@type":"BreadcrumbList","@id":"https:\/\/heat-pump-day.org\/privacy-policy\/#breadcrumb","itemListElement":[{"@type":"ListItem","position":1,"name":"Home","item":"https:\/\/heat-pump-day.org\/"},{"@type":"ListItem","position":2,"name":"Privacy Policy"}]},{"@type":"WebSite","@id":"https:\/\/heat-pump-day.org\/#website","url":"https:\/\/heat-pump-day.org\/","name":"Heat Pump Day","description":"","publisher":{"@id":"https:\/\/heat-pump-day.org\/#organization"},"potentialAction":[{"@type":"SearchAction","target":{"@type":"EntryPoint","urlTemplate":"https:\/\/heat-pump-day.org\/?s={search_term_string}"},"query-input":{"@type":"PropertyValueSpecification","valueRequired":true,"valueName":"search_term_string"}}],"inLanguage":"pl-PL"},{"@type":"Organization","@id":"https:\/\/heat-pump-day.org\/#organization","name":"Heat Pump Day","url":"https:\/\/heat-pump-day.org\/","logo":{"@type":"ImageObject","inLanguage":"pl-PL","@id":"https:\/\/heat-pump-day.org\/#\/schema\/logo\/image\/","url":"https:\/\/heat-pump-day.org\/wp-content\/uploads\/2024\/05\/fundo.png","contentUrl":"https:\/\/heat-pump-day.org\/wp-content\/uploads\/2024\/05\/fundo.png","width":1676,"height":1092,"caption":"Heat Pump Day"},"image":{"@id":"https:\/\/heat-pump-day.org\/#\/schema\/logo\/image\/"}}]}},"_links":{"self":[{"href":"https:\/\/heat-pump-day.org\/pl\/wp-json\/wp\/v2\/pages\/3","targetHints":{"allow":["GET"]}}],"collection":[{"href":"https:\/\/heat-pump-day.org\/pl\/wp-json\/wp\/v2\/pages"}],"about":[{"href":"https:\/\/heat-pump-day.org\/pl\/wp-json\/wp\/v2\/types\/page"}],"author":[{"embeddable":true,"href":"https:\/\/heat-pump-day.org\/pl\/wp-json\/wp\/v2\/users\/1"}],"replies":[{"embeddable":true,"href":"https:\/\/heat-pump-day.org\/pl\/wp-json\/wp\/v2\/comments?post=3"}],"version-history":[{"count":19,"href":"https:\/\/heat-pump-day.org\/pl\/wp-json\/wp\/v2\/pages\/3\/revisions"}],"predecessor-version":[{"id":1461,"href":"https:\/\/heat-pump-day.org\/pl\/wp-json\/wp\/v2\/pages\/3\/revisions\/1461"}],"wp:attachment":[{"href":"https:\/\/heat-pump-day.org\/pl\/wp-json\/wp\/v2\/media?parent=3"}],"curies":[{"name":"wp","href":"https:\/\/api.w.org\/{rel}","templated":true}]}}