{"id":3,"date":"2024-05-27T13:31:48","date_gmt":"2024-05-27T12:31:48","guid":{"rendered":"https:\/\/heat-pump-day.org\/?page_id=3"},"modified":"2025-01-29T15:20:37","modified_gmt":"2025-01-29T15:20:37","slug":"privacy-policy","status":"publish","type":"page","link":"https:\/\/heat-pump-day.org\/nn\/privacy-policy\/","title":{"rendered":"Personvernerkl\u00e6ring"},"content":{"rendered":"<div data-elementor-type=\"wp-page\" data-elementor-id=\"3\" class=\"elementor elementor-3\" data-elementor-post-type=\"page\">\n\t\t\t\t<div class=\"elementor-element elementor-element-788a49c6 e-flex e-con-boxed e-con e-parent\" data-id=\"788a49c6\" data-element_type=\"container\">\n\t\t\t\t\t<div class=\"e-con-inner\">\n\t\t\t\t<div class=\"elementor-element elementor-element-222870e elementor-widget elementor-widget-heading\" data-id=\"222870e\" data-element_type=\"widget\" data-widget_type=\"heading.default\">\n\t\t\t\t<div class=\"elementor-widget-container\">\n\t\t\t<style>\/*! elementor - v3.21.0 - 26-05-2024 *\/\n.elementor-heading-title{padding:0;margin:0;line-height:1}.elementor-widget-heading .elementor-heading-title[class*=elementor-size-]>a{color:inherit;font-size:inherit;line-height:inherit}.elementor-widget-heading .elementor-heading-title.elementor-size-small{font-size:15px}.elementor-widget-heading .elementor-heading-title.elementor-size-medium{font-size:19px}.elementor-widget-heading .elementor-heading-title.elementor-size-large{font-size:29px}.elementor-widget-heading .elementor-heading-title.elementor-size-xl{font-size:39px}.elementor-widget-heading .elementor-heading-title.elementor-size-xxl{font-size:59px}<\/style><h1 class=\"elementor-heading-title elementor-size-default\">Personvernerkl\u00e6ring for varmepumpedagen<\/h1>\t\t<\/div>\n\t\t\t\t<\/div>\n\t\t\t\t<div class=\"elementor-element elementor-element-6eb0f4d4 elementor-widget elementor-widget-text-editor\" data-id=\"6eb0f4d4\" data-element_type=\"widget\" data-widget_type=\"text-editor.default\">\n\t\t\t\t<div class=\"elementor-widget-container\">\n\t\t\t<style>\/*! elementor - v3.21.0 - 26-05-2024 *\/\n.elementor-widget-text-editor.elementor-drop-cap-view-stacked .elementor-drop-cap{background-color:#69727d;color:#fff}.elementor-widget-text-editor.elementor-drop-cap-view-framed .elementor-drop-cap{color:#69727d;border:3px solid;background-color:transparent}.elementor-widget-text-editor:not(.elementor-drop-cap-view-default) .elementor-drop-cap{margin-top:8px}.elementor-widget-text-editor:not(.elementor-drop-cap-view-default) .elementor-drop-cap-letter{width:1em;height:1em}.elementor-widget-text-editor .elementor-drop-cap{float:left;text-align:center;line-height:1;font-size:50px}.elementor-widget-text-editor .elementor-drop-cap-letter{display:inline-block}<\/style>\t\t\t\t<!-- wp:heading -->\n<h2><b>Hvem vi er<\/b><\/h2>\n<p><span style=\"font-weight: 400;\">Varmepumpedagen arrangeres av The European Heat Pump Association AISBL (EHPA).<\/span><\/p>\n<p><span style=\"font-weight: 400;\">V\u00e5r hovednettstedsadresse er: https:\/\/www.ehpa.org.<\/span><\/p>\n<h2 data-sourcepos=\"1:1-1:35\">\u00a0<\/h2>\n<p><span style=\"font-weight: 400;\">Vi driver ogs\u00e5 andre prosjekt- og arrangements nettsteder, bl.a <\/span><a href=\"http:\/\/www.heatpumpkeymark.com\"><span style=\"font-weight: 400;\">www.heatpumpkeymark.com<\/span><\/a><span style=\"font-weight: 400;\">, <\/span><a href=\"http:\/\/www.dryficiency.eu\"><span style=\"font-weight: 400;\">www.dryficiency.eu<\/span><\/a><span style=\"font-weight: 400;\">, <\/span><a href=\"http:\/\/www.heat4cool.eu\"><span style=\"font-weight: 400;\">www.heat4cool.eu<\/span><\/a><span style=\"font-weight: 400;\">, og <\/span><a href=\"http:\/\/www.decarbheat.eu\"><span style=\"font-weight: 400;\">www.decarbheat.eu<\/span><\/a><span style=\"font-weight: 400;\">.<\/span><\/p>\n<h2 data-sourcepos=\"1:1-1:35\">\u00a0<\/h2>\n<p><span style=\"font-weight: 400;\">European Heat Pump Association AISBL, i forkortet form EHPA, legger stor vekt p\u00e5 \u00e5 respektere retten til personvern for personopplysningene den lagrer.<\/span><\/p>\n<p><span style=\"font-weight: 400;\">Du kan kontakte EHPA p\u00e5:<\/span><\/p>\n<p><span style=\"font-weight: 400;\">Avenue de Cortenbergh 120, 1000<\/span><\/p>\n<p><span style=\"font-weight: 400;\">Brussels, Belgium.<\/span><\/p>\n<p><span style=\"font-weight: 400;\">Phone +(32) 488 59 76 59<\/span><\/p>\n<h2 data-sourcepos=\"1:1-1:35\">\u00a0<\/h2>\n<h2><b>Hva betyr \"personlig data\"<\/b><\/h2>\n<p><span style=\"font-weight: 400;\">Personopplysninger betyr all informasjon knyttet til en identifisert eller identifiserbar fysisk person; en identifiserbar person er en som kan identifiseres, direkte eller indirekte, spesielt ved referanse til en e-post.<\/span><\/p>\n<h2 data-sourcepos=\"1:1-1:35\">\u00a0<\/h2>\n<p><span style=\"font-weight: 400;\">I prinsippet krever ikke tilgang til informasjonen tilgjengelig p\u00e5 eller via denne nettsiden noen personopplysninger fra brukeren. Men for \u00e5 bruke visse nettjenester, for eksempel \u00e5 kontakte oss via v\u00e5rt kontaktskjema, kan du bli bedt om \u00e5 gi oss personopplysninger som fornavn, etternavn og e-postadresse.\u00a0<\/span><\/p>\n<h2 data-sourcepos=\"1:1-1:35\">\u00a0<\/h2>\n<h2><b>Hvorfor samler vi inn og lagrer personopplysninger?<\/b><\/h2>\n<p><span style=\"font-weight: 400;\">EHPA samler inn og lagrer kun personopplysningene som er n\u00f8dvendige for \u00e5 kommunisere med publikum. Personopplysninger brukes uten annen grunn og aldri til kommersielle form\u00e5l. Derfor vil EHPA lagre personopplysninger sendt via nettstedsskjemaene. EHPA vil ikke bruke, dele, leie ut eller selge informasjonen din.<\/span><\/p>\n<h2 data-sourcepos=\"1:1-1:35\">\u00a0<\/h2>\n<h2><b>Innsamling og bruk av personopplysninger og bilder<\/b><\/h2>\n<p><span style=\"font-weight: 400;\">Ved \u00e5 delta i v\u00e5r fotokonkurranse godtar du innsamlingen og bruken av din innsendte informasjon og bilder som beskrevet i denne personvernerkl\u00e6ringen. Dataene du laster opp gjennom skjemaene v\u00e5re vil bli brukt til konkurransedeltakelse og reklameform\u00e5l. Du gir oss en ikke-eksklusiv, royaltyfri, evigvarende og verdensomspennende lisens til \u00e5 bruke, modifisere, reprodusere og distribuere bildene dine<\/span><\/p>\n<h2 data-sourcepos=\"1:1-1:35\">\u00a0<\/h2>\n<h2><b>Lagring og sikkerhet<\/b><\/h2>\n<p><span style=\"font-weight: 400;\">Dine data vil bli lagret sikkert p\u00e5 v\u00e5re servere, og vi tar rimelige tiltak for \u00e5 beskytte dem mot uautorisert tilgang. Vi vil beholde informasjonen din s\u00e5 lenge det er n\u00f8dvendig for \u00e5 oppfylle form\u00e5lene som er beskrevet i denne policyen.<\/span><\/p>\n<h2 data-sourcepos=\"1:1-1:35\">\u00a0<\/h2>\n<h2><b>Deling og avsl\u00f8ring av opphav<\/b><\/h2>\n<p><span style=\"font-weight: 400;\">Vi vil ikke dele dine data og bilder med tredjeparter bortsett fra de som er involvert i ledelsen av konkurransen eller som kreves av loven.<\/span><span style=\"font-weight: 400;\"> Vinnende bilder kan vises offentlig p\u00e5 nettstedet v\u00e5rt, sosiale medieplattformer eller i annet reklamemateriell, sammen med navnet ditt og annen identifiserende informasjon du oppgir.<\/span><\/p>\n<h2 data-sourcepos=\"1:1-1:35\">\u00a0<\/h2>\n<h2><b>Dine rettigheter<\/b><\/h2>\n<p><span style=\"font-weight: 400;\">Du beholder alle rettigheter til bildene dine bortsett fra den begrensede lisensen som er gitt oss. Du kan be om fjerning av bildet ditt fra nettstedet v\u00e5rt eller reklamemateriell ved \u00e5 kontakte oss. I tillegg har du rett til \u00e5 f\u00e5 tilgang til, korrigere eller slette personopplysninger vi har om deg. For eventuelle foresp\u00f8rsler eller bekymringer ang\u00e5ende denne policyen, vennligst kontakt oss p\u00e5 info@heat-pump-day.org<\/span><\/p>\n<h2 data-sourcepos=\"1:1-1:35\">\u00a0<\/h2>\n<h2><b>Informasjonskapsler<\/b><\/h2>\n<p><span style=\"font-weight: 400;\">Vi bruker informasjonskapsler for \u00e5 hjelpe deg med \u00e5 navigere effektivt og utf\u00f8re visse funksjoner. Du finner detaljert informasjon om alle informasjonskapsler under hver samtykkekategori nedenfor.<\/span><\/p>\n<h2 data-sourcepos=\"1:1-1:35\">\u00a0<\/h2>\n<p><span style=\"font-weight: 400;\">Informasjonskapslene som er kategorisert som \"N\u00f8dvendige\" lagres i nettleseren din da de er avgj\u00f8rende for \u00e5 aktivere de grunnleggende funksjonene til nettstedet.<\/span><\/p>\n<h2 data-sourcepos=\"1:1-1:35\">\u00a0<\/h2>\n<p><span style=\"font-weight: 400;\">Vi bruker ogs\u00e5 tredjeparts informasjonskapsler som hjelper oss med \u00e5 analysere hvordan du bruker denne nettsiden, lagre innstillingene dine og gi innhold og annonser som er relevante for deg. Disse informasjonskapslene vil kun bli lagret i nettleseren din med ditt forh\u00e5ndssamtykke.<\/span><\/p>\n<h2 data-sourcepos=\"1:1-1:35\">\u00a0<\/h2>\n<p><span style=\"font-weight: 400;\">Du kan velge \u00e5 aktivere eller deaktivere noen eller alle disse informasjonskapslene, men \u00e5 deaktivere noen av dem kan p\u00e5virke nettleseropplevelsen din.<\/span><\/p>\n<h2 data-sourcepos=\"1:1-1:35\">\u00a0<\/h2>\n<p><span style=\"font-weight: 400;\">EHPA samler inn og lagrer informasjonskapsler, en liten tekstfil som et nettsted lagrer p\u00e5 din datamaskin eller mobilenhet n\u00e5r du bes\u00f8ker nettstedet. Det gj\u00f8r det mulig for nettstedet \u00e5 huske handlingene og preferansene dine over en periode, slik at du ikke trenger \u00e5 spesifisere dem p\u00e5 nytt hver gang du kommer tilbake til nettstedet eller blar fra en side til en annen. EHPA bruker disse informasjonskapslene for \u00e5 forbedre brukeropplevelsen p\u00e5 nettstedet, for eksempel via Google Analytics.<\/span><\/p>\n<h2 data-sourcepos=\"1:1-1:35\">\u00a0<\/h2>\n<h3><strong><i>N\u00f8dvendige informasjonskapsler\u00a0<\/i><\/strong><\/h3>\n<p><span style=\"font-weight: 400;\">N\u00f8dvendige informasjonskapsler er n\u00f8dvendige for \u00e5 aktivere de grunnleggende funksjonene p\u00e5 dette nettstedet, for eksempel \u00e5 gi sikker p\u00e5logging eller \u00e5 justere samtykkepreferansene dine. Disse informasjonskapslene lagrer ingen personlig identifiserbar data.<\/span><\/p>\n<ul>\n<li style=\"font-weight: 400;\" aria-level=\"1\"><span style=\"font-weight: 400;\">Cookies-samtykke: CookieYes setter denne informasjonskapselen til \u00e5 huske brukernes samtykkepreferanser slik at deres preferanser blir respektert ved senere bes\u00f8k p\u00e5 dette nettstedet. Den samler ikke inn eller lagrer noen personlig informasjon om bes\u00f8kende p\u00e5 nettstedet.<\/span><\/li>\n<li style=\"font-weight: 400;\" aria-level=\"1\"><span style=\"font-weight: 400;\">Elementor: Nettstedets WordPress-tema bruker denne informasjonskapselen. Det lar nettstedeieren implementere eller endre nettstedets innhold i sanntid.<\/span><\/li>\n<li style=\"font-weight: 400;\" aria-level=\"1\"><span style=\"font-weight: 400;\">wpEmojiSettingsSupports: WordPress setter denne informasjonskapselen n\u00e5r en bruker samhandler med emojier p\u00e5 et WordPress-nettsted. Det hjelper med \u00e5 avgj\u00f8re om brukerens nettleser kan vise emojier riktig.<\/span><\/li>\n<li style=\"font-weight: 400;\" aria-level=\"1\"><span style=\"font-weight: 400;\">rc::c: Denne informasjonskapselen er satt av Google recaptcha-tjenesten for \u00e5 identifisere roboter for \u00e5 beskytte nettstedet mot ondsinnede spam-angrep.\u00a0<\/span><\/li>\n<\/ul>\n<h2 data-sourcepos=\"1:1-1:35\">\u00a0<\/h2>\n<h3><strong><i>Analytiske informasjonskaspler<\/i><\/strong><\/h3>\n<p><span style=\"font-weight: 400;\">Analytiske informasjonskapsler brukes for \u00e5 forst\u00e5 hvordan bes\u00f8kende samhandler med nettstedet. Disse informasjonskapslene bidrar til \u00e5 gi informasjon om beregninger som antall bes\u00f8kende, fluktfrekvens, trafikkkilde osv.<\/span><\/p>\n<ul>\n<li style=\"font-weight: 400;\" aria-level=\"1\"><span style=\"font-weight: 400;\">Google analytics: Google Analytics setter informasjonskapsler til \u00e5 1. lagre og telle sidevisninger; 2. beregne bes\u00f8kende, \u00f8kter og kampanjedata og spore bruken av nettstedet for nettstedets analyserapport. Informasjonskapselen lagrer informasjon anonymt og tildeler et tilfeldig generert nummer for \u00e5 gjenkjenne unike bes\u00f8kende.<\/span><\/li>\n<\/ul>\n<h2 data-sourcepos=\"1:1-1:35\"><br \/><br \/><\/h2>\n<h2><b>Innebygd innhold fra andre nettsteder<\/b><\/h2>\n<p><span style=\"font-weight: 400;\">Artikler p\u00e5 dette nettstedet kan inneholde innebygd innhold (f.eks. videoer, bilder, artikler osv.). Innebygd innhold fra andre nettsteder oppf\u00f8rer seg p\u00e5 n\u00f8yaktig samme m\u00e5te som om den bes\u00f8kende har bes\u00f8kt den andre nettsiden.<\/span><\/p>\n<h2 data-sourcepos=\"1:1-1:35\">\u00a0<\/h2>\n<p><span style=\"font-weight: 400;\">Disse nettstedene kan samle inn data om deg, bruke informasjonskapsler, bygge inn ytterligere tredjepartssporing og overv\u00e5ke interaksjonen din med det innebygde innholdet, inkludert sporing av interaksjonen din med det innebygde innholdet hvis du har en konto og er logget inn p\u00e5 det nettstedet.<\/span><\/p>\n<h2 data-sourcepos=\"1:1-1:35\">\u00a0<\/h2>\n<h2><b>Oppdatert<\/b><\/h2>\n<p><span style=\"font-weight: 400;\">Denne policyen er publisert <\/span><span style=\"font-weight: 400;\">27. juni 2024.\u00a0<\/span><\/p>\n<h2 data-sourcepos=\"1:1-1:35\">\u00a0<\/h2>\n<p><span style=\"font-weight: 400;\">Hvis du er bekymret for at vi ikke har overholdt dine juridiske rettigheter eller gjeldende personvernlovgivning, kan du kontakte den belgiske DPA (databeskyttelsesmyndigheten: https:\/\/www.dataprotectionauthority.be\/). Alternativt, hvis du befinner deg utenfor Belgia, kan du kontakte din lokale databeskyttelsesmyndighet.<\/span><\/p>\t\t\t\t\t\t<\/div>\n\t\t\t\t<\/div>\n\t\t\t\t\t<\/div>\n\t\t\t\t<\/div>\n\t\t\t\t<\/div>","protected":false},"excerpt":{"rendered":"<p>Privacy Policy for Heat Pump Day Who we are The Heat Pump Day is hosted by The European Heat Pump Association AISBL. Our main website address is: https:\/\/www.ehpa.org. \u00a0 We also run other project and event websites, including www.heatpumpkeymark.com, www.dryficiency.eu, www.heat4cool.eu, and www.decarbheat.eu. \u00a0 The European Heat Pump Association AISBL, in abbreviated form EHPA, attaches [&hellip;]<\/p>","protected":false},"author":1,"featured_media":0,"parent":0,"menu_order":0,"comment_status":"closed","ping_status":"open","template":"elementor_header_footer","meta":{"footnotes":""},"class_list":["post-3","page","type-page","status-publish","hentry"],"yoast_head":"<!-- This site is optimized with the Yoast SEO plugin v24.5 - https:\/\/yoast.com\/wordpress\/plugins\/seo\/ -->\n<title>Privacy Policy - Heat Pump Day<\/title>\n<meta name=\"robots\" content=\"index, follow, max-snippet:-1, max-image-preview:large, max-video-preview:-1\" \/>\n<link rel=\"canonical\" href=\"https:\/\/heat-pump-day.org\/nn\/privacy-policy\/\" \/>\n<meta property=\"og:locale\" content=\"nn_NO\" \/>\n<meta property=\"og:type\" content=\"article\" \/>\n<meta property=\"og:title\" content=\"Privacy Policy - Heat Pump Day\" \/>\n<meta property=\"og:description\" content=\"Privacy Policy for Heat Pump Day Who we are The Heat Pump Day is hosted by The European Heat Pump Association AISBL. Our main website address is: https:\/\/www.ehpa.org. \u00a0 We also run other project and event websites, including www.heatpumpkeymark.com, www.dryficiency.eu, www.heat4cool.eu, and www.decarbheat.eu. \u00a0 The European Heat Pump Association AISBL, in abbreviated form EHPA, attaches [&hellip;]\" \/>\n<meta property=\"og:url\" content=\"https:\/\/heat-pump-day.org\/nn\/privacy-policy\/\" \/>\n<meta property=\"og:site_name\" content=\"Heat Pump Day\" \/>\n<meta property=\"article:modified_time\" content=\"2025-01-29T15:20:37+00:00\" \/>\n<meta name=\"twitter:card\" content=\"summary_large_image\" \/>\n<meta name=\"twitter:label1\" content=\"Est. reading time\" \/>\n\t<meta name=\"twitter:data1\" content=\"5 minutt\" \/>\n<script type=\"application\/ld+json\" class=\"yoast-schema-graph\">{\"@context\":\"https:\/\/schema.org\",\"@graph\":[{\"@type\":\"WebPage\",\"@id\":\"https:\/\/heat-pump-day.org\/privacy-policy\/\",\"url\":\"https:\/\/heat-pump-day.org\/privacy-policy\/\",\"name\":\"Privacy Policy - Heat Pump Day\",\"isPartOf\":{\"@id\":\"https:\/\/heat-pump-day.org\/#website\"},\"datePublished\":\"2024-05-27T12:31:48+00:00\",\"dateModified\":\"2025-01-29T15:20:37+00:00\",\"breadcrumb\":{\"@id\":\"https:\/\/heat-pump-day.org\/privacy-policy\/#breadcrumb\"},\"inLanguage\":\"nn-NO\",\"potentialAction\":[{\"@type\":\"ReadAction\",\"target\":[\"https:\/\/heat-pump-day.org\/privacy-policy\/\"]}]},{\"@type\":\"BreadcrumbList\",\"@id\":\"https:\/\/heat-pump-day.org\/privacy-policy\/#breadcrumb\",\"itemListElement\":[{\"@type\":\"ListItem\",\"position\":1,\"name\":\"Home\",\"item\":\"https:\/\/heat-pump-day.org\/\"},{\"@type\":\"ListItem\",\"position\":2,\"name\":\"Privacy Policy\"}]},{\"@type\":\"WebSite\",\"@id\":\"https:\/\/heat-pump-day.org\/#website\",\"url\":\"https:\/\/heat-pump-day.org\/\",\"name\":\"Heat Pump Day\",\"description\":\"\",\"publisher\":{\"@id\":\"https:\/\/heat-pump-day.org\/#organization\"},\"potentialAction\":[{\"@type\":\"SearchAction\",\"target\":{\"@type\":\"EntryPoint\",\"urlTemplate\":\"https:\/\/heat-pump-day.org\/?s={search_term_string}\"},\"query-input\":{\"@type\":\"PropertyValueSpecification\",\"valueRequired\":true,\"valueName\":\"search_term_string\"}}],\"inLanguage\":\"nn-NO\"},{\"@type\":\"Organization\",\"@id\":\"https:\/\/heat-pump-day.org\/#organization\",\"name\":\"Heat Pump Day\",\"url\":\"https:\/\/heat-pump-day.org\/\",\"logo\":{\"@type\":\"ImageObject\",\"inLanguage\":\"nn-NO\",\"@id\":\"https:\/\/heat-pump-day.org\/#\/schema\/logo\/image\/\",\"url\":\"https:\/\/heat-pump-day.org\/wp-content\/uploads\/2024\/05\/fundo.png\",\"contentUrl\":\"https:\/\/heat-pump-day.org\/wp-content\/uploads\/2024\/05\/fundo.png\",\"width\":1676,\"height\":1092,\"caption\":\"Heat Pump Day\"},\"image\":{\"@id\":\"https:\/\/heat-pump-day.org\/#\/schema\/logo\/image\/\"}}]}<\/script>\n<!-- \/ Yoast SEO plugin. -->","yoast_head_json":{"title":"Privacy Policy - Heat Pump Day","robots":{"index":"index","follow":"follow","max-snippet":"max-snippet:-1","max-image-preview":"max-image-preview:large","max-video-preview":"max-video-preview:-1"},"canonical":"https:\/\/heat-pump-day.org\/nn\/privacy-policy\/","og_locale":"nn_NO","og_type":"article","og_title":"Privacy Policy - Heat Pump Day","og_description":"Privacy Policy for Heat Pump Day Who we are The Heat Pump Day is hosted by The European Heat Pump Association AISBL. Our main website address is: https:\/\/www.ehpa.org. \u00a0 We also run other project and event websites, including www.heatpumpkeymark.com, www.dryficiency.eu, www.heat4cool.eu, and www.decarbheat.eu. \u00a0 The European Heat Pump Association AISBL, in abbreviated form EHPA, attaches [&hellip;]","og_url":"https:\/\/heat-pump-day.org\/nn\/privacy-policy\/","og_site_name":"Heat Pump Day","article_modified_time":"2025-01-29T15:20:37+00:00","twitter_card":"summary_large_image","twitter_misc":{"Est. reading time":"5 minutt"},"schema":{"@context":"https:\/\/schema.org","@graph":[{"@type":"WebPage","@id":"https:\/\/heat-pump-day.org\/privacy-policy\/","url":"https:\/\/heat-pump-day.org\/privacy-policy\/","name":"Privacy Policy - Heat Pump Day","isPartOf":{"@id":"https:\/\/heat-pump-day.org\/#website"},"datePublished":"2024-05-27T12:31:48+00:00","dateModified":"2025-01-29T15:20:37+00:00","breadcrumb":{"@id":"https:\/\/heat-pump-day.org\/privacy-policy\/#breadcrumb"},"inLanguage":"nn-NO","potentialAction":[{"@type":"ReadAction","target":["https:\/\/heat-pump-day.org\/privacy-policy\/"]}]},{"@type":"BreadcrumbList","@id":"https:\/\/heat-pump-day.org\/privacy-policy\/#breadcrumb","itemListElement":[{"@type":"ListItem","position":1,"name":"Home","item":"https:\/\/heat-pump-day.org\/"},{"@type":"ListItem","position":2,"name":"Privacy Policy"}]},{"@type":"WebSite","@id":"https:\/\/heat-pump-day.org\/#website","url":"https:\/\/heat-pump-day.org\/","name":"Heat Pump Day","description":"","publisher":{"@id":"https:\/\/heat-pump-day.org\/#organization"},"potentialAction":[{"@type":"SearchAction","target":{"@type":"EntryPoint","urlTemplate":"https:\/\/heat-pump-day.org\/?s={search_term_string}"},"query-input":{"@type":"PropertyValueSpecification","valueRequired":true,"valueName":"search_term_string"}}],"inLanguage":"nn-NO"},{"@type":"Organization","@id":"https:\/\/heat-pump-day.org\/#organization","name":"Heat Pump Day","url":"https:\/\/heat-pump-day.org\/","logo":{"@type":"ImageObject","inLanguage":"nn-NO","@id":"https:\/\/heat-pump-day.org\/#\/schema\/logo\/image\/","url":"https:\/\/heat-pump-day.org\/wp-content\/uploads\/2024\/05\/fundo.png","contentUrl":"https:\/\/heat-pump-day.org\/wp-content\/uploads\/2024\/05\/fundo.png","width":1676,"height":1092,"caption":"Heat Pump Day"},"image":{"@id":"https:\/\/heat-pump-day.org\/#\/schema\/logo\/image\/"}}]}},"_links":{"self":[{"href":"https:\/\/heat-pump-day.org\/nn\/wp-json\/wp\/v2\/pages\/3","targetHints":{"allow":["GET"]}}],"collection":[{"href":"https:\/\/heat-pump-day.org\/nn\/wp-json\/wp\/v2\/pages"}],"about":[{"href":"https:\/\/heat-pump-day.org\/nn\/wp-json\/wp\/v2\/types\/page"}],"author":[{"embeddable":true,"href":"https:\/\/heat-pump-day.org\/nn\/wp-json\/wp\/v2\/users\/1"}],"replies":[{"embeddable":true,"href":"https:\/\/heat-pump-day.org\/nn\/wp-json\/wp\/v2\/comments?post=3"}],"version-history":[{"count":19,"href":"https:\/\/heat-pump-day.org\/nn\/wp-json\/wp\/v2\/pages\/3\/revisions"}],"predecessor-version":[{"id":1461,"href":"https:\/\/heat-pump-day.org\/nn\/wp-json\/wp\/v2\/pages\/3\/revisions\/1461"}],"wp:attachment":[{"href":"https:\/\/heat-pump-day.org\/nn\/wp-json\/wp\/v2\/media?parent=3"}],"curies":[{"name":"wp","href":"https:\/\/api.w.org\/{rel}","templated":true}]}}