{"id":3,"date":"2024-05-27T13:31:48","date_gmt":"2024-05-27T12:31:48","guid":{"rendered":"https:\/\/heat-pump-day.org\/?page_id=3"},"modified":"2025-01-29T15:20:37","modified_gmt":"2025-01-29T15:20:37","slug":"privacy-policy","status":"publish","type":"page","link":"https:\/\/heat-pump-day.org\/lt\/privacy-policy\/","title":{"rendered":"Privatumo politika"},"content":{"rendered":"<div data-elementor-type=\"wp-page\" data-elementor-id=\"3\" class=\"elementor elementor-3\" data-elementor-post-type=\"page\">\n\t\t\t\t<div class=\"elementor-element elementor-element-788a49c6 e-flex e-con-boxed e-con e-parent\" data-id=\"788a49c6\" data-element_type=\"container\">\n\t\t\t\t\t<div class=\"e-con-inner\">\n\t\t\t\t<div class=\"elementor-element elementor-element-222870e elementor-widget elementor-widget-heading\" data-id=\"222870e\" data-element_type=\"widget\" data-widget_type=\"heading.default\">\n\t\t\t\t<div class=\"elementor-widget-container\">\n\t\t\t<style>\/*! elementor - v3.21.0 - 26-05-2024 *\/\n.elementor-heading-title{padding:0;margin:0;line-height:1}.elementor-widget-heading .elementor-heading-title[class*=elementor-size-]>a{color:inherit;font-size:inherit;line-height:inherit}.elementor-widget-heading .elementor-heading-title.elementor-size-small{font-size:15px}.elementor-widget-heading .elementor-heading-title.elementor-size-medium{font-size:19px}.elementor-widget-heading .elementor-heading-title.elementor-size-large{font-size:29px}.elementor-widget-heading .elementor-heading-title.elementor-size-xl{font-size:39px}.elementor-widget-heading .elementor-heading-title.elementor-size-xxl{font-size:59px}<\/style><h1 class=\"elementor-heading-title elementor-size-default\">Heat Pump Day privatumo politika<\/h1>\t\t<\/div>\n\t\t\t\t<\/div>\n\t\t\t\t<div class=\"elementor-element elementor-element-6eb0f4d4 elementor-widget elementor-widget-text-editor\" data-id=\"6eb0f4d4\" data-element_type=\"widget\" data-widget_type=\"text-editor.default\">\n\t\t\t\t<div class=\"elementor-widget-container\">\n\t\t\t<style>\/*! elementor - v3.21.0 - 26-05-2024 *\/\n.elementor-widget-text-editor.elementor-drop-cap-view-stacked .elementor-drop-cap{background-color:#69727d;color:#fff}.elementor-widget-text-editor.elementor-drop-cap-view-framed .elementor-drop-cap{color:#69727d;border:3px solid;background-color:transparent}.elementor-widget-text-editor:not(.elementor-drop-cap-view-default) .elementor-drop-cap{margin-top:8px}.elementor-widget-text-editor:not(.elementor-drop-cap-view-default) .elementor-drop-cap-letter{width:1em;height:1em}.elementor-widget-text-editor .elementor-drop-cap{float:left;text-align:center;line-height:1;font-size:50px}.elementor-widget-text-editor .elementor-drop-cap-letter{display:inline-block}<\/style>\t\t\t\t<!-- wp:heading -->\n<h2><b>Kas mes esame<\/b><\/h2>\n<p><span style=\"font-weight: 400;\">Heat Pump Day rengia Europos \u0161ilumos siurbli\u0173 asociacija AISBL.<\/span><\/p>\n<p><span style=\"font-weight: 400;\">M\u016bs\u0173 pagrindin\u0117s svetain\u0117s adresas yra https:\/\/www.ehpa.org.<\/span><\/p>\n<h2 data-sourcepos=\"1:1-1:35\">\u00a0<\/h2>\n<p><span style=\"font-weight: 400;\">Taip pat tvarkome kitas projekt\u0173 ir rengini\u0173 svetaines, \u012fskaitant <\/span><a href=\"http:\/\/www.heatpumpkeymark.com\"><span style=\"font-weight: 400;\">www.heatpumpkeymark.com<\/span><\/a><span style=\"font-weight: 400;\">, <\/span><a href=\"http:\/\/www.dryficiency.eu\"><span style=\"font-weight: 400;\">www.dryficiency.eu<\/span><\/a><span style=\"font-weight: 400;\">, <\/span><a href=\"http:\/\/www.heat4cool.eu\"><span style=\"font-weight: 400;\">www.heat4cool.eu<\/span><\/a><span style=\"font-weight: 400;\">, ir <\/span><a href=\"http:\/\/www.decarbheat.eu\"><span style=\"font-weight: 400;\">www.decarbheat.eu<\/span><\/a><span style=\"font-weight: 400;\">.<\/span><\/p>\n<h2 data-sourcepos=\"1:1-1:35\">\u00a0<\/h2>\n<p><span style=\"font-weight: 400;\">Europos \u0161ilumos siurbli\u0173 asociacija AISBL, sutrumpintai EHPA, teikia didel\u0119 reik\u0161m\u0119 jos saugom\u0173 asmens duomen\u0173 teis\u0117s \u012f privatum\u0105 gerbimui.<\/span><\/p>\n<p><span style=\"font-weight: 400;\">Su EHPA galite susisiekti \u0161iuo adresu:<\/span><\/p>\n<p><span style=\"font-weight: 400;\">Avenue de Cortenbergh 120, 1000<\/span><\/p>\n<p><span style=\"font-weight: 400;\">Briuselis, Belgija.<\/span><\/p>\n<p><span style=\"font-weight: 400;\">Telefonas +(32) 488 59 76 59<\/span><\/p>\n<h2 data-sourcepos=\"1:1-1:35\">\u00a0<\/h2>\n<h2><b>K\u0105 rei\u0161kia \"asmens duomenys\"?<\/b><\/h2>\n<p><span style=\"font-weight: 400;\">Asmens duomenys - bet kokia informacija, susijusi su fiziniu asmeniu, kurio tapatyb\u0117 nustatyta arba gali b\u016bti nustatyta; asmuo, kurio tapatyb\u0117 gali b\u016bti nustatyta, yra asmuo, kurio tapatyb\u0117 gali b\u016bti tiesiogiai ar netiesiogiai nustatyta, vis\u0173 pirma pagal elektronin\u012f pa\u0161t\u0105.<\/span><\/p>\n<h2 data-sourcepos=\"1:1-1:35\">\u00a0<\/h2>\n<p><span style=\"font-weight: 400;\">I\u0161 esm\u0117s, norint naudotis \u0161ioje svetain\u0117je arba per j\u0105 pateikiama informacija, naudotojui nereikia pateikti joki\u0173 asmens duomen\u0173. Ta\u010diau norint naudotis tam tikromis internetin\u0117mis paslaugomis, pavyzd\u017eiui, susisiekti su mumis per m\u016bs\u0173 kontaktin\u0119 form\u0105, gali b\u016bti papra\u0161yta pateikti asmens duomenis, pavyzd\u017eiui, vard\u0105, pavard\u0119 ir el. pa\u0161to adres\u0105.\u00a0<\/span><\/p>\n<h2 data-sourcepos=\"1:1-1:35\">\u00a0<\/h2>\n<h2><b>Kod\u0117l renkame ir saugome asmens duomenis?<\/b><\/h2>\n<p><span style=\"font-weight: 400;\">EHPA renka ir saugo tik tuos asmens duomenis, kurie reikalingi bendravimui su auditorija. Asmens duomenys nenaudojami jokiais kitais tikslais ir niekada nenaudojami komerciniais tikslais. Taigi, EHPA saugo per svetain\u0117s formas atsi\u0173stus asmens duomenis. EHPA nenaudos, nesidalys, nenuomos ir neparduos j\u016bs\u0173 informacijos.<\/span><\/p>\n<h2 data-sourcepos=\"1:1-1:35\">\u00a0<\/h2>\n<h2><b>Asmens duomen\u0173 ir vaizd\u0173 rinkimas ir naudojimas<\/b><\/h2>\n<p><span style=\"font-weight: 400;\">Dalyvaudami m\u016bs\u0173 nuotrauk\u0173 konkurse sutinkate, kad j\u016bs\u0173 pateikta informacija ir nuotraukos b\u016bt\u0173 renkamos ir naudojamos, kaip apra\u0161yta \u0161ioje privatumo politikoje. Duomenys, kuriuos \u012fkeliate per m\u016bs\u0173 formas, bus naudojami dalyvavimo konkurse ir reklamos tikslais. Suteikiate mums nei\u0161imtin\u0119, nemokam\u0105, neterminuot\u0105 ir pasaulin\u0119 licencij\u0105 naudoti, keisti, atkurti ir platinti j\u016bs\u0173 nuotraukas.<\/span><\/p>\n<h2 data-sourcepos=\"1:1-1:35\">\u00a0<\/h2>\n<h2><b>Saugojimas ir saugumas<\/b><\/h2>\n<p><span style=\"font-weight: 400;\">J\u016bs\u0173 duomenys bus saugiai saugomi m\u016bs\u0173 serveriuose, ir mes imam\u0117s pagr\u012fst\u0173 priemoni\u0173, kad apsaugotume juos nuo neteis\u0117tos prieigos. J\u016bs\u0173 duomenis saugosime tiek laiko, kiek reik\u0117s \u0161ioje politikoje nurodytiems tikslams \u012fgyvendinti.<\/span><\/p>\n<h2 data-sourcepos=\"1:1-1:35\">\u00a0<\/h2>\n<h2><b>Dalijimasis ir atskleidimas<\/b><\/h2>\n<p><span style=\"font-weight: 400;\">J\u016bs\u0173 duomenimis ir nuotraukomis nesidalinsime su tre\u010diosiomis \u0161alimis, i\u0161skyrus tas, kurios dalyvauja konkurso valdyme arba kuri\u0173 reikalaujama pagal \u012fstatymus.<\/span><span style=\"font-weight: 400;\"> Laim\u0117jusios nuotraukos gali b\u016bti vie\u0161ai rodomos m\u016bs\u0173 svetain\u0117je, socialin\u0117s \u017einiasklaidos platformose arba kitoje reklamin\u0117je med\u017eiagoje kartu su j\u016bs\u0173 vardu ir bet kokia kita j\u016bs\u0173 pateikta identifikavimo informacija.<\/span><\/p>\n<h2 data-sourcepos=\"1:1-1:35\">\u00a0<\/h2>\n<h2><b>J\u016bs\u0173 teis\u0117s<\/b><\/h2>\n<p><span style=\"font-weight: 400;\">J\u016bs i\u0161saugote visas teises \u012f savo nuotraukas, i\u0161skyrus mums suteikt\u0105 ribot\u0105 licencij\u0105. Galite pra\u0161yti pa\u0161alinti savo atvaizd\u0105 i\u0161 m\u016bs\u0173 svetain\u0117s ar reklamin\u0117s med\u017eiagos susisiek\u0119 su mumis. Be to, turite teis\u0119 susipa\u017einti su bet kokiais m\u016bs\u0173 turimais j\u016bs\u0173 asmens duomenimis, juos i\u0161taisyti arba i\u0161trinti. Jei turite klausim\u0173 ar abejoni\u0173 d\u0117l \u0161ios politikos, kreipkit\u0117s \u012f mus adresu info@heat-pump-day.org.<\/span><\/p>\n<h2 data-sourcepos=\"1:1-1:35\">\u00a0<\/h2>\n<h2><b>Slapukai<\/b><\/h2>\n<p><span style=\"font-weight: 400;\">Naudojame slapukus, kad pad\u0117tume jums efektyviai nar\u0161yti ir atlikti tam tikras funkcijas. I\u0161sami\u0105 informacij\u0105 apie visus slapukus rasite toliau kiekvienoje sutikimo kategorijoje.<\/span><\/p>\n<h2 data-sourcepos=\"1:1-1:35\">\u00a0<\/h2>\n<p><span style=\"font-weight: 400;\">Slapukai, kurie priskiriami \"B\u016btin\u0173j\u0173\" kategorijai, yra saugomi j\u016bs\u0173 nar\u0161ykl\u0117je, nes jie yra b\u016btini pagrindin\u0117ms svetain\u0117s funkcijoms \u012fgalinti.<\/span><\/p>\n<h2 data-sourcepos=\"1:1-1:35\">\u00a0<\/h2>\n<p><span style=\"font-weight: 400;\">Taip pat naudojame tre\u010di\u0173j\u0173 \u0161ali\u0173 slapukus, kurie padeda analizuoti, kaip naudojat\u0117s \u0161ia svetaine, i\u0161saugoti j\u016bs\u0173 nuostatas ir pateikti jums aktual\u0173 turin\u012f bei reklam\u0105. \u0160ie slapukai j\u016bs\u0173 nar\u0161ykl\u0117je saugomi tik gavus i\u0161ankstin\u012f j\u016bs\u0173 sutikim\u0105.<\/span><\/p>\n<h2 data-sourcepos=\"1:1-1:35\">\u00a0<\/h2>\n<p><span style=\"font-weight: 400;\">Galite \u012fjungti arba i\u0161jungti kai kuriuos arba visus \u0161iuos slapukus, ta\u010diau kai kuri\u0173 i\u0161 j\u0173 i\u0161jungimas gali tur\u0117ti \u012ftakos j\u016bs\u0173 nar\u0161ymo patir\u010diai.<\/span><\/p>\n<h2 data-sourcepos=\"1:1-1:35\">\u00a0<\/h2>\n<p><span style=\"font-weight: 400;\">EHPA renka ir saugo slapukus - nedidelius tekstinius failus, kuriuos svetain\u0117 i\u0161saugo j\u016bs\u0173 kompiuteryje arba mobiliajame \u012frenginyje, kai joje apsilankote. Jis leid\u017eia svetainei tam tikr\u0105 laik\u0105 \u012fsiminti j\u016bs\u0173 veiksmus ir nuostatas, kad jums nereik\u0117t\u0173 j\u0173 i\u0161 naujo nurodyti kiekvien\u0105 kart\u0105, kai gr\u012f\u017etate \u012f svetain\u0119 arba pereinate i\u0161 vieno puslapio \u012f kit\u0105. EHPA naudoja \u0161iuos slapukus, kad pagerint\u0173 naudotoj\u0173 patirt\u012f savo svetain\u0117je, pavyzd\u017eiui, naudodama \"Google Analytics\".<\/span><\/p>\n<h2 data-sourcepos=\"1:1-1:35\">\u00a0<\/h2>\n<h3><strong><i>B\u016btina\u00a0<\/i><\/strong><\/h3>\n<p><span style=\"font-weight: 400;\">B\u016btini slapukai reikalingi, kad b\u016bt\u0173 \u012fjungtos pagrindin\u0117s \u0161ios svetain\u0117s funkcijos, pavyzd\u017eiui, saugus prisijungimas arba sutikimo nuostat\u0173 koregavimas. \u0160iuose slapukuose nesaugomi jokie asmen\u012f identifikuojantys duomenys.<\/span><\/p>\n<ul>\n<li style=\"font-weight: 400;\" aria-level=\"1\"><span style=\"font-weight: 400;\">\"Cookieyes-consent\": \"CookieYes\" nustato \u0161\u012f slapuk\u0105, kad \u012fsimint\u0173 naudotoj\u0173 sutikimo nuostatas, kad j\u0173 nuostat\u0173 b\u016bt\u0173 paisoma v\u0117lesni\u0173 apsilankym\u0173 \u0161ioje svetain\u0117je metu. Jis nerenka ir nesaugo jokios asmenin\u0117s informacijos apie svetain\u0117s lankytojus.<\/span><\/li>\n<li style=\"font-weight: 400;\" aria-level=\"1\"><span style=\"font-weight: 400;\">Elementor: WordPress tema naudoja \u0161\u012f slapuk\u0105. Jis leid\u017eia svetain\u0117s savininkui realiuoju laiku \u012fdiegti arba keisti svetain\u0117s turin\u012f.<\/span><\/li>\n<li style=\"font-weight: 400;\" aria-level=\"1\"><span style=\"font-weight: 400;\">wpEmojiSettingsSupports: WordPress nustato \u0161\u012f slapuk\u0105, kai naudotojas s\u0105veikauja su emod\u017eiais WordPress svetain\u0117je. Jis padeda nustatyti, ar naudotojo nar\u0161ykl\u0117 gali tinkamai rodyti emotikonus.<\/span><\/li>\n<li style=\"font-weight: 400;\" aria-level=\"1\"><span style=\"font-weight: 400;\">rc::c: \u0160is slapukas nustatomas \"Google recaptcha\" paslaugos, kad b\u016bt\u0173 galima identifikuoti robotus ir apsaugoti svetain\u0119 nuo piktavali\u0161k\u0173 \u0161lam\u0161to atak\u0173.\u00a0<\/span><\/li>\n<\/ul>\n<h2 data-sourcepos=\"1:1-1:35\">\u00a0<\/h2>\n<h3><strong><i>Analitinis<\/i><\/strong><\/h3>\n<p><span style=\"font-weight: 400;\">Analitiniai slapukai naudojami siekiant suprasti, kaip lankytojai s\u0105veikauja su svetaine. \u0160ie slapukai padeda pateikti informacij\u0105 apie tokius rodiklius kaip lankytoj\u0173 skai\u010dius, atmetimo da\u017enis, srauto \u0161altinis ir kt.<\/span><\/p>\n<ul>\n<li style=\"font-weight: 400;\" aria-level=\"1\"><span style=\"font-weight: 400;\">\"Google Analytics\": \"Google Analytics\" nustato slapukus, kad: 1. saugot\u0173 ir skai\u010diuot\u0173 puslapi\u0173 per\u017ei\u016bras; 2. apskai\u010diuot\u0173 lankytoj\u0173, sesij\u0173 ir kampanij\u0173 duomenis ir steb\u0117t\u0173 svetain\u0117s naudojim\u0105 svetain\u0117s analiz\u0117s ataskaitai. Slapukas informacij\u0105 saugo anonimi\u0161kai ir unikaliems lankytojams atpa\u017einti priskiria atsitiktinai sugeneruot\u0105 numer\u012f.<\/span><\/li>\n<\/ul>\n<h2 data-sourcepos=\"1:1-1:35\"><br \/><br \/><\/h2>\n<h2><b>\u012eterptasis turinys i\u0161 kit\u0173 svetaini\u0173<\/b><\/h2>\n<p><span style=\"font-weight: 400;\">\u0160ios svetain\u0117s straipsniuose gali b\u016bti \u012fterpto turinio (pvz., vaizdo \u012fra\u0161\u0173, paveiksl\u0117li\u0173, straipsni\u0173 ir kt.). \u012eterptasis turinys i\u0161 kit\u0173 svetaini\u0173 elgiasi lygiai taip pat, tarsi lankytojas b\u016bt\u0173 apsilank\u0119s kitoje svetain\u0117je.<\/span><\/p>\n<h2 data-sourcepos=\"1:1-1:35\">\u00a0<\/h2>\n<p><span style=\"font-weight: 400;\">\u0160iose svetain\u0117se gali b\u016bti renkami duomenys apie jus, naudojami slapukai, \u012fterpiamas papildomas tre\u010di\u0173j\u0173 \u0161ali\u0173 steb\u0117jimas ir stebima j\u016bs\u0173 s\u0105veika su \u012fterptu turiniu, \u012fskaitant j\u016bs\u0173 s\u0105veikos su \u012fterptu turiniu steb\u0117jim\u0105, jei turite paskyr\u0105 ir esate prisijung\u0119 prie tos svetain\u0117s.<\/span><\/p>\n<h2 data-sourcepos=\"1:1-1:35\">\u00a0<\/h2>\n<h2><b>Atnaujinti<\/b><\/h2>\n<p><span style=\"font-weight: 400;\">\u0160i politika paskelbta <\/span><span style=\"font-weight: 400;\">2024 m. bir\u017eelio 27 d.\u00a0<\/span><\/p>\n<h2 data-sourcepos=\"1:1-1:35\">\u00a0<\/h2>\n<p><span style=\"font-weight: 400;\">Jei nerimaujate, kad nesilaikome j\u016bs\u0173 teisini\u0173 teisi\u0173 arba taikom\u0173 privatumo \u012fstatym\u0173, galite kreiptis \u012f Belgijos duomen\u0173 apsaugos institucij\u0105 (https:\/\/www.dataprotectionauthority.be\/). Arba, jei esate ne Belgijoje, galite kreiptis \u012f vietos duomen\u0173 apsaugos institucij\u0105.<\/span><\/p>\t\t\t\t\t\t<\/div>\n\t\t\t\t<\/div>\n\t\t\t\t\t<\/div>\n\t\t\t\t<\/div>\n\t\t\t\t<\/div>","protected":false},"excerpt":{"rendered":"<p>Heat Pump Day privatumo politika Kas mes esame Heat Pump Day yra Europos \u0161ilumos siurbli\u0173 asociacijos AISBL prieglobstis. Pagrindinis m\u016bs\u0173 svetain\u0117s adresas yra: https:\/\/www.ehpa.org.   Taip pat valdome kitas projekt\u0173 ir rengini\u0173 interneto svetaines, \u012fskaitant www.heatpumpkeymark.com, www.dryficiency.eu, www.heat4cool.eu ir www.decarbheat.eu.   Europos \u0161ilumos siurbli\u0173 asociacija AISBL, sutrumpintai EHPA, prideda [...]<\/p>","protected":false},"author":1,"featured_media":0,"parent":0,"menu_order":0,"comment_status":"closed","ping_status":"open","template":"elementor_header_footer","meta":{"footnotes":""},"class_list":["post-3","page","type-page","status-publish","hentry"],"yoast_head":"<!-- This site is optimized with the Yoast SEO plugin v24.5 - https:\/\/yoast.com\/wordpress\/plugins\/seo\/ -->\n<title>Privacy Policy - Heat Pump Day<\/title>\n<meta name=\"robots\" content=\"index, follow, max-snippet:-1, max-image-preview:large, max-video-preview:-1\" \/>\n<link rel=\"canonical\" href=\"https:\/\/heat-pump-day.org\/lt\/privacy-policy\/\" \/>\n<meta property=\"og:locale\" content=\"lt_LT\" \/>\n<meta property=\"og:type\" content=\"article\" \/>\n<meta property=\"og:title\" content=\"Privacy Policy - Heat Pump Day\" \/>\n<meta property=\"og:description\" content=\"Privacy Policy for Heat Pump Day Who we are The Heat Pump Day is hosted by The European Heat Pump Association AISBL. Our main website address is: https:\/\/www.ehpa.org. \u00a0 We also run other project and event websites, including www.heatpumpkeymark.com, www.dryficiency.eu, www.heat4cool.eu, and www.decarbheat.eu. \u00a0 The European Heat Pump Association AISBL, in abbreviated form EHPA, attaches [&hellip;]\" \/>\n<meta property=\"og:url\" content=\"https:\/\/heat-pump-day.org\/lt\/privacy-policy\/\" \/>\n<meta property=\"og:site_name\" content=\"Heat Pump Day\" \/>\n<meta property=\"article:modified_time\" content=\"2025-01-29T15:20:37+00:00\" \/>\n<meta name=\"twitter:card\" content=\"summary_large_image\" \/>\n<meta name=\"twitter:label1\" content=\"Est. reading time\" \/>\n\t<meta name=\"twitter:data1\" content=\"5 minut\u0117s\" \/>\n<script type=\"application\/ld+json\" class=\"yoast-schema-graph\">{\"@context\":\"https:\/\/schema.org\",\"@graph\":[{\"@type\":\"WebPage\",\"@id\":\"https:\/\/heat-pump-day.org\/privacy-policy\/\",\"url\":\"https:\/\/heat-pump-day.org\/privacy-policy\/\",\"name\":\"Privacy Policy - Heat Pump Day\",\"isPartOf\":{\"@id\":\"https:\/\/heat-pump-day.org\/#website\"},\"datePublished\":\"2024-05-27T12:31:48+00:00\",\"dateModified\":\"2025-01-29T15:20:37+00:00\",\"breadcrumb\":{\"@id\":\"https:\/\/heat-pump-day.org\/privacy-policy\/#breadcrumb\"},\"inLanguage\":\"lt-LT\",\"potentialAction\":[{\"@type\":\"ReadAction\",\"target\":[\"https:\/\/heat-pump-day.org\/privacy-policy\/\"]}]},{\"@type\":\"BreadcrumbList\",\"@id\":\"https:\/\/heat-pump-day.org\/privacy-policy\/#breadcrumb\",\"itemListElement\":[{\"@type\":\"ListItem\",\"position\":1,\"name\":\"Home\",\"item\":\"https:\/\/heat-pump-day.org\/\"},{\"@type\":\"ListItem\",\"position\":2,\"name\":\"Privacy Policy\"}]},{\"@type\":\"WebSite\",\"@id\":\"https:\/\/heat-pump-day.org\/#website\",\"url\":\"https:\/\/heat-pump-day.org\/\",\"name\":\"Heat Pump Day\",\"description\":\"\",\"publisher\":{\"@id\":\"https:\/\/heat-pump-day.org\/#organization\"},\"potentialAction\":[{\"@type\":\"SearchAction\",\"target\":{\"@type\":\"EntryPoint\",\"urlTemplate\":\"https:\/\/heat-pump-day.org\/?s={search_term_string}\"},\"query-input\":{\"@type\":\"PropertyValueSpecification\",\"valueRequired\":true,\"valueName\":\"search_term_string\"}}],\"inLanguage\":\"lt-LT\"},{\"@type\":\"Organization\",\"@id\":\"https:\/\/heat-pump-day.org\/#organization\",\"name\":\"Heat Pump Day\",\"url\":\"https:\/\/heat-pump-day.org\/\",\"logo\":{\"@type\":\"ImageObject\",\"inLanguage\":\"lt-LT\",\"@id\":\"https:\/\/heat-pump-day.org\/#\/schema\/logo\/image\/\",\"url\":\"https:\/\/heat-pump-day.org\/wp-content\/uploads\/2024\/05\/fundo.png\",\"contentUrl\":\"https:\/\/heat-pump-day.org\/wp-content\/uploads\/2024\/05\/fundo.png\",\"width\":1676,\"height\":1092,\"caption\":\"Heat Pump Day\"},\"image\":{\"@id\":\"https:\/\/heat-pump-day.org\/#\/schema\/logo\/image\/\"}}]}<\/script>\n<!-- \/ Yoast SEO plugin. -->","yoast_head_json":{"title":"Privacy Policy - Heat Pump Day","robots":{"index":"index","follow":"follow","max-snippet":"max-snippet:-1","max-image-preview":"max-image-preview:large","max-video-preview":"max-video-preview:-1"},"canonical":"https:\/\/heat-pump-day.org\/lt\/privacy-policy\/","og_locale":"lt_LT","og_type":"article","og_title":"Privacy Policy - Heat Pump Day","og_description":"Privacy Policy for Heat Pump Day Who we are The Heat Pump Day is hosted by The European Heat Pump Association AISBL. Our main website address is: https:\/\/www.ehpa.org. \u00a0 We also run other project and event websites, including www.heatpumpkeymark.com, www.dryficiency.eu, www.heat4cool.eu, and www.decarbheat.eu. \u00a0 The European Heat Pump Association AISBL, in abbreviated form EHPA, attaches [&hellip;]","og_url":"https:\/\/heat-pump-day.org\/lt\/privacy-policy\/","og_site_name":"Heat Pump Day","article_modified_time":"2025-01-29T15:20:37+00:00","twitter_card":"summary_large_image","twitter_misc":{"Est. reading time":"5 minut\u0117s"},"schema":{"@context":"https:\/\/schema.org","@graph":[{"@type":"WebPage","@id":"https:\/\/heat-pump-day.org\/privacy-policy\/","url":"https:\/\/heat-pump-day.org\/privacy-policy\/","name":"Privacy Policy - Heat Pump Day","isPartOf":{"@id":"https:\/\/heat-pump-day.org\/#website"},"datePublished":"2024-05-27T12:31:48+00:00","dateModified":"2025-01-29T15:20:37+00:00","breadcrumb":{"@id":"https:\/\/heat-pump-day.org\/privacy-policy\/#breadcrumb"},"inLanguage":"lt-LT","potentialAction":[{"@type":"ReadAction","target":["https:\/\/heat-pump-day.org\/privacy-policy\/"]}]},{"@type":"BreadcrumbList","@id":"https:\/\/heat-pump-day.org\/privacy-policy\/#breadcrumb","itemListElement":[{"@type":"ListItem","position":1,"name":"Home","item":"https:\/\/heat-pump-day.org\/"},{"@type":"ListItem","position":2,"name":"Privacy Policy"}]},{"@type":"WebSite","@id":"https:\/\/heat-pump-day.org\/#website","url":"https:\/\/heat-pump-day.org\/","name":"Heat Pump Day","description":"","publisher":{"@id":"https:\/\/heat-pump-day.org\/#organization"},"potentialAction":[{"@type":"SearchAction","target":{"@type":"EntryPoint","urlTemplate":"https:\/\/heat-pump-day.org\/?s={search_term_string}"},"query-input":{"@type":"PropertyValueSpecification","valueRequired":true,"valueName":"search_term_string"}}],"inLanguage":"lt-LT"},{"@type":"Organization","@id":"https:\/\/heat-pump-day.org\/#organization","name":"Heat Pump Day","url":"https:\/\/heat-pump-day.org\/","logo":{"@type":"ImageObject","inLanguage":"lt-LT","@id":"https:\/\/heat-pump-day.org\/#\/schema\/logo\/image\/","url":"https:\/\/heat-pump-day.org\/wp-content\/uploads\/2024\/05\/fundo.png","contentUrl":"https:\/\/heat-pump-day.org\/wp-content\/uploads\/2024\/05\/fundo.png","width":1676,"height":1092,"caption":"Heat Pump Day"},"image":{"@id":"https:\/\/heat-pump-day.org\/#\/schema\/logo\/image\/"}}]}},"_links":{"self":[{"href":"https:\/\/heat-pump-day.org\/lt\/wp-json\/wp\/v2\/pages\/3","targetHints":{"allow":["GET"]}}],"collection":[{"href":"https:\/\/heat-pump-day.org\/lt\/wp-json\/wp\/v2\/pages"}],"about":[{"href":"https:\/\/heat-pump-day.org\/lt\/wp-json\/wp\/v2\/types\/page"}],"author":[{"embeddable":true,"href":"https:\/\/heat-pump-day.org\/lt\/wp-json\/wp\/v2\/users\/1"}],"replies":[{"embeddable":true,"href":"https:\/\/heat-pump-day.org\/lt\/wp-json\/wp\/v2\/comments?post=3"}],"version-history":[{"count":19,"href":"https:\/\/heat-pump-day.org\/lt\/wp-json\/wp\/v2\/pages\/3\/revisions"}],"predecessor-version":[{"id":1461,"href":"https:\/\/heat-pump-day.org\/lt\/wp-json\/wp\/v2\/pages\/3\/revisions\/1461"}],"wp:attachment":[{"href":"https:\/\/heat-pump-day.org\/lt\/wp-json\/wp\/v2\/media?parent=3"}],"curies":[{"name":"wp","href":"https:\/\/api.w.org\/{rel}","templated":true}]}}