{"id":3,"date":"2024-05-27T13:31:48","date_gmt":"2024-05-27T12:31:48","guid":{"rendered":"https:\/\/heat-pump-day.org\/?page_id=3"},"modified":"2025-01-29T15:20:37","modified_gmt":"2025-01-29T15:20:37","slug":"privacy-policy","status":"publish","type":"page","link":"https:\/\/heat-pump-day.org\/it\/privacy-policy\/","title":{"rendered":"Informativa sulla privacy"},"content":{"rendered":"<div data-elementor-type=\"wp-page\" data-elementor-id=\"3\" class=\"elementor elementor-3\" data-elementor-post-type=\"page\">\n\t\t\t\t<div class=\"elementor-element elementor-element-788a49c6 e-flex e-con-boxed e-con e-parent\" data-id=\"788a49c6\" data-element_type=\"container\">\n\t\t\t\t\t<div class=\"e-con-inner\">\n\t\t\t\t<div class=\"elementor-element elementor-element-222870e elementor-widget elementor-widget-heading\" data-id=\"222870e\" data-element_type=\"widget\" data-widget_type=\"heading.default\">\n\t\t\t\t<div class=\"elementor-widget-container\">\n\t\t\t<style>\/*! elementor - v3.21.0 - 26-05-2024 *\/\n.elementor-heading-title{padding:0;margin:0;line-height:1}.elementor-widget-heading .elementor-heading-title[class*=elementor-size-]>a{color:inherit;font-size:inherit;line-height:inherit}.elementor-widget-heading .elementor-heading-title.elementor-size-small{font-size:15px}.elementor-widget-heading .elementor-heading-title.elementor-size-medium{font-size:19px}.elementor-widget-heading .elementor-heading-title.elementor-size-large{font-size:29px}.elementor-widget-heading .elementor-heading-title.elementor-size-xl{font-size:39px}.elementor-widget-heading .elementor-heading-title.elementor-size-xxl{font-size:59px}<\/style><h1 class=\"elementor-heading-title elementor-size-default\">Informativa sulla privacy per Heat Pump Day<\/h1>\t\t<\/div>\n\t\t\t\t<\/div>\n\t\t\t\t<div class=\"elementor-element elementor-element-6eb0f4d4 elementor-widget elementor-widget-text-editor\" data-id=\"6eb0f4d4\" data-element_type=\"widget\" data-widget_type=\"text-editor.default\">\n\t\t\t\t<div class=\"elementor-widget-container\">\n\t\t\t<style>\/*! elementor - v3.21.0 - 26-05-2024 *\/\n.elementor-widget-text-editor.elementor-drop-cap-view-stacked .elementor-drop-cap{background-color:#69727d;color:#fff}.elementor-widget-text-editor.elementor-drop-cap-view-framed .elementor-drop-cap{color:#69727d;border:3px solid;background-color:transparent}.elementor-widget-text-editor:not(.elementor-drop-cap-view-default) .elementor-drop-cap{margin-top:8px}.elementor-widget-text-editor:not(.elementor-drop-cap-view-default) .elementor-drop-cap-letter{width:1em;height:1em}.elementor-widget-text-editor .elementor-drop-cap{float:left;text-align:center;line-height:1;font-size:50px}.elementor-widget-text-editor .elementor-drop-cap-letter{display:inline-block}<\/style>\t\t\t\t<!-- wp:heading -->\n<h2><b>Chi siamo<\/b><\/h2>\n<p><span style=\"font-weight: 400;\">L'Heat Pump Day \u00e8 ospitato dall'European Heat Pump Association AISBL.<\/span><\/p>\n<p><span style=\"font-weight: 400;\">L'indirizzo del nostro sito web principale \u00e8: https:\/\/www.ehpa.org.<\/span><\/p>\n<h2 data-sourcepos=\"1:1-1:35\">\u00a0<\/h2>\n<p><span style=\"font-weight: 400;\">Gestiamo anche altri siti web di progetti ed eventi, tra cui <\/span><a href=\"http:\/\/www.heatpumpkeymark.com\"><span style=\"font-weight: 400;\">www.heatpumpkeymark.com<\/span><\/a><span style=\"font-weight: 400;\">, <\/span><a href=\"http:\/\/www.dryficiency.eu\"><span style=\"font-weight: 400;\">www.dryficiency.eu<\/span><\/a><span style=\"font-weight: 400;\">, <\/span><a href=\"http:\/\/www.heat4cool.eu\"><span style=\"font-weight: 400;\">www.heat4cool.eu<\/span><\/a><span style=\"font-weight: 400;\">, e <\/span><a href=\"http:\/\/www.decarbheat.eu\"><span style=\"font-weight: 400;\">www.decarbheat.eu<\/span><\/a><span style=\"font-weight: 400;\">.<\/span><\/p>\n<h2 data-sourcepos=\"1:1-1:35\">\u00a0<\/h2>\n<p><span style=\"font-weight: 400;\">L'European Heat Pump Association AISBL, in forma abbreviata EHPA, attribuisce grande importanza al rispetto del diritto alla privacy dei dati personali memorizzati.<\/span><\/p>\n<p><span style=\"font-weight: 400;\">\u00c8 possibile contattare EHPA all'indirizzo:<\/span><\/p>\n<p><span style=\"font-weight: 400;\">Avenue de Cortenbergh 120, 1000<\/span><\/p>\n<p><span style=\"font-weight: 400;\">Bruxelles, Belgio.<\/span><\/p>\n<p><span style=\"font-weight: 400;\">Telefono +(32) 488 59 76 59<\/span><\/p>\n<h2 data-sourcepos=\"1:1-1:35\">\u00a0<\/h2>\n<h2><b>Cosa si intende per \"dati personali\"?<\/b><\/h2>\n<p><span style=\"font-weight: 400;\">Per dati personali si intende qualsiasi informazione relativa a una persona fisica identificata o identificabile; una persona identificabile \u00e8 una persona che pu\u00f2 essere identificata, direttamente o indirettamente, in particolare con riferimento a un'e-mail.<\/span><\/p>\n<h2 data-sourcepos=\"1:1-1:35\">\u00a0<\/h2>\n<p><span style=\"font-weight: 400;\">In linea di principio, l'accesso alle informazioni disponibili su o tramite questo sito web non richiede la fornitura di dati personali da parte dell'utente. Tuttavia, per utilizzare alcuni servizi online, come ad esempio contattarci tramite il nostro modulo di contatto, potrebbe essere richiesto di fornire dati personali quali nome, cognome e indirizzo e-mail.\u00a0<\/span><\/p>\n<h2 data-sourcepos=\"1:1-1:35\">\u00a0<\/h2>\n<h2><b>Perch\u00e9 raccogliamo e conserviamo i dati personali?<\/b><\/h2>\n<p><span style=\"font-weight: 400;\">L'EHPA raccoglie e conserva solo i dati personali necessari per comunicare con il proprio pubblico. I dati personali non vengono utilizzati per nessun altro motivo e mai per scopi commerciali. Pertanto, l'EHPA memorizzer\u00e0 i dati personali inviati tramite i moduli del sito web. EHPA non utilizzer\u00e0, condivider\u00e0, affitter\u00e0 o vender\u00e0 i vostri dati.<\/span><\/p>\n<h2 data-sourcepos=\"1:1-1:35\">\u00a0<\/h2>\n<h2><b>Raccolta e utilizzo di dati personali e immagini<\/b><\/h2>\n<p><span style=\"font-weight: 400;\">Partecipando al nostro concorso fotografico, l'utente accetta la raccolta e l'utilizzo delle informazioni e delle immagini inviate come descritto nella presente informativa sulla privacy. I dati caricati attraverso i nostri moduli saranno utilizzati per la partecipazione al concorso e per scopi promozionali. L'utente ci concede una licenza non esclusiva, esente da royalty, perpetua e mondiale per l'utilizzo, la modifica, la riproduzione e la distribuzione delle immagini.<\/span><\/p>\n<h2 data-sourcepos=\"1:1-1:35\">\u00a0<\/h2>\n<h2><b>Conservazione e sicurezza<\/b><\/h2>\n<p><span style=\"font-weight: 400;\">I vostri dati saranno conservati in modo sicuro sui nostri server e adotteremo misure ragionevoli per proteggerli da accessi non autorizzati. Conserveremo i vostri dati per tutto il tempo necessario a soddisfare gli scopi delineati in questa politica.<\/span><\/p>\n<h2 data-sourcepos=\"1:1-1:35\">\u00a0<\/h2>\n<h2><b>Condivisione e divulgazione<\/b><\/h2>\n<p><span style=\"font-weight: 400;\">Non condivideremo i vostri dati e le vostre immagini con terze parti, ad eccezione di quelle coinvolte nella gestione del concorso o come richiesto dalla legge.<\/span><span style=\"font-weight: 400;\"> Le immagini vincitrici possono essere visualizzate pubblicamente sul nostro sito web, sulle piattaforme dei social media o in altri materiali promozionali, insieme al vostro nome e a qualsiasi altra informazione identificativa da voi fornita.<\/span><\/p>\n<h2 data-sourcepos=\"1:1-1:35\">\u00a0<\/h2>\n<h2><b>I vostri diritti<\/b><\/h2>\n<p><span style=\"font-weight: 400;\">L'utente conserva tutti i diritti sulle proprie immagini, ad eccezione della licenza limitata concessa a noi. Potete richiedere la rimozione della vostra immagine dal nostro sito web o dal materiale promozionale contattandoci. Inoltre, l'utente ha il diritto di accedere, correggere o cancellare i dati personali in nostro possesso. Per qualsiasi richiesta o dubbio in merito a questa politica, contattateci all'indirizzo info@heat-pump-day.org.<\/span><\/p>\n<h2 data-sourcepos=\"1:1-1:35\">\u00a0<\/h2>\n<h2><b>Cookie<\/b><\/h2>\n<p><span style=\"font-weight: 400;\">Utilizziamo i cookie per aiutarvi a navigare in modo efficiente e a svolgere determinate funzioni. Di seguito troverete informazioni dettagliate su tutti i cookie per ogni categoria di consenso.<\/span><\/p>\n<h2 data-sourcepos=\"1:1-1:35\">\u00a0<\/h2>\n<p><span style=\"font-weight: 400;\">I cookie classificati come \"Necessari\" vengono memorizzati sul browser dell'utente in quanto essenziali per abilitare le funzionalit\u00e0 di base del sito.<\/span><\/p>\n<h2 data-sourcepos=\"1:1-1:35\">\u00a0<\/h2>\n<p><span style=\"font-weight: 400;\">Utilizziamo anche cookie di terze parti che ci aiutano ad analizzare il modo in cui l'utente utilizza questo sito web, a memorizzare le sue preferenze e a fornirgli contenuti e pubblicit\u00e0 rilevanti per lui. Questi cookie vengono memorizzati nel browser solo previo consenso dell'utente.<\/span><\/p>\n<h2 data-sourcepos=\"1:1-1:35\">\u00a0<\/h2>\n<p><span style=\"font-weight: 400;\">L'utente pu\u00f2 scegliere di abilitare o disabilitare alcuni o tutti questi cookie, ma la disabilitazione di alcuni di essi potrebbe compromettere la sua esperienza di navigazione.<\/span><\/p>\n<h2 data-sourcepos=\"1:1-1:35\">\u00a0<\/h2>\n<p><span style=\"font-weight: 400;\">L'EHPA raccoglie e memorizza i cookie, un piccolo file di testo che un sito web salva sul vostro computer o dispositivo mobile quando lo visitate. Ci\u00f2 consente al sito web di ricordare le azioni e le preferenze dell'utente per un certo periodo di tempo, in modo da evitare che l'utente debba specificarle nuovamente ogni volta che torna sul sito o naviga da una pagina all'altra. L'EHPA utilizza questi cookie per migliorare l'esperienza dell'utente sul proprio sito web, ad esempio tramite Google Analytics.<\/span><\/p>\n<h2 data-sourcepos=\"1:1-1:35\">\u00a0<\/h2>\n<h3><strong><i>Necessario\u00a0<\/i><\/strong><\/h3>\n<p><span style=\"font-weight: 400;\">I cookie necessari sono richiesti per abilitare le funzioni di base di questo sito, come ad esempio il log-in sicuro o la regolazione delle preferenze di consenso. Questi cookie non memorizzano alcun dato di identificazione personale.<\/span><\/p>\n<ul>\n<li style=\"font-weight: 400;\" aria-level=\"1\"><span style=\"font-weight: 400;\">Cookieyes-consenso: CookieYes imposta questo cookie per ricordare le preferenze di consenso degli utenti, in modo da rispettarle nelle visite successive a questo sito. Non raccoglie n\u00e9 memorizza alcuna informazione personale sui visitatori del sito.<\/span><\/li>\n<li style=\"font-weight: 400;\" aria-level=\"1\"><span style=\"font-weight: 400;\">Elementor: Il tema WordPress del sito web utilizza questo cookie. Consente al proprietario del sito web di implementare o modificare i contenuti del sito in tempo reale.<\/span><\/li>\n<li style=\"font-weight: 400;\" aria-level=\"1\"><span style=\"font-weight: 400;\">wpEmojiSettingsSupports: WordPress imposta questo cookie quando un utente interagisce con gli emoji su un sito WordPress. Serve a determinare se il browser dell'utente \u00e8 in grado di visualizzare correttamente gli emoji.<\/span><\/li>\n<li style=\"font-weight: 400;\" aria-level=\"1\"><span style=\"font-weight: 400;\">rc::c: Questo cookie viene impostato dal servizio recaptcha di Google per identificare i bot e proteggere il sito web da attacchi di spam dannosi.\u00a0<\/span><\/li>\n<\/ul>\n<h2 data-sourcepos=\"1:1-1:35\">\u00a0<\/h2>\n<h3><strong><i>Analitico<\/i><\/strong><\/h3>\n<p><span style=\"font-weight: 400;\">I cookie analitici sono utilizzati per capire come i visitatori interagiscono con il sito web. Questi cookie aiutano a fornire informazioni su parametri quali il numero di visitatori, la frequenza di rimbalzo, la fonte di traffico, ecc.<\/span><\/p>\n<ul>\n<li style=\"font-weight: 400;\" aria-level=\"1\"><span style=\"font-weight: 400;\">Google Analytics: Google Analytics imposta i cookie per 1. memorizzare e contare le visualizzazioni delle pagine; 2. calcolare i dati dei visitatori, delle sessioni e delle campagne e tracciare l'utilizzo del sito per il rapporto analitico del sito. Il cookie memorizza le informazioni in modo anonimo e assegna un numero generato in modo casuale per riconoscere i visitatori unici.<\/span><\/li>\n<\/ul>\n<h2 data-sourcepos=\"1:1-1:35\"><br \/><br \/><\/h2>\n<h2><b>Contenuti incorporati da altri siti web<\/b><\/h2>\n<p><span style=\"font-weight: 400;\">Gli articoli di questo sito possono includere contenuti incorporati (ad esempio video, immagini, articoli, ecc.). I contenuti incorporati provenienti da altri siti web si comportano esattamente come se il visitatore avesse visitato l'altro sito web.<\/span><\/p>\n<h2 data-sourcepos=\"1:1-1:35\">\u00a0<\/h2>\n<p><span style=\"font-weight: 400;\">Questi siti web possono raccogliere dati sull'utente, utilizzare cookie, incorporare un ulteriore tracciamento di terze parti e monitorare l'interazione dell'utente con il contenuto incorporato, compreso il tracciamento dell'interazione dell'utente con il contenuto incorporato se dispone di un account e ha effettuato l'accesso al sito web in questione.<\/span><\/p>\n<h2 data-sourcepos=\"1:1-1:35\">\u00a0<\/h2>\n<h2><b>Aggiornamento<\/b><\/h2>\n<p><span style=\"font-weight: 400;\">Questa informativa \u00e8 stata pubblicata il <\/span><span style=\"font-weight: 400;\">27 giugno 2024.\u00a0<\/span><\/p>\n<h2 data-sourcepos=\"1:1-1:35\">\u00a0<\/h2>\n<p><span style=\"font-weight: 400;\">Se siete preoccupati che non abbiamo rispettato i vostri diritti legali o le leggi sulla privacy applicabili, potete contattare l'Autorit\u00e0 belga per la protezione dei dati (https:\/\/www.dataprotectionauthority.be\/). In alternativa, se l'utente si trova al di fuori del Belgio, pu\u00f2 contattare l'autorit\u00e0 locale per la protezione dei dati.<\/span><\/p>\t\t\t\t\t\t<\/div>\n\t\t\t\t<\/div>\n\t\t\t\t\t<\/div>\n\t\t\t\t<\/div>\n\t\t\t\t<\/div>","protected":false},"excerpt":{"rendered":"<p>Informativa sulla privacy per Heat Pump Day Chi siamo L'Heat Pump Day \u00e8 ospitato dall'Associazione europea delle pompe di calore AISBL. L'indirizzo del nostro sito web principale \u00e8: https:\/\/www.ehpa.org.   Gestiamo anche altri siti web di progetti ed eventi, tra cui www.heatpumpkeymark.com, www.dryficiency.eu, www.heat4cool.eu e www.decarbheat.eu.   L'Associazione Europea Pompe di Calore AISBL, in forma abbreviata EHPA, allega [...]<\/p>","protected":false},"author":1,"featured_media":0,"parent":0,"menu_order":0,"comment_status":"closed","ping_status":"open","template":"elementor_header_footer","meta":{"footnotes":""},"class_list":["post-3","page","type-page","status-publish","hentry"],"yoast_head":"<!-- This site is optimized with the Yoast SEO plugin v24.5 - https:\/\/yoast.com\/wordpress\/plugins\/seo\/ -->\n<title>Privacy Policy - Heat Pump Day<\/title>\n<meta name=\"robots\" content=\"index, follow, max-snippet:-1, max-image-preview:large, max-video-preview:-1\" \/>\n<link rel=\"canonical\" href=\"https:\/\/heat-pump-day.org\/it\/privacy-policy\/\" \/>\n<meta property=\"og:locale\" content=\"it_IT\" \/>\n<meta property=\"og:type\" content=\"article\" \/>\n<meta property=\"og:title\" content=\"Privacy Policy - Heat Pump Day\" \/>\n<meta property=\"og:description\" content=\"Privacy Policy for Heat Pump Day Who we are The Heat Pump Day is hosted by The European Heat Pump Association AISBL. Our main website address is: https:\/\/www.ehpa.org. \u00a0 We also run other project and event websites, including www.heatpumpkeymark.com, www.dryficiency.eu, www.heat4cool.eu, and www.decarbheat.eu. \u00a0 The European Heat Pump Association AISBL, in abbreviated form EHPA, attaches [&hellip;]\" \/>\n<meta property=\"og:url\" content=\"https:\/\/heat-pump-day.org\/it\/privacy-policy\/\" \/>\n<meta property=\"og:site_name\" content=\"Heat Pump Day\" \/>\n<meta property=\"article:modified_time\" content=\"2025-01-29T15:20:37+00:00\" \/>\n<meta name=\"twitter:card\" content=\"summary_large_image\" \/>\n<meta name=\"twitter:label1\" content=\"Tempo di lettura stimato\" \/>\n\t<meta name=\"twitter:data1\" content=\"5 minuti\" \/>\n<script type=\"application\/ld+json\" class=\"yoast-schema-graph\">{\"@context\":\"https:\/\/schema.org\",\"@graph\":[{\"@type\":\"WebPage\",\"@id\":\"https:\/\/heat-pump-day.org\/privacy-policy\/\",\"url\":\"https:\/\/heat-pump-day.org\/privacy-policy\/\",\"name\":\"Privacy Policy - Heat Pump Day\",\"isPartOf\":{\"@id\":\"https:\/\/heat-pump-day.org\/#website\"},\"datePublished\":\"2024-05-27T12:31:48+00:00\",\"dateModified\":\"2025-01-29T15:20:37+00:00\",\"breadcrumb\":{\"@id\":\"https:\/\/heat-pump-day.org\/privacy-policy\/#breadcrumb\"},\"inLanguage\":\"it-IT\",\"potentialAction\":[{\"@type\":\"ReadAction\",\"target\":[\"https:\/\/heat-pump-day.org\/privacy-policy\/\"]}]},{\"@type\":\"BreadcrumbList\",\"@id\":\"https:\/\/heat-pump-day.org\/privacy-policy\/#breadcrumb\",\"itemListElement\":[{\"@type\":\"ListItem\",\"position\":1,\"name\":\"Home\",\"item\":\"https:\/\/heat-pump-day.org\/\"},{\"@type\":\"ListItem\",\"position\":2,\"name\":\"Privacy Policy\"}]},{\"@type\":\"WebSite\",\"@id\":\"https:\/\/heat-pump-day.org\/#website\",\"url\":\"https:\/\/heat-pump-day.org\/\",\"name\":\"Heat Pump Day\",\"description\":\"\",\"publisher\":{\"@id\":\"https:\/\/heat-pump-day.org\/#organization\"},\"potentialAction\":[{\"@type\":\"SearchAction\",\"target\":{\"@type\":\"EntryPoint\",\"urlTemplate\":\"https:\/\/heat-pump-day.org\/?s={search_term_string}\"},\"query-input\":{\"@type\":\"PropertyValueSpecification\",\"valueRequired\":true,\"valueName\":\"search_term_string\"}}],\"inLanguage\":\"it-IT\"},{\"@type\":\"Organization\",\"@id\":\"https:\/\/heat-pump-day.org\/#organization\",\"name\":\"Heat Pump Day\",\"url\":\"https:\/\/heat-pump-day.org\/\",\"logo\":{\"@type\":\"ImageObject\",\"inLanguage\":\"it-IT\",\"@id\":\"https:\/\/heat-pump-day.org\/#\/schema\/logo\/image\/\",\"url\":\"https:\/\/heat-pump-day.org\/wp-content\/uploads\/2024\/05\/fundo.png\",\"contentUrl\":\"https:\/\/heat-pump-day.org\/wp-content\/uploads\/2024\/05\/fundo.png\",\"width\":1676,\"height\":1092,\"caption\":\"Heat Pump Day\"},\"image\":{\"@id\":\"https:\/\/heat-pump-day.org\/#\/schema\/logo\/image\/\"}}]}<\/script>\n<!-- \/ Yoast SEO plugin. -->","yoast_head_json":{"title":"Privacy Policy - Heat Pump Day","robots":{"index":"index","follow":"follow","max-snippet":"max-snippet:-1","max-image-preview":"max-image-preview:large","max-video-preview":"max-video-preview:-1"},"canonical":"https:\/\/heat-pump-day.org\/it\/privacy-policy\/","og_locale":"it_IT","og_type":"article","og_title":"Privacy Policy - Heat Pump Day","og_description":"Privacy Policy for Heat Pump Day Who we are The Heat Pump Day is hosted by The European Heat Pump Association AISBL. Our main website address is: https:\/\/www.ehpa.org. \u00a0 We also run other project and event websites, including www.heatpumpkeymark.com, www.dryficiency.eu, www.heat4cool.eu, and www.decarbheat.eu. \u00a0 The European Heat Pump Association AISBL, in abbreviated form EHPA, attaches [&hellip;]","og_url":"https:\/\/heat-pump-day.org\/it\/privacy-policy\/","og_site_name":"Heat Pump Day","article_modified_time":"2025-01-29T15:20:37+00:00","twitter_card":"summary_large_image","twitter_misc":{"Tempo di lettura stimato":"5 minuti"},"schema":{"@context":"https:\/\/schema.org","@graph":[{"@type":"WebPage","@id":"https:\/\/heat-pump-day.org\/privacy-policy\/","url":"https:\/\/heat-pump-day.org\/privacy-policy\/","name":"Privacy Policy - Heat Pump Day","isPartOf":{"@id":"https:\/\/heat-pump-day.org\/#website"},"datePublished":"2024-05-27T12:31:48+00:00","dateModified":"2025-01-29T15:20:37+00:00","breadcrumb":{"@id":"https:\/\/heat-pump-day.org\/privacy-policy\/#breadcrumb"},"inLanguage":"it-IT","potentialAction":[{"@type":"ReadAction","target":["https:\/\/heat-pump-day.org\/privacy-policy\/"]}]},{"@type":"BreadcrumbList","@id":"https:\/\/heat-pump-day.org\/privacy-policy\/#breadcrumb","itemListElement":[{"@type":"ListItem","position":1,"name":"Home","item":"https:\/\/heat-pump-day.org\/"},{"@type":"ListItem","position":2,"name":"Privacy Policy"}]},{"@type":"WebSite","@id":"https:\/\/heat-pump-day.org\/#website","url":"https:\/\/heat-pump-day.org\/","name":"Heat Pump Day","description":"","publisher":{"@id":"https:\/\/heat-pump-day.org\/#organization"},"potentialAction":[{"@type":"SearchAction","target":{"@type":"EntryPoint","urlTemplate":"https:\/\/heat-pump-day.org\/?s={search_term_string}"},"query-input":{"@type":"PropertyValueSpecification","valueRequired":true,"valueName":"search_term_string"}}],"inLanguage":"it-IT"},{"@type":"Organization","@id":"https:\/\/heat-pump-day.org\/#organization","name":"Heat Pump Day","url":"https:\/\/heat-pump-day.org\/","logo":{"@type":"ImageObject","inLanguage":"it-IT","@id":"https:\/\/heat-pump-day.org\/#\/schema\/logo\/image\/","url":"https:\/\/heat-pump-day.org\/wp-content\/uploads\/2024\/05\/fundo.png","contentUrl":"https:\/\/heat-pump-day.org\/wp-content\/uploads\/2024\/05\/fundo.png","width":1676,"height":1092,"caption":"Heat Pump Day"},"image":{"@id":"https:\/\/heat-pump-day.org\/#\/schema\/logo\/image\/"}}]}},"_links":{"self":[{"href":"https:\/\/heat-pump-day.org\/it\/wp-json\/wp\/v2\/pages\/3","targetHints":{"allow":["GET"]}}],"collection":[{"href":"https:\/\/heat-pump-day.org\/it\/wp-json\/wp\/v2\/pages"}],"about":[{"href":"https:\/\/heat-pump-day.org\/it\/wp-json\/wp\/v2\/types\/page"}],"author":[{"embeddable":true,"href":"https:\/\/heat-pump-day.org\/it\/wp-json\/wp\/v2\/users\/1"}],"replies":[{"embeddable":true,"href":"https:\/\/heat-pump-day.org\/it\/wp-json\/wp\/v2\/comments?post=3"}],"version-history":[{"count":19,"href":"https:\/\/heat-pump-day.org\/it\/wp-json\/wp\/v2\/pages\/3\/revisions"}],"predecessor-version":[{"id":1461,"href":"https:\/\/heat-pump-day.org\/it\/wp-json\/wp\/v2\/pages\/3\/revisions\/1461"}],"wp:attachment":[{"href":"https:\/\/heat-pump-day.org\/it\/wp-json\/wp\/v2\/media?parent=3"}],"curies":[{"name":"wp","href":"https:\/\/api.w.org\/{rel}","templated":true}]}}