{"id":3,"date":"2024-05-27T13:31:48","date_gmt":"2024-05-27T12:31:48","guid":{"rendered":"https:\/\/heat-pump-day.org\/?page_id=3"},"modified":"2025-01-29T15:20:37","modified_gmt":"2025-01-29T15:20:37","slug":"privacy-policy","status":"publish","type":"page","link":"https:\/\/heat-pump-day.org\/hu\/privacy-policy\/","title":{"rendered":"Adatv\u00e9delmi ir\u00e1nyelvek"},"content":{"rendered":"<div data-elementor-type=\"wp-page\" data-elementor-id=\"3\" class=\"elementor elementor-3\" data-elementor-post-type=\"page\">\n\t\t\t\t<div class=\"elementor-element elementor-element-788a49c6 e-flex e-con-boxed e-con e-parent\" data-id=\"788a49c6\" data-element_type=\"container\">\n\t\t\t\t\t<div class=\"e-con-inner\">\n\t\t\t\t<div class=\"elementor-element elementor-element-222870e elementor-widget elementor-widget-heading\" data-id=\"222870e\" data-element_type=\"widget\" data-widget_type=\"heading.default\">\n\t\t\t\t<div class=\"elementor-widget-container\">\n\t\t\t<style>\/*! elementor - v3.21.0 - 26-05-2024 *\/\n.elementor-heading-title{padding:0;margin:0;line-height:1}.elementor-widget-heading .elementor-heading-title[class*=elementor-size-]>a{color:inherit;font-size:inherit;line-height:inherit}.elementor-widget-heading .elementor-heading-title.elementor-size-small{font-size:15px}.elementor-widget-heading .elementor-heading-title.elementor-size-medium{font-size:19px}.elementor-widget-heading .elementor-heading-title.elementor-size-large{font-size:29px}.elementor-widget-heading .elementor-heading-title.elementor-size-xl{font-size:39px}.elementor-widget-heading .elementor-heading-title.elementor-size-xxl{font-size:59px}<\/style><h1 class=\"elementor-heading-title elementor-size-default\">Adatv\u00e9delmi szab\u00e1lyzat a Heat Pump Day-hoz<\/h1>\t\t<\/div>\n\t\t\t\t<\/div>\n\t\t\t\t<div class=\"elementor-element elementor-element-6eb0f4d4 elementor-widget elementor-widget-text-editor\" data-id=\"6eb0f4d4\" data-element_type=\"widget\" data-widget_type=\"text-editor.default\">\n\t\t\t\t<div class=\"elementor-widget-container\">\n\t\t\t<style>\/*! elementor - v3.21.0 - 26-05-2024 *\/\n.elementor-widget-text-editor.elementor-drop-cap-view-stacked .elementor-drop-cap{background-color:#69727d;color:#fff}.elementor-widget-text-editor.elementor-drop-cap-view-framed .elementor-drop-cap{color:#69727d;border:3px solid;background-color:transparent}.elementor-widget-text-editor:not(.elementor-drop-cap-view-default) .elementor-drop-cap{margin-top:8px}.elementor-widget-text-editor:not(.elementor-drop-cap-view-default) .elementor-drop-cap-letter{width:1em;height:1em}.elementor-widget-text-editor .elementor-drop-cap{float:left;text-align:center;line-height:1;font-size:50px}.elementor-widget-text-editor .elementor-drop-cap-letter{display:inline-block}<\/style>\t\t\t\t<!-- wp:heading -->\n<h2><b>Kik vagyunk<\/b><\/h2>\n<p><span style=\"font-weight: 400;\">A Heat Pump Day a The European Heat Pump Association AISBL h\u00e1zigazd\u00e1ja.<\/span><\/p>\n<p><span style=\"font-weight: 400;\">F\u0151 weboldalunk c\u00edme: https:\/\/www.ehpa.org.<\/span><\/p>\n<h2 data-sourcepos=\"1:1-1:35\">\u00a0<\/h2>\n<p><span style=\"font-weight: 400;\">M\u00e1s projekt- \u00e9s rendezv\u00e9nysorozat\u00fa weboldalakat is m\u0171k\u00f6dtet\u00fcnk, bele\u00e9rtve <\/span><a href=\"http:\/\/www.heatpumpkeymark.com\"><span style=\"font-weight: 400;\">www.heatpumpkeymark.com<\/span><\/a><span style=\"font-weight: 400;\">, <\/span><a href=\"http:\/\/www.dryficiency.eu\"><span style=\"font-weight: 400;\">www.dryficiency.eu<\/span><\/a><span style=\"font-weight: 400;\">, <\/span><a href=\"http:\/\/www.heat4cool.eu\"><span style=\"font-weight: 400;\">www.heat4cool.eu<\/span><\/a><span style=\"font-weight: 400;\">\u00e9s <\/span><a href=\"http:\/\/www.decarbheat.eu\"><span style=\"font-weight: 400;\">www.decarbheat.eu<\/span><\/a><span style=\"font-weight: 400;\">.<\/span><\/p>\n<h2 data-sourcepos=\"1:1-1:35\">\u00a0<\/h2>\n<p><span style=\"font-weight: 400;\">Az Eur\u00f3pai H\u0151szivatty\u00fa Sz\u00f6vets\u00e9g (EHPA) nagy hangs\u00falyt fektet a t\u00e1rolt szem\u00e9lyes adatok mag\u00e1ntitokhoz val\u00f3 jog\u00e1nak tiszteletben tart\u00e1s\u00e1ra.<\/span><\/p>\n<p><span style=\"font-weight: 400;\">Az EHPA-val a k\u00f6vetkez\u0151 el\u00e9rhet\u0151s\u00e9geken veheti fel a kapcsolatot:<\/span><\/p>\n<p><span style=\"font-weight: 400;\">120 Cortenbergh sug\u00e1r\u00fat, 1000<\/span><\/p>\n<p><span style=\"font-weight: 400;\">Br\u00fcsszel, Belgium.<\/span><\/p>\n<p><span style=\"font-weight: 400;\">Telefon: +(32) 488 59 76 59<\/span><\/p>\n<h2 data-sourcepos=\"1:1-1:35\">\u00a0<\/h2>\n<h2><b>Szem\u00e9lyes adat<\/b><\/h2>\n<p><span style=\"font-weight: 400;\">Szem\u00e9lyes adat minden olyan inform\u00e1ci\u00f3, amely azonos\u00edtott vagy azonos\u00edthat\u00f3 term\u00e9szetes szem\u00e9lyre vonatkozik; az azonos\u00edthat\u00f3 szem\u00e9ly az a term\u00e9szetes szem\u00e9ly, aki k\u00f6zvetlen vagy k\u00f6zvetett m\u00f3don, k\u00fcl\u00f6n\u00f6sen egy elektronikus azonos\u00edt\u00f3-\nra val\u00f3 tekintettel azonos\u00edthat\u00f3.<\/span><\/p>\n<h2 data-sourcepos=\"1:1-1:35\">\u00a0<\/h2>\n<p><span style=\"font-weight: 400;\">Alapvet\u0151en az ezen a weboldalon vagy ezen kereszt\u00fcl el\u00e9rhet\u0151 inform\u00e1ci\u00f3khoz val\u00f3 hozz\u00e1f\u00e9r\u00e9s nem ig\u00e9nyel szem\u00e9lyes adatok megad\u00e1s\u00e1t a felhaszn\u00e1l\u00f3 r\u00e9sz\u00e9r\u0151l. Azonban bizonyos online szolg\u00e1ltat\u00e1sok, mint p\u00e9ld\u00e1ul az \u0171rlapunkon kereszt\u00fcli kapcsolatfelv\u00e9tel, ig\u00e9nybev\u00e9tel\u00e9hez el\u0151fordulhat, hogy k\u00e9rj\u00fck szem\u00e9lyes adatok megad\u00e1s\u00e1t, mint p\u00e9ld\u00e1ul a vezet\u00e9kn\u00e9v, keresztn\u00e9v \u00e9s e-mail c\u00edm.\u00a0<\/span><\/p>\n<h2 data-sourcepos=\"1:1-1:35\">\u00a0<\/h2>\n<h2><b>Mi\u00e9rt gy\u0171jt\u00fcnk \u00e9s t\u00e1rolunk szem\u00e9lyes adatokat?<\/b><\/h2>\n<p><span style=\"font-weight: 400;\">Az EHPA kiz\u00e1r\u00f3lag azokat a szem\u00e9lyes adatokat gy\u0171jti \u00f6ssze \u00e9s t\u00e1rolja, amelyek a k\u00f6z\u00f6ns\u00e9ggel val\u00f3 kommunik\u00e1ci\u00f3hoz sz\u00fcks\u00e9gesek. A szem\u00e9lyes adatokat semmilyen m\u00e1s okb\u00f3l nem haszn\u00e1lja fel, \u00e9s soha nem \u00fczleti c\u00e9lokra. Ez\u00e9rt az EHPA t\u00e1rolni fogja a weboldalon l\u00e9v\u0151 \u0171rlapokon kereszt\u00fcl k\u00fcld\u00f6tt szem\u00e9lyes adatokat. Az EHPA nem haszn\u00e1lja fel, nem osztja meg, nem adja b\u00e9rbe \u00e9s nem adja el az \u00d6n adatait.<\/span><\/p>\n<h2 data-sourcepos=\"1:1-1:35\">\u00a0<\/h2>\n<h2><b>Szem\u00e9lyes adatok \u00e9s k\u00e9pek gy\u0171jt\u00e9se \u00e9s felhaszn\u00e1l\u00e1sa<\/b><\/h2>\n<p><span style=\"font-weight: 400;\">A fot\u00f3verseny\u00fcnk\u00f6n val\u00f3 r\u00e9szv\u00e9tellel \u00d6n hozz\u00e1j\u00e1rul az elk\u00fcld\u00f6tt inform\u00e1ci\u00f3k \u00e9s k\u00e9pek gy\u0171jt\u00e9s\u00e9hez \u00e9s felhaszn\u00e1l\u00e1s\u00e1hoz az adatv\u00e9delmi szab\u00e1lyzatban le\u00edrtak szerint. Az \u00e1ltalunk, az \u0171rlapjainkon kereszt\u00fcl felt\u00f6lt\u00f6tt adatokat a versenyben val\u00f3 r\u00e9szv\u00e9telhez \u00e9s prom\u00f3ci\u00f3s c\u00e9lokra haszn\u00e1ljuk fel. \u00d6n nem kiz\u00e1r\u00f3lagos, jogd\u00edjmentes, \u00f6r\u00f6k\u00f6s \u00e9s vil\u00e1gszerte \u00e9rv\u00e9nyes licencet biztos\u00edt sz\u00e1munkra a k\u00e9pei haszn\u00e1lat\u00e1ra, m\u00f3dos\u00edt\u00e1s\u00e1ra, reproduk\u00e1l\u00e1s\u00e1ra \u00e9s terjeszt\u00e9s\u00e9re.<\/span><\/p>\n<h2 data-sourcepos=\"1:1-1:35\">\u00a0<\/h2>\n<h2><b>T\u00e1rol\u00e1s \u00e9s biztons\u00e1g<\/b><\/h2>\n<p><span style=\"font-weight: 400;\">Az \u00d6n adatait biztons\u00e1gosan t\u00e1roljuk szervereinken, \u00e9s \u00e9sszer\u0171 int\u00e9zked\u00e9seket tesz\u00fcnk azok illet\u00e9ktelen hozz\u00e1f\u00e9r\u00e9s elleni v\u00e9delme \u00e9rdek\u00e9ben. Inform\u00e1ci\u00f3it mindaddig meg\u0151rizz\u00fck, ameddig az ezen szab\u00e1lyzatban meghat\u00e1rozott c\u00e9lok teljes\u00edt\u00e9s\u00e9hez sz\u00fcks\u00e9ges.<\/span><\/p>\n<h2 data-sourcepos=\"1:1-1:35\">\u00a0<\/h2>\n<h2><b>Megoszt\u00e1s \u00e9s k\u00f6zz\u00e9t\u00e9tel<\/b><\/h2>\n<p><span style=\"font-weight: 400;\">Nem osztjuk meg adatait \u00e9s k\u00e9peit harmadik felekkel, kiv\u00e9ve a verseny kezel\u00e9s\u00e9ben r\u00e9szt vev\u0151ket vagy t\u00f6rv\u00e9nyi k\u00f6telezetts\u00e9g eset\u00e9n.<\/span><span style=\"font-weight: 400;\"> A nyertes k\u00e9pek nyilv\u00e1nosan megjelenhetnek weboldalunkon, k\u00f6z\u00f6ss\u00e9gi m\u00e9dia platformjainkon vagy egy\u00e9b prom\u00f3ci\u00f3s anyagokban, az \u00d6n nev\u00e9vel \u00e9s az \u00d6n \u00e1ltal megadott egy\u00e9b azonos\u00edt\u00f3 inform\u00e1ci\u00f3kkal egy\u00fctt.<\/span><\/p>\n<h2 data-sourcepos=\"1:1-1:35\">\u00a0<\/h2>\n<h2><b>A jogaid<\/b><\/h2>\n<p><span style=\"font-weight: 400;\">\u00d6n megtartja k\u00e9p-vei minden jog\u00e1t, kiv\u00e9ve a korl\u00e1tozott licencet, amelyet nek\u00fcnk ad. K\u00e9r\u00e9s\u00e9re elt\u00e1vol\u00edthatjuk k\u00e9p-eit weboldalunkr\u00f3l vagy prom\u00f3ci\u00f3s anyagainkb\u00f3l, ha kapcsolatba l\u00e9p vel\u00fcnk. Ezen fel\u00fcl joga van hozz\u00e1f\u00e9rni, jav\u00edtani vagy t\u00f6r\u00f6lni minden szem\u00e9lyes adatot, amelyet \u00d6nr\u0151l t\u00e1rolunk. Az ir\u00e1nyelvre vonatkoz\u00f3 b\u00e1rmilyen k\u00e9rd\u00e9s vagy agg\u00e1ly eset\u00e9n k\u00e9rj\u00fck, l\u00e9pjen kapcsolatba vel\u00fcnk az info@heat-pump-day.org e-mail c\u00edmen.<\/span><\/p>\n<h2 data-sourcepos=\"1:1-1:35\">\u00a0<\/h2>\n<h2><b>S\u00fctik<\/b><\/h2>\n<p><span style=\"font-weight: 400;\">Cookie-kat haszn\u00e1lunk, hogy seg\u00edts\u00fck a hat\u00e9kony navig\u00e1ci\u00f3t \u00e9s bizonyos funkci\u00f3k teljes\u00edt\u00e9s\u00e9t. Az \u00f6sszes cookie-r\u00f3l r\u00e9szletes inform\u00e1ci\u00f3t tal\u00e1l az al\u00e1bbiakban, minden egyes hozz\u00e1j\u00e1rul\u00e1si kateg\u00f3ria alatt.<\/span><\/p>\n<h2 data-sourcepos=\"1:1-1:35\">\u00a0<\/h2>\n<p><span style=\"font-weight: 400;\">Az \"Elengedhetetlen\" kateg\u00f3ri\u00e1ba sorolt s\u00fctik a b\u00f6ng\u00e9sz\u0151dben t\u00e1rol\u00f3dnak, mivel elengedhetetlenek a webhely alapvet\u0151 m\u0171k\u00f6d\u00e9s\u00e9nek biztos\u00edt\u00e1s\u00e1hoz.<\/span><\/p>\n<h2 data-sourcepos=\"1:1-1:35\">\u00a0<\/h2>\n<p><span style=\"font-weight: 400;\">Harmadik f\u00e9lt\u0151l sz\u00e1rmaz\u00f3 s\u00fctiket is haszn\u00e1lunk, amelyek seg\u00edtenek elemezni webhely\u00fcnk haszn\u00e1lat\u00e1t, t\u00e1rolni az \u00d6n preferenci\u00e1it, \u00e9s az \u00d6n sz\u00e1m\u00e1ra relev\u00e1ns tartalmakat \u00e9s hirdet\u00e9seket biztos\u00edtani. Ezek a s\u00fctik csak az \u00d6n el\u0151zetes hozz\u00e1j\u00e1rul\u00e1s\u00e1val t\u00e1rol\u00f3dnak a b\u00f6ng\u00e9sz\u0151j\u00e9ben.<\/span><\/p>\n<h2 data-sourcepos=\"1:1-1:35\">\u00a0<\/h2>\n<p><span style=\"font-weight: 400;\">Ezeknek a s\u00fctiknek az enged\u00e9lyez\u00e9s\u00e9r\u0151l vagy letilt\u00e1s\u00e1r\u00f3l d\u00f6nthet, de n\u00e9melyik\u00fck letilt\u00e1sa befoly\u00e1solhatja a b\u00f6ng\u00e9sz\u00e9si \u00e9lm\u00e9nyt.<\/span><\/p>\n<h2 data-sourcepos=\"1:1-1:35\">\u00a0<\/h2>\n<p><span style=\"font-weight: 400;\">Az EHPA s\u00fctiket gy\u0171jt \u00e9s t\u00e1rol, amelyek apr\u00f3 sz\u00f6veges f\u00e1jlok, amelyeket egy weboldal az \u00d6n sz\u00e1m\u00edt\u00f3g\u00e9p\u00e9n vagy mobileszk\u00f6z\u00e9n ment el, amikor megl\u00e1togatja azt. Ezek lehet\u0151v\u00e9 teszik a weboldal sz\u00e1m\u00e1ra, hogy megjegyezze az \u00d6n cselekv\u00e9seit \u00e9s be\u00e1ll\u00edt\u00e1sait egy bizonyos ideig, \u00edgy nem kell azokat \u00fajra megadnia, amikor visszat\u00e9r az oldalra, vagy egyik oldalr\u00f3l a m\u00e1sikra navig\u00e1l. Az EHPA ezeket a s\u00fctiket weboldal\u00e1nak felhaszn\u00e1l\u00f3i \u00e9lm\u00e9ny\u00e9nek jav\u00edt\u00e1s\u00e1ra haszn\u00e1lja, p\u00e9ld\u00e1ul a Google Analyticsen kereszt\u00fcl.<\/span><\/p>\n<h2 data-sourcepos=\"1:1-1:35\">\u00a0<\/h2>\n<h3><strong><i>Sz\u00fcks\u00e9ges\u00a0<\/i><\/strong><\/h3>\n<p><span style=\"font-weight: 400;\">A sz\u00fcks\u00e9ges s\u00fctik elengedhetetlenek a webhely alapvet\u0151 funkci\u00f3inak biztos\u00edt\u00e1s\u00e1hoz, mint p\u00e9ld\u00e1ul a biztons\u00e1gos bejelentkez\u00e9s vagy a hozz\u00e1j\u00e1rul\u00e1si be\u00e1ll\u00edt\u00e1sok m\u00f3dos\u00edt\u00e1sa. Ezek a s\u00fctik nem t\u00e1rolnak szem\u00e9lyazonos\u00edt\u00e1sra alkalmas adatokat.<\/span><\/p>\n<ul>\n<li style=\"font-weight: 400;\" aria-level=\"1\"><span style=\"font-weight: 400;\">Cookieyes-consent: A CookieYes ezt a s\u00fctit a felhaszn\u00e1l\u00f3k hozz\u00e1j\u00e1rul\u00e1si be\u00e1ll\u00edt\u00e1sainak megjegyz\u00e9s\u00e9re \u00e1ll\u00edtja be, \u00edgy a be\u00e1ll\u00edt\u00e1saikat a webhelyet k\u00f6vet\u0151 l\u00e1togat\u00e1sok sor\u00e1n is tiszteletben tartj\u00e1k. Nem gy\u0171jt vagy t\u00e1rol szem\u00e9lyes adatokat a webhely l\u00e1togat\u00f3ir\u00f3l.<\/span><\/li>\n<li style=\"font-weight: 400;\" aria-level=\"1\"><span style=\"font-weight: 400;\">Elementor: A weboldal WordPress t\u00e9m\u00e1ja haszn\u00e1lja ezt a s\u00fctit. Ez lehet\u0151v\u00e9 teszi a weboldal tulajdonos\u00e1nak, hogy val\u00f3s id\u0151ben implement\u00e1lja vagy m\u00f3dos\u00edtsa a weboldal tartalm\u00e1t.<\/span><\/li>\n<li style=\"font-weight: 400;\" aria-level=\"1\"><span style=\"font-weight: 400;\">wpEmojiSettingsSupports: A WordPress ezt a s\u00fctit \u00e1ll\u00edtja be, amikor egy felhaszn\u00e1l\u00f3 interakci\u00f3ba l\u00e9p az emojiakkal egy WordPress-webhelyen. Seg\u00edt meghat\u00e1rozni, hogy a felhaszn\u00e1l\u00f3 b\u00f6ng\u00e9sz\u0151je megfelel\u0151en tudja-e megjelen\u00edteni az emojikat.<\/span><\/li>\n<li style=\"font-weight: 400;\" aria-level=\"1\"><span style=\"font-weight: 400;\">rc::c: Ezt a s\u00fctit a Google recaptcha szolg\u00e1ltat\u00e1s \u00e1ll\u00edtja be, hogy azonos\u00edtsa a robotokat, \u00e9s megv\u00e9dje a weboldalt a rosszindulat\u00fa spam t\u00e1mad\u00e1sokt\u00f3l.\u00a0<\/span><\/li>\n<\/ul>\n<h2 data-sourcepos=\"1:1-1:35\">\u00a0<\/h2>\n<h3><strong><i>Elemz\u0151<\/i><\/strong><\/h3>\n<p><span style=\"font-weight: 400;\">Az analitikai s\u00fctiket arra haszn\u00e1lj\u00e1k, hogy meg\u00e9rts\u00e9k, hogyan l\u00e9pnek interakci\u00f3ba a l\u00e1togat\u00f3k a weboldallal. Ezek a s\u00fctik seg\u00edtenek inform\u00e1ci\u00f3t ny\u00fajtani olyan metrik\u00e1kr\u00f3l, mint a l\u00e1togat\u00f3k sz\u00e1ma, a visszafordul\u00e1si ar\u00e1ny, a forgalom forr\u00e1sa stb.<\/span><\/p>\n<ul>\n<li style=\"font-weight: 400;\" aria-level=\"1\"><span style=\"font-weight: 400;\">Google Analytics: A Google Analytics s\u00fctiket a k\u00f6vetkez\u0151kre haszn\u00e1lja: 1. az oldalak megtekint\u00e9s\u00e9nek t\u00e1rol\u00e1s\u00e1ra \u00e9s megsz\u00e1mol\u00e1s\u00e1ra; 2. a l\u00e1togat\u00f3kra, munkamenetekre \u00e9s kamp\u00e1nyokra vonatkoz\u00f3 adatok kisz\u00e1m\u00edt\u00e1s\u00e1ra, valamint a webhely haszn\u00e1lat\u00e1nak nyomon k\u00f6vet\u00e9s\u00e9re a webhely analitikai jelent\u00e9seihez. A s\u00fctik n\u00e9vtelen\u00fcl t\u00e1rolnak inform\u00e1ci\u00f3kat, \u00e9s v\u00e9letlenszer\u0171en gener\u00e1lt sz\u00e1mot rendelnek hozz\u00e1 az egyedi l\u00e1togat\u00f3k felismer\u00e9s\u00e9hez.<\/span><\/li>\n<\/ul>\n<h2 data-sourcepos=\"1:1-1:35\"><br \/><br \/><\/h2>\n<h2><b>Be\u00e1gyazott tartalom m\u00e1s webhelyekr\u0151l<\/b><\/h2>\n<p><span style=\"font-weight: 400;\">Az ezen az oldalon tal\u00e1lhat\u00f3 cikkek be\u00e1gyazott tartalmakat (pl. vide\u00f3kat, k\u00e9peket, cikkeket stb.) tartalmazhatnak. M\u00e1s webhelyekr\u0151l sz\u00e1rmaz\u00f3 be\u00e1gyazott tartalom pontosan ugyan\u00fagy viselkedik, mintha a l\u00e1togat\u00f3 a m\u00e1sik webhelyet l\u00e1togatta volna meg.<\/span><\/p>\n<h2 data-sourcepos=\"1:1-1:35\">\u00a0<\/h2>\n<p><span style=\"font-weight: 400;\">Ezek a webhelyek adatokat gy\u0171jthetnek \u00d6nr\u0151l, s\u00fctiket haszn\u00e1lhatnak, tov\u00e1bbi harmadik f\u00e9lt\u0151l sz\u00e1rmaz\u00f3 nyomk\u00f6vet\u00e9st \u00e1gyazhatnak be, \u00e9s figyelhetik az \u00d6n interakci\u00f3j\u00e1t az \u00e1gyazott tartalommal, bele\u00e9rtve az \u00e1gyazott tartalommal val\u00f3 interakci\u00f3j\u00e1nak nyomon k\u00f6vet\u00e9s\u00e9t is, ha van fi\u00f3kja \u00e9s bejelentkezett az adott webhelyre.<\/span><\/p>\n<h2 data-sourcepos=\"1:1-1:35\">\u00a0<\/h2>\n<h2><b>Friss\u00edt\u00e9s<\/b><\/h2>\n<p><span style=\"font-weight: 400;\">Ez a szab\u00e1lyzat k\u00f6zz\u00e9t\u00e9ve a <\/span><span style=\"font-weight: 400;\">2024. j\u00fanius 27.\u00a0<\/span><\/p>\n<h2 data-sourcepos=\"1:1-1:35\">\u00a0<\/h2>\n<p><span style=\"font-weight: 400;\">Amennyiben agg\u00e1lyai mer\u00fclnek fel amiatt, hogy nem tett\u00fcnk eleget jogai vagy az alkalmazand\u00f3 adatv\u00e9delmi t\u00f6rv\u00e9nyeknek, kapcsolatba l\u00e9phet a belga Adatv\u00e9delmi Hat\u00f3s\u00e1ggal (https:\/\/www.dataprotectionauthority.be\/). Alternat\u00edvak\u00e9nt, amennyiben Belgiumon k\u00edv\u00fcl tart\u00f3zkodik, kapcsolatba l\u00e9phet a helyi adatv\u00e9delmi hat\u00f3s\u00e1ggal.<\/span><\/p>\t\t\t\t\t\t<\/div>\n\t\t\t\t<\/div>\n\t\t\t\t\t<\/div>\n\t\t\t\t<\/div>\n\t\t\t\t<\/div>","protected":false},"excerpt":{"rendered":"<p>Privacy Policy for Heat Pump Day Who we are The Heat Pump Day is hosted by The European Heat Pump Association AISBL. Our main website address is: https:\/\/www.ehpa.org. \u00a0 We also run other project and event websites, including www.heatpumpkeymark.com, www.dryficiency.eu, www.heat4cool.eu, and www.decarbheat.eu. \u00a0 The European Heat Pump Association AISBL, in abbreviated form EHPA, attaches [&hellip;]<\/p>","protected":false},"author":1,"featured_media":0,"parent":0,"menu_order":0,"comment_status":"closed","ping_status":"open","template":"elementor_header_footer","meta":{"footnotes":""},"class_list":["post-3","page","type-page","status-publish","hentry"],"yoast_head":"<!-- This site is optimized with the Yoast SEO plugin v24.5 - https:\/\/yoast.com\/wordpress\/plugins\/seo\/ -->\n<title>Privacy Policy - Heat Pump Day<\/title>\n<meta name=\"robots\" content=\"index, follow, max-snippet:-1, max-image-preview:large, max-video-preview:-1\" \/>\n<link rel=\"canonical\" href=\"https:\/\/heat-pump-day.org\/hu\/privacy-policy\/\" \/>\n<meta property=\"og:locale\" content=\"hu_HU\" \/>\n<meta property=\"og:type\" content=\"article\" \/>\n<meta property=\"og:title\" content=\"Privacy Policy - Heat Pump Day\" \/>\n<meta property=\"og:description\" content=\"Privacy Policy for Heat Pump Day Who we are The Heat Pump Day is hosted by The European Heat Pump Association AISBL. Our main website address is: https:\/\/www.ehpa.org. \u00a0 We also run other project and event websites, including www.heatpumpkeymark.com, www.dryficiency.eu, www.heat4cool.eu, and www.decarbheat.eu. \u00a0 The European Heat Pump Association AISBL, in abbreviated form EHPA, attaches [&hellip;]\" \/>\n<meta property=\"og:url\" content=\"https:\/\/heat-pump-day.org\/hu\/privacy-policy\/\" \/>\n<meta property=\"og:site_name\" content=\"Heat Pump Day\" \/>\n<meta property=\"article:modified_time\" content=\"2025-01-29T15:20:37+00:00\" \/>\n<meta name=\"twitter:card\" content=\"summary_large_image\" \/>\n<meta name=\"twitter:label1\" content=\"Becs\u00fclt olvas\u00e1si id\u0151\" \/>\n\t<meta name=\"twitter:data1\" content=\"5 perc\" \/>\n<script type=\"application\/ld+json\" class=\"yoast-schema-graph\">{\"@context\":\"https:\/\/schema.org\",\"@graph\":[{\"@type\":\"WebPage\",\"@id\":\"https:\/\/heat-pump-day.org\/privacy-policy\/\",\"url\":\"https:\/\/heat-pump-day.org\/privacy-policy\/\",\"name\":\"Privacy Policy - Heat Pump Day\",\"isPartOf\":{\"@id\":\"https:\/\/heat-pump-day.org\/#website\"},\"datePublished\":\"2024-05-27T12:31:48+00:00\",\"dateModified\":\"2025-01-29T15:20:37+00:00\",\"breadcrumb\":{\"@id\":\"https:\/\/heat-pump-day.org\/privacy-policy\/#breadcrumb\"},\"inLanguage\":\"hu\",\"potentialAction\":[{\"@type\":\"ReadAction\",\"target\":[\"https:\/\/heat-pump-day.org\/privacy-policy\/\"]}]},{\"@type\":\"BreadcrumbList\",\"@id\":\"https:\/\/heat-pump-day.org\/privacy-policy\/#breadcrumb\",\"itemListElement\":[{\"@type\":\"ListItem\",\"position\":1,\"name\":\"Home\",\"item\":\"https:\/\/heat-pump-day.org\/\"},{\"@type\":\"ListItem\",\"position\":2,\"name\":\"Privacy Policy\"}]},{\"@type\":\"WebSite\",\"@id\":\"https:\/\/heat-pump-day.org\/#website\",\"url\":\"https:\/\/heat-pump-day.org\/\",\"name\":\"Heat Pump Day\",\"description\":\"\",\"publisher\":{\"@id\":\"https:\/\/heat-pump-day.org\/#organization\"},\"potentialAction\":[{\"@type\":\"SearchAction\",\"target\":{\"@type\":\"EntryPoint\",\"urlTemplate\":\"https:\/\/heat-pump-day.org\/?s={search_term_string}\"},\"query-input\":{\"@type\":\"PropertyValueSpecification\",\"valueRequired\":true,\"valueName\":\"search_term_string\"}}],\"inLanguage\":\"hu\"},{\"@type\":\"Organization\",\"@id\":\"https:\/\/heat-pump-day.org\/#organization\",\"name\":\"Heat Pump Day\",\"url\":\"https:\/\/heat-pump-day.org\/\",\"logo\":{\"@type\":\"ImageObject\",\"inLanguage\":\"hu\",\"@id\":\"https:\/\/heat-pump-day.org\/#\/schema\/logo\/image\/\",\"url\":\"https:\/\/heat-pump-day.org\/wp-content\/uploads\/2024\/05\/fundo.png\",\"contentUrl\":\"https:\/\/heat-pump-day.org\/wp-content\/uploads\/2024\/05\/fundo.png\",\"width\":1676,\"height\":1092,\"caption\":\"Heat Pump Day\"},\"image\":{\"@id\":\"https:\/\/heat-pump-day.org\/#\/schema\/logo\/image\/\"}}]}<\/script>\n<!-- \/ Yoast SEO plugin. -->","yoast_head_json":{"title":"Privacy Policy - Heat Pump Day","robots":{"index":"index","follow":"follow","max-snippet":"max-snippet:-1","max-image-preview":"max-image-preview:large","max-video-preview":"max-video-preview:-1"},"canonical":"https:\/\/heat-pump-day.org\/hu\/privacy-policy\/","og_locale":"hu_HU","og_type":"article","og_title":"Privacy Policy - Heat Pump Day","og_description":"Privacy Policy for Heat Pump Day Who we are The Heat Pump Day is hosted by The European Heat Pump Association AISBL. Our main website address is: https:\/\/www.ehpa.org. \u00a0 We also run other project and event websites, including www.heatpumpkeymark.com, www.dryficiency.eu, www.heat4cool.eu, and www.decarbheat.eu. \u00a0 The European Heat Pump Association AISBL, in abbreviated form EHPA, attaches [&hellip;]","og_url":"https:\/\/heat-pump-day.org\/hu\/privacy-policy\/","og_site_name":"Heat Pump Day","article_modified_time":"2025-01-29T15:20:37+00:00","twitter_card":"summary_large_image","twitter_misc":{"Becs\u00fclt olvas\u00e1si id\u0151":"5 perc"},"schema":{"@context":"https:\/\/schema.org","@graph":[{"@type":"WebPage","@id":"https:\/\/heat-pump-day.org\/privacy-policy\/","url":"https:\/\/heat-pump-day.org\/privacy-policy\/","name":"Privacy Policy - Heat Pump Day","isPartOf":{"@id":"https:\/\/heat-pump-day.org\/#website"},"datePublished":"2024-05-27T12:31:48+00:00","dateModified":"2025-01-29T15:20:37+00:00","breadcrumb":{"@id":"https:\/\/heat-pump-day.org\/privacy-policy\/#breadcrumb"},"inLanguage":"hu","potentialAction":[{"@type":"ReadAction","target":["https:\/\/heat-pump-day.org\/privacy-policy\/"]}]},{"@type":"BreadcrumbList","@id":"https:\/\/heat-pump-day.org\/privacy-policy\/#breadcrumb","itemListElement":[{"@type":"ListItem","position":1,"name":"Home","item":"https:\/\/heat-pump-day.org\/"},{"@type":"ListItem","position":2,"name":"Privacy Policy"}]},{"@type":"WebSite","@id":"https:\/\/heat-pump-day.org\/#website","url":"https:\/\/heat-pump-day.org\/","name":"Heat Pump Day","description":"","publisher":{"@id":"https:\/\/heat-pump-day.org\/#organization"},"potentialAction":[{"@type":"SearchAction","target":{"@type":"EntryPoint","urlTemplate":"https:\/\/heat-pump-day.org\/?s={search_term_string}"},"query-input":{"@type":"PropertyValueSpecification","valueRequired":true,"valueName":"search_term_string"}}],"inLanguage":"hu"},{"@type":"Organization","@id":"https:\/\/heat-pump-day.org\/#organization","name":"Heat Pump Day","url":"https:\/\/heat-pump-day.org\/","logo":{"@type":"ImageObject","inLanguage":"hu","@id":"https:\/\/heat-pump-day.org\/#\/schema\/logo\/image\/","url":"https:\/\/heat-pump-day.org\/wp-content\/uploads\/2024\/05\/fundo.png","contentUrl":"https:\/\/heat-pump-day.org\/wp-content\/uploads\/2024\/05\/fundo.png","width":1676,"height":1092,"caption":"Heat Pump Day"},"image":{"@id":"https:\/\/heat-pump-day.org\/#\/schema\/logo\/image\/"}}]}},"_links":{"self":[{"href":"https:\/\/heat-pump-day.org\/hu\/wp-json\/wp\/v2\/pages\/3","targetHints":{"allow":["GET"]}}],"collection":[{"href":"https:\/\/heat-pump-day.org\/hu\/wp-json\/wp\/v2\/pages"}],"about":[{"href":"https:\/\/heat-pump-day.org\/hu\/wp-json\/wp\/v2\/types\/page"}],"author":[{"embeddable":true,"href":"https:\/\/heat-pump-day.org\/hu\/wp-json\/wp\/v2\/users\/1"}],"replies":[{"embeddable":true,"href":"https:\/\/heat-pump-day.org\/hu\/wp-json\/wp\/v2\/comments?post=3"}],"version-history":[{"count":19,"href":"https:\/\/heat-pump-day.org\/hu\/wp-json\/wp\/v2\/pages\/3\/revisions"}],"predecessor-version":[{"id":1461,"href":"https:\/\/heat-pump-day.org\/hu\/wp-json\/wp\/v2\/pages\/3\/revisions\/1461"}],"wp:attachment":[{"href":"https:\/\/heat-pump-day.org\/hu\/wp-json\/wp\/v2\/media?parent=3"}],"curies":[{"name":"wp","href":"https:\/\/api.w.org\/{rel}","templated":true}]}}