{"id":3,"date":"2024-05-27T13:31:48","date_gmt":"2024-05-27T12:31:48","guid":{"rendered":"https:\/\/heat-pump-day.org\/?page_id=3"},"modified":"2025-01-29T15:20:37","modified_gmt":"2025-01-29T15:20:37","slug":"privacy-policy","status":"publish","type":"page","link":"https:\/\/heat-pump-day.org\/hr\/privacy-policy\/","title":{"rendered":"Politika privatnosti"},"content":{"rendered":"<div data-elementor-type=\"wp-page\" data-elementor-id=\"3\" class=\"elementor elementor-3\" data-elementor-post-type=\"page\">\n\t\t\t\t<div class=\"elementor-element elementor-element-788a49c6 e-flex e-con-boxed e-con e-parent\" data-id=\"788a49c6\" data-element_type=\"container\">\n\t\t\t\t\t<div class=\"e-con-inner\">\n\t\t\t\t<div class=\"elementor-element elementor-element-222870e elementor-widget elementor-widget-heading\" data-id=\"222870e\" data-element_type=\"widget\" data-widget_type=\"heading.default\">\n\t\t\t\t<div class=\"elementor-widget-container\">\n\t\t\t<style>\/*! elementor - v3.21.0 - 26-05-2024 *\/\n.elementor-heading-title{padding:0;margin:0;line-height:1}.elementor-widget-heading .elementor-heading-title[class*=elementor-size-]>a{color:inherit;font-size:inherit;line-height:inherit}.elementor-widget-heading .elementor-heading-title.elementor-size-small{font-size:15px}.elementor-widget-heading .elementor-heading-title.elementor-size-medium{font-size:19px}.elementor-widget-heading .elementor-heading-title.elementor-size-large{font-size:29px}.elementor-widget-heading .elementor-heading-title.elementor-size-xl{font-size:39px}.elementor-widget-heading .elementor-heading-title.elementor-size-xxl{font-size:59px}<\/style><h1 class=\"elementor-heading-title elementor-size-default\">Politika privatnosti za Heat Pump Day<\/h1>\t\t<\/div>\n\t\t\t\t<\/div>\n\t\t\t\t<div class=\"elementor-element elementor-element-6eb0f4d4 elementor-widget elementor-widget-text-editor\" data-id=\"6eb0f4d4\" data-element_type=\"widget\" data-widget_type=\"text-editor.default\">\n\t\t\t\t<div class=\"elementor-widget-container\">\n\t\t\t<style>\/*! elementor - v3.21.0 - 26-05-2024 *\/\n.elementor-widget-text-editor.elementor-drop-cap-view-stacked .elementor-drop-cap{background-color:#69727d;color:#fff}.elementor-widget-text-editor.elementor-drop-cap-view-framed .elementor-drop-cap{color:#69727d;border:3px solid;background-color:transparent}.elementor-widget-text-editor:not(.elementor-drop-cap-view-default) .elementor-drop-cap{margin-top:8px}.elementor-widget-text-editor:not(.elementor-drop-cap-view-default) .elementor-drop-cap-letter{width:1em;height:1em}.elementor-widget-text-editor .elementor-drop-cap{float:left;text-align:center;line-height:1;font-size:50px}.elementor-widget-text-editor .elementor-drop-cap-letter{display:inline-block}<\/style>\t\t\t\t<!-- wp:heading -->\n<h2><b>Tko smo mi<\/b><\/h2>\n<p><span style=\"font-weight: 400;\">Doma\u0107in Heat Pump Day je Europsko udru\u017eenje dizalica topline AISBL.<\/span><\/p>\n<p><span style=\"font-weight: 400;\">Na\u0161a glavna web stranica je: https:\/\/www.ehpa.org.<\/span><\/p>\n<h2 data-sourcepos=\"1:1-1:35\">\u00a0<\/h2>\n<p><span style=\"font-weight: 400;\">Tako\u0111er vodimo web stranice drugih projekata i doga\u0111aja, uklju\u010duju\u0107i <\/span><a href=\"http:\/\/www.heatpumpkeymark.com\"><span style=\"font-weight: 400;\">www.heatpumpkeymark.com<\/span><\/a><span style=\"font-weight: 400;\">, <\/span><a href=\"http:\/\/www.dryficiency.eu\"><span style=\"font-weight: 400;\">www.dryficiency.eu<\/span><\/a><span style=\"font-weight: 400;\">, <\/span><a href=\"http:\/\/www.heat4cool.eu\"><span style=\"font-weight: 400;\">www.heat4cool.eu<\/span><\/a><span style=\"font-weight: 400;\">, i <\/span><a href=\"http:\/\/www.decarbheat.eu\"><span style=\"font-weight: 400;\">www.decarbheat.eu<\/span><\/a><span style=\"font-weight: 400;\">.<\/span><\/p>\n<h2 data-sourcepos=\"1:1-1:35\">\u00a0<\/h2>\n<p><span style=\"font-weight: 400;\">Europska udruga dizalica topline AISBL, skra\u0107eno EHPA, veliku va\u017enost pridaje po\u0161tivanju prava na privatnost osobnih podataka koje pohranjuje.<\/span><\/p>\n<p><span style=\"font-weight: 400;\">EHPA-u mo\u017eete kontaktirati na:<\/span><\/p>\n<p><span style=\"font-weight: 400;\">Avenue de Cortenbergh 120, 1000<\/span><\/p>\n<p><span style=\"font-weight: 400;\">Bruxelles, Belgija.<\/span><\/p>\n<p><span style=\"font-weight: 400;\">Telefon +(32) 488 59 76 59<\/span><\/p>\n<h2 data-sourcepos=\"1:1-1:35\">\u00a0<\/h2>\n<h2><b>\u0160to zna\u010di &quot;osobni podaci&quot;?<\/b><\/h2>\n<p><span style=\"font-weight: 400;\">Osobni podaci ozna\u010davaju sve informacije koje se odnose na identificiranu ili fizi\u010dku osobu koja se mo\u017ee identificirati; osoba koja se mo\u017ee identificirati je ona koja se mo\u017ee identificirati, izravno ili neizravno, posebno pozivanjem na e-mail.<\/span><\/p>\n<h2 data-sourcepos=\"1:1-1:35\">\u00a0<\/h2>\n<p><span style=\"font-weight: 400;\">U na\u010delu, pristup informacijama dostupnim na ovoj web stranici ili putem nje ne zahtijeva da korisnik dostavi bilo kakve osobne podatke. Me\u0111utim, kako biste koristili odre\u0111ene internetske usluge, kao \u0161to je kontaktiranje putem na\u0161e kontakt forme, od vas se mo\u017ee tra\u017eiti da nam date osobne podatke kao \u0161to su va\u0161e ime, prezime i adresa e-po\u0161te.\u00a0<\/span><\/p>\n<h2 data-sourcepos=\"1:1-1:35\">\u00a0<\/h2>\n<h2><b>Za\u0161to prikupljamo i pohranjujemo osobne podatke?<\/b><\/h2>\n<p><span style=\"font-weight: 400;\">EHPA prikuplja i pohranjuje samo osobne podatke koji su potrebni za komunikaciju sa svojom publikom. Osobni podaci ne koriste se bez razloga i nikada u komercijalne svrhe. Stoga \u0107e EHPA pohraniti osobne podatke poslane putem obrazaca na web stranici. EHPA ne\u0107e koristiti, dijeliti, iznajmljivati ili prodavati va\u0161e podatke.<\/span><\/p>\n<h2 data-sourcepos=\"1:1-1:35\">\u00a0<\/h2>\n<h2><b>Prikupljanje i kori\u0161tenje osobnih podataka i slika<\/b><\/h2>\n<p><span style=\"font-weight: 400;\">Sudjelovanjem u na\u0161em foto natje\u010daju pristajete na prikupljanje i kori\u0161tenje va\u0161ih dostavljenih podataka i slika kako je opisano u ovim pravilima o privatnosti. Podaci koje prenesete putem na\u0161ih obrazaca koristit \u0107e se za sudjelovanje u natjecanju i u promotivne svrhe. Dajete nam neekskluzivnu, besplatnu, trajnu i svjetsku licencu za kori\u0161tenje, modificiranje, reprodukciju i distribuciju va\u0161ih slika.<\/span><\/p>\n<h2 data-sourcepos=\"1:1-1:35\">\u00a0<\/h2>\n<h2><b>Pohrana i sigurnost<\/b><\/h2>\n<p><span style=\"font-weight: 400;\">Va\u0161i podaci bit \u0107e sigurno pohranjeni na na\u0161im poslu\u017eiteljima, a mi poduzimamo razumne mjere kako bismo ih za\u0161titili od neovla\u0161tenog pristupa. Zadr\u017eat \u0107emo va\u0161e podatke onoliko dugo koliko je potrebno da ispunimo svrhe navedene u ovoj politici.<\/span><\/p>\n<h2 data-sourcepos=\"1:1-1:35\">\u00a0<\/h2>\n<h2><b>Dijeljenje i otkrivanje<\/b><\/h2>\n<p><span style=\"font-weight: 400;\">Va\u0161e podatke i slike ne\u0107emo dijeliti s tre\u0107im stranama osim onima koji su uklju\u010deni u upravljanje natje\u010dajem ili ako to zahtijeva zakon.<\/span><span style=\"font-weight: 400;\"> Pobjedni\u010dke slike mogu se javno prikazati na na\u0161em web-mjestu, platformama dru\u0161tvenih medija ili u drugim promotivnim materijalima, zajedno s va\u0161im imenom i bilo kojim drugim identifikacijskim podacima koje navedete.<\/span><\/p>\n<h2 data-sourcepos=\"1:1-1:35\">\u00a0<\/h2>\n<h2><b>Va\u0161a prava<\/b><\/h2>\n<p><span style=\"font-weight: 400;\">Zadr\u017eavate sva prava na svoje slike osim ograni\u010dene licence koja nam je dodijeljena. Mo\u017eete zatra\u017eiti uklanjanje svoje slike s na\u0161e web stranice ili promotivnih materijala tako da nas kontaktirate. Osim toga, imate pravo pristupa, ispravljanja ili brisanja svih osobnih podataka koje imamo o vama. Za sve upite ili nedoumice u vezi s ovom politikom, obratite nam se na info@heat-pump-day.org.<\/span><\/p>\n<h2 data-sourcepos=\"1:1-1:35\">\u00a0<\/h2>\n<h2><b>Kola\u010di\u0107i<\/b><\/h2>\n<p><span style=\"font-weight: 400;\">Koristimo kola\u010di\u0107e kako bismo vam pomogli u u\u010dinkovitoj navigaciji i izvr\u0161avanju odre\u0111enih funkcija. U nastavku \u0107ete prona\u0107i detaljne informacije o svim kola\u010di\u0107ima pod svakom kategorijom pristanka.<\/span><\/p>\n<h2 data-sourcepos=\"1:1-1:35\">\u00a0<\/h2>\n<p><span style=\"font-weight: 400;\">Kola\u010di\u0107i koji su kategorizirani kao &quot;Potrebni&quot; pohranjuju se u va\u0161em pregledniku jer su neophodni za omogu\u0107avanje osnovnih funkcija stranice.<\/span><\/p>\n<h2 data-sourcepos=\"1:1-1:35\">\u00a0<\/h2>\n<p><span style=\"font-weight: 400;\">Tako\u0111er koristimo kola\u010di\u0107e tre\u0107ih strana koji nam poma\u017eu analizirati kako koristite ovo web mjesto, pohranjuju va\u0161e postavke i pru\u017eaju sadr\u017eaj i oglase koji su vam relevantni. Ovi kola\u010di\u0107i \u0107e biti pohranjeni u va\u0161em pregledniku samo uz va\u0161 prethodni pristanak.<\/span><\/p>\n<h2 data-sourcepos=\"1:1-1:35\">\u00a0<\/h2>\n<p><span style=\"font-weight: 400;\">Mo\u017eete odlu\u010diti omogu\u0107iti ili onemogu\u0107iti neke ili sve ove kola\u010di\u0107e, ali onemogu\u0107avanje nekih od njih mo\u017ee utjecati na va\u0161e iskustvo pregledavanja.<\/span><\/p>\n<h2 data-sourcepos=\"1:1-1:35\">\u00a0<\/h2>\n<p><span style=\"font-weight: 400;\">EHPA prikuplja i pohranjuje kola\u010di\u0107e, malu tekstualnu datoteku koju web stranica sprema na va\u0161e ra\u010dunalo ili mobilni ure\u0111aj kada posjetite stranicu. Omogu\u0107uje web-mjestu da zapamti va\u0161e radnje i postavke tijekom odre\u0111enog vremenskog razdoblja, tako da ih ne morate stalno iznova navoditi kad god se vratite na web-mjesto ili pregledavate s jedne stranice na drugu. EHPA koristi ove kola\u010di\u0107e za pobolj\u0161anje korisni\u010dkog iskustva na svojoj web stranici, primjerice putem Google Analyticsa.<\/span><\/p>\n<h2 data-sourcepos=\"1:1-1:35\">\u00a0<\/h2>\n<h3><strong><i>Neophodno\u00a0<\/i><\/strong><\/h3>\n<p><span style=\"font-weight: 400;\">Potrebni su kola\u010di\u0107i kako bi se omogu\u0107ile osnovne zna\u010dajke ove stranice, kao \u0161to je pru\u017eanje sigurne prijave ili prilago\u0111avanje va\u0161ih postavki pristanka. Ovi kola\u010di\u0107i ne pohranjuju nikakve osobne podatke.<\/span><\/p>\n<ul>\n<li style=\"font-weight: 400;\" aria-level=\"1\"><span style=\"font-weight: 400;\">Cookieyes-consent: CookieYes postavlja ovaj kola\u010di\u0107 da pamti postavke pristanka korisnika tako da se njihove preferencije po\u0161tuju pri sljede\u0107im posjetima ovoj stranici. Ne prikuplja niti pohranjuje nikakve osobne podatke o posjetiteljima stranice.<\/span><\/li>\n<li style=\"font-weight: 400;\" aria-level=\"1\"><span style=\"font-weight: 400;\">Elementor: WordPress tema web stranice koristi ovaj kola\u010di\u0107. Vlasniku web stranice omogu\u0107uje implementaciju ili promjenu sadr\u017eaja web stranice u stvarnom vremenu.<\/span><\/li>\n<li style=\"font-weight: 400;\" aria-level=\"1\"><span style=\"font-weight: 400;\">wpEmojiSettingsSupports: WordPress postavlja ovaj kola\u010di\u0107 kada korisnik stupi u interakciju s emotikonima na WordPress stranici. Poma\u017ee u odre\u0111ivanju mo\u017ee li korisni\u010dki preglednik pravilno prikazati emojije.<\/span><\/li>\n<li style=\"font-weight: 400;\" aria-level=\"1\"><span style=\"font-weight: 400;\">rc::c: Ovaj kola\u010di\u0107 postavlja Googleova usluga recaptcha za prepoznavanje robota radi za\u0161tite web stranice od zlonamjernih napada ne\u017eeljene po\u0161te.\u00a0<\/span><\/li>\n<\/ul>\n<h2 data-sourcepos=\"1:1-1:35\">\u00a0<\/h2>\n<h3><strong><i>Analiti\u010dki<\/i><\/strong><\/h3>\n<p><span style=\"font-weight: 400;\">Analiti\u010dki kola\u010di\u0107i koriste se za razumijevanje na\u010dina na koji posjetitelji stupaju u interakciju s web stranicom. Ovi kola\u010di\u0107i poma\u017eu u pru\u017eanju informacija o metrikama kao \u0161to su broj posjetitelja, stopa napu\u0161tanja stranice, izvor prometa itd.<\/span><\/p>\n<ul>\n<li style=\"font-weight: 400;\" aria-level=\"1\"><span style=\"font-weight: 400;\">Google analytics: Google Analytics postavlja kola\u010di\u0107e za 1. pohranjivanje i brojanje pregleda stranica; 2. izra\u010dunati podatke o posjetiteljima, sesijama i kampanjama te pratiti kori\u0161tenje stranice za analiti\u010dko izvje\u0161\u0107e stranice. Kola\u010di\u0107 anonimno pohranjuje informacije i dodjeljuje nasumi\u010dno generirani broj za prepoznavanje jedinstvenih posjetitelja.<\/span><\/li>\n<\/ul>\n<h2 data-sourcepos=\"1:1-1:35\"><br \/><br \/><\/h2>\n<h2><b>Ugra\u0111eni sadr\u017eaj s drugih web stranica<\/b><\/h2>\n<p><span style=\"font-weight: 400;\">\u010clanci na ovoj stranici mogu sadr\u017eavati ugra\u0111eni sadr\u017eaj (npr. videozapise, slike, \u010dlanke itd.). Ugra\u0111eni sadr\u017eaj s drugih web stranica pona\u0161a se na potpuno isti na\u010din kao da je posjetitelj posjetio drugu web stranicu.<\/span><\/p>\n<h2 data-sourcepos=\"1:1-1:35\">\u00a0<\/h2>\n<p><span style=\"font-weight: 400;\">Ove web stranice mogu prikupljati podatke o vama, koristiti kola\u010di\u0107e, ugraditi dodatno pra\u0107enje tre\u0107e strane i pratiti va\u0161u interakciju s tim ugra\u0111enim sadr\u017eajem, uklju\u010duju\u0107i pra\u0107enje va\u0161e interakcije s ugra\u0111enim sadr\u017eajem ako imate ra\u010dun i prijavljeni ste na tu web stranicu.<\/span><\/p>\n<h2 data-sourcepos=\"1:1-1:35\">\u00a0<\/h2>\n<h2><b>A\u017eurirati<\/b><\/h2>\n<p><span style=\"font-weight: 400;\">Ova politika je objavljena na <\/span><span style=\"font-weight: 400;\">27. lipnja 2024.\u00a0<\/span><\/p>\n<h2 data-sourcepos=\"1:1-1:35\">\u00a0<\/h2>\n<p><span style=\"font-weight: 400;\">Ako ste zabrinuti da nismo po\u0161tivali va\u0161a zakonska prava ili primjenjive zakone o privatnosti, mo\u017eete se obratiti belgijskom DPA-u (tijelo za za\u0161titu podataka: https:\/\/www.dataprotectionauthority.be\/). Alternativno, ako se nalazite izvan Belgije, mo\u017eete kontaktirati svoje lokalno tijelo za za\u0161titu podataka.<\/span><\/p>\t\t\t\t\t\t<\/div>\n\t\t\t\t<\/div>\n\t\t\t\t\t<\/div>\n\t\t\t\t<\/div>\n\t\t\t\t<\/div>","protected":false},"excerpt":{"rendered":"<p>Politika privatnosti za Heat Pump Day Tko smo mi Doma\u0107in Heat Pump Day je Europsko udru\u017eenje dizalica topline AISBL. Na\u0161a glavna web adresa je: https:\/\/www.ehpa.org.  Tako\u0111er vodimo web stranice drugih projekata i doga\u0111aja, uklju\u010duju\u0107i www.heatpumpkeymark.com, www.dryficiency.eu, www.heat4cool.eu i www.decarbheat.eu.  Europsko udru\u017eenje dizalica topline AISBL, u skra\u0107enom obliku EHPA, prila\u017ee [\u2026]<\/p>","protected":false},"author":1,"featured_media":0,"parent":0,"menu_order":0,"comment_status":"closed","ping_status":"open","template":"elementor_header_footer","meta":{"footnotes":""},"class_list":["post-3","page","type-page","status-publish","hentry"],"yoast_head":"<!-- This site is optimized with the Yoast SEO plugin v24.5 - https:\/\/yoast.com\/wordpress\/plugins\/seo\/ -->\n<title>Privacy Policy - Heat Pump Day<\/title>\n<meta name=\"robots\" content=\"index, follow, max-snippet:-1, max-image-preview:large, max-video-preview:-1\" \/>\n<link rel=\"canonical\" href=\"https:\/\/heat-pump-day.org\/hr\/privacy-policy\/\" \/>\n<meta property=\"og:locale\" content=\"hr_HR\" \/>\n<meta property=\"og:type\" content=\"article\" \/>\n<meta property=\"og:title\" content=\"Privacy Policy - Heat Pump Day\" \/>\n<meta property=\"og:description\" content=\"Privacy Policy for Heat Pump Day Who we are The Heat Pump Day is hosted by The European Heat Pump Association AISBL. Our main website address is: https:\/\/www.ehpa.org. \u00a0 We also run other project and event websites, including www.heatpumpkeymark.com, www.dryficiency.eu, www.heat4cool.eu, and www.decarbheat.eu. \u00a0 The European Heat Pump Association AISBL, in abbreviated form EHPA, attaches [&hellip;]\" \/>\n<meta property=\"og:url\" content=\"https:\/\/heat-pump-day.org\/hr\/privacy-policy\/\" \/>\n<meta property=\"og:site_name\" content=\"Heat Pump Day\" \/>\n<meta property=\"article:modified_time\" content=\"2025-01-29T15:20:37+00:00\" \/>\n<meta name=\"twitter:card\" content=\"summary_large_image\" \/>\n<meta name=\"twitter:label1\" content=\"Procijenjeno vrijeme \u010ditanja\" \/>\n\t<meta name=\"twitter:data1\" content=\"5 minuta\" \/>\n<script type=\"application\/ld+json\" class=\"yoast-schema-graph\">{\"@context\":\"https:\/\/schema.org\",\"@graph\":[{\"@type\":\"WebPage\",\"@id\":\"https:\/\/heat-pump-day.org\/privacy-policy\/\",\"url\":\"https:\/\/heat-pump-day.org\/privacy-policy\/\",\"name\":\"Privacy Policy - Heat Pump Day\",\"isPartOf\":{\"@id\":\"https:\/\/heat-pump-day.org\/#website\"},\"datePublished\":\"2024-05-27T12:31:48+00:00\",\"dateModified\":\"2025-01-29T15:20:37+00:00\",\"breadcrumb\":{\"@id\":\"https:\/\/heat-pump-day.org\/privacy-policy\/#breadcrumb\"},\"inLanguage\":\"hr\",\"potentialAction\":[{\"@type\":\"ReadAction\",\"target\":[\"https:\/\/heat-pump-day.org\/privacy-policy\/\"]}]},{\"@type\":\"BreadcrumbList\",\"@id\":\"https:\/\/heat-pump-day.org\/privacy-policy\/#breadcrumb\",\"itemListElement\":[{\"@type\":\"ListItem\",\"position\":1,\"name\":\"Home\",\"item\":\"https:\/\/heat-pump-day.org\/\"},{\"@type\":\"ListItem\",\"position\":2,\"name\":\"Privacy Policy\"}]},{\"@type\":\"WebSite\",\"@id\":\"https:\/\/heat-pump-day.org\/#website\",\"url\":\"https:\/\/heat-pump-day.org\/\",\"name\":\"Heat Pump Day\",\"description\":\"\",\"publisher\":{\"@id\":\"https:\/\/heat-pump-day.org\/#organization\"},\"potentialAction\":[{\"@type\":\"SearchAction\",\"target\":{\"@type\":\"EntryPoint\",\"urlTemplate\":\"https:\/\/heat-pump-day.org\/?s={search_term_string}\"},\"query-input\":{\"@type\":\"PropertyValueSpecification\",\"valueRequired\":true,\"valueName\":\"search_term_string\"}}],\"inLanguage\":\"hr\"},{\"@type\":\"Organization\",\"@id\":\"https:\/\/heat-pump-day.org\/#organization\",\"name\":\"Heat Pump Day\",\"url\":\"https:\/\/heat-pump-day.org\/\",\"logo\":{\"@type\":\"ImageObject\",\"inLanguage\":\"hr\",\"@id\":\"https:\/\/heat-pump-day.org\/#\/schema\/logo\/image\/\",\"url\":\"https:\/\/heat-pump-day.org\/wp-content\/uploads\/2024\/05\/fundo.png\",\"contentUrl\":\"https:\/\/heat-pump-day.org\/wp-content\/uploads\/2024\/05\/fundo.png\",\"width\":1676,\"height\":1092,\"caption\":\"Heat Pump Day\"},\"image\":{\"@id\":\"https:\/\/heat-pump-day.org\/#\/schema\/logo\/image\/\"}}]}<\/script>\n<!-- \/ Yoast SEO plugin. -->","yoast_head_json":{"title":"Privacy Policy - Heat Pump Day","robots":{"index":"index","follow":"follow","max-snippet":"max-snippet:-1","max-image-preview":"max-image-preview:large","max-video-preview":"max-video-preview:-1"},"canonical":"https:\/\/heat-pump-day.org\/hr\/privacy-policy\/","og_locale":"hr_HR","og_type":"article","og_title":"Privacy Policy - Heat Pump Day","og_description":"Privacy Policy for Heat Pump Day Who we are The Heat Pump Day is hosted by The European Heat Pump Association AISBL. Our main website address is: https:\/\/www.ehpa.org. \u00a0 We also run other project and event websites, including www.heatpumpkeymark.com, www.dryficiency.eu, www.heat4cool.eu, and www.decarbheat.eu. \u00a0 The European Heat Pump Association AISBL, in abbreviated form EHPA, attaches [&hellip;]","og_url":"https:\/\/heat-pump-day.org\/hr\/privacy-policy\/","og_site_name":"Heat Pump Day","article_modified_time":"2025-01-29T15:20:37+00:00","twitter_card":"summary_large_image","twitter_misc":{"Procijenjeno vrijeme \u010ditanja":"5 minuta"},"schema":{"@context":"https:\/\/schema.org","@graph":[{"@type":"WebPage","@id":"https:\/\/heat-pump-day.org\/privacy-policy\/","url":"https:\/\/heat-pump-day.org\/privacy-policy\/","name":"Privacy Policy - Heat Pump Day","isPartOf":{"@id":"https:\/\/heat-pump-day.org\/#website"},"datePublished":"2024-05-27T12:31:48+00:00","dateModified":"2025-01-29T15:20:37+00:00","breadcrumb":{"@id":"https:\/\/heat-pump-day.org\/privacy-policy\/#breadcrumb"},"inLanguage":"hr","potentialAction":[{"@type":"ReadAction","target":["https:\/\/heat-pump-day.org\/privacy-policy\/"]}]},{"@type":"BreadcrumbList","@id":"https:\/\/heat-pump-day.org\/privacy-policy\/#breadcrumb","itemListElement":[{"@type":"ListItem","position":1,"name":"Home","item":"https:\/\/heat-pump-day.org\/"},{"@type":"ListItem","position":2,"name":"Privacy Policy"}]},{"@type":"WebSite","@id":"https:\/\/heat-pump-day.org\/#website","url":"https:\/\/heat-pump-day.org\/","name":"Heat Pump Day","description":"","publisher":{"@id":"https:\/\/heat-pump-day.org\/#organization"},"potentialAction":[{"@type":"SearchAction","target":{"@type":"EntryPoint","urlTemplate":"https:\/\/heat-pump-day.org\/?s={search_term_string}"},"query-input":{"@type":"PropertyValueSpecification","valueRequired":true,"valueName":"search_term_string"}}],"inLanguage":"hr"},{"@type":"Organization","@id":"https:\/\/heat-pump-day.org\/#organization","name":"Heat Pump Day","url":"https:\/\/heat-pump-day.org\/","logo":{"@type":"ImageObject","inLanguage":"hr","@id":"https:\/\/heat-pump-day.org\/#\/schema\/logo\/image\/","url":"https:\/\/heat-pump-day.org\/wp-content\/uploads\/2024\/05\/fundo.png","contentUrl":"https:\/\/heat-pump-day.org\/wp-content\/uploads\/2024\/05\/fundo.png","width":1676,"height":1092,"caption":"Heat Pump Day"},"image":{"@id":"https:\/\/heat-pump-day.org\/#\/schema\/logo\/image\/"}}]}},"_links":{"self":[{"href":"https:\/\/heat-pump-day.org\/hr\/wp-json\/wp\/v2\/pages\/3","targetHints":{"allow":["GET"]}}],"collection":[{"href":"https:\/\/heat-pump-day.org\/hr\/wp-json\/wp\/v2\/pages"}],"about":[{"href":"https:\/\/heat-pump-day.org\/hr\/wp-json\/wp\/v2\/types\/page"}],"author":[{"embeddable":true,"href":"https:\/\/heat-pump-day.org\/hr\/wp-json\/wp\/v2\/users\/1"}],"replies":[{"embeddable":true,"href":"https:\/\/heat-pump-day.org\/hr\/wp-json\/wp\/v2\/comments?post=3"}],"version-history":[{"count":19,"href":"https:\/\/heat-pump-day.org\/hr\/wp-json\/wp\/v2\/pages\/3\/revisions"}],"predecessor-version":[{"id":1461,"href":"https:\/\/heat-pump-day.org\/hr\/wp-json\/wp\/v2\/pages\/3\/revisions\/1461"}],"wp:attachment":[{"href":"https:\/\/heat-pump-day.org\/hr\/wp-json\/wp\/v2\/media?parent=3"}],"curies":[{"name":"wp","href":"https:\/\/api.w.org\/{rel}","templated":true}]}}