{"id":3,"date":"2024-05-27T13:31:48","date_gmt":"2024-05-27T12:31:48","guid":{"rendered":"https:\/\/heat-pump-day.org\/?page_id=3"},"modified":"2025-01-29T15:20:37","modified_gmt":"2025-01-29T15:20:37","slug":"privacy-policy","status":"publish","type":"page","link":"https:\/\/heat-pump-day.org\/fr\/privacy-policy\/","title":{"rendered":"Politique de confidentialit\u00e9"},"content":{"rendered":"<div data-elementor-type=\"wp-page\" data-elementor-id=\"3\" class=\"elementor elementor-3\" data-elementor-post-type=\"page\">\n\t\t\t\t<div class=\"elementor-element elementor-element-788a49c6 e-flex e-con-boxed e-con e-parent\" data-id=\"788a49c6\" data-element_type=\"container\">\n\t\t\t\t\t<div class=\"e-con-inner\">\n\t\t\t\t<div class=\"elementor-element elementor-element-222870e elementor-widget elementor-widget-heading\" data-id=\"222870e\" data-element_type=\"widget\" data-widget_type=\"heading.default\">\n\t\t\t\t<div class=\"elementor-widget-container\">\n\t\t\t<style>\/*! elementor - v3.21.0 - 26-05-2024 *\/\n.elementor-heading-title{padding:0;margin:0;line-height:1}.elementor-widget-heading .elementor-heading-title[class*=elementor-size-]>a{color:inherit;font-size:inherit;line-height:inherit}.elementor-widget-heading .elementor-heading-title.elementor-size-small{font-size:15px}.elementor-widget-heading .elementor-heading-title.elementor-size-medium{font-size:19px}.elementor-widget-heading .elementor-heading-title.elementor-size-large{font-size:29px}.elementor-widget-heading .elementor-heading-title.elementor-size-xl{font-size:39px}.elementor-widget-heading .elementor-heading-title.elementor-size-xxl{font-size:59px}<\/style><h1 class=\"elementor-heading-title elementor-size-default\">Politique de confidentialit\u00e9 pour Heat Pump Day<\/h1>\t\t<\/div>\n\t\t\t\t<\/div>\n\t\t\t\t<div class=\"elementor-element elementor-element-6eb0f4d4 elementor-widget elementor-widget-text-editor\" data-id=\"6eb0f4d4\" data-element_type=\"widget\" data-widget_type=\"text-editor.default\">\n\t\t\t\t<div class=\"elementor-widget-container\">\n\t\t\t<style>\/*! elementor - v3.21.0 - 26-05-2024 *\/\n.elementor-widget-text-editor.elementor-drop-cap-view-stacked .elementor-drop-cap{background-color:#69727d;color:#fff}.elementor-widget-text-editor.elementor-drop-cap-view-framed .elementor-drop-cap{color:#69727d;border:3px solid;background-color:transparent}.elementor-widget-text-editor:not(.elementor-drop-cap-view-default) .elementor-drop-cap{margin-top:8px}.elementor-widget-text-editor:not(.elementor-drop-cap-view-default) .elementor-drop-cap-letter{width:1em;height:1em}.elementor-widget-text-editor .elementor-drop-cap{float:left;text-align:center;line-height:1;font-size:50px}.elementor-widget-text-editor .elementor-drop-cap-letter{display:inline-block}<\/style>\t\t\t\t<!-- wp:heading -->\n<h2><b>Qui sommes-nous ?<\/b><\/h2>\n<p><span style=\"font-weight: 400;\">Le Heat Pump Day est h\u00e9berg\u00e9 par l'Association europ\u00e9enne des pompes \u00e0 chaleur (AISBL).<\/span><\/p>\n<p><span style=\"font-weight: 400;\">L'adresse de notre site web principal est : https:\/\/www.ehpa.org.<\/span><\/p>\n<h2 data-sourcepos=\"1:1-1:35\">\u00a0<\/h2>\n<p><span style=\"font-weight: 400;\">Nous g\u00e9rons \u00e9galement d'autres sites web de projets et d'\u00e9v\u00e9nements, notamment <\/span><a href=\"http:\/\/www.heatpumpkeymark.com\"><span style=\"font-weight: 400;\">www.heatpumpkeymark.com<\/span><\/a><span style=\"font-weight: 400;\">, <\/span><a href=\"http:\/\/www.dryficiency.eu\"><span style=\"font-weight: 400;\">www.dryficiency.eu<\/span><\/a><span style=\"font-weight: 400;\">, <\/span><a href=\"http:\/\/www.heat4cool.eu\"><span style=\"font-weight: 400;\">www.heat4cool.eu<\/span><\/a><span style=\"font-weight: 400;\">et <\/span><a href=\"http:\/\/www.decarbheat.eu\"><span style=\"font-weight: 400;\">www.decarbheat.eu<\/span><\/a><span style=\"font-weight: 400;\">.<\/span><\/p>\n<h2 data-sourcepos=\"1:1-1:35\">\u00a0<\/h2>\n<p><span style=\"font-weight: 400;\">L'association europ\u00e9enne des pompes \u00e0 chaleur AISBL, en abr\u00e9g\u00e9 EHPA, attache une grande importance au respect du droit \u00e0 la vie priv\u00e9e des donn\u00e9es personnelles qu'elle stocke.<\/span><\/p>\n<p><span style=\"font-weight: 400;\">Vous pouvez contacter l'EHPA \u00e0 l'adresse suivante<\/span><\/p>\n<p><span style=\"font-weight: 400;\">Avenue de Cortenbergh 120, 1000<\/span><\/p>\n<p><span style=\"font-weight: 400;\">Bruxelles, Belgique.<\/span><\/p>\n<p><span style=\"font-weight: 400;\">T\u00e9l\u00e9phone +(32) 488 59 76 59<\/span><\/p>\n<h2 data-sourcepos=\"1:1-1:35\">\u00a0<\/h2>\n<h2><b>Qu'entend-on par \"donn\u00e9es \u00e0 caract\u00e8re personnel\" ?<\/b><\/h2>\n<p><span style=\"font-weight: 400;\">On entend par donn\u00e9es \u00e0 caract\u00e8re personnel toute information concernant une personne physique identifi\u00e9e ou identifiable ; une personne identifiable est une personne qui peut \u00eatre identifi\u00e9e, directement ou indirectement, notamment par r\u00e9f\u00e9rence \u00e0 un courrier \u00e9lectronique.<\/span><\/p>\n<h2 data-sourcepos=\"1:1-1:35\">\u00a0<\/h2>\n<p><span style=\"font-weight: 400;\">En principe, l'acc\u00e8s aux informations disponibles sur ou via ce site web ne n\u00e9cessite pas la fourniture de donn\u00e9es personnelles par l'utilisateur. Toutefois, pour utiliser certains services en ligne, comme nous contacter via notre formulaire de contact, il peut vous \u00eatre demand\u00e9 de nous fournir des donn\u00e9es \u00e0 caract\u00e8re personnel telles que votre pr\u00e9nom, votre nom et votre adresse \u00e9lectronique.\u00a0<\/span><\/p>\n<h2 data-sourcepos=\"1:1-1:35\">\u00a0<\/h2>\n<h2><b>Pourquoi collectons-nous et conservons-nous des donn\u00e9es \u00e0 caract\u00e8re personnel ?<\/b><\/h2>\n<p><span style=\"font-weight: 400;\">L'EHPA ne collecte et ne conserve que les donn\u00e9es personnelles n\u00e9cessaires pour communiquer avec son public. Les donn\u00e9es personnelles ne sont pas utilis\u00e9es \u00e0 d'autres fins et jamais \u00e0 des fins commerciales. Par cons\u00e9quent, l'EHPA conservera les donn\u00e9es personnelles envoy\u00e9es via les formulaires du site web. L'EHPA n'utilisera pas, ne partagera pas, ne louera pas et ne vendra pas vos informations.<\/span><\/p>\n<h2 data-sourcepos=\"1:1-1:35\">\u00a0<\/h2>\n<h2><b>Collecte et utilisation de donn\u00e9es personnelles et d'images<\/b><\/h2>\n<p><span style=\"font-weight: 400;\">En participant \u00e0 notre concours photo, vous acceptez la collecte et l'utilisation des informations et des images que vous soumettez, telles que d\u00e9crites dans la pr\u00e9sente politique de confidentialit\u00e9. Les donn\u00e9es que vous t\u00e9l\u00e9chargez par l'interm\u00e9diaire de nos formulaires seront utilis\u00e9es pour la participation au concours et \u00e0 des fins promotionnelles. Vous nous accordez une licence non exclusive, libre de droits, perp\u00e9tuelle et mondiale pour utiliser, modifier, reproduire et distribuer vos images.<\/span><\/p>\n<h2 data-sourcepos=\"1:1-1:35\">\u00a0<\/h2>\n<h2><b>Stockage et s\u00e9curit\u00e9<\/b><\/h2>\n<p><span style=\"font-weight: 400;\">Vos donn\u00e9es seront stock\u00e9es en toute s\u00e9curit\u00e9 sur nos serveurs et nous prenons des mesures raisonnables pour les prot\u00e9ger contre tout acc\u00e8s non autoris\u00e9. Nous conserverons vos informations aussi longtemps que n\u00e9cessaire pour atteindre les objectifs d\u00e9crits dans la pr\u00e9sente politique.<\/span><\/p>\n<h2 data-sourcepos=\"1:1-1:35\">\u00a0<\/h2>\n<h2><b>Partage et divulgation<\/b><\/h2>\n<p><span style=\"font-weight: 400;\">Nous ne partagerons pas vos donn\u00e9es et images avec des tiers, \u00e0 l'exception de ceux qui participent \u00e0 la gestion du concours ou qui sont tenus par la loi.<\/span><span style=\"font-weight: 400;\"> Les images gagnantes peuvent \u00eatre affich\u00e9es publiquement sur notre site web, nos plateformes de m\u00e9dias sociaux ou dans d'autres documents promotionnels, avec votre nom et toute autre information d'identification que vous fournissez.<\/span><\/p>\n<h2 data-sourcepos=\"1:1-1:35\">\u00a0<\/h2>\n<h2><b>Vos droits<\/b><\/h2>\n<p><span style=\"font-weight: 400;\">Vous conservez tous les droits sur vos images, \u00e0 l'exception de la licence limit\u00e9e qui nous est accord\u00e9e. Vous pouvez demander le retrait de votre image de notre site web ou de notre mat\u00e9riel promotionnel en nous contactant. En outre, vous avez le droit d'acc\u00e9der, de corriger ou de supprimer toutes les donn\u00e9es personnelles que nous d\u00e9tenons \u00e0 votre sujet. Pour toute question ou pr\u00e9occupation concernant cette politique, veuillez nous contacter \u00e0 l'adresse suivante : info@heat-pump-day.org.<\/span><\/p>\n<h2 data-sourcepos=\"1:1-1:35\">\u00a0<\/h2>\n<h2><b>Cookies<\/b><\/h2>\n<p><span style=\"font-weight: 400;\">Nous utilisons des cookies pour vous aider \u00e0 naviguer efficacement et \u00e0 ex\u00e9cuter certaines fonctions. Vous trouverez ci-dessous des informations d\u00e9taill\u00e9es sur tous les cookies dans chaque cat\u00e9gorie de consentement.<\/span><\/p>\n<h2 data-sourcepos=\"1:1-1:35\">\u00a0<\/h2>\n<p><span style=\"font-weight: 400;\">Les cookies class\u00e9s dans la cat\u00e9gorie \"N\u00e9cessaire\" sont stock\u00e9s sur votre navigateur car ils sont essentiels pour permettre les fonctionnalit\u00e9s de base du site.<\/span><\/p>\n<h2 data-sourcepos=\"1:1-1:35\">\u00a0<\/h2>\n<p><span style=\"font-weight: 400;\">Nous utilisons \u00e9galement des cookies de tiers qui nous aident \u00e0 analyser la mani\u00e8re dont vous utilisez ce site web, \u00e0 m\u00e9moriser vos pr\u00e9f\u00e9rences et \u00e0 vous fournir le contenu et les publicit\u00e9s qui vous int\u00e9ressent. Ces cookies ne seront stock\u00e9s dans votre navigateur qu'avec votre consentement pr\u00e9alable.<\/span><\/p>\n<h2 data-sourcepos=\"1:1-1:35\">\u00a0<\/h2>\n<p><span style=\"font-weight: 400;\">Vous pouvez choisir d'activer ou de d\u00e9sactiver tout ou partie de ces cookies, mais la d\u00e9sactivation de certains d'entre eux peut affecter votre exp\u00e9rience de navigation.<\/span><\/p>\n<h2 data-sourcepos=\"1:1-1:35\">\u00a0<\/h2>\n<p><span style=\"font-weight: 400;\">L'EHPA collecte et stocke des cookies, un petit fichier texte qu'un site web enregistre sur votre ordinateur ou votre appareil mobile lorsque vous le visitez. Il permet au site web de se souvenir de vos actions et de vos pr\u00e9f\u00e9rences pendant un certain temps, de sorte que vous n'ayez pas \u00e0 les sp\u00e9cifier \u00e0 nouveau chaque fois que vous revenez sur le site ou que vous naviguez d'une page \u00e0 l'autre. L'EHPA utilise ces cookies pour am\u00e9liorer l'exp\u00e9rience de l'utilisateur sur son site web, par exemple via Google Analytics.<\/span><\/p>\n<h2 data-sourcepos=\"1:1-1:35\">\u00a0<\/h2>\n<h3><strong><i>N\u00e9cessaire\u00a0<\/i><\/strong><\/h3>\n<p><span style=\"font-weight: 400;\">Les cookies n\u00e9cessaires permettent d'activer les fonctions de base de ce site, telles que la connexion s\u00e9curis\u00e9e ou l'ajustement de vos pr\u00e9f\u00e9rences en mati\u00e8re de consentement. Ces cookies ne stockent aucune donn\u00e9e personnelle identifiable.<\/span><\/p>\n<ul>\n<li style=\"font-weight: 400;\" aria-level=\"1\"><span style=\"font-weight: 400;\">Cookieyes-consentement : CookieYes installe ce cookie pour m\u00e9moriser les pr\u00e9f\u00e9rences des utilisateurs en mati\u00e8re de consentement afin que ces pr\u00e9f\u00e9rences soient respect\u00e9es lors des visites ult\u00e9rieures sur ce site. Il ne recueille ni ne stocke aucune information personnelle sur les visiteurs du site.<\/span><\/li>\n<li style=\"font-weight: 400;\" aria-level=\"1\"><span style=\"font-weight: 400;\">Elementor : Le th\u00e8me WordPress du site utilise ce cookie. Il permet au propri\u00e9taire du site de mettre en \u0153uvre ou de modifier le contenu du site en temps r\u00e9el.<\/span><\/li>\n<li style=\"font-weight: 400;\" aria-level=\"1\"><span style=\"font-weight: 400;\">wpEmojiSettingsSupports : WordPress place ce cookie lorsqu'un utilisateur interagit avec des emojis sur un site WordPress. Il permet de d\u00e9terminer si le navigateur de l'utilisateur peut afficher correctement les emojis.<\/span><\/li>\n<li style=\"font-weight: 400;\" aria-level=\"1\"><span style=\"font-weight: 400;\">rc::c : Ce cookie est d\u00e9fini par le service Google recaptcha pour identifier les robots afin de prot\u00e9ger le site web contre les attaques de spam malveillantes.\u00a0<\/span><\/li>\n<\/ul>\n<h2 data-sourcepos=\"1:1-1:35\">\u00a0<\/h2>\n<h3><strong><i>Analytique<\/i><\/strong><\/h3>\n<p><span style=\"font-weight: 400;\">Les cookies analytiques sont utilis\u00e9s pour comprendre comment les visiteurs interagissent avec le site web. Ces cookies fournissent des informations sur des param\u00e8tres tels que le nombre de visiteurs, le taux de rebond, la source du trafic, etc.<\/span><\/p>\n<ul>\n<li style=\"font-weight: 400;\" aria-level=\"1\"><span style=\"font-weight: 400;\">Google Analytics : Google Analytics installe des cookies pour 1. stocker et compter les pages vues ; 2. calculer les donn\u00e9es relatives aux visiteurs, aux sessions et aux campagnes et suivre l'utilisation du site pour le rapport d'analyse du site. Le cookie stocke les informations de mani\u00e8re anonyme et attribue un num\u00e9ro g\u00e9n\u00e9r\u00e9 de mani\u00e8re al\u00e9atoire pour reconna\u00eetre les visiteurs uniques.<\/span><\/li>\n<\/ul>\n<h2 data-sourcepos=\"1:1-1:35\"><br \/><br \/><\/h2>\n<h2><b>Contenu int\u00e9gr\u00e9 d'autres sites web<\/b><\/h2>\n<p><span style=\"font-weight: 400;\">Les articles de ce site peuvent contenir du contenu int\u00e9gr\u00e9 (par exemple des vid\u00e9os, des images, des articles, etc.). Le contenu int\u00e9gr\u00e9 provenant d'autres sites web se comporte exactement de la m\u00eame mani\u00e8re que si le visiteur avait visit\u00e9 l'autre site web.<\/span><\/p>\n<h2 data-sourcepos=\"1:1-1:35\">\u00a0<\/h2>\n<p><span style=\"font-weight: 400;\">Ces sites web peuvent collecter des donn\u00e9es vous concernant, utiliser des cookies, int\u00e9grer un suivi suppl\u00e9mentaire par des tiers et surveiller votre interaction avec ce contenu int\u00e9gr\u00e9, y compris votre interaction avec le contenu int\u00e9gr\u00e9 si vous avez un compte et que vous \u00eates connect\u00e9 \u00e0 ce site web.<\/span><\/p>\n<h2 data-sourcepos=\"1:1-1:35\">\u00a0<\/h2>\n<h2><b>Mise \u00e0 jour<\/b><\/h2>\n<p><span style=\"font-weight: 400;\">Cette politique a \u00e9t\u00e9 publi\u00e9e sur <\/span><span style=\"font-weight: 400;\">27 juin 2024.\u00a0<\/span><\/p>\n<h2 data-sourcepos=\"1:1-1:35\">\u00a0<\/h2>\n<p><span style=\"font-weight: 400;\">Si vous estimez que nous n'avons pas respect\u00e9 vos droits l\u00e9gaux ou les lois applicables en mati\u00e8re de protection de la vie priv\u00e9e, vous pouvez contacter l'autorit\u00e9 belge de protection des donn\u00e9es (https:\/\/www.dataprotectionauthority.be\/). Si vous n'habitez pas en Belgique, vous pouvez \u00e9galement contacter votre autorit\u00e9 locale de protection des donn\u00e9es.<\/span><\/p>\t\t\t\t\t\t<\/div>\n\t\t\t\t<\/div>\n\t\t\t\t\t<\/div>\n\t\t\t\t<\/div>\n\t\t\t\t<\/div>","protected":false},"excerpt":{"rendered":"<p>Politique de confidentialit\u00e9 pour Heat Pump Day Qui sommes-nous ? Heat Pump Day est h\u00e9berg\u00e9 par l'Association europ\u00e9enne des pompes \u00e0 chaleur (AISBL). L'adresse de notre site web principal est : https:\/\/www.ehpa.org.   Nous g\u00e9rons \u00e9galement d'autres sites Web de projets et d'\u00e9v\u00e9nements, notamment www.heatpumpkeymark.com, www.dryficiency.eu, www.heat4cool.eu et www.decarbheat.eu.   L'Association europ\u00e9enne des pompes \u00e0 chaleur AISBL, en abr\u00e9g\u00e9 EHPA, attache [...]<\/p>","protected":false},"author":1,"featured_media":0,"parent":0,"menu_order":0,"comment_status":"closed","ping_status":"open","template":"elementor_header_footer","meta":{"footnotes":""},"class_list":["post-3","page","type-page","status-publish","hentry"],"yoast_head":"<!-- This site is optimized with the Yoast SEO plugin v24.5 - https:\/\/yoast.com\/wordpress\/plugins\/seo\/ -->\n<title>Privacy Policy - Heat Pump Day<\/title>\n<meta name=\"robots\" content=\"index, follow, max-snippet:-1, max-image-preview:large, max-video-preview:-1\" \/>\n<link rel=\"canonical\" href=\"https:\/\/heat-pump-day.org\/fr\/privacy-policy\/\" \/>\n<meta property=\"og:locale\" content=\"fr_FR\" \/>\n<meta property=\"og:type\" content=\"article\" \/>\n<meta property=\"og:title\" content=\"Privacy Policy - Heat Pump Day\" \/>\n<meta property=\"og:description\" content=\"Privacy Policy for Heat Pump Day Who we are The Heat Pump Day is hosted by The European Heat Pump Association AISBL. Our main website address is: https:\/\/www.ehpa.org. \u00a0 We also run other project and event websites, including www.heatpumpkeymark.com, www.dryficiency.eu, www.heat4cool.eu, and www.decarbheat.eu. \u00a0 The European Heat Pump Association AISBL, in abbreviated form EHPA, attaches [&hellip;]\" \/>\n<meta property=\"og:url\" content=\"https:\/\/heat-pump-day.org\/fr\/privacy-policy\/\" \/>\n<meta property=\"og:site_name\" content=\"Heat Pump Day\" \/>\n<meta property=\"article:modified_time\" content=\"2025-01-29T15:20:37+00:00\" \/>\n<meta name=\"twitter:card\" content=\"summary_large_image\" \/>\n<meta name=\"twitter:label1\" content=\"Dur\u00e9e de lecture estim\u00e9e\" \/>\n\t<meta name=\"twitter:data1\" content=\"5 minutes\" \/>\n<script type=\"application\/ld+json\" class=\"yoast-schema-graph\">{\"@context\":\"https:\/\/schema.org\",\"@graph\":[{\"@type\":\"WebPage\",\"@id\":\"https:\/\/heat-pump-day.org\/privacy-policy\/\",\"url\":\"https:\/\/heat-pump-day.org\/privacy-policy\/\",\"name\":\"Privacy Policy - Heat Pump Day\",\"isPartOf\":{\"@id\":\"https:\/\/heat-pump-day.org\/#website\"},\"datePublished\":\"2024-05-27T12:31:48+00:00\",\"dateModified\":\"2025-01-29T15:20:37+00:00\",\"breadcrumb\":{\"@id\":\"https:\/\/heat-pump-day.org\/privacy-policy\/#breadcrumb\"},\"inLanguage\":\"fr-FR\",\"potentialAction\":[{\"@type\":\"ReadAction\",\"target\":[\"https:\/\/heat-pump-day.org\/privacy-policy\/\"]}]},{\"@type\":\"BreadcrumbList\",\"@id\":\"https:\/\/heat-pump-day.org\/privacy-policy\/#breadcrumb\",\"itemListElement\":[{\"@type\":\"ListItem\",\"position\":1,\"name\":\"Home\",\"item\":\"https:\/\/heat-pump-day.org\/\"},{\"@type\":\"ListItem\",\"position\":2,\"name\":\"Privacy Policy\"}]},{\"@type\":\"WebSite\",\"@id\":\"https:\/\/heat-pump-day.org\/#website\",\"url\":\"https:\/\/heat-pump-day.org\/\",\"name\":\"Heat Pump Day\",\"description\":\"\",\"publisher\":{\"@id\":\"https:\/\/heat-pump-day.org\/#organization\"},\"potentialAction\":[{\"@type\":\"SearchAction\",\"target\":{\"@type\":\"EntryPoint\",\"urlTemplate\":\"https:\/\/heat-pump-day.org\/?s={search_term_string}\"},\"query-input\":{\"@type\":\"PropertyValueSpecification\",\"valueRequired\":true,\"valueName\":\"search_term_string\"}}],\"inLanguage\":\"fr-FR\"},{\"@type\":\"Organization\",\"@id\":\"https:\/\/heat-pump-day.org\/#organization\",\"name\":\"Heat Pump Day\",\"url\":\"https:\/\/heat-pump-day.org\/\",\"logo\":{\"@type\":\"ImageObject\",\"inLanguage\":\"fr-FR\",\"@id\":\"https:\/\/heat-pump-day.org\/#\/schema\/logo\/image\/\",\"url\":\"https:\/\/heat-pump-day.org\/wp-content\/uploads\/2024\/05\/fundo.png\",\"contentUrl\":\"https:\/\/heat-pump-day.org\/wp-content\/uploads\/2024\/05\/fundo.png\",\"width\":1676,\"height\":1092,\"caption\":\"Heat Pump Day\"},\"image\":{\"@id\":\"https:\/\/heat-pump-day.org\/#\/schema\/logo\/image\/\"}}]}<\/script>\n<!-- \/ Yoast SEO plugin. -->","yoast_head_json":{"title":"Privacy Policy - Heat Pump Day","robots":{"index":"index","follow":"follow","max-snippet":"max-snippet:-1","max-image-preview":"max-image-preview:large","max-video-preview":"max-video-preview:-1"},"canonical":"https:\/\/heat-pump-day.org\/fr\/privacy-policy\/","og_locale":"fr_FR","og_type":"article","og_title":"Privacy Policy - Heat Pump Day","og_description":"Privacy Policy for Heat Pump Day Who we are The Heat Pump Day is hosted by The European Heat Pump Association AISBL. Our main website address is: https:\/\/www.ehpa.org. \u00a0 We also run other project and event websites, including www.heatpumpkeymark.com, www.dryficiency.eu, www.heat4cool.eu, and www.decarbheat.eu. \u00a0 The European Heat Pump Association AISBL, in abbreviated form EHPA, attaches [&hellip;]","og_url":"https:\/\/heat-pump-day.org\/fr\/privacy-policy\/","og_site_name":"Heat Pump Day","article_modified_time":"2025-01-29T15:20:37+00:00","twitter_card":"summary_large_image","twitter_misc":{"Dur\u00e9e de lecture estim\u00e9e":"5 minutes"},"schema":{"@context":"https:\/\/schema.org","@graph":[{"@type":"WebPage","@id":"https:\/\/heat-pump-day.org\/privacy-policy\/","url":"https:\/\/heat-pump-day.org\/privacy-policy\/","name":"Privacy Policy - Heat Pump Day","isPartOf":{"@id":"https:\/\/heat-pump-day.org\/#website"},"datePublished":"2024-05-27T12:31:48+00:00","dateModified":"2025-01-29T15:20:37+00:00","breadcrumb":{"@id":"https:\/\/heat-pump-day.org\/privacy-policy\/#breadcrumb"},"inLanguage":"fr-FR","potentialAction":[{"@type":"ReadAction","target":["https:\/\/heat-pump-day.org\/privacy-policy\/"]}]},{"@type":"BreadcrumbList","@id":"https:\/\/heat-pump-day.org\/privacy-policy\/#breadcrumb","itemListElement":[{"@type":"ListItem","position":1,"name":"Home","item":"https:\/\/heat-pump-day.org\/"},{"@type":"ListItem","position":2,"name":"Privacy Policy"}]},{"@type":"WebSite","@id":"https:\/\/heat-pump-day.org\/#website","url":"https:\/\/heat-pump-day.org\/","name":"Heat Pump Day","description":"","publisher":{"@id":"https:\/\/heat-pump-day.org\/#organization"},"potentialAction":[{"@type":"SearchAction","target":{"@type":"EntryPoint","urlTemplate":"https:\/\/heat-pump-day.org\/?s={search_term_string}"},"query-input":{"@type":"PropertyValueSpecification","valueRequired":true,"valueName":"search_term_string"}}],"inLanguage":"fr-FR"},{"@type":"Organization","@id":"https:\/\/heat-pump-day.org\/#organization","name":"Heat Pump Day","url":"https:\/\/heat-pump-day.org\/","logo":{"@type":"ImageObject","inLanguage":"fr-FR","@id":"https:\/\/heat-pump-day.org\/#\/schema\/logo\/image\/","url":"https:\/\/heat-pump-day.org\/wp-content\/uploads\/2024\/05\/fundo.png","contentUrl":"https:\/\/heat-pump-day.org\/wp-content\/uploads\/2024\/05\/fundo.png","width":1676,"height":1092,"caption":"Heat Pump Day"},"image":{"@id":"https:\/\/heat-pump-day.org\/#\/schema\/logo\/image\/"}}]}},"_links":{"self":[{"href":"https:\/\/heat-pump-day.org\/fr\/wp-json\/wp\/v2\/pages\/3","targetHints":{"allow":["GET"]}}],"collection":[{"href":"https:\/\/heat-pump-day.org\/fr\/wp-json\/wp\/v2\/pages"}],"about":[{"href":"https:\/\/heat-pump-day.org\/fr\/wp-json\/wp\/v2\/types\/page"}],"author":[{"embeddable":true,"href":"https:\/\/heat-pump-day.org\/fr\/wp-json\/wp\/v2\/users\/1"}],"replies":[{"embeddable":true,"href":"https:\/\/heat-pump-day.org\/fr\/wp-json\/wp\/v2\/comments?post=3"}],"version-history":[{"count":19,"href":"https:\/\/heat-pump-day.org\/fr\/wp-json\/wp\/v2\/pages\/3\/revisions"}],"predecessor-version":[{"id":1461,"href":"https:\/\/heat-pump-day.org\/fr\/wp-json\/wp\/v2\/pages\/3\/revisions\/1461"}],"wp:attachment":[{"href":"https:\/\/heat-pump-day.org\/fr\/wp-json\/wp\/v2\/media?parent=3"}],"curies":[{"name":"wp","href":"https:\/\/api.w.org\/{rel}","templated":true}]}}