{"id":3,"date":"2024-05-27T13:31:48","date_gmt":"2024-05-27T12:31:48","guid":{"rendered":"https:\/\/heat-pump-day.org\/?page_id=3"},"modified":"2025-01-29T15:20:37","modified_gmt":"2025-01-29T15:20:37","slug":"privacy-policy","status":"publish","type":"page","link":"https:\/\/heat-pump-day.org\/fi\/privacy-policy\/","title":{"rendered":"Tietosuojak\u00e4yt\u00e4nt\u00f6"},"content":{"rendered":"<div data-elementor-type=\"wp-page\" data-elementor-id=\"3\" class=\"elementor elementor-3\" data-elementor-post-type=\"page\">\n\t\t\t\t<div class=\"elementor-element elementor-element-788a49c6 e-flex e-con-boxed e-con e-parent\" data-id=\"788a49c6\" data-element_type=\"container\">\n\t\t\t\t\t<div class=\"e-con-inner\">\n\t\t\t\t<div class=\"elementor-element elementor-element-222870e elementor-widget elementor-widget-heading\" data-id=\"222870e\" data-element_type=\"widget\" data-widget_type=\"heading.default\">\n\t\t\t\t<div class=\"elementor-widget-container\">\n\t\t\t<style>\/*! elementor - v3.21.0 - 26-05-2024 *\/\n.elementor-heading-title{padding:0;margin:0;line-height:1}.elementor-widget-heading .elementor-heading-title[class*=elementor-size-]>a{color:inherit;font-size:inherit;line-height:inherit}.elementor-widget-heading .elementor-heading-title.elementor-size-small{font-size:15px}.elementor-widget-heading .elementor-heading-title.elementor-size-medium{font-size:19px}.elementor-widget-heading .elementor-heading-title.elementor-size-large{font-size:29px}.elementor-widget-heading .elementor-heading-title.elementor-size-xl{font-size:39px}.elementor-widget-heading .elementor-heading-title.elementor-size-xxl{font-size:59px}<\/style><h1 class=\"elementor-heading-title elementor-size-default\">Heat Pump Day:n tietosuojak\u00e4yt\u00e4nt\u00f6<\/h1>\t\t<\/div>\n\t\t\t\t<\/div>\n\t\t\t\t<div class=\"elementor-element elementor-element-6eb0f4d4 elementor-widget elementor-widget-text-editor\" data-id=\"6eb0f4d4\" data-element_type=\"widget\" data-widget_type=\"text-editor.default\">\n\t\t\t\t<div class=\"elementor-widget-container\">\n\t\t\t<style>\/*! elementor - v3.21.0 - 26-05-2024 *\/\n.elementor-widget-text-editor.elementor-drop-cap-view-stacked .elementor-drop-cap{background-color:#69727d;color:#fff}.elementor-widget-text-editor.elementor-drop-cap-view-framed .elementor-drop-cap{color:#69727d;border:3px solid;background-color:transparent}.elementor-widget-text-editor:not(.elementor-drop-cap-view-default) .elementor-drop-cap{margin-top:8px}.elementor-widget-text-editor:not(.elementor-drop-cap-view-default) .elementor-drop-cap-letter{width:1em;height:1em}.elementor-widget-text-editor .elementor-drop-cap{float:left;text-align:center;line-height:1;font-size:50px}.elementor-widget-text-editor .elementor-drop-cap-letter{display:inline-block}<\/style>\t\t\t\t<!-- wp:heading -->\n<h2><b>Keit\u00e4 me olemme<\/b><\/h2>\n<p><span style=\"font-weight: 400;\">Heat Pump Day:t\u00e4 is\u00e4nn\u00f6i Euroopan l\u00e4mp\u00f6pumppuyhdistys AISBL.<\/span><\/p>\n<p><span style=\"font-weight: 400;\">Verkkosivustomme p\u00e4\u00e4osoite on: https:\/\/www.ehpa.org.<\/span><\/p>\n<h2 data-sourcepos=\"1:1-1:35\">\u00a0<\/h2>\n<p><span style=\"font-weight: 400;\">Meill\u00e4 on my\u00f6s muita projekti- ja tapahtumasivustoja, mukaan lukien <\/span><a href=\"http:\/\/www.heatpumpkeymark.com\"><span style=\"font-weight: 400;\">www.heatpumpkeymark.com<\/span><\/a><span style=\"font-weight: 400;\">, <\/span><a href=\"http:\/\/www.dryficiency.eu\"><span style=\"font-weight: 400;\">www.dryficiency.eu<\/span><\/a><span style=\"font-weight: 400;\">, <\/span><a href=\"http:\/\/www.heat4cool.eu\"><span style=\"font-weight: 400;\">www.heat4cool.eu<\/span><\/a><span style=\"font-weight: 400;\">ja <\/span><a href=\"http:\/\/www.decarbheat.eu\"><span style=\"font-weight: 400;\">www.decarbheat.eu<\/span><\/a><span style=\"font-weight: 400;\">.<\/span><\/p>\n<h2 data-sourcepos=\"1:1-1:35\">\u00a0<\/h2>\n<p><span style=\"font-weight: 400;\">Euroopan l\u00e4mp\u00f6pumppuyhdistys AISBL, lyhennettyn\u00e4 EHPA, pit\u00e4\u00e4 eritt\u00e4in t\u00e4rke\u00e4n\u00e4 tallentamiensa henkil\u00f6tietojen yksityisyyden suojan kunnioittamista.<\/span><\/p>\n<p><span style=\"font-weight: 400;\">Voit ottaa yhteytt\u00e4 EHPAan osoitteessa:<\/span><\/p>\n<p><span style=\"font-weight: 400;\">Avenue de Cortenbergh 120, 1000<\/span><\/p>\n<p><span style=\"font-weight: 400;\">Bryssel, Belgia.<\/span><\/p>\n<p><span style=\"font-weight: 400;\">Puhelin +(32) 488 59 76 59<\/span><\/p>\n<h2 data-sourcepos=\"1:1-1:35\">\u00a0<\/h2>\n<h2><b>Mit\u00e4 \"henkil\u00f6tiedot\" tarkoittaa?<\/b><\/h2>\n<p><span style=\"font-weight: 400;\">Henkil\u00f6tiedoilla tarkoitetaan kaikkia tunnistettuun tai tunnistettavissa olevaan luonnolliseen henkil\u00f6\u00f6n liittyvi\u00e4 tietoja; tunnistettavissa oleva henkil\u00f6 on henkil\u00f6, joka voidaan tunnistaa suoraan tai v\u00e4lillisesti, erityisesti s\u00e4hk\u00f6postin perusteella.<\/span><\/p>\n<h2 data-sourcepos=\"1:1-1:35\">\u00a0<\/h2>\n<p><span style=\"font-weight: 400;\">Periaatteessa t\u00e4ll\u00e4 verkkosivustolla tai sen kautta saatavilla olevien tietojen k\u00e4ytt\u00e4minen ei edellyt\u00e4 k\u00e4ytt\u00e4j\u00e4lt\u00e4 henkil\u00f6tietojen antamista. Tiettyjen verkkopalvelujen k\u00e4ytt\u00e4miseksi, kuten yhteydenottolomakkeen kautta tapahtuvaa yhteydenottoa varten, sinua saatetaan kuitenkin pyyt\u00e4\u00e4 antamaan meille henkil\u00f6tietoja, kuten etu- ja sukunimesi sek\u00e4 s\u00e4hk\u00f6postiosoitteesi.\u00a0<\/span><\/p>\n<h2 data-sourcepos=\"1:1-1:35\">\u00a0<\/h2>\n<h2><b>Miksi ker\u00e4\u00e4mme ja s\u00e4ilyt\u00e4mme henkil\u00f6tietoja?<\/b><\/h2>\n<p><span style=\"font-weight: 400;\">EHPA ker\u00e4\u00e4 ja tallentaa vain ne henkil\u00f6tiedot, joita se tarvitsee viestint\u00e4\u00e4n yleis\u00f6ns\u00e4 kanssa. Henkil\u00f6tietoja ei k\u00e4ytet\u00e4 mihink\u00e4\u00e4n muuhun tarkoitukseen eik\u00e4 koskaan kaupallisiin tarkoituksiin. N\u00e4in ollen EHPA tallentaa verkkosivuston lomakkeiden kautta l\u00e4hetetyt henkil\u00f6tiedot. EHPA ei k\u00e4yt\u00e4, jaa, vuokraa tai myy tietojasi.<\/span><\/p>\n<h2 data-sourcepos=\"1:1-1:35\">\u00a0<\/h2>\n<h2><b>Henkil\u00f6tietojen ja kuvien ker\u00e4\u00e4minen ja k\u00e4ytt\u00f6<\/b><\/h2>\n<p><span style=\"font-weight: 400;\">Osallistumalla valokuvakilpailuumme hyv\u00e4ksyt l\u00e4hett\u00e4miesi tietojen ja kuvien ker\u00e4\u00e4misen ja k\u00e4yt\u00f6n t\u00e4ss\u00e4 tietosuojak\u00e4yt\u00e4nn\u00f6ss\u00e4 kuvatulla tavalla. Lomakkeillamme l\u00e4hett\u00e4mi\u00e4si tietoja k\u00e4ytet\u00e4\u00e4n kilpailuun osallistumiseen ja myynninedist\u00e4mistarkoituksiin. My\u00f6nn\u00e4t meille ei-yksinomaisen, rojaltivapaan, jatkuvan ja maailmanlaajuisen lisenssin k\u00e4ytt\u00e4\u00e4, muokata, j\u00e4ljent\u00e4\u00e4 ja levitt\u00e4\u00e4 kuvasi.<\/span><\/p>\n<h2 data-sourcepos=\"1:1-1:35\">\u00a0<\/h2>\n<h2><b>Varastointi ja turvallisuus<\/b><\/h2>\n<p><span style=\"font-weight: 400;\">Tietosi tallennetaan turvallisesti palvelimillemme, ja toteutamme kohtuullisia toimenpiteit\u00e4 suojellaksemme niit\u00e4 luvattomalta k\u00e4yt\u00f6lt\u00e4. S\u00e4ilyt\u00e4mme tietojasi niin kauan kuin se on tarpeen t\u00e4ss\u00e4 politiikassa esitettyjen tarkoitusten t\u00e4ytt\u00e4miseksi.<\/span><\/p>\n<h2 data-sourcepos=\"1:1-1:35\">\u00a0<\/h2>\n<h2><b>Jakaminen ja julkistaminen<\/b><\/h2>\n<p><span style=\"font-weight: 400;\">Emme jaa tietojasi ja kuviasi kolmansille osapuolille, paitsi kilpailun hallinnointiin osallistuville tahoille tai lain edellytt\u00e4m\u00e4ll\u00e4 tavalla.<\/span><span style=\"font-weight: 400;\"> Voittajakuvia saatetaan esitt\u00e4\u00e4 julkisesti verkkosivustollamme, sosiaalisen median alustoilla tai muissa mainosmateriaaleissa yhdess\u00e4 nimesi ja muiden antamiesi tunnistetietojen kanssa.<\/span><\/p>\n<h2 data-sourcepos=\"1:1-1:35\">\u00a0<\/h2>\n<h2><b>Oikeutesi<\/b><\/h2>\n<p><span style=\"font-weight: 400;\">Sinulla s\u00e4ilyy kaikki oikeudet kuviisi lukuun ottamatta meille my\u00f6nnetty\u00e4 rajoitettua lisenssi\u00e4. Voit pyyt\u00e4\u00e4 kuvasi poistamista verkkosivustoltamme tai mainosmateriaaleistamme ottamalla meihin yhteytt\u00e4. Lis\u00e4ksi sinulla on oikeus tutustua sinusta hallussamme oleviin henkil\u00f6tietoihin, oikaista tai poistaa ne. Jos sinulla on t\u00e4t\u00e4 k\u00e4yt\u00e4nt\u00f6\u00e4 koskevia kysymyksi\u00e4 tai huolenaiheita, ota meihin yhteytt\u00e4 osoitteeseen info@heat-pump-day.org.<\/span><\/p>\n<h2 data-sourcepos=\"1:1-1:35\">\u00a0<\/h2>\n<h2><b>Ev\u00e4steet<\/b><\/h2>\n<p><span style=\"font-weight: 400;\">K\u00e4yt\u00e4mme ev\u00e4steit\u00e4 auttaaksemme sinua navigoimaan tehokkaasti ja suorittamaan tiettyj\u00e4 toimintoja. L\u00f6yd\u00e4t yksityiskohtaista tietoa kaikista ev\u00e4steist\u00e4 kunkin suostumusluokan alta.<\/span><\/p>\n<h2 data-sourcepos=\"1:1-1:35\">\u00a0<\/h2>\n<p><span style=\"font-weight: 400;\">\"V\u00e4ltt\u00e4m\u00e4tt\u00f6miksi\" luokitellut ev\u00e4steet tallennetaan selaimeesi, koska ne ovat v\u00e4ltt\u00e4m\u00e4tt\u00f6mi\u00e4 sivuston perustoimintojen mahdollistamiseksi.<\/span><\/p>\n<h2 data-sourcepos=\"1:1-1:35\">\u00a0<\/h2>\n<p><span style=\"font-weight: 400;\">K\u00e4yt\u00e4mme my\u00f6s kolmannen osapuolen ev\u00e4steit\u00e4, jotka auttavat meit\u00e4 analysoimaan, miten k\u00e4yt\u00e4t t\u00e4t\u00e4 verkkosivustoa, tallentamaan mieltymyksesi ja tarjoamaan sinulle sopivaa sis\u00e4lt\u00f6\u00e4 ja mainoksia. N\u00e4m\u00e4 ev\u00e4steet tallennetaan selaimeesi vain, jos olet antanut siihen etuk\u00e4teen suostumuksesi.<\/span><\/p>\n<h2 data-sourcepos=\"1:1-1:35\">\u00a0<\/h2>\n<p><span style=\"font-weight: 400;\">Voit ottaa k\u00e4ytt\u00f6\u00f6n tai poistaa k\u00e4yt\u00f6st\u00e4 osan tai kaikki n\u00e4ist\u00e4 ev\u00e4steist\u00e4, mutta joidenkin ev\u00e4steiden poistaminen k\u00e4yt\u00f6st\u00e4 voi vaikuttaa selauskokemukseesi.<\/span><\/p>\n<h2 data-sourcepos=\"1:1-1:35\">\u00a0<\/h2>\n<p><span style=\"font-weight: 400;\">EHPA ker\u00e4\u00e4 ja tallentaa ev\u00e4steit\u00e4 eli pieni\u00e4 tekstitiedostoja, jotka verkkosivusto tallentaa tietokoneellesi tai mobiililaitteellesi, kun vierailet sivustolla. Sen avulla verkkosivusto voi muistaa toimintasi ja mieltymyksesi tietyn ajanjakson ajan, joten sinun ei tarvitse m\u00e4\u00e4ritt\u00e4\u00e4 niit\u00e4 uudelleen aina, kun palaat sivustolle tai siirryt sivulta toiselle. EHPA k\u00e4ytt\u00e4\u00e4 n\u00e4it\u00e4 ev\u00e4steit\u00e4 parantaakseen sivuston k\u00e4ytt\u00e4j\u00e4kokemusta esimerkiksi Google Analyticsin avulla.<\/span><\/p>\n<h2 data-sourcepos=\"1:1-1:35\">\u00a0<\/h2>\n<h3><strong><i>Tarvittavat\u00a0<\/i><\/strong><\/h3>\n<p><span style=\"font-weight: 400;\">V\u00e4ltt\u00e4m\u00e4tt\u00f6m\u00e4t ev\u00e4steet ovat tarpeen t\u00e4m\u00e4n sivuston perusominaisuuksien mahdollistamiseksi, kuten turvallisen kirjautumisen tarjoamiseksi tai suostumusasetusten s\u00e4\u00e4t\u00e4miseksi. N\u00e4m\u00e4 ev\u00e4steet eiv\u00e4t tallenna mit\u00e4\u00e4n henkil\u00f6kohtaisesti tunnistettavia tietoja.<\/span><\/p>\n<ul>\n<li style=\"font-weight: 400;\" aria-level=\"1\"><span style=\"font-weight: 400;\">Cookieyes-suostumus: CookieYes asettaa t\u00e4m\u00e4n ev\u00e4steen muistamaan k\u00e4ytt\u00e4jien suostumusasetukset, jotta heid\u00e4n asetuksiaan noudatetaan seuraavilla vierailuilla t\u00e4ll\u00e4 sivustolla. Se ei ker\u00e4\u00e4 tai tallenna mit\u00e4\u00e4n henkil\u00f6kohtaisia tietoja sivuston k\u00e4vij\u00f6ist\u00e4.<\/span><\/li>\n<li style=\"font-weight: 400;\" aria-level=\"1\"><span style=\"font-weight: 400;\">Elementor: Elementor: Verkkosivuston WordPress-teema k\u00e4ytt\u00e4\u00e4 t\u00e4t\u00e4 ev\u00e4stett\u00e4. Sen avulla verkkosivuston omistaja voi toteuttaa tai muuttaa verkkosivuston sis\u00e4lt\u00f6\u00e4 reaaliaikaisesti.<\/span><\/li>\n<li style=\"font-weight: 400;\" aria-level=\"1\"><span style=\"font-weight: 400;\">wpEmojiSettingsSupports: WordPress asettaa t\u00e4m\u00e4n ev\u00e4steen, kun k\u00e4ytt\u00e4j\u00e4 on vuorovaikutuksessa emojien kanssa WordPress-sivustolla. Se auttaa m\u00e4\u00e4ritt\u00e4m\u00e4\u00e4n, voiko k\u00e4ytt\u00e4j\u00e4n selain n\u00e4ytt\u00e4\u00e4 emojit oikein.<\/span><\/li>\n<li style=\"font-weight: 400;\" aria-level=\"1\"><span style=\"font-weight: 400;\">rc::c: T\u00e4m\u00e4 ev\u00e4ste on Googlen recaptcha-palvelun asettama bottien tunnistamiseksi, jotta verkkosivusto voidaan suojata haitallisilta roskapostihy\u00f6kk\u00e4yksilt\u00e4.\u00a0<\/span><\/li>\n<\/ul>\n<h2 data-sourcepos=\"1:1-1:35\">\u00a0<\/h2>\n<h3><strong><i>Analyyttinen<\/i><\/strong><\/h3>\n<p><span style=\"font-weight: 400;\">Analyyttisi\u00e4 ev\u00e4steit\u00e4 k\u00e4ytet\u00e4\u00e4n ymm\u00e4rt\u00e4m\u00e4\u00e4n, miten k\u00e4vij\u00e4t ovat vuorovaikutuksessa verkkosivuston kanssa. N\u00e4iden ev\u00e4steiden avulla saadaan tietoa esimerkiksi k\u00e4vij\u00e4m\u00e4\u00e4rist\u00e4, hyppyprosentista, liikennel\u00e4hteest\u00e4 jne.<\/span><\/p>\n<ul>\n<li style=\"font-weight: 400;\" aria-level=\"1\"><span style=\"font-weight: 400;\">Google analytics: 2. laskea k\u00e4vij\u00e4-, istunto- ja kampanjatiedot ja seurata sivuston k\u00e4ytt\u00f6\u00e4 sivuston analyysiraporttia varten. Ev\u00e4ste tallentaa tiedot anonyymisti ja antaa satunnaisesti luodun numeron tunnistamaan yksil\u00f6lliset k\u00e4vij\u00e4t.<\/span><\/li>\n<\/ul>\n<h2 data-sourcepos=\"1:1-1:35\"><br \/><br \/><\/h2>\n<h2><b>Muiden verkkosivustojen upotettu sis\u00e4lt\u00f6<\/b><\/h2>\n<p><span style=\"font-weight: 400;\">T\u00e4m\u00e4n sivuston artikkelit voivat sis\u00e4lt\u00e4\u00e4 upotettua sis\u00e4lt\u00f6\u00e4 (esim. videoita, kuvia, artikkeleita jne.). Muiden verkkosivustojen upotettu sis\u00e4lt\u00f6 k\u00e4ytt\u00e4ytyy t\u00e4sm\u00e4lleen samalla tavalla kuin jos k\u00e4vij\u00e4 olisi vieraillut toisella verkkosivustolla.<\/span><\/p>\n<h2 data-sourcepos=\"1:1-1:35\">\u00a0<\/h2>\n<p><span style=\"font-weight: 400;\">N\u00e4m\u00e4 verkkosivustot voivat ker\u00e4t\u00e4 tietoja sinusta, k\u00e4ytt\u00e4\u00e4 ev\u00e4steit\u00e4, upottaa kolmannen osapuolen lis\u00e4seurantaa ja seurata vuorovaikutustasi upotetun sis\u00e4ll\u00f6n kanssa, mukaan lukien vuorovaikutuksen seuraaminen upotetun sis\u00e4ll\u00f6n kanssa, jos sinulla on tili ja olet kirjautunut sis\u00e4\u00e4n kyseiselle verkkosivustolle.<\/span><\/p>\n<h2 data-sourcepos=\"1:1-1:35\">\u00a0<\/h2>\n<h2><b>P\u00e4ivitys<\/b><\/h2>\n<p><span style=\"font-weight: 400;\">T\u00e4m\u00e4 politiikka on julkaistu osoitteessa <\/span><span style=\"font-weight: 400;\">27. kes\u00e4kuuta 2024.\u00a0<\/span><\/p>\n<h2 data-sourcepos=\"1:1-1:35\">\u00a0<\/h2>\n<p><span style=\"font-weight: 400;\">Jos olet huolissasi siit\u00e4, ett\u00e4 emme ole noudattaneet laillisia oikeuksiasi tai sovellettavia tietosuojalakeja, voit ottaa yhteytt\u00e4 Belgian tietosuojaviranomaiseen (https:\/\/www.dataprotectionauthority.be\/). Vaihtoehtoisesti, jos asut Belgian ulkopuolella, voit ottaa yhteytt\u00e4 paikalliseen tietosuojaviranomaiseen.<\/span><\/p>\t\t\t\t\t\t<\/div>\n\t\t\t\t<\/div>\n\t\t\t\t\t<\/div>\n\t\t\t\t<\/div>\n\t\t\t\t<\/div>","protected":false},"excerpt":{"rendered":"<p>Heat Pump Day:n tietosuojaseloste Keit\u00e4 me olemme Heat Pump Day:t\u00e4 is\u00e4nn\u00f6i The European Heat Pump Association AISBL. Verkkosivustomme p\u00e4\u00e4osoite on: https:\/\/www.ehpa.org.   Meill\u00e4 on my\u00f6s muita hanke- ja tapahtumasivustoja, kuten www.heatpumpkeymark.com, www.dryficiency.eu, www.heat4cool.eu ja www.decarbheat.eu.   Euroopan l\u00e4mp\u00f6pumppuyhdistys AISBL, lyhennettyn\u00e4 EHPA, liitt\u00e4\u00e4 [...].<\/p>","protected":false},"author":1,"featured_media":0,"parent":0,"menu_order":0,"comment_status":"closed","ping_status":"open","template":"elementor_header_footer","meta":{"footnotes":""},"class_list":["post-3","page","type-page","status-publish","hentry"],"yoast_head":"<!-- This site is optimized with the Yoast SEO plugin v24.5 - https:\/\/yoast.com\/wordpress\/plugins\/seo\/ -->\n<title>Privacy Policy - Heat Pump Day<\/title>\n<meta name=\"robots\" content=\"index, follow, max-snippet:-1, max-image-preview:large, max-video-preview:-1\" \/>\n<link rel=\"canonical\" href=\"https:\/\/heat-pump-day.org\/fi\/privacy-policy\/\" \/>\n<meta property=\"og:locale\" content=\"fi_FI\" \/>\n<meta property=\"og:type\" content=\"article\" \/>\n<meta property=\"og:title\" content=\"Privacy Policy - Heat Pump Day\" \/>\n<meta property=\"og:description\" content=\"Privacy Policy for Heat Pump Day Who we are The Heat Pump Day is hosted by The European Heat Pump Association AISBL. Our main website address is: https:\/\/www.ehpa.org. \u00a0 We also run other project and event websites, including www.heatpumpkeymark.com, www.dryficiency.eu, www.heat4cool.eu, and www.decarbheat.eu. \u00a0 The European Heat Pump Association AISBL, in abbreviated form EHPA, attaches [&hellip;]\" \/>\n<meta property=\"og:url\" content=\"https:\/\/heat-pump-day.org\/fi\/privacy-policy\/\" \/>\n<meta property=\"og:site_name\" content=\"Heat Pump Day\" \/>\n<meta property=\"article:modified_time\" content=\"2025-01-29T15:20:37+00:00\" \/>\n<meta name=\"twitter:card\" content=\"summary_large_image\" \/>\n<meta name=\"twitter:label1\" content=\"Arvioitu lukuaika\" \/>\n\t<meta name=\"twitter:data1\" content=\"5 minuuttia\" \/>\n<script type=\"application\/ld+json\" class=\"yoast-schema-graph\">{\"@context\":\"https:\/\/schema.org\",\"@graph\":[{\"@type\":\"WebPage\",\"@id\":\"https:\/\/heat-pump-day.org\/privacy-policy\/\",\"url\":\"https:\/\/heat-pump-day.org\/privacy-policy\/\",\"name\":\"Privacy Policy - Heat Pump Day\",\"isPartOf\":{\"@id\":\"https:\/\/heat-pump-day.org\/#website\"},\"datePublished\":\"2024-05-27T12:31:48+00:00\",\"dateModified\":\"2025-01-29T15:20:37+00:00\",\"breadcrumb\":{\"@id\":\"https:\/\/heat-pump-day.org\/privacy-policy\/#breadcrumb\"},\"inLanguage\":\"fi\",\"potentialAction\":[{\"@type\":\"ReadAction\",\"target\":[\"https:\/\/heat-pump-day.org\/privacy-policy\/\"]}]},{\"@type\":\"BreadcrumbList\",\"@id\":\"https:\/\/heat-pump-day.org\/privacy-policy\/#breadcrumb\",\"itemListElement\":[{\"@type\":\"ListItem\",\"position\":1,\"name\":\"Home\",\"item\":\"https:\/\/heat-pump-day.org\/\"},{\"@type\":\"ListItem\",\"position\":2,\"name\":\"Privacy Policy\"}]},{\"@type\":\"WebSite\",\"@id\":\"https:\/\/heat-pump-day.org\/#website\",\"url\":\"https:\/\/heat-pump-day.org\/\",\"name\":\"Heat Pump Day\",\"description\":\"\",\"publisher\":{\"@id\":\"https:\/\/heat-pump-day.org\/#organization\"},\"potentialAction\":[{\"@type\":\"SearchAction\",\"target\":{\"@type\":\"EntryPoint\",\"urlTemplate\":\"https:\/\/heat-pump-day.org\/?s={search_term_string}\"},\"query-input\":{\"@type\":\"PropertyValueSpecification\",\"valueRequired\":true,\"valueName\":\"search_term_string\"}}],\"inLanguage\":\"fi\"},{\"@type\":\"Organization\",\"@id\":\"https:\/\/heat-pump-day.org\/#organization\",\"name\":\"Heat Pump Day\",\"url\":\"https:\/\/heat-pump-day.org\/\",\"logo\":{\"@type\":\"ImageObject\",\"inLanguage\":\"fi\",\"@id\":\"https:\/\/heat-pump-day.org\/#\/schema\/logo\/image\/\",\"url\":\"https:\/\/heat-pump-day.org\/wp-content\/uploads\/2024\/05\/fundo.png\",\"contentUrl\":\"https:\/\/heat-pump-day.org\/wp-content\/uploads\/2024\/05\/fundo.png\",\"width\":1676,\"height\":1092,\"caption\":\"Heat Pump Day\"},\"image\":{\"@id\":\"https:\/\/heat-pump-day.org\/#\/schema\/logo\/image\/\"}}]}<\/script>\n<!-- \/ Yoast SEO plugin. -->","yoast_head_json":{"title":"Privacy Policy - Heat Pump Day","robots":{"index":"index","follow":"follow","max-snippet":"max-snippet:-1","max-image-preview":"max-image-preview:large","max-video-preview":"max-video-preview:-1"},"canonical":"https:\/\/heat-pump-day.org\/fi\/privacy-policy\/","og_locale":"fi_FI","og_type":"article","og_title":"Privacy Policy - Heat Pump Day","og_description":"Privacy Policy for Heat Pump Day Who we are The Heat Pump Day is hosted by The European Heat Pump Association AISBL. Our main website address is: https:\/\/www.ehpa.org. \u00a0 We also run other project and event websites, including www.heatpumpkeymark.com, www.dryficiency.eu, www.heat4cool.eu, and www.decarbheat.eu. \u00a0 The European Heat Pump Association AISBL, in abbreviated form EHPA, attaches [&hellip;]","og_url":"https:\/\/heat-pump-day.org\/fi\/privacy-policy\/","og_site_name":"Heat Pump Day","article_modified_time":"2025-01-29T15:20:37+00:00","twitter_card":"summary_large_image","twitter_misc":{"Arvioitu lukuaika":"5 minuuttia"},"schema":{"@context":"https:\/\/schema.org","@graph":[{"@type":"WebPage","@id":"https:\/\/heat-pump-day.org\/privacy-policy\/","url":"https:\/\/heat-pump-day.org\/privacy-policy\/","name":"Privacy Policy - Heat Pump Day","isPartOf":{"@id":"https:\/\/heat-pump-day.org\/#website"},"datePublished":"2024-05-27T12:31:48+00:00","dateModified":"2025-01-29T15:20:37+00:00","breadcrumb":{"@id":"https:\/\/heat-pump-day.org\/privacy-policy\/#breadcrumb"},"inLanguage":"fi","potentialAction":[{"@type":"ReadAction","target":["https:\/\/heat-pump-day.org\/privacy-policy\/"]}]},{"@type":"BreadcrumbList","@id":"https:\/\/heat-pump-day.org\/privacy-policy\/#breadcrumb","itemListElement":[{"@type":"ListItem","position":1,"name":"Home","item":"https:\/\/heat-pump-day.org\/"},{"@type":"ListItem","position":2,"name":"Privacy Policy"}]},{"@type":"WebSite","@id":"https:\/\/heat-pump-day.org\/#website","url":"https:\/\/heat-pump-day.org\/","name":"Heat Pump Day","description":"","publisher":{"@id":"https:\/\/heat-pump-day.org\/#organization"},"potentialAction":[{"@type":"SearchAction","target":{"@type":"EntryPoint","urlTemplate":"https:\/\/heat-pump-day.org\/?s={search_term_string}"},"query-input":{"@type":"PropertyValueSpecification","valueRequired":true,"valueName":"search_term_string"}}],"inLanguage":"fi"},{"@type":"Organization","@id":"https:\/\/heat-pump-day.org\/#organization","name":"Heat Pump Day","url":"https:\/\/heat-pump-day.org\/","logo":{"@type":"ImageObject","inLanguage":"fi","@id":"https:\/\/heat-pump-day.org\/#\/schema\/logo\/image\/","url":"https:\/\/heat-pump-day.org\/wp-content\/uploads\/2024\/05\/fundo.png","contentUrl":"https:\/\/heat-pump-day.org\/wp-content\/uploads\/2024\/05\/fundo.png","width":1676,"height":1092,"caption":"Heat Pump Day"},"image":{"@id":"https:\/\/heat-pump-day.org\/#\/schema\/logo\/image\/"}}]}},"_links":{"self":[{"href":"https:\/\/heat-pump-day.org\/fi\/wp-json\/wp\/v2\/pages\/3","targetHints":{"allow":["GET"]}}],"collection":[{"href":"https:\/\/heat-pump-day.org\/fi\/wp-json\/wp\/v2\/pages"}],"about":[{"href":"https:\/\/heat-pump-day.org\/fi\/wp-json\/wp\/v2\/types\/page"}],"author":[{"embeddable":true,"href":"https:\/\/heat-pump-day.org\/fi\/wp-json\/wp\/v2\/users\/1"}],"replies":[{"embeddable":true,"href":"https:\/\/heat-pump-day.org\/fi\/wp-json\/wp\/v2\/comments?post=3"}],"version-history":[{"count":19,"href":"https:\/\/heat-pump-day.org\/fi\/wp-json\/wp\/v2\/pages\/3\/revisions"}],"predecessor-version":[{"id":1461,"href":"https:\/\/heat-pump-day.org\/fi\/wp-json\/wp\/v2\/pages\/3\/revisions\/1461"}],"wp:attachment":[{"href":"https:\/\/heat-pump-day.org\/fi\/wp-json\/wp\/v2\/media?parent=3"}],"curies":[{"name":"wp","href":"https:\/\/api.w.org\/{rel}","templated":true}]}}