{"id":3,"date":"2024-05-27T13:31:48","date_gmt":"2024-05-27T12:31:48","guid":{"rendered":"https:\/\/heat-pump-day.org\/?page_id=3"},"modified":"2025-01-29T15:20:37","modified_gmt":"2025-01-29T15:20:37","slug":"privacy-policy","status":"publish","type":"page","link":"https:\/\/heat-pump-day.org\/es\/privacy-policy\/","title":{"rendered":"Pol\u00edtica de privacidad"},"content":{"rendered":"<div data-elementor-type=\"wp-page\" data-elementor-id=\"3\" class=\"elementor elementor-3\" data-elementor-post-type=\"page\">\n\t\t\t\t<div class=\"elementor-element elementor-element-788a49c6 e-flex e-con-boxed e-con e-parent\" data-id=\"788a49c6\" data-element_type=\"container\">\n\t\t\t\t\t<div class=\"e-con-inner\">\n\t\t\t\t<div class=\"elementor-element elementor-element-222870e elementor-widget elementor-widget-heading\" data-id=\"222870e\" data-element_type=\"widget\" data-widget_type=\"heading.default\">\n\t\t\t\t<div class=\"elementor-widget-container\">\n\t\t\t<style>\/*! elementor - v3.21.0 - 26-05-2024 *\/\n.elementor-heading-title{padding:0;margin:0;line-height:1}.elementor-widget-heading .elementor-heading-title[class*=elementor-size-]>a{color:inherit;font-size:inherit;line-height:inherit}.elementor-widget-heading .elementor-heading-title.elementor-size-small{font-size:15px}.elementor-widget-heading .elementor-heading-title.elementor-size-medium{font-size:19px}.elementor-widget-heading .elementor-heading-title.elementor-size-large{font-size:29px}.elementor-widget-heading .elementor-heading-title.elementor-size-xl{font-size:39px}.elementor-widget-heading .elementor-heading-title.elementor-size-xxl{font-size:59px}<\/style><h1 class=\"elementor-heading-title elementor-size-default\">Pol\u00edtica de privacidad de Heat Pump Day<\/h1>\t\t<\/div>\n\t\t\t\t<\/div>\n\t\t\t\t<div class=\"elementor-element elementor-element-6eb0f4d4 elementor-widget elementor-widget-text-editor\" data-id=\"6eb0f4d4\" data-element_type=\"widget\" data-widget_type=\"text-editor.default\">\n\t\t\t\t<div class=\"elementor-widget-container\">\n\t\t\t<style>\/*! elementor - v3.21.0 - 26-05-2024 *\/\n.elementor-widget-text-editor.elementor-drop-cap-view-stacked .elementor-drop-cap{background-color:#69727d;color:#fff}.elementor-widget-text-editor.elementor-drop-cap-view-framed .elementor-drop-cap{color:#69727d;border:3px solid;background-color:transparent}.elementor-widget-text-editor:not(.elementor-drop-cap-view-default) .elementor-drop-cap{margin-top:8px}.elementor-widget-text-editor:not(.elementor-drop-cap-view-default) .elementor-drop-cap-letter{width:1em;height:1em}.elementor-widget-text-editor .elementor-drop-cap{float:left;text-align:center;line-height:1;font-size:50px}.elementor-widget-text-editor .elementor-drop-cap-letter{display:inline-block}<\/style>\t\t\t\t<!-- wp:heading -->\n<h2><b>Qui\u00e9nes somos<\/b><\/h2>\n<p><span style=\"font-weight: 400;\">El Heat Pump Day est\u00e1 organizado por la Asociaci\u00f3n Europea de Bomba de Calor AISBL.<\/span><\/p>\n<p><span style=\"font-weight: 400;\">La direcci\u00f3n principal de nuestro sitio web es: https:\/\/www.ehpa.org.<\/span><\/p>\n<h2 data-sourcepos=\"1:1-1:35\">\u00a0<\/h2>\n<p><span style=\"font-weight: 400;\">Tambi\u00e9n gestionamos otros sitios web de proyectos y eventos, entre ellos <\/span><a href=\"http:\/\/www.heatpumpkeymark.com\"><span style=\"font-weight: 400;\">www.heatpumpkeymark.com<\/span><\/a><span style=\"font-weight: 400;\">, <\/span><a href=\"http:\/\/www.dryficiency.eu\"><span style=\"font-weight: 400;\">www.dryficiency.eu<\/span><\/a><span style=\"font-weight: 400;\">, <\/span><a href=\"http:\/\/www.heat4cool.eu\"><span style=\"font-weight: 400;\">www.heat4cool.eu<\/span><\/a><span style=\"font-weight: 400;\">y <\/span><a href=\"http:\/\/www.decarbheat.eu\"><span style=\"font-weight: 400;\">www.decarbheat.eu<\/span><\/a><span style=\"font-weight: 400;\">.<\/span><\/p>\n<h2 data-sourcepos=\"1:1-1:35\">\u00a0<\/h2>\n<p><span style=\"font-weight: 400;\">La Asociaci\u00f3n Europea de Bomba de Calor AISBL, en abreviatura EHPA, concede gran importancia al respeto del derecho a la privacidad de los datos personales que custodia.<\/span><\/p>\n<p><span style=\"font-weight: 400;\">Puede ponerse en contacto con EHPA en<\/span><\/p>\n<p><span style=\"font-weight: 400;\">Avenue de Cortenbergh 120, 1000<\/span><\/p>\n<p><span style=\"font-weight: 400;\">Bruselas, B\u00e9lgica.<\/span><\/p>\n<p><span style=\"font-weight: 400;\">Tel\u00e9fono +(32) 488 59 76 59<\/span><\/p>\n<h2 data-sourcepos=\"1:1-1:35\">\u00a0<\/h2>\n<h2><b>\u00bfQu\u00e9 significa \"datos personales\"?<\/b><\/h2>\n<p><span style=\"font-weight: 400;\">Por datos personales se entender\u00e1 cualquier informaci\u00f3n relativa a una persona f\u00edsica identificada o identificable; por persona identificable se entender\u00e1 aquella que pueda ser identificada, directa o indirectamente, en particular mediante referencia a un correo electr\u00f3nico.<\/span><\/p>\n<h2 data-sourcepos=\"1:1-1:35\">\u00a0<\/h2>\n<p><span style=\"font-weight: 400;\">En principio, el acceso a la informaci\u00f3n disponible en este sitio web o a trav\u00e9s de \u00e9l no requiere que el usuario facilite ning\u00fan dato personal. No obstante, para utilizar determinados servicios en l\u00ednea, como ponerse en contacto con nosotros a trav\u00e9s de nuestro formulario de contacto, es posible que se le soliciten datos personales como su nombre, apellidos y direcci\u00f3n de correo electr\u00f3nico.\u00a0<\/span><\/p>\n<h2 data-sourcepos=\"1:1-1:35\">\u00a0<\/h2>\n<h2><b>\u00bfPor qu\u00e9 recogemos y almacenamos datos personales?<\/b><\/h2>\n<p><span style=\"font-weight: 400;\">La EHPA s\u00f3lo recoge y almacena los datos personales necesarios para comunicarse con su p\u00fablico. Los datos personales no se utilizan por ning\u00fan otro motivo y nunca con fines comerciales. Por lo tanto, la EHPA almacenar\u00e1 los datos personales enviados a trav\u00e9s de los formularios del sitio web. La EHPA no utilizar\u00e1, compartir\u00e1, alquilar\u00e1 ni vender\u00e1 su informaci\u00f3n.<\/span><\/p>\n<h2 data-sourcepos=\"1:1-1:35\">\u00a0<\/h2>\n<h2><b>Recogida y uso de datos personales e im\u00e1genes<\/b><\/h2>\n<p><span style=\"font-weight: 400;\">Al participar en nuestro concurso de fotograf\u00eda, usted acepta la recopilaci\u00f3n y el uso de la informaci\u00f3n y las im\u00e1genes que env\u00ede, tal como se describe en esta pol\u00edtica de privacidad. Los datos que cargue a trav\u00e9s de nuestros formularios se utilizar\u00e1n para la participaci\u00f3n en el concurso y con fines promocionales. Usted nos concede una licencia no exclusiva, libre de regal\u00edas, perpetua y mundial para utilizar, modificar, reproducir y distribuir sus im\u00e1genes.<\/span><\/p>\n<h2 data-sourcepos=\"1:1-1:35\">\u00a0<\/h2>\n<h2><b>Almacenamiento y seguridad<\/b><\/h2>\n<p><span style=\"font-weight: 400;\">Sus datos se almacenar\u00e1n de forma segura en nuestros servidores, y tomamos medidas razonables para protegerlos de accesos no autorizados. Conservaremos sus datos durante el tiempo necesario para cumplir los fines descritos en esta pol\u00edtica.<\/span><\/p>\n<h2 data-sourcepos=\"1:1-1:35\">\u00a0<\/h2>\n<h2><b>Compartir y divulgar<\/b><\/h2>\n<p><span style=\"font-weight: 400;\">No compartiremos sus datos e im\u00e1genes con terceros, salvo con aquellos que participen en la gesti\u00f3n del concurso o por imperativo legal.<\/span><span style=\"font-weight: 400;\"> Las im\u00e1genes ganadoras podr\u00e1n mostrarse p\u00fablicamente en nuestro sitio web, plataformas de redes sociales o en otros materiales promocionales, junto con su nombre y cualquier otra informaci\u00f3n identificativa que proporcione.<\/span><\/p>\n<h2 data-sourcepos=\"1:1-1:35\">\u00a0<\/h2>\n<h2><b>Sus derechos<\/b><\/h2>\n<p><span style=\"font-weight: 400;\">Usted conserva todos los derechos sobre sus im\u00e1genes, salvo la licencia limitada que nos ha concedido. Puede solicitar la eliminaci\u00f3n de su imagen de nuestro sitio web o materiales promocionales poni\u00e9ndose en contacto con nosotros. Adem\u00e1s, tiene derecho a acceder, corregir o eliminar cualquier dato personal que tengamos sobre usted. Para cualquier consulta o duda sobre esta pol\u00edtica, p\u00f3ngase en contacto con nosotros en info@heat-pump-day.org.<\/span><\/p>\n<h2 data-sourcepos=\"1:1-1:35\">\u00a0<\/h2>\n<h2><b>Cookies<\/b><\/h2>\n<p><span style=\"font-weight: 400;\">Utilizamos cookies para ayudarle a navegar de forma eficiente y realizar determinadas funciones. A continuaci\u00f3n encontrar\u00e1 informaci\u00f3n detallada sobre todas las cookies en cada categor\u00eda de consentimiento.<\/span><\/p>\n<h2 data-sourcepos=\"1:1-1:35\">\u00a0<\/h2>\n<p><span style=\"font-weight: 400;\">Las cookies categorizadas como \"Necesarias\" se almacenan en su navegador ya que son esenciales para permitir las funcionalidades b\u00e1sicas del sitio.<\/span><\/p>\n<h2 data-sourcepos=\"1:1-1:35\">\u00a0<\/h2>\n<p><span style=\"font-weight: 400;\">Tambi\u00e9n utilizamos cookies de terceros que nos ayudan a analizar c\u00f3mo utiliza este sitio web, almacenar sus preferencias y ofrecerle los contenidos y anuncios que le resulten relevantes. Estas cookies solo se almacenar\u00e1n en su navegador con su consentimiento previo.<\/span><\/p>\n<h2 data-sourcepos=\"1:1-1:35\">\u00a0<\/h2>\n<p><span style=\"font-weight: 400;\">Puede optar por activar o desactivar algunas o todas estas cookies, pero la desactivaci\u00f3n de algunas de ellas puede afectar a su experiencia de navegaci\u00f3n.<\/span><\/p>\n<h2 data-sourcepos=\"1:1-1:35\">\u00a0<\/h2>\n<p><span style=\"font-weight: 400;\">La EHPA recoge y almacena cookies, un peque\u00f1o archivo de texto que un sitio web guarda en su ordenador o dispositivo m\u00f3vil cuando usted lo visita. Esto permite que el sitio web recuerde sus acciones y preferencias durante un periodo de tiempo, para que no tenga que volver a especificarlas cada vez que regrese al sitio o navegue de una p\u00e1gina a otra. La EHPA utiliza estas cookies para mejorar la experiencia del usuario en su sitio web, por ejemplo a trav\u00e9s de Google Analytics.<\/span><\/p>\n<h2 data-sourcepos=\"1:1-1:35\">\u00a0<\/h2>\n<h3><strong><i>Necesario\u00a0<\/i><\/strong><\/h3>\n<p><span style=\"font-weight: 400;\">Las cookies necesarias se requieren para habilitar las funciones b\u00e1sicas de este sitio, como proporcionar un inicio de sesi\u00f3n seguro o ajustar sus preferencias de consentimiento. Estas cookies no almacenan ning\u00fan dato personal identificable.<\/span><\/p>\n<ul>\n<li style=\"font-weight: 400;\" aria-level=\"1\"><span style=\"font-weight: 400;\">Cookieyes-consentimiento: CookieYes establece esta cookie para recordar las preferencias de consentimiento de los usuarios de modo que se respeten sus preferencias en visitas posteriores a este sitio. No recoge ni almacena ninguna informaci\u00f3n personal sobre los visitantes del sitio.<\/span><\/li>\n<li style=\"font-weight: 400;\" aria-level=\"1\"><span style=\"font-weight: 400;\">Elementor: El tema de WordPress del sitio web utiliza esta cookie. Permite al propietario del sitio web implementar o cambiar el contenido del sitio web en tiempo real.<\/span><\/li>\n<li style=\"font-weight: 400;\" aria-level=\"1\"><span style=\"font-weight: 400;\">wpEmojiSettingsSupports: WordPress establece esta cookie cuando un usuario interact\u00faa con emojis en un sitio de WordPress. Ayuda a determinar si el navegador del usuario puede mostrar emojis correctamente.<\/span><\/li>\n<li style=\"font-weight: 400;\" aria-level=\"1\"><span style=\"font-weight: 400;\">rc::c: Esta cookie es establecida por el servicio recaptcha de Google para identificar bots con el fin de proteger el sitio web contra ataques maliciosos de spam.\u00a0<\/span><\/li>\n<\/ul>\n<h2 data-sourcepos=\"1:1-1:35\">\u00a0<\/h2>\n<h3><strong><i>Anal\u00edtica<\/i><\/strong><\/h3>\n<p><span style=\"font-weight: 400;\">Las cookies anal\u00edticas se utilizan para comprender c\u00f3mo interact\u00faan los visitantes con el sitio web. Estas cookies ayudan a proporcionar informaci\u00f3n sobre m\u00e9tricas como el n\u00famero de visitantes, la tasa de rebote, la fuente de tr\u00e1fico, etc.<\/span><\/p>\n<ul>\n<li style=\"font-weight: 400;\" aria-level=\"1\"><span style=\"font-weight: 400;\">Google Analytics: Google Analytics establece cookies para 1. almacenar y contar las p\u00e1ginas vistas; 2. calcular los datos de visitantes, sesiones y campa\u00f1as y realizar un seguimiento del uso del sitio para el informe de an\u00e1lisis del sitio. La cookie almacena la informaci\u00f3n de forma an\u00f3nima y asigna un n\u00famero generado aleatoriamente para reconocer a los visitantes \u00fanicos.<\/span><\/li>\n<\/ul>\n<h2 data-sourcepos=\"1:1-1:35\"><br \/><br \/><\/h2>\n<h2><b>Contenido incrustado de otros sitios web<\/b><\/h2>\n<p><span style=\"font-weight: 400;\">Los art\u00edculos de este sitio pueden incluir contenido incrustado (por ejemplo, v\u00eddeos, im\u00e1genes, art\u00edculos, etc.). El contenido incrustado de otros sitios web se comporta exactamente igual que si el visitante hubiera visitado el otro sitio web.<\/span><\/p>\n<h2 data-sourcepos=\"1:1-1:35\">\u00a0<\/h2>\n<p><span style=\"font-weight: 400;\">Estos sitios web pueden recopilar datos sobre usted, utilizar cookies, incrustar seguimiento adicional de terceros y supervisar su interacci\u00f3n con ese contenido incrustado, incluido el seguimiento de su interacci\u00f3n con el contenido incrustado si tiene una cuenta y ha iniciado sesi\u00f3n en ese sitio web.<\/span><\/p>\n<h2 data-sourcepos=\"1:1-1:35\">\u00a0<\/h2>\n<h2><b>Actualizaci\u00f3n<\/b><\/h2>\n<p><span style=\"font-weight: 400;\">Esta pol\u00edtica se ha publicado en <\/span><span style=\"font-weight: 400;\">27 de junio de 2024.\u00a0<\/span><\/p>\n<h2 data-sourcepos=\"1:1-1:35\">\u00a0<\/h2>\n<p><span style=\"font-weight: 400;\">Si le preocupa que no hayamos cumplido sus derechos legales o las leyes de privacidad aplicables, puede ponerse en contacto con la DPA belga (Autoridad de Protecci\u00f3n de Datos: https:\/\/www.dataprotectionauthority.be\/). Alternativamente, si se encuentra fuera de B\u00e9lgica, puede ponerse en contacto con su autoridad local de protecci\u00f3n de datos.<\/span><\/p>\t\t\t\t\t\t<\/div>\n\t\t\t\t<\/div>\n\t\t\t\t\t<\/div>\n\t\t\t\t<\/div>\n\t\t\t\t<\/div>","protected":false},"excerpt":{"rendered":"<p>Pol\u00edtica de privacidad de Heat Pump Day Qui\u00e9nes somos Heat Pump Day est\u00e1 alojado en la Asociaci\u00f3n Europea de Bombas de Calor AISBL. La direcci\u00f3n principal de nuestro sitio web es: https:\/\/www.ehpa.org.   Tambi\u00e9n gestionamos otros sitios web de proyectos y eventos, como www.heatpumpkeymark.com, www.dryficiency.eu, www.heat4cool.eu y www.decarbheat.eu.   La Asociaci\u00f3n Europea de Bomba de Calor AISBL, en forma abreviada EHPA, adjunta [...]<\/p>","protected":false},"author":1,"featured_media":0,"parent":0,"menu_order":0,"comment_status":"closed","ping_status":"open","template":"elementor_header_footer","meta":{"footnotes":""},"class_list":["post-3","page","type-page","status-publish","hentry"],"yoast_head":"<!-- This site is optimized with the Yoast SEO plugin v24.5 - https:\/\/yoast.com\/wordpress\/plugins\/seo\/ -->\n<title>Privacy Policy - Heat Pump Day<\/title>\n<meta name=\"robots\" content=\"index, follow, max-snippet:-1, max-image-preview:large, max-video-preview:-1\" \/>\n<link rel=\"canonical\" href=\"https:\/\/heat-pump-day.org\/es\/privacy-policy\/\" \/>\n<meta property=\"og:locale\" content=\"es_ES\" \/>\n<meta property=\"og:type\" content=\"article\" \/>\n<meta property=\"og:title\" content=\"Privacy Policy - Heat Pump Day\" \/>\n<meta property=\"og:description\" content=\"Privacy Policy for Heat Pump Day Who we are The Heat Pump Day is hosted by The European Heat Pump Association AISBL. Our main website address is: https:\/\/www.ehpa.org. \u00a0 We also run other project and event websites, including www.heatpumpkeymark.com, www.dryficiency.eu, www.heat4cool.eu, and www.decarbheat.eu. \u00a0 The European Heat Pump Association AISBL, in abbreviated form EHPA, attaches [&hellip;]\" \/>\n<meta property=\"og:url\" content=\"https:\/\/heat-pump-day.org\/es\/privacy-policy\/\" \/>\n<meta property=\"og:site_name\" content=\"Heat Pump Day\" \/>\n<meta property=\"article:modified_time\" content=\"2025-01-29T15:20:37+00:00\" \/>\n<meta name=\"twitter:card\" content=\"summary_large_image\" \/>\n<meta name=\"twitter:label1\" content=\"Tiempo de lectura\" \/>\n\t<meta name=\"twitter:data1\" content=\"5 minutos\" \/>\n<script type=\"application\/ld+json\" class=\"yoast-schema-graph\">{\"@context\":\"https:\/\/schema.org\",\"@graph\":[{\"@type\":\"WebPage\",\"@id\":\"https:\/\/heat-pump-day.org\/privacy-policy\/\",\"url\":\"https:\/\/heat-pump-day.org\/privacy-policy\/\",\"name\":\"Privacy Policy - Heat Pump Day\",\"isPartOf\":{\"@id\":\"https:\/\/heat-pump-day.org\/#website\"},\"datePublished\":\"2024-05-27T12:31:48+00:00\",\"dateModified\":\"2025-01-29T15:20:37+00:00\",\"breadcrumb\":{\"@id\":\"https:\/\/heat-pump-day.org\/privacy-policy\/#breadcrumb\"},\"inLanguage\":\"es\",\"potentialAction\":[{\"@type\":\"ReadAction\",\"target\":[\"https:\/\/heat-pump-day.org\/privacy-policy\/\"]}]},{\"@type\":\"BreadcrumbList\",\"@id\":\"https:\/\/heat-pump-day.org\/privacy-policy\/#breadcrumb\",\"itemListElement\":[{\"@type\":\"ListItem\",\"position\":1,\"name\":\"Home\",\"item\":\"https:\/\/heat-pump-day.org\/\"},{\"@type\":\"ListItem\",\"position\":2,\"name\":\"Privacy Policy\"}]},{\"@type\":\"WebSite\",\"@id\":\"https:\/\/heat-pump-day.org\/#website\",\"url\":\"https:\/\/heat-pump-day.org\/\",\"name\":\"Heat Pump Day\",\"description\":\"\",\"publisher\":{\"@id\":\"https:\/\/heat-pump-day.org\/#organization\"},\"potentialAction\":[{\"@type\":\"SearchAction\",\"target\":{\"@type\":\"EntryPoint\",\"urlTemplate\":\"https:\/\/heat-pump-day.org\/?s={search_term_string}\"},\"query-input\":{\"@type\":\"PropertyValueSpecification\",\"valueRequired\":true,\"valueName\":\"search_term_string\"}}],\"inLanguage\":\"es\"},{\"@type\":\"Organization\",\"@id\":\"https:\/\/heat-pump-day.org\/#organization\",\"name\":\"Heat Pump Day\",\"url\":\"https:\/\/heat-pump-day.org\/\",\"logo\":{\"@type\":\"ImageObject\",\"inLanguage\":\"es\",\"@id\":\"https:\/\/heat-pump-day.org\/#\/schema\/logo\/image\/\",\"url\":\"https:\/\/heat-pump-day.org\/wp-content\/uploads\/2024\/05\/fundo.png\",\"contentUrl\":\"https:\/\/heat-pump-day.org\/wp-content\/uploads\/2024\/05\/fundo.png\",\"width\":1676,\"height\":1092,\"caption\":\"Heat Pump Day\"},\"image\":{\"@id\":\"https:\/\/heat-pump-day.org\/#\/schema\/logo\/image\/\"}}]}<\/script>\n<!-- \/ Yoast SEO plugin. -->","yoast_head_json":{"title":"Privacy Policy - Heat Pump Day","robots":{"index":"index","follow":"follow","max-snippet":"max-snippet:-1","max-image-preview":"max-image-preview:large","max-video-preview":"max-video-preview:-1"},"canonical":"https:\/\/heat-pump-day.org\/es\/privacy-policy\/","og_locale":"es_ES","og_type":"article","og_title":"Privacy Policy - Heat Pump Day","og_description":"Privacy Policy for Heat Pump Day Who we are The Heat Pump Day is hosted by The European Heat Pump Association AISBL. Our main website address is: https:\/\/www.ehpa.org. \u00a0 We also run other project and event websites, including www.heatpumpkeymark.com, www.dryficiency.eu, www.heat4cool.eu, and www.decarbheat.eu. \u00a0 The European Heat Pump Association AISBL, in abbreviated form EHPA, attaches [&hellip;]","og_url":"https:\/\/heat-pump-day.org\/es\/privacy-policy\/","og_site_name":"Heat Pump Day","article_modified_time":"2025-01-29T15:20:37+00:00","twitter_card":"summary_large_image","twitter_misc":{"Tiempo de lectura":"5 minutos"},"schema":{"@context":"https:\/\/schema.org","@graph":[{"@type":"WebPage","@id":"https:\/\/heat-pump-day.org\/privacy-policy\/","url":"https:\/\/heat-pump-day.org\/privacy-policy\/","name":"Privacy Policy - Heat Pump Day","isPartOf":{"@id":"https:\/\/heat-pump-day.org\/#website"},"datePublished":"2024-05-27T12:31:48+00:00","dateModified":"2025-01-29T15:20:37+00:00","breadcrumb":{"@id":"https:\/\/heat-pump-day.org\/privacy-policy\/#breadcrumb"},"inLanguage":"es","potentialAction":[{"@type":"ReadAction","target":["https:\/\/heat-pump-day.org\/privacy-policy\/"]}]},{"@type":"BreadcrumbList","@id":"https:\/\/heat-pump-day.org\/privacy-policy\/#breadcrumb","itemListElement":[{"@type":"ListItem","position":1,"name":"Home","item":"https:\/\/heat-pump-day.org\/"},{"@type":"ListItem","position":2,"name":"Privacy Policy"}]},{"@type":"WebSite","@id":"https:\/\/heat-pump-day.org\/#website","url":"https:\/\/heat-pump-day.org\/","name":"Heat Pump Day","description":"","publisher":{"@id":"https:\/\/heat-pump-day.org\/#organization"},"potentialAction":[{"@type":"SearchAction","target":{"@type":"EntryPoint","urlTemplate":"https:\/\/heat-pump-day.org\/?s={search_term_string}"},"query-input":{"@type":"PropertyValueSpecification","valueRequired":true,"valueName":"search_term_string"}}],"inLanguage":"es"},{"@type":"Organization","@id":"https:\/\/heat-pump-day.org\/#organization","name":"Heat Pump Day","url":"https:\/\/heat-pump-day.org\/","logo":{"@type":"ImageObject","inLanguage":"es","@id":"https:\/\/heat-pump-day.org\/#\/schema\/logo\/image\/","url":"https:\/\/heat-pump-day.org\/wp-content\/uploads\/2024\/05\/fundo.png","contentUrl":"https:\/\/heat-pump-day.org\/wp-content\/uploads\/2024\/05\/fundo.png","width":1676,"height":1092,"caption":"Heat Pump Day"},"image":{"@id":"https:\/\/heat-pump-day.org\/#\/schema\/logo\/image\/"}}]}},"_links":{"self":[{"href":"https:\/\/heat-pump-day.org\/es\/wp-json\/wp\/v2\/pages\/3","targetHints":{"allow":["GET"]}}],"collection":[{"href":"https:\/\/heat-pump-day.org\/es\/wp-json\/wp\/v2\/pages"}],"about":[{"href":"https:\/\/heat-pump-day.org\/es\/wp-json\/wp\/v2\/types\/page"}],"author":[{"embeddable":true,"href":"https:\/\/heat-pump-day.org\/es\/wp-json\/wp\/v2\/users\/1"}],"replies":[{"embeddable":true,"href":"https:\/\/heat-pump-day.org\/es\/wp-json\/wp\/v2\/comments?post=3"}],"version-history":[{"count":19,"href":"https:\/\/heat-pump-day.org\/es\/wp-json\/wp\/v2\/pages\/3\/revisions"}],"predecessor-version":[{"id":1461,"href":"https:\/\/heat-pump-day.org\/es\/wp-json\/wp\/v2\/pages\/3\/revisions\/1461"}],"wp:attachment":[{"href":"https:\/\/heat-pump-day.org\/es\/wp-json\/wp\/v2\/media?parent=3"}],"curies":[{"name":"wp","href":"https:\/\/api.w.org\/{rel}","templated":true}]}}