{"id":3,"date":"2024-05-27T13:31:48","date_gmt":"2024-05-27T12:31:48","guid":{"rendered":"https:\/\/heat-pump-day.org\/?page_id=3"},"modified":"2025-01-29T15:20:37","modified_gmt":"2025-01-29T15:20:37","slug":"privacy-policy","status":"publish","type":"page","link":"https:\/\/heat-pump-day.org\/de\/privacy-policy\/","title":{"rendered":"Datenschutzbestimmungen"},"content":{"rendered":"<div data-elementor-type=\"wp-page\" data-elementor-id=\"3\" class=\"elementor elementor-3\" data-elementor-post-type=\"page\">\n\t\t\t\t<div class=\"elementor-element elementor-element-788a49c6 e-flex e-con-boxed e-con e-parent\" data-id=\"788a49c6\" data-element_type=\"container\">\n\t\t\t\t\t<div class=\"e-con-inner\">\n\t\t\t\t<div class=\"elementor-element elementor-element-222870e elementor-widget elementor-widget-heading\" data-id=\"222870e\" data-element_type=\"widget\" data-widget_type=\"heading.default\">\n\t\t\t\t<div class=\"elementor-widget-container\">\n\t\t\t<style>\/*! elementor - v3.21.0 - 26-05-2024 *\/\n.elementor-heading-title{padding:0;margin:0;line-height:1}.elementor-widget-heading .elementor-heading-title[class*=elementor-size-]>a{color:inherit;font-size:inherit;line-height:inherit}.elementor-widget-heading .elementor-heading-title.elementor-size-small{font-size:15px}.elementor-widget-heading .elementor-heading-title.elementor-size-medium{font-size:19px}.elementor-widget-heading .elementor-heading-title.elementor-size-large{font-size:29px}.elementor-widget-heading .elementor-heading-title.elementor-size-xl{font-size:39px}.elementor-widget-heading .elementor-heading-title.elementor-size-xxl{font-size:59px}<\/style><h1 class=\"elementor-heading-title elementor-size-default\">Datenschutzrichtlinie f\u00fcr Heat Pump Day<\/h1>\t\t<\/div>\n\t\t\t\t<\/div>\n\t\t\t\t<div class=\"elementor-element elementor-element-6eb0f4d4 elementor-widget elementor-widget-text-editor\" data-id=\"6eb0f4d4\" data-element_type=\"widget\" data-widget_type=\"text-editor.default\">\n\t\t\t\t<div class=\"elementor-widget-container\">\n\t\t\t<style>\/*! elementor - v3.21.0 - 26-05-2024 *\/\n.elementor-widget-text-editor.elementor-drop-cap-view-stacked .elementor-drop-cap{background-color:#69727d;color:#fff}.elementor-widget-text-editor.elementor-drop-cap-view-framed .elementor-drop-cap{color:#69727d;border:3px solid;background-color:transparent}.elementor-widget-text-editor:not(.elementor-drop-cap-view-default) .elementor-drop-cap{margin-top:8px}.elementor-widget-text-editor:not(.elementor-drop-cap-view-default) .elementor-drop-cap-letter{width:1em;height:1em}.elementor-widget-text-editor .elementor-drop-cap{float:left;text-align:center;line-height:1;font-size:50px}.elementor-widget-text-editor .elementor-drop-cap-letter{display:inline-block}<\/style>\t\t\t\t<!-- wp:heading -->\n<h2><b>Wer wir sind<\/b><\/h2>\n<p><span style=\"font-weight: 400;\">Das Heat Pump Day wird von der Europ\u00e4ischen W\u00e4rmepumpenvereinigung AISBL veranstaltet.<\/span><\/p>\n<p><span style=\"font-weight: 400;\">Unsere Haupt-Website-Adresse lautet: https:\/\/www.ehpa.org.<\/span><\/p>\n<h2 data-sourcepos=\"1:1-1:35\">\u00a0<\/h2>\n<p><span style=\"font-weight: 400;\">Wir betreiben auch andere Projekt- und Veranstaltungswebsites, darunter <\/span><a href=\"http:\/\/www.heatpumpkeymark.com\"><span style=\"font-weight: 400;\">www.heatpumpkeymark.com<\/span><\/a><span style=\"font-weight: 400;\">, <\/span><a href=\"http:\/\/www.dryficiency.eu\"><span style=\"font-weight: 400;\">www.dryficiency.eu<\/span><\/a><span style=\"font-weight: 400;\">, <\/span><a href=\"http:\/\/www.heat4cool.eu\"><span style=\"font-weight: 400;\">www.heat4cool.eu<\/span><\/a><span style=\"font-weight: 400;\">und <\/span><a href=\"http:\/\/www.decarbheat.eu\"><span style=\"font-weight: 400;\">www.decarbheat.eu<\/span><\/a><span style=\"font-weight: 400;\">.<\/span><\/p>\n<h2 data-sourcepos=\"1:1-1:35\">\u00a0<\/h2>\n<p><span style=\"font-weight: 400;\">Der Europ\u00e4ische W\u00e4rmepumpenverband AISBL, abgek\u00fcrzt EHPA, legt gro\u00dfen Wert auf die Wahrung des Rechts auf Privatsph\u00e4re der von ihm gespeicherten personenbezogenen Daten.<\/span><\/p>\n<p><span style=\"font-weight: 400;\">Sie k\u00f6nnen EHPA unter folgender Adresse erreichen:<\/span><\/p>\n<p><span style=\"font-weight: 400;\">Avenue de Cortenbergh 120, 1000<\/span><\/p>\n<p><span style=\"font-weight: 400;\">Br\u00fcssel, Belgien.<\/span><\/p>\n<p><span style=\"font-weight: 400;\">Telefon +(32) 488 59 76 59<\/span><\/p>\n<h2 data-sourcepos=\"1:1-1:35\">\u00a0<\/h2>\n<h2><b>Was bedeutet \"personenbezogene Daten\"?<\/b><\/h2>\n<p><span style=\"font-weight: 400;\">Personenbezogene Daten sind alle Informationen, die sich auf eine bestimmte oder bestimmbare nat\u00fcrliche Person beziehen; als bestimmbar wird eine Person angesehen, die direkt oder indirekt identifiziert werden kann, insbesondere durch Zuordnung zu einer E-Mail.<\/span><\/p>\n<h2 data-sourcepos=\"1:1-1:35\">\u00a0<\/h2>\n<p><span style=\"font-weight: 400;\">Der Zugriff auf die auf oder \u00fcber diese Website verf\u00fcgbaren Informationen erfordert im Prinzip keine Angabe personenbezogener Daten durch den Nutzer. Um jedoch bestimmte Online-Dienste zu nutzen, wie z. B. die Kontaktaufnahme \u00fcber unser Kontaktformular, werden Sie m\u00f6glicherweise aufgefordert, uns personenbezogene Daten wie Ihren Vor- und Nachnamen und Ihre E-Mail-Adresse mitzuteilen.\u00a0<\/span><\/p>\n<h2 data-sourcepos=\"1:1-1:35\">\u00a0<\/h2>\n<h2><b>Warum sammeln und speichern wir personenbezogene Daten?<\/b><\/h2>\n<p><span style=\"font-weight: 400;\">EHPA sammelt und speichert nur die pers\u00f6nlichen Daten, die f\u00fcr die Kommunikation mit dem Publikum erforderlich sind. Personenbezogene Daten werden zu keinem anderen Zweck und niemals zu kommerziellen Zwecken verwendet. EHPA speichert daher pers\u00f6nliche Daten, die \u00fcber die Formulare der Website \u00fcbermittelt werden. EHPA wird Ihre Daten nicht verwenden, weitergeben, vermieten oder verkaufen.<\/span><\/p>\n<h2 data-sourcepos=\"1:1-1:35\">\u00a0<\/h2>\n<h2><b>Erhebung und Verwendung von personenbezogenen Daten und Bildern<\/b><\/h2>\n<p><span style=\"font-weight: 400;\">Mit der Teilnahme an unserem Fotowettbewerb erkl\u00e4ren Sie sich mit der Erfassung und Verwendung der von Ihnen eingereichten Daten und Bilder wie in dieser Datenschutzerkl\u00e4rung beschrieben einverstanden. Die Daten, die Sie \u00fcber unsere Formulare hochladen, werden f\u00fcr die Teilnahme am Wettbewerb und f\u00fcr Werbezwecke verwendet. Sie gew\u00e4hren uns eine nicht-exklusive, lizenzfreie, unbefristete und weltweite Lizenz zur Nutzung, \u00c4nderung, Reproduktion und Verbreitung Ihrer Bilder.<\/span><\/p>\n<h2 data-sourcepos=\"1:1-1:35\">\u00a0<\/h2>\n<h2><b>Lagerung und Sicherheit<\/b><\/h2>\n<p><span style=\"font-weight: 400;\">Ihre Daten werden sicher auf unseren Servern gespeichert, und wir ergreifen angemessene Ma\u00dfnahmen, um sie vor unbefugtem Zugriff zu sch\u00fctzen. Wir werden Ihre Daten so lange aufbewahren, wie es f\u00fcr die Erf\u00fcllung der in dieser Richtlinie genannten Zwecke erforderlich ist.<\/span><\/p>\n<h2 data-sourcepos=\"1:1-1:35\">\u00a0<\/h2>\n<h2><b>Weitergabe und Offenlegung<\/b><\/h2>\n<p><span style=\"font-weight: 400;\">Wir werden Ihre Daten und Bilder nicht an Dritte weitergeben, au\u00dfer an diejenigen, die an der Verwaltung des Wettbewerbs beteiligt sind oder wenn dies gesetzlich vorgeschrieben ist.<\/span><span style=\"font-weight: 400;\"> Die Gewinnerbilder k\u00f6nnen zusammen mit Ihrem Namen und anderen von Ihnen bereitgestellten Informationen \u00f6ffentlich auf unserer Website, auf Plattformen sozialer Medien oder in anderen Werbematerialien ver\u00f6ffentlicht werden.<\/span><\/p>\n<h2 data-sourcepos=\"1:1-1:35\">\u00a0<\/h2>\n<h2><b>Ihre Rechte<\/b><\/h2>\n<p><span style=\"font-weight: 400;\">Sie behalten alle Rechte an Ihren Bildern mit Ausnahme der uns gew\u00e4hrten eingeschr\u00e4nkten Lizenz. Sie k\u00f6nnen die Entfernung Ihres Bildes von unserer Website oder von Werbematerialien verlangen, indem Sie sich mit uns in Verbindung setzen. Dar\u00fcber hinaus haben Sie das Recht, auf die von uns gespeicherten personenbezogenen Daten zuzugreifen, sie zu korrigieren oder zu l\u00f6schen. Wenn Sie Fragen oder Bedenken bez\u00fcglich dieser Richtlinie haben, kontaktieren Sie uns bitte unter info@heat-pump-day.org.<\/span><\/p>\n<h2 data-sourcepos=\"1:1-1:35\">\u00a0<\/h2>\n<h2><b>Cookies<\/b><\/h2>\n<p><span style=\"font-weight: 400;\">Wir verwenden Cookies, um Ihnen die Navigation zu erleichtern und bestimmte Funktionen auszuf\u00fchren. Ausf\u00fchrliche Informationen zu allen Cookies finden Sie unter den einzelnen Einwilligungskategorien weiter unten.<\/span><\/p>\n<h2 data-sourcepos=\"1:1-1:35\">\u00a0<\/h2>\n<p><span style=\"font-weight: 400;\">Die Cookies, die als \"notwendig\" eingestuft werden, werden in Ihrem Browser gespeichert, da sie f\u00fcr die grundlegenden Funktionen der Website unerl\u00e4sslich sind.<\/span><\/p>\n<h2 data-sourcepos=\"1:1-1:35\">\u00a0<\/h2>\n<p><span style=\"font-weight: 400;\">Wir verwenden auch Cookies von Drittanbietern, die uns dabei helfen, zu analysieren, wie Sie diese Website nutzen, Ihre Pr\u00e4ferenzen zu speichern und die f\u00fcr Sie relevanten Inhalte und Werbungen bereitzustellen. Diese Cookies werden nur mit Ihrer vorherigen Zustimmung in Ihrem Browser gespeichert.<\/span><\/p>\n<h2 data-sourcepos=\"1:1-1:35\">\u00a0<\/h2>\n<p><span style=\"font-weight: 400;\">Sie haben die M\u00f6glichkeit, einige oder alle dieser Cookies zu aktivieren oder zu deaktivieren, aber die Deaktivierung einiger dieser Cookies kann Ihr Surferlebnis beeintr\u00e4chtigen.<\/span><\/p>\n<h2 data-sourcepos=\"1:1-1:35\">\u00a0<\/h2>\n<p><span style=\"font-weight: 400;\">EHPA sammelt und speichert Cookies, eine kleine Textdatei, die eine Website auf Ihrem Computer oder Mobilger\u00e4t speichert, wenn Sie die Website besuchen. Dadurch kann sich die Website \u00fcber einen bestimmten Zeitraum hinweg an Ihre Aktionen und Pr\u00e4ferenzen erinnern, so dass Sie diese nicht jedes Mal neu angeben m\u00fcssen, wenn Sie die Website erneut besuchen oder von einer Seite zur anderen wechseln. EHPA verwendet diese Cookies, um die Nutzererfahrung auf ihrer Website zu verbessern, zum Beispiel \u00fcber Google Analytics.<\/span><\/p>\n<h2 data-sourcepos=\"1:1-1:35\">\u00a0<\/h2>\n<h3><strong><i>Erforderlich\u00a0<\/i><\/strong><\/h3>\n<p><span style=\"font-weight: 400;\">Notwendige Cookies sind erforderlich, um die grundlegenden Funktionen dieser Website zu erm\u00f6glichen, wie z. B. die sichere Anmeldung oder die Anpassung Ihrer Einwilligungspr\u00e4ferenzen. Diese Cookies speichern keine pers\u00f6nlich identifizierbaren Daten.<\/span><\/p>\n<ul>\n<li style=\"font-weight: 400;\" aria-level=\"1\"><span style=\"font-weight: 400;\">CookieYes-Zustimmung: CookieYes setzt dieses Cookie, um sich die Einwilligungspr\u00e4ferenzen der Nutzer zu merken, so dass ihre Pr\u00e4ferenzen bei sp\u00e4teren Besuchen dieser Website beachtet werden. Es werden keine pers\u00f6nlichen Informationen \u00fcber die Besucher der Website gesammelt oder gespeichert.<\/span><\/li>\n<li style=\"font-weight: 400;\" aria-level=\"1\"><span style=\"font-weight: 400;\">Elementor: Das WordPress-Theme der Website verwendet dieses Cookie. Es erm\u00f6glicht dem Eigent\u00fcmer der Website, den Inhalt der Website in Echtzeit zu implementieren oder zu \u00e4ndern.<\/span><\/li>\n<li style=\"font-weight: 400;\" aria-level=\"1\"><span style=\"font-weight: 400;\">wpEmojiSettingsSupports: WordPress setzt dieses Cookie, wenn ein Benutzer mit Emojis auf einer WordPress-Website interagiert. Es hilft festzustellen, ob der Browser des Benutzers Emojis richtig anzeigen kann.<\/span><\/li>\n<li style=\"font-weight: 400;\" aria-level=\"1\"><span style=\"font-weight: 400;\">rc::c: Dieses Cookie wird vom Google-Recaptcha-Dienst gesetzt, um Bots zu identifizieren und die Website vor b\u00f6sartigen Spam-Angriffen zu sch\u00fctzen.\u00a0<\/span><\/li>\n<\/ul>\n<h2 data-sourcepos=\"1:1-1:35\">\u00a0<\/h2>\n<h3><strong><i>Analytisch<\/i><\/strong><\/h3>\n<p><span style=\"font-weight: 400;\">Analytische Cookies werden verwendet, um zu verstehen, wie Besucher mit der Website interagieren. Diese Cookies helfen dabei, Informationen \u00fcber Metriken wie die Anzahl der Besucher, Absprungrate, Verkehrsquelle usw. zu liefern.<\/span><\/p>\n<ul>\n<li style=\"font-weight: 400;\" aria-level=\"1\"><span style=\"font-weight: 400;\">Google-Analytics: Google Analytics setzt Cookies, um 1. Seitenaufrufe zu speichern und zu z\u00e4hlen; 2. Besucher-, Sitzungs- und Kampagnendaten zu berechnen und die Nutzung der Website f\u00fcr den Analysebericht der Website zu verfolgen. Das Cookie speichert Informationen anonym und weist eine zuf\u00e4llig generierte Nummer zu, um eindeutige Besucher zu erkennen.<\/span><\/li>\n<\/ul>\n<h2 data-sourcepos=\"1:1-1:35\"><br \/><br \/><\/h2>\n<h2><b>Eingebettete Inhalte von anderen Websites<\/b><\/h2>\n<p><span style=\"font-weight: 400;\">Die Artikel auf dieser Website k\u00f6nnen eingebettete Inhalte (z. B. Videos, Bilder, Artikel usw.) enthalten. Eingebettete Inhalte von anderen Websites verhalten sich genau so, als ob der Besucher die andere Website besucht h\u00e4tte.<\/span><\/p>\n<h2 data-sourcepos=\"1:1-1:35\">\u00a0<\/h2>\n<p><span style=\"font-weight: 400;\">Diese Websites k\u00f6nnen Daten \u00fcber Sie sammeln, Cookies verwenden, zus\u00e4tzliche Trackingfunktionen von Dritten einbetten und Ihre Interaktion mit diesen eingebetteten Inhalten \u00fcberwachen, einschlie\u00dflich der Verfolgung Ihrer Interaktion mit den eingebetteten Inhalten, wenn Sie ein Konto haben und auf dieser Website angemeldet sind.<\/span><\/p>\n<h2 data-sourcepos=\"1:1-1:35\">\u00a0<\/h2>\n<h2><b>Update<\/b><\/h2>\n<p><span style=\"font-weight: 400;\">Diese Politik wurde ver\u00f6ffentlicht auf <\/span><span style=\"font-weight: 400;\">27. Juni 2024.\u00a0<\/span><\/p>\n<h2 data-sourcepos=\"1:1-1:35\">\u00a0<\/h2>\n<p><span style=\"font-weight: 400;\">Wenn Sie der Meinung sind, dass wir Ihre gesetzlichen Rechte oder die geltenden Datenschutzgesetze nicht beachtet haben, k\u00f6nnen Sie sich an die belgische Datenschutzbeh\u00f6rde (https:\/\/www.dataprotectionauthority.be\/) wenden. Wenn Sie sich au\u00dferhalb von Belgien befinden, k\u00f6nnen Sie sich auch an Ihre \u00f6rtliche Datenschutzbeh\u00f6rde wenden.<\/span><\/p>\t\t\t\t\t\t<\/div>\n\t\t\t\t<\/div>\n\t\t\t\t\t<\/div>\n\t\t\t\t<\/div>\n\t\t\t\t<\/div>","protected":false},"excerpt":{"rendered":"<p>Datenschutzrichtlinie f\u00fcr Heat Pump Day Wer wir sind Das Heat Pump Day wird von der Europ\u00e4ischen W\u00e4rmepumpenvereinigung AISBL betrieben. Unsere Haupt-Website-Adresse lautet: https:\/\/www.ehpa.org.   Wir betreiben auch andere Projekt- und Veranstaltungs-Websites, darunter www.heatpumpkeymark.com, www.dryficiency.eu, www.heat4cool.eu und www.decarbheat.eu.   Der Europ\u00e4ische W\u00e4rmepumpenverband AISBL, abgek\u00fcrzt EHPA, f\u00fcgt [...]<\/p>","protected":false},"author":1,"featured_media":0,"parent":0,"menu_order":0,"comment_status":"closed","ping_status":"open","template":"elementor_header_footer","meta":{"footnotes":""},"class_list":["post-3","page","type-page","status-publish","hentry"],"yoast_head":"<!-- This site is optimized with the Yoast SEO plugin v24.5 - https:\/\/yoast.com\/wordpress\/plugins\/seo\/ -->\n<title>Privacy Policy - Heat Pump Day<\/title>\n<meta name=\"robots\" content=\"index, follow, max-snippet:-1, max-image-preview:large, max-video-preview:-1\" \/>\n<link rel=\"canonical\" href=\"https:\/\/heat-pump-day.org\/de\/privacy-policy\/\" \/>\n<meta property=\"og:locale\" content=\"de_DE\" \/>\n<meta property=\"og:type\" content=\"article\" \/>\n<meta property=\"og:title\" content=\"Privacy Policy - Heat Pump Day\" \/>\n<meta property=\"og:description\" content=\"Privacy Policy for Heat Pump Day Who we are The Heat Pump Day is hosted by The European Heat Pump Association AISBL. Our main website address is: https:\/\/www.ehpa.org. \u00a0 We also run other project and event websites, including www.heatpumpkeymark.com, www.dryficiency.eu, www.heat4cool.eu, and www.decarbheat.eu. \u00a0 The European Heat Pump Association AISBL, in abbreviated form EHPA, attaches [&hellip;]\" \/>\n<meta property=\"og:url\" content=\"https:\/\/heat-pump-day.org\/de\/privacy-policy\/\" \/>\n<meta property=\"og:site_name\" content=\"Heat Pump Day\" \/>\n<meta property=\"article:modified_time\" content=\"2025-01-29T15:20:37+00:00\" \/>\n<meta name=\"twitter:card\" content=\"summary_large_image\" \/>\n<meta name=\"twitter:label1\" content=\"Gesch\u00e4tzte Lesezeit\" \/>\n\t<meta name=\"twitter:data1\" content=\"5\u00a0Minuten\" \/>\n<script type=\"application\/ld+json\" class=\"yoast-schema-graph\">{\"@context\":\"https:\/\/schema.org\",\"@graph\":[{\"@type\":\"WebPage\",\"@id\":\"https:\/\/heat-pump-day.org\/privacy-policy\/\",\"url\":\"https:\/\/heat-pump-day.org\/privacy-policy\/\",\"name\":\"Privacy Policy - Heat Pump Day\",\"isPartOf\":{\"@id\":\"https:\/\/heat-pump-day.org\/#website\"},\"datePublished\":\"2024-05-27T12:31:48+00:00\",\"dateModified\":\"2025-01-29T15:20:37+00:00\",\"breadcrumb\":{\"@id\":\"https:\/\/heat-pump-day.org\/privacy-policy\/#breadcrumb\"},\"inLanguage\":\"de\",\"potentialAction\":[{\"@type\":\"ReadAction\",\"target\":[\"https:\/\/heat-pump-day.org\/privacy-policy\/\"]}]},{\"@type\":\"BreadcrumbList\",\"@id\":\"https:\/\/heat-pump-day.org\/privacy-policy\/#breadcrumb\",\"itemListElement\":[{\"@type\":\"ListItem\",\"position\":1,\"name\":\"Home\",\"item\":\"https:\/\/heat-pump-day.org\/\"},{\"@type\":\"ListItem\",\"position\":2,\"name\":\"Privacy Policy\"}]},{\"@type\":\"WebSite\",\"@id\":\"https:\/\/heat-pump-day.org\/#website\",\"url\":\"https:\/\/heat-pump-day.org\/\",\"name\":\"Heat Pump Day\",\"description\":\"\",\"publisher\":{\"@id\":\"https:\/\/heat-pump-day.org\/#organization\"},\"potentialAction\":[{\"@type\":\"SearchAction\",\"target\":{\"@type\":\"EntryPoint\",\"urlTemplate\":\"https:\/\/heat-pump-day.org\/?s={search_term_string}\"},\"query-input\":{\"@type\":\"PropertyValueSpecification\",\"valueRequired\":true,\"valueName\":\"search_term_string\"}}],\"inLanguage\":\"de\"},{\"@type\":\"Organization\",\"@id\":\"https:\/\/heat-pump-day.org\/#organization\",\"name\":\"Heat Pump Day\",\"url\":\"https:\/\/heat-pump-day.org\/\",\"logo\":{\"@type\":\"ImageObject\",\"inLanguage\":\"de\",\"@id\":\"https:\/\/heat-pump-day.org\/#\/schema\/logo\/image\/\",\"url\":\"https:\/\/heat-pump-day.org\/wp-content\/uploads\/2024\/05\/fundo.png\",\"contentUrl\":\"https:\/\/heat-pump-day.org\/wp-content\/uploads\/2024\/05\/fundo.png\",\"width\":1676,\"height\":1092,\"caption\":\"Heat Pump Day\"},\"image\":{\"@id\":\"https:\/\/heat-pump-day.org\/#\/schema\/logo\/image\/\"}}]}<\/script>\n<!-- \/ Yoast SEO plugin. -->","yoast_head_json":{"title":"Privacy Policy - Heat Pump Day","robots":{"index":"index","follow":"follow","max-snippet":"max-snippet:-1","max-image-preview":"max-image-preview:large","max-video-preview":"max-video-preview:-1"},"canonical":"https:\/\/heat-pump-day.org\/de\/privacy-policy\/","og_locale":"de_DE","og_type":"article","og_title":"Privacy Policy - Heat Pump Day","og_description":"Privacy Policy for Heat Pump Day Who we are The Heat Pump Day is hosted by The European Heat Pump Association AISBL. Our main website address is: https:\/\/www.ehpa.org. \u00a0 We also run other project and event websites, including www.heatpumpkeymark.com, www.dryficiency.eu, www.heat4cool.eu, and www.decarbheat.eu. \u00a0 The European Heat Pump Association AISBL, in abbreviated form EHPA, attaches [&hellip;]","og_url":"https:\/\/heat-pump-day.org\/de\/privacy-policy\/","og_site_name":"Heat Pump Day","article_modified_time":"2025-01-29T15:20:37+00:00","twitter_card":"summary_large_image","twitter_misc":{"Gesch\u00e4tzte Lesezeit":"5\u00a0Minuten"},"schema":{"@context":"https:\/\/schema.org","@graph":[{"@type":"WebPage","@id":"https:\/\/heat-pump-day.org\/privacy-policy\/","url":"https:\/\/heat-pump-day.org\/privacy-policy\/","name":"Privacy Policy - Heat Pump Day","isPartOf":{"@id":"https:\/\/heat-pump-day.org\/#website"},"datePublished":"2024-05-27T12:31:48+00:00","dateModified":"2025-01-29T15:20:37+00:00","breadcrumb":{"@id":"https:\/\/heat-pump-day.org\/privacy-policy\/#breadcrumb"},"inLanguage":"de","potentialAction":[{"@type":"ReadAction","target":["https:\/\/heat-pump-day.org\/privacy-policy\/"]}]},{"@type":"BreadcrumbList","@id":"https:\/\/heat-pump-day.org\/privacy-policy\/#breadcrumb","itemListElement":[{"@type":"ListItem","position":1,"name":"Home","item":"https:\/\/heat-pump-day.org\/"},{"@type":"ListItem","position":2,"name":"Privacy Policy"}]},{"@type":"WebSite","@id":"https:\/\/heat-pump-day.org\/#website","url":"https:\/\/heat-pump-day.org\/","name":"Heat Pump Day","description":"","publisher":{"@id":"https:\/\/heat-pump-day.org\/#organization"},"potentialAction":[{"@type":"SearchAction","target":{"@type":"EntryPoint","urlTemplate":"https:\/\/heat-pump-day.org\/?s={search_term_string}"},"query-input":{"@type":"PropertyValueSpecification","valueRequired":true,"valueName":"search_term_string"}}],"inLanguage":"de"},{"@type":"Organization","@id":"https:\/\/heat-pump-day.org\/#organization","name":"Heat Pump Day","url":"https:\/\/heat-pump-day.org\/","logo":{"@type":"ImageObject","inLanguage":"de","@id":"https:\/\/heat-pump-day.org\/#\/schema\/logo\/image\/","url":"https:\/\/heat-pump-day.org\/wp-content\/uploads\/2024\/05\/fundo.png","contentUrl":"https:\/\/heat-pump-day.org\/wp-content\/uploads\/2024\/05\/fundo.png","width":1676,"height":1092,"caption":"Heat Pump Day"},"image":{"@id":"https:\/\/heat-pump-day.org\/#\/schema\/logo\/image\/"}}]}},"_links":{"self":[{"href":"https:\/\/heat-pump-day.org\/de\/wp-json\/wp\/v2\/pages\/3","targetHints":{"allow":["GET"]}}],"collection":[{"href":"https:\/\/heat-pump-day.org\/de\/wp-json\/wp\/v2\/pages"}],"about":[{"href":"https:\/\/heat-pump-day.org\/de\/wp-json\/wp\/v2\/types\/page"}],"author":[{"embeddable":true,"href":"https:\/\/heat-pump-day.org\/de\/wp-json\/wp\/v2\/users\/1"}],"replies":[{"embeddable":true,"href":"https:\/\/heat-pump-day.org\/de\/wp-json\/wp\/v2\/comments?post=3"}],"version-history":[{"count":19,"href":"https:\/\/heat-pump-day.org\/de\/wp-json\/wp\/v2\/pages\/3\/revisions"}],"predecessor-version":[{"id":1461,"href":"https:\/\/heat-pump-day.org\/de\/wp-json\/wp\/v2\/pages\/3\/revisions\/1461"}],"wp:attachment":[{"href":"https:\/\/heat-pump-day.org\/de\/wp-json\/wp\/v2\/media?parent=3"}],"curies":[{"name":"wp","href":"https:\/\/api.w.org\/{rel}","templated":true}]}}