{"id":702,"date":"2024-06-14T02:50:47","date_gmt":"2024-06-14T01:50:47","guid":{"rendered":"https:\/\/heat-pump-day.org\/?page_id=702"},"modified":"2025-07-31T18:26:46","modified_gmt":"2025-07-31T17:26:46","slug":"about","status":"publish","type":"page","link":"https:\/\/heat-pump-day.org\/cs\/about\/","title":{"rendered":"O str\u00e1nk\u00e1ch"},"content":{"rendered":"<div data-elementor-type=\"wp-page\" data-elementor-id=\"702\" class=\"elementor elementor-702\" data-elementor-post-type=\"page\">\n\t\t\t\t<div class=\"elementor-element elementor-element-df99db0 e-flex e-con-boxed e-con e-parent\" data-id=\"df99db0\" data-element_type=\"container\" data-settings=\"{&quot;background_background&quot;:&quot;classic&quot;,&quot;shape_divider_top&quot;:&quot;waves&quot;,&quot;shape_divider_bottom&quot;:&quot;waves&quot;,&quot;shape_divider_top_negative&quot;:&quot;yes&quot;}\">\n\t\t\t\t\t<div class=\"e-con-inner\">\n\t\t\t\t<div class=\"elementor-shape elementor-shape-top\" data-negative=\"true\">\n\t\t\t<svg xmlns=\"http:\/\/www.w3.org\/2000\/svg\" viewbox=\"0 0 1000 100\" preserveaspectratio=\"none\">\n\t<path class=\"elementor-shape-fill\" d=\"M790.5,93.1c-59.3-5.3-116.8-18-192.6-50c-29.6-12.7-76.9-31-100.5-35.9c-23.6-4.9-52.6-7.8-75.5-5.3\tc-10.2,1.1-22.6,1.4-50.1,7.4c-27.2,6.3-58.2,16.6-79.4,24.7c-41.3,15.9-94.9,21.9-134,22.6C72,58.2,0,25.8,0,25.8V100h1000V65.3\tc0,0-51.5,19.4-106.2,25.7C839.5,97,814.1,95.2,790.5,93.1z\"\/>\n<\/svg>\t\t<\/div>\n\t\t\t\t<div class=\"elementor-shape elementor-shape-bottom\" data-negative=\"false\">\n\t\t\t<svg xmlns=\"http:\/\/www.w3.org\/2000\/svg\" viewbox=\"0 0 1000 100\" preserveaspectratio=\"none\">\n\t<path class=\"elementor-shape-fill\" d=\"M421.9,6.5c22.6-2.5,51.5,0.4,75.5,5.3c23.6,4.9,70.9,23.5,100.5,35.7c75.8,32.2,133.7,44.5,192.6,49.7\tc23.6,2.1,48.7,3.5,103.4-2.5c54.7-6,106.2-25.6,106.2-25.6V0H0v30.3c0,0,72,32.6,158.4,30.5c39.2-0.7,92.8-6.7,134-22.4\tc21.2-8.1,52.2-18.2,79.7-24.2C399.3,7.9,411.6,7.5,421.9,6.5z\"\/>\n<\/svg>\t\t<\/div>\n\t\t<div class=\"elementor-element elementor-element-acd34a1 e-con-full e-flex e-con e-child\" data-id=\"acd34a1\" data-element_type=\"container\">\n\t\t<div class=\"elementor-element elementor-element-67e75a0 e-flex e-con-boxed e-con e-child\" data-id=\"67e75a0\" data-element_type=\"container\">\n\t\t\t\t\t<div class=\"e-con-inner\">\n\t\t\t\t<div class=\"elementor-element elementor-element-3b60c5e elementor-widget__width-initial e-transform elementor-invisible elementor-widget elementor-widget-heading\" data-id=\"3b60c5e\" data-element_type=\"widget\" data-settings=\"{&quot;_transform_rotateZ_effect&quot;:{&quot;unit&quot;:&quot;px&quot;,&quot;size&quot;:-4,&quot;sizes&quot;:[]},&quot;_animation&quot;:&quot;zoomIn&quot;,&quot;_transform_rotateZ_effect_tablet&quot;:{&quot;unit&quot;:&quot;deg&quot;,&quot;size&quot;:&quot;&quot;,&quot;sizes&quot;:[]},&quot;_transform_rotateZ_effect_mobile&quot;:{&quot;unit&quot;:&quot;deg&quot;,&quot;size&quot;:&quot;&quot;,&quot;sizes&quot;:[]}}\" data-widget_type=\"heading.default\">\n\t\t\t\t<div class=\"elementor-widget-container\">\n\t\t\t<style>\/*! elementor - v3.21.0 - 26-05-2024 *\/\n.elementor-heading-title{padding:0;margin:0;line-height:1}.elementor-widget-heading .elementor-heading-title[class*=elementor-size-]>a{color:inherit;font-size:inherit;line-height:inherit}.elementor-widget-heading .elementor-heading-title.elementor-size-small{font-size:15px}.elementor-widget-heading .elementor-heading-title.elementor-size-medium{font-size:19px}.elementor-widget-heading .elementor-heading-title.elementor-size-large{font-size:29px}.elementor-widget-heading .elementor-heading-title.elementor-size-xl{font-size:39px}.elementor-widget-heading .elementor-heading-title.elementor-size-xxl{font-size:59px}<\/style><h1 class=\"elementor-heading-title elementor-size-default\">Co je<br> Heat Pump<br> Day?<\/h1>\t\t<\/div>\n\t\t\t\t<\/div>\n\t\t\t\t<div class=\"elementor-element elementor-element-c3ce7ad elementor-invisible elementor-widget elementor-widget-heading\" data-id=\"c3ce7ad\" data-element_type=\"widget\" data-settings=\"{&quot;_animation&quot;:&quot;fadeInUp&quot;}\" data-widget_type=\"heading.default\">\n\t\t\t\t<div class=\"elementor-widget-container\">\n\t\t\t<p class=\"elementor-heading-title elementor-size-default translation-block\">Zjist\u011bte, jak tato technologie <span style=\"color: #FFCF06\">prom\u011b\u0148uje<\/span> zp\u016fsob vyt\u00e1p\u011bn\u00ed a chlazen\u00ed, <span style=\"color: #35B99D\">zvy\u0161uje<\/span> konkurenceschopnost Evropy, <span style=\"color: #FF9210\">p\u0159isp\u00edvat<\/span> k energetick\u00e9 nez\u00e1vislosti a \u00fa\u010dinnosti a <span style=\"color: #FFCF06\">sni\u017eovat<\/span> na\u0161i uhl\u00edkovou stopu.<\/p>\t\t<\/div>\n\t\t\t\t<\/div>\n\t\t<div class=\"elementor-element elementor-element-ad22b61 e-flex e-con-boxed e-con e-child\" data-id=\"ad22b61\" data-element_type=\"container\">\n\t\t\t\t\t<div class=\"e-con-inner\">\n\t\t<div class=\"elementor-element elementor-element-ed9f44a e-flex e-con-boxed e-con e-child\" data-id=\"ed9f44a\" data-element_type=\"container\">\n\t\t\t\t\t<div class=\"e-con-inner\">\n\t\t\t\t<div class=\"elementor-element elementor-element-f451e92 e-transform e-transform elementor-invisible elementor-widget elementor-widget-image\" data-id=\"f451e92\" data-element_type=\"widget\" data-settings=\"{&quot;_transform_rotateZ_effect_hover&quot;:{&quot;unit&quot;:&quot;px&quot;,&quot;size&quot;:-5,&quot;sizes&quot;:[]},&quot;_animation&quot;:&quot;zoomIn&quot;,&quot;_transform_rotateZ_effect&quot;:{&quot;unit&quot;:&quot;px&quot;,&quot;size&quot;:4,&quot;sizes&quot;:[]},&quot;_transform_rotateZ_effect_tablet&quot;:{&quot;unit&quot;:&quot;deg&quot;,&quot;size&quot;:&quot;&quot;,&quot;sizes&quot;:[]},&quot;_transform_rotateZ_effect_mobile&quot;:{&quot;unit&quot;:&quot;deg&quot;,&quot;size&quot;:&quot;&quot;,&quot;sizes&quot;:[]},&quot;_transform_rotateZ_effect_hover_tablet&quot;:{&quot;unit&quot;:&quot;deg&quot;,&quot;size&quot;:&quot;&quot;,&quot;sizes&quot;:[]},&quot;_transform_rotateZ_effect_hover_mobile&quot;:{&quot;unit&quot;:&quot;deg&quot;,&quot;size&quot;:&quot;&quot;,&quot;sizes&quot;:[]}}\" data-widget_type=\"image.default\">\n\t\t\t\t<div class=\"elementor-widget-container\">\n\t\t\t<style>\/*! elementor - v3.21.0 - 26-05-2024 *\/\n.elementor-widget-image{text-align:center}.elementor-widget-image a{display:inline-block}.elementor-widget-image a img[src$=\".svg\"]{width:48px}.elementor-widget-image img{vertical-align:middle;display:inline-block}<\/style>\t\t\t\t\t\t\t\t\t\t<img fetchpriority=\"high\" decoding=\"async\" width=\"768\" height=\"768\" src=\"https:\/\/heat-pump-day.org\/wp-content\/uploads\/2024\/06\/4-768x768.jpg\" class=\"attachment-medium_large size-medium_large wp-image-665\" alt=\"\" srcset=\"https:\/\/heat-pump-day.org\/wp-content\/uploads\/2024\/06\/4-768x768.jpg 768w, https:\/\/heat-pump-day.org\/wp-content\/uploads\/2024\/06\/4-300x300.jpg 300w, https:\/\/heat-pump-day.org\/wp-content\/uploads\/2024\/06\/4-1024x1024.jpg 1024w, https:\/\/heat-pump-day.org\/wp-content\/uploads\/2024\/06\/4-150x150.jpg 150w, https:\/\/heat-pump-day.org\/wp-content\/uploads\/2024\/06\/4.jpg 1400w\" sizes=\"(max-width: 768px) 100vw, 768px\" \/>\t\t\t\t\t\t\t\t\t\t\t\t\t<\/div>\n\t\t\t\t<\/div>\n\t\t\t\t\t<\/div>\n\t\t\t\t<\/div>\n\t\t<div class=\"elementor-element elementor-element-0a79c12 e-flex e-con-boxed e-con e-child\" data-id=\"0a79c12\" data-element_type=\"container\">\n\t\t\t\t\t<div class=\"e-con-inner\">\n\t\t\t\t<div class=\"elementor-element elementor-element-e5f6aa8 elementor-invisible elementor-widget elementor-widget-heading\" data-id=\"e5f6aa8\" data-element_type=\"widget\" data-settings=\"{&quot;_animation&quot;:&quot;fadeInUp&quot;}\" data-widget_type=\"heading.default\">\n\t\t\t\t<div class=\"elementor-widget-container\">\n\t\t\t<p class=\"elementor-heading-title elementor-size-default\">Tato iniciativa, kterou koordinuje Evropsk\u00e1 asociace tepeln\u00fdch \u010derpadel, sdru\u017euje nad\u0161ence pro tepeln\u00e1 \u010derpadla a zv\u00eddav\u00e9 mozky z cel\u00e9 Evropy. Partne\u0159i ze \u010dty\u0159 kout\u016f kontinentu spojuj\u00ed sv\u00e9 s\u00edly, aby se vzd\u011bl\u00e1vali, informovali a vym\u011b\u0148ovali si informace o v\u00fdhod\u00e1ch a inovac\u00edch technologie tepeln\u00fdch \u010derpadel.\n<br>Vydejte se s n\u00e1mi na tuto cestu a prozkoumejte na\u0161e interaktivn\u00ed zdroje, nav\u0161tivte virtu\u00e1ln\u00ed akce a akce na m\u00edst\u011b po cel\u00e9 Evrop\u011b a roz\u0161i\u0159te sv\u00e9 znalosti o s\u00edle tepeln\u00fdch \u010derpadel.\n<\/p>\t\t<\/div>\n\t\t\t\t<\/div>\n\t\t\t\t\t<\/div>\n\t\t\t\t<\/div>\n\t\t\t\t\t<\/div>\n\t\t\t\t<\/div>\n\t\t<div class=\"elementor-element elementor-element-b5a3074 e-flex e-con-boxed e-con e-child\" data-id=\"b5a3074\" data-element_type=\"container\">\n\t\t\t\t\t<div class=\"e-con-inner\">\n\t\t<div class=\"elementor-element elementor-element-afe6f62 e-con-full e-flex e-con e-child\" data-id=\"afe6f62\" data-element_type=\"container\">\n\t\t\t\t<div class=\"elementor-element elementor-element-420f4cc elementor-invisible elementor-widget elementor-widget-heading\" data-id=\"420f4cc\" data-element_type=\"widget\" data-settings=\"{&quot;_animation&quot;:&quot;fadeInUp&quot;}\" data-widget_type=\"heading.default\">\n\t\t\t\t<div class=\"elementor-widget-container\">\n\t\t\t<p class=\"elementor-heading-title elementor-size-default\">A\u0165 u\u017e jste odborn\u00edk, nebo v\u00e1s jen zaj\u00edm\u00e1, co je to tepeln\u00e9 \u010derpadlo, Heat Pump Day je p\u0159\u00edle\u017eitost\u00ed pro ka\u017ed\u00e9ho, aby se dozv\u011bd\u011bl, co pro n\u00e1s tato technologie ji\u017e d\u011bl\u00e1 a jak\u00fd m\u00e1 neuv\u011b\u0159iteln\u00fd potenci\u00e1l.\n<\/p>\t\t<\/div>\n\t\t\t\t<\/div>\n\t\t\t\t<\/div>\n\t\t<div class=\"elementor-element elementor-element-50b97a0 e-flex e-con-boxed e-con e-child\" data-id=\"50b97a0\" data-element_type=\"container\">\n\t\t\t\t\t<div class=\"e-con-inner\">\n\t\t\t\t<div class=\"elementor-element elementor-element-be7485b e-transform e-transform elementor-invisible elementor-widget elementor-widget-image\" data-id=\"be7485b\" data-element_type=\"widget\" data-settings=\"{&quot;_transform_rotateZ_effect_hover&quot;:{&quot;unit&quot;:&quot;px&quot;,&quot;size&quot;:-5,&quot;sizes&quot;:[]},&quot;_animation&quot;:&quot;zoomIn&quot;,&quot;_transform_rotateZ_effect&quot;:{&quot;unit&quot;:&quot;px&quot;,&quot;size&quot;:4,&quot;sizes&quot;:[]},&quot;_transform_rotateZ_effect_tablet&quot;:{&quot;unit&quot;:&quot;deg&quot;,&quot;size&quot;:&quot;&quot;,&quot;sizes&quot;:[]},&quot;_transform_rotateZ_effect_mobile&quot;:{&quot;unit&quot;:&quot;deg&quot;,&quot;size&quot;:&quot;&quot;,&quot;sizes&quot;:[]},&quot;_transform_rotateZ_effect_hover_tablet&quot;:{&quot;unit&quot;:&quot;deg&quot;,&quot;size&quot;:&quot;&quot;,&quot;sizes&quot;:[]},&quot;_transform_rotateZ_effect_hover_mobile&quot;:{&quot;unit&quot;:&quot;deg&quot;,&quot;size&quot;:&quot;&quot;,&quot;sizes&quot;:[]}}\" data-widget_type=\"image.default\">\n\t\t\t\t<div class=\"elementor-widget-container\">\n\t\t\t\t\t\t\t\t\t\t\t\t\t<img decoding=\"async\" width=\"800\" height=\"800\" src=\"https:\/\/heat-pump-day.org\/wp-content\/uploads\/2024\/06\/5-1024x1024.jpg\" class=\"attachment-large size-large wp-image-666\" alt=\"\" srcset=\"https:\/\/heat-pump-day.org\/wp-content\/uploads\/2024\/06\/5-1024x1024.jpg 1024w, https:\/\/heat-pump-day.org\/wp-content\/uploads\/2024\/06\/5-300x300.jpg 300w, https:\/\/heat-pump-day.org\/wp-content\/uploads\/2024\/06\/5-150x150.jpg 150w, https:\/\/heat-pump-day.org\/wp-content\/uploads\/2024\/06\/5-768x768.jpg 768w, https:\/\/heat-pump-day.org\/wp-content\/uploads\/2024\/06\/5.jpg 1400w\" sizes=\"(max-width: 800px) 100vw, 800px\" \/>\t\t\t\t\t\t\t\t\t\t\t\t\t<\/div>\n\t\t\t\t<\/div>\n\t\t\t\t\t<\/div>\n\t\t\t\t<\/div>\n\t\t\t\t\t<\/div>\n\t\t\t\t<\/div>\n\t\t\t\t\t<\/div>\n\t\t\t\t<\/div>\n\t\t\t\t<div class=\"elementor-element elementor-element-8d25f8c elementor-align-center elementor-invisible elementor-widget elementor-widget-button\" data-id=\"8d25f8c\" data-element_type=\"widget\" data-settings=\"{&quot;_animation&quot;:&quot;fadeInUp&quot;}\" data-widget_type=\"button.default\">\n\t\t\t\t<div class=\"elementor-widget-container\">\n\t\t\t\t\t<div class=\"elementor-button-wrapper\">\n\t\t\t<a class=\"elementor-button elementor-button-link elementor-size-sm\" href=\"https:\/\/heat-pump-day.org\/cs\/take-action\/\">\n\t\t\t\t\t\t<span class=\"elementor-button-content-wrapper\">\n\t\t\t\t\t\t\t\t\t<span class=\"elementor-button-text\">PODNIKN\u011aTE KROKY HNED TE\u010e<\/span>\n\t\t\t\t\t<\/span>\n\t\t\t\t\t<\/a>\n\t\t<\/div>\n\t\t\t\t<\/div>\n\t\t\t\t<\/div>\n\t\t\t\t<div class=\"elementor-element elementor-element-83f220d elementor-widget elementor-widget-spacer\" data-id=\"83f220d\" data-element_type=\"widget\" data-widget_type=\"spacer.default\">\n\t\t\t\t<div class=\"elementor-widget-container\">\n\t\t\t<style>\/*! elementor - v3.21.0 - 26-05-2024 *\/\n.elementor-column .elementor-spacer-inner{height:var(--spacer-size)}.e-con{--container-widget-width:100%}.e-con-inner>.elementor-widget-spacer,.e-con>.elementor-widget-spacer{width:var(--container-widget-width,var(--spacer-size));--align-self:var(--container-widget-align-self,initial);--flex-shrink:0}.e-con-inner>.elementor-widget-spacer>.elementor-widget-container,.e-con>.elementor-widget-spacer>.elementor-widget-container{height:100%;width:100%}.e-con-inner>.elementor-widget-spacer>.elementor-widget-container>.elementor-spacer,.e-con>.elementor-widget-spacer>.elementor-widget-container>.elementor-spacer{height:100%}.e-con-inner>.elementor-widget-spacer>.elementor-widget-container>.elementor-spacer>.elementor-spacer-inner,.e-con>.elementor-widget-spacer>.elementor-widget-container>.elementor-spacer>.elementor-spacer-inner{height:var(--container-widget-height,var(--spacer-size))}.e-con-inner>.elementor-widget-spacer.elementor-widget-empty,.e-con>.elementor-widget-spacer.elementor-widget-empty{position:relative;min-height:22px;min-width:22px}.e-con-inner>.elementor-widget-spacer.elementor-widget-empty .elementor-widget-empty-icon,.e-con>.elementor-widget-spacer.elementor-widget-empty .elementor-widget-empty-icon{position:absolute;top:0;bottom:0;left:0;right:0;margin:auto;padding:0;width:22px;height:22px}<\/style>\t\t<div class=\"elementor-spacer\">\n\t\t\t<div class=\"elementor-spacer-inner\"><\/div>\n\t\t<\/div>\n\t\t\t\t<\/div>\n\t\t\t\t<\/div>\n\t\t\t\t<\/div>\n\t\t\t\t\t<\/div>\n\t\t\t\t<\/div>\n\t\t\t\t<\/div>","protected":false},"excerpt":{"rendered":"<p>Co je Heat Pump Day? Zjist\u011bte, jak tato technologie m\u011bn\u00ed zp\u016fsob vyt\u00e1p\u011bn\u00ed a chlazen\u00ed, zvy\u0161uje konkurenceschopnost Evropy, p\u0159isp\u00edv\u00e1 k energetick\u00e9 nez\u00e1vislosti a \u00fa\u010dinnosti a sni\u017euje na\u0161i uhl\u00edkovou stopu. Tato iniciativa, kterou koordinuje Evropsk\u00e1 asociace tepeln\u00fdch \u010derpadel, sdru\u017euje nad\u0161ence pro tepeln\u00e1 \u010derpadla a zv\u00eddav\u00e9 mozky z cel\u00e9 Evropy. Partne\u0159i ze \u010dty\u0159 zem\u00ed, kter\u00e9 se pod\u00edlej\u00ed na projektu, se [...]<\/p>","protected":false},"author":1,"featured_media":0,"parent":0,"menu_order":0,"comment_status":"closed","ping_status":"closed","template":"elementor_header_footer","meta":{"footnotes":""},"class_list":["post-702","page","type-page","status-publish","hentry"],"yoast_head":"<!-- This site is optimized with the Yoast SEO plugin v24.5 - https:\/\/yoast.com\/wordpress\/plugins\/seo\/ -->\n<title>About - Heat Pump Day<\/title>\n<meta name=\"robots\" content=\"index, follow, max-snippet:-1, max-image-preview:large, max-video-preview:-1\" \/>\n<link rel=\"canonical\" href=\"https:\/\/heat-pump-day.org\/cs\/about\/\" \/>\n<meta property=\"og:locale\" content=\"cs_CZ\" \/>\n<meta property=\"og:type\" content=\"article\" \/>\n<meta property=\"og:title\" content=\"About - Heat Pump Day\" \/>\n<meta property=\"og:description\" content=\"What is Heat Pump Day? Discover how the technology is transforming the way we heat and cool, boosting Europe\u2019s competetiveness, contributing to energy independence and efficiency, and reducing our carbon footprint. Coordinated by the European Heat Pump Association, this initiative gathers heat pump enthusiasts and inquisitive minds from all over Europe. Partners from the four [&hellip;]\" \/>\n<meta property=\"og:url\" content=\"https:\/\/heat-pump-day.org\/cs\/about\/\" \/>\n<meta property=\"og:site_name\" content=\"Heat Pump Day\" \/>\n<meta property=\"article:modified_time\" content=\"2025-07-31T17:26:46+00:00\" \/>\n<meta property=\"og:image\" content=\"https:\/\/heat-pump-day.org\/wp-content\/uploads\/2024\/06\/4.jpg\" \/>\n\t<meta property=\"og:image:width\" content=\"1400\" \/>\n\t<meta property=\"og:image:height\" content=\"1400\" \/>\n\t<meta property=\"og:image:type\" content=\"image\/jpeg\" \/>\n<meta name=\"twitter:card\" content=\"summary_large_image\" \/>\n<meta name=\"twitter:label1\" content=\"Odhadovan\u00e1 doba \u010dten\u00ed\" \/>\n\t<meta name=\"twitter:data1\" content=\"2 minuty\" \/>\n<script type=\"application\/ld+json\" class=\"yoast-schema-graph\">{\"@context\":\"https:\/\/schema.org\",\"@graph\":[{\"@type\":\"WebPage\",\"@id\":\"https:\/\/heat-pump-day.org\/about\/\",\"url\":\"https:\/\/heat-pump-day.org\/about\/\",\"name\":\"About - Heat Pump Day\",\"isPartOf\":{\"@id\":\"https:\/\/heat-pump-day.org\/#website\"},\"primaryImageOfPage\":{\"@id\":\"https:\/\/heat-pump-day.org\/about\/#primaryimage\"},\"image\":{\"@id\":\"https:\/\/heat-pump-day.org\/about\/#primaryimage\"},\"thumbnailUrl\":\"https:\/\/heat-pump-day.org\/wp-content\/uploads\/2024\/06\/4-768x768.jpg\",\"datePublished\":\"2024-06-14T01:50:47+00:00\",\"dateModified\":\"2025-07-31T17:26:46+00:00\",\"breadcrumb\":{\"@id\":\"https:\/\/heat-pump-day.org\/about\/#breadcrumb\"},\"inLanguage\":\"cs\",\"potentialAction\":[{\"@type\":\"ReadAction\",\"target\":[\"https:\/\/heat-pump-day.org\/about\/\"]}]},{\"@type\":\"ImageObject\",\"inLanguage\":\"cs\",\"@id\":\"https:\/\/heat-pump-day.org\/about\/#primaryimage\",\"url\":\"https:\/\/heat-pump-day.org\/wp-content\/uploads\/2024\/06\/4-768x768.jpg\",\"contentUrl\":\"https:\/\/heat-pump-day.org\/wp-content\/uploads\/2024\/06\/4-768x768.jpg\"},{\"@type\":\"BreadcrumbList\",\"@id\":\"https:\/\/heat-pump-day.org\/about\/#breadcrumb\",\"itemListElement\":[{\"@type\":\"ListItem\",\"position\":1,\"name\":\"Home\",\"item\":\"https:\/\/heat-pump-day.org\/\"},{\"@type\":\"ListItem\",\"position\":2,\"name\":\"About\"}]},{\"@type\":\"WebSite\",\"@id\":\"https:\/\/heat-pump-day.org\/#website\",\"url\":\"https:\/\/heat-pump-day.org\/\",\"name\":\"Heat Pump Day\",\"description\":\"\",\"publisher\":{\"@id\":\"https:\/\/heat-pump-day.org\/#organization\"},\"potentialAction\":[{\"@type\":\"SearchAction\",\"target\":{\"@type\":\"EntryPoint\",\"urlTemplate\":\"https:\/\/heat-pump-day.org\/?s={search_term_string}\"},\"query-input\":{\"@type\":\"PropertyValueSpecification\",\"valueRequired\":true,\"valueName\":\"search_term_string\"}}],\"inLanguage\":\"cs\"},{\"@type\":\"Organization\",\"@id\":\"https:\/\/heat-pump-day.org\/#organization\",\"name\":\"Heat Pump Day\",\"url\":\"https:\/\/heat-pump-day.org\/\",\"logo\":{\"@type\":\"ImageObject\",\"inLanguage\":\"cs\",\"@id\":\"https:\/\/heat-pump-day.org\/#\/schema\/logo\/image\/\",\"url\":\"https:\/\/heat-pump-day.org\/wp-content\/uploads\/2024\/05\/fundo.png\",\"contentUrl\":\"https:\/\/heat-pump-day.org\/wp-content\/uploads\/2024\/05\/fundo.png\",\"width\":1676,\"height\":1092,\"caption\":\"Heat Pump Day\"},\"image\":{\"@id\":\"https:\/\/heat-pump-day.org\/#\/schema\/logo\/image\/\"}}]}<\/script>\n<!-- \/ Yoast SEO plugin. -->","yoast_head_json":{"title":"About - Heat Pump Day","robots":{"index":"index","follow":"follow","max-snippet":"max-snippet:-1","max-image-preview":"max-image-preview:large","max-video-preview":"max-video-preview:-1"},"canonical":"https:\/\/heat-pump-day.org\/cs\/about\/","og_locale":"cs_CZ","og_type":"article","og_title":"About - Heat Pump Day","og_description":"What is Heat Pump Day? Discover how the technology is transforming the way we heat and cool, boosting Europe\u2019s competetiveness, contributing to energy independence and efficiency, and reducing our carbon footprint. Coordinated by the European Heat Pump Association, this initiative gathers heat pump enthusiasts and inquisitive minds from all over Europe. Partners from the four [&hellip;]","og_url":"https:\/\/heat-pump-day.org\/cs\/about\/","og_site_name":"Heat Pump Day","article_modified_time":"2025-07-31T17:26:46+00:00","og_image":[{"width":1400,"height":1400,"url":"https:\/\/heat-pump-day.org\/wp-content\/uploads\/2024\/06\/4.jpg","type":"image\/jpeg"}],"twitter_card":"summary_large_image","twitter_misc":{"Odhadovan\u00e1 doba \u010dten\u00ed":"2 minuty"},"schema":{"@context":"https:\/\/schema.org","@graph":[{"@type":"WebPage","@id":"https:\/\/heat-pump-day.org\/about\/","url":"https:\/\/heat-pump-day.org\/about\/","name":"About - Heat Pump Day","isPartOf":{"@id":"https:\/\/heat-pump-day.org\/#website"},"primaryImageOfPage":{"@id":"https:\/\/heat-pump-day.org\/about\/#primaryimage"},"image":{"@id":"https:\/\/heat-pump-day.org\/about\/#primaryimage"},"thumbnailUrl":"https:\/\/heat-pump-day.org\/wp-content\/uploads\/2024\/06\/4-768x768.jpg","datePublished":"2024-06-14T01:50:47+00:00","dateModified":"2025-07-31T17:26:46+00:00","breadcrumb":{"@id":"https:\/\/heat-pump-day.org\/about\/#breadcrumb"},"inLanguage":"cs","potentialAction":[{"@type":"ReadAction","target":["https:\/\/heat-pump-day.org\/about\/"]}]},{"@type":"ImageObject","inLanguage":"cs","@id":"https:\/\/heat-pump-day.org\/about\/#primaryimage","url":"https:\/\/heat-pump-day.org\/wp-content\/uploads\/2024\/06\/4-768x768.jpg","contentUrl":"https:\/\/heat-pump-day.org\/wp-content\/uploads\/2024\/06\/4-768x768.jpg"},{"@type":"BreadcrumbList","@id":"https:\/\/heat-pump-day.org\/about\/#breadcrumb","itemListElement":[{"@type":"ListItem","position":1,"name":"Home","item":"https:\/\/heat-pump-day.org\/"},{"@type":"ListItem","position":2,"name":"About"}]},{"@type":"WebSite","@id":"https:\/\/heat-pump-day.org\/#website","url":"https:\/\/heat-pump-day.org\/","name":"Heat Pump Day","description":"","publisher":{"@id":"https:\/\/heat-pump-day.org\/#organization"},"potentialAction":[{"@type":"SearchAction","target":{"@type":"EntryPoint","urlTemplate":"https:\/\/heat-pump-day.org\/?s={search_term_string}"},"query-input":{"@type":"PropertyValueSpecification","valueRequired":true,"valueName":"search_term_string"}}],"inLanguage":"cs"},{"@type":"Organization","@id":"https:\/\/heat-pump-day.org\/#organization","name":"Heat Pump Day","url":"https:\/\/heat-pump-day.org\/","logo":{"@type":"ImageObject","inLanguage":"cs","@id":"https:\/\/heat-pump-day.org\/#\/schema\/logo\/image\/","url":"https:\/\/heat-pump-day.org\/wp-content\/uploads\/2024\/05\/fundo.png","contentUrl":"https:\/\/heat-pump-day.org\/wp-content\/uploads\/2024\/05\/fundo.png","width":1676,"height":1092,"caption":"Heat Pump Day"},"image":{"@id":"https:\/\/heat-pump-day.org\/#\/schema\/logo\/image\/"}}]}},"_links":{"self":[{"href":"https:\/\/heat-pump-day.org\/cs\/wp-json\/wp\/v2\/pages\/702","targetHints":{"allow":["GET"]}}],"collection":[{"href":"https:\/\/heat-pump-day.org\/cs\/wp-json\/wp\/v2\/pages"}],"about":[{"href":"https:\/\/heat-pump-day.org\/cs\/wp-json\/wp\/v2\/types\/page"}],"author":[{"embeddable":true,"href":"https:\/\/heat-pump-day.org\/cs\/wp-json\/wp\/v2\/users\/1"}],"replies":[{"embeddable":true,"href":"https:\/\/heat-pump-day.org\/cs\/wp-json\/wp\/v2\/comments?post=702"}],"version-history":[{"count":49,"href":"https:\/\/heat-pump-day.org\/cs\/wp-json\/wp\/v2\/pages\/702\/revisions"}],"predecessor-version":[{"id":3156,"href":"https:\/\/heat-pump-day.org\/cs\/wp-json\/wp\/v2\/pages\/702\/revisions\/3156"}],"wp:attachment":[{"href":"https:\/\/heat-pump-day.org\/cs\/wp-json\/wp\/v2\/media?parent=702"}],"curies":[{"name":"wp","href":"https:\/\/api.w.org\/{rel}","templated":true}]}}