{"id":3,"date":"2024-05-27T13:31:48","date_gmt":"2024-05-27T12:31:48","guid":{"rendered":"https:\/\/heat-pump-day.org\/?page_id=3"},"modified":"2025-01-29T15:20:37","modified_gmt":"2025-01-29T15:20:37","slug":"privacy-policy","status":"publish","type":"page","link":"https:\/\/heat-pump-day.org\/cs\/privacy-policy\/","title":{"rendered":"Z\u00e1sady ochrany osobn\u00edch \u00fadaj\u016f"},"content":{"rendered":"<div data-elementor-type=\"wp-page\" data-elementor-id=\"3\" class=\"elementor elementor-3\" data-elementor-post-type=\"page\">\n\t\t\t\t<div class=\"elementor-element elementor-element-788a49c6 e-flex e-con-boxed e-con e-parent\" data-id=\"788a49c6\" data-element_type=\"container\">\n\t\t\t\t\t<div class=\"e-con-inner\">\n\t\t\t\t<div class=\"elementor-element elementor-element-222870e elementor-widget elementor-widget-heading\" data-id=\"222870e\" data-element_type=\"widget\" data-widget_type=\"heading.default\">\n\t\t\t\t<div class=\"elementor-widget-container\">\n\t\t\t<style>\/*! elementor - v3.21.0 - 26-05-2024 *\/\n.elementor-heading-title{padding:0;margin:0;line-height:1}.elementor-widget-heading .elementor-heading-title[class*=elementor-size-]>a{color:inherit;font-size:inherit;line-height:inherit}.elementor-widget-heading .elementor-heading-title.elementor-size-small{font-size:15px}.elementor-widget-heading .elementor-heading-title.elementor-size-medium{font-size:19px}.elementor-widget-heading .elementor-heading-title.elementor-size-large{font-size:29px}.elementor-widget-heading .elementor-heading-title.elementor-size-xl{font-size:39px}.elementor-widget-heading .elementor-heading-title.elementor-size-xxl{font-size:59px}<\/style><h1 class=\"elementor-heading-title elementor-size-default\">Z\u00e1sady ochrany osobn\u00edch \u00fadaj\u016f pro Heat Pump Day<\/h1>\t\t<\/div>\n\t\t\t\t<\/div>\n\t\t\t\t<div class=\"elementor-element elementor-element-6eb0f4d4 elementor-widget elementor-widget-text-editor\" data-id=\"6eb0f4d4\" data-element_type=\"widget\" data-widget_type=\"text-editor.default\">\n\t\t\t\t<div class=\"elementor-widget-container\">\n\t\t\t<style>\/*! elementor - v3.21.0 - 26-05-2024 *\/\n.elementor-widget-text-editor.elementor-drop-cap-view-stacked .elementor-drop-cap{background-color:#69727d;color:#fff}.elementor-widget-text-editor.elementor-drop-cap-view-framed .elementor-drop-cap{color:#69727d;border:3px solid;background-color:transparent}.elementor-widget-text-editor:not(.elementor-drop-cap-view-default) .elementor-drop-cap{margin-top:8px}.elementor-widget-text-editor:not(.elementor-drop-cap-view-default) .elementor-drop-cap-letter{width:1em;height:1em}.elementor-widget-text-editor .elementor-drop-cap{float:left;text-align:center;line-height:1;font-size:50px}.elementor-widget-text-editor .elementor-drop-cap-letter{display:inline-block}<\/style>\t\t\t\t<!-- wp:heading -->\n<h2><b>Kdo jsme<\/b><\/h2>\n<p><span style=\"font-weight: 400;\">Sout\u011b\u017e Heat Pump Day po\u0159\u00e1d\u00e1 Evropsk\u00e1 asociace tepeln\u00fdch \u010derpadel AISBL.<\/span><\/p>\n<p><span style=\"font-weight: 400;\">Na\u0161e hlavn\u00ed webov\u00e1 adresa je: https:\/\/www.ehpa.org.<\/span><\/p>\n<h2 data-sourcepos=\"1:1-1:35\">\u00a0<\/h2>\n<p><span style=\"font-weight: 400;\">Provozujeme tak\u00e9 dal\u0161\u00ed webov\u00e9 str\u00e1nky projekt\u016f a ud\u00e1lost\u00ed, v\u010detn\u011b <\/span><a href=\"http:\/\/www.heatpumpkeymark.com\"><span style=\"font-weight: 400;\">www.heatpumpkeymark.com<\/span><\/a><span style=\"font-weight: 400;\">, <\/span><a href=\"http:\/\/www.dryficiency.eu\"><span style=\"font-weight: 400;\">www.dryficiency.eu<\/span><\/a><span style=\"font-weight: 400;\">, <\/span><a href=\"http:\/\/www.heat4cool.eu\"><span style=\"font-weight: 400;\">www.heat4cool.eu<\/span><\/a><span style=\"font-weight: 400;\">a <\/span><a href=\"http:\/\/www.decarbheat.eu\"><span style=\"font-weight: 400;\">www.decarbheat.eu<\/span><\/a><span style=\"font-weight: 400;\">.<\/span><\/p>\n<h2 data-sourcepos=\"1:1-1:35\">\u00a0<\/h2>\n<p><span style=\"font-weight: 400;\">Evropsk\u00e1 asociace tepeln\u00fdch \u010derpadel AISBL, zkr\u00e1cen\u011b EHPA, p\u0159ikl\u00e1d\u00e1 velk\u00fd v\u00fdznam dodr\u017eov\u00e1n\u00ed pr\u00e1va na soukrom\u00ed osobn\u00edch \u00fadaj\u016f, kter\u00e9 uchov\u00e1v\u00e1.<\/span><\/p>\n<p><span style=\"font-weight: 400;\">Spole\u010dnost EHPA m\u016f\u017eete kontaktovat na adrese:<\/span><\/p>\n<p><span style=\"font-weight: 400;\">Avenue de Cortenbergh 120, 1000<\/span><\/p>\n<p><span style=\"font-weight: 400;\">Brusel, Belgie.<\/span><\/p>\n<p><span style=\"font-weight: 400;\">Telefon +(32) 488 59 76 59<\/span><\/p>\n<h2 data-sourcepos=\"1:1-1:35\">\u00a0<\/h2>\n<h2><b>Co znamenaj\u00ed \"osobn\u00ed \u00fadaje\"?<\/b><\/h2>\n<p><span style=\"font-weight: 400;\">Osobn\u00edm \u00fadajem se rozum\u00ed jak\u00e1koli informace t\u00fdkaj\u00edc\u00ed se identifikovan\u00e9 nebo identifikovateln\u00e9 fyzick\u00e9 osoby; identifikovateln\u00e1 osoba je osoba, kterou lze p\u0159\u00edmo \u010di nep\u0159\u00edmo identifikovat, zejm\u00e9na odkazem na e-mail.<\/span><\/p>\n<h2 data-sourcepos=\"1:1-1:35\">\u00a0<\/h2>\n<p><span style=\"font-weight: 400;\">P\u0159\u00edstup k informac\u00edm dostupn\u00fdm na t\u011bchto webov\u00fdch str\u00e1nk\u00e1ch nebo jejich prost\u0159ednictv\u00edm v z\u00e1sad\u011b nevy\u017eaduje, aby u\u017eivatel poskytl jak\u00e9koli osobn\u00ed \u00fadaje. Pro vyu\u017eit\u00ed n\u011bkter\u00fdch online slu\u017eeb, jako je nap\u0159\u00edklad kontaktov\u00e1n\u00ed n\u00e1s prost\u0159ednictv\u00edm kontaktn\u00edho formul\u00e1\u0159e, v\u0161ak m\u016f\u017eete b\u00fdt po\u017e\u00e1d\u00e1ni o poskytnut\u00ed osobn\u00edch \u00fadaj\u016f, jako je jm\u00e9no, p\u0159\u00edjmen\u00ed a e-mailov\u00e1 adresa.\u00a0<\/span><\/p>\n<h2 data-sourcepos=\"1:1-1:35\">\u00a0<\/h2>\n<h2><b>Pro\u010d shroma\u017e\u010fujeme a ukl\u00e1d\u00e1me osobn\u00ed \u00fadaje?<\/b><\/h2>\n<p><span style=\"font-weight: 400;\">EHPA shroma\u017e\u010fuje a uchov\u00e1v\u00e1 pouze osobn\u00ed \u00fadaje pot\u0159ebn\u00e9 pro komunikaci s publikem. Osobn\u00ed \u00fadaje se nepou\u017e\u00edvaj\u00ed z \u017e\u00e1dn\u00e9ho jin\u00e9ho d\u016fvodu a nikdy ke komer\u010dn\u00edm \u00fa\u010del\u016fm. EHPA tedy uchov\u00e1v\u00e1 osobn\u00ed \u00fadaje zaslan\u00e9 prost\u0159ednictv\u00edm formul\u00e1\u0159\u016f na webov\u00fdch str\u00e1nk\u00e1ch. EHPA va\u0161e \u00fadaje nepou\u017e\u00edv\u00e1, nesd\u00edl\u00ed, nepronaj\u00edm\u00e1 ani neprod\u00e1v\u00e1.<\/span><\/p>\n<h2 data-sourcepos=\"1:1-1:35\">\u00a0<\/h2>\n<h2><b>Shroma\u017e\u010fov\u00e1n\u00ed a pou\u017e\u00edv\u00e1n\u00ed osobn\u00edch \u00fadaj\u016f a sn\u00edmk\u016f<\/b><\/h2>\n<p><span style=\"font-weight: 400;\">\u00da\u010dast\u00ed v na\u0161\u00ed fotografick\u00e9 sout\u011b\u017ei souhlas\u00edte se shroma\u017e\u010fov\u00e1n\u00edm a pou\u017e\u00edv\u00e1n\u00edm v\u00e1mi zaslan\u00fdch informac\u00ed a obr\u00e1zk\u016f, jak je pops\u00e1no v t\u011bchto z\u00e1sad\u00e1ch ochrany osobn\u00edch \u00fadaj\u016f. \u00dadaje, kter\u00e9 nahrajete prost\u0159ednictv\u00edm na\u0161ich formul\u00e1\u0159\u016f, budou pou\u017eity pro \u00fa\u010dely \u00fa\u010dasti v sout\u011b\u017ei a pro propaga\u010dn\u00ed \u00fa\u010dely. Ud\u011blujete n\u00e1m nev\u00fdhradn\u00ed, bezplatnou, trvalou a celosv\u011btovou licenci k pou\u017e\u00edv\u00e1n\u00ed, \u00faprav\u00e1m, reprodukci a \u0161\u00ed\u0159en\u00ed va\u0161ich sn\u00edmk\u016f.<\/span><\/p>\n<h2 data-sourcepos=\"1:1-1:35\">\u00a0<\/h2>\n<h2><b>Skladov\u00e1n\u00ed a zabezpe\u010den\u00ed<\/b><\/h2>\n<p><span style=\"font-weight: 400;\">Va\u0161e \u00fadaje budou bezpe\u010dn\u011b ulo\u017eeny na na\u0161ich serverech a my p\u0159ijmeme p\u0159im\u011b\u0159en\u00e1 opat\u0159en\u00ed na jejich ochranu p\u0159ed neopr\u00e1vn\u011bn\u00fdm p\u0159\u00edstupem. Va\u0161e \u00fadaje budeme uchov\u00e1vat tak dlouho, jak bude nutn\u00e9 k napln\u011bn\u00ed \u00fa\u010del\u016f uveden\u00fdch v t\u011bchto z\u00e1sad\u00e1ch.<\/span><\/p>\n<h2 data-sourcepos=\"1:1-1:35\">\u00a0<\/h2>\n<h2><b>Sd\u00edlen\u00ed a zve\u0159ej\u0148ov\u00e1n\u00ed<\/b><\/h2>\n<p><span style=\"font-weight: 400;\">Va\u0161e \u00fadaje a sn\u00edmky nebudeme sd\u00edlet s t\u0159et\u00edmi stranami, s v\u00fdjimkou t\u011bch, kter\u00e9 se pod\u00edlej\u00ed na spr\u00e1v\u011b sout\u011b\u017ee, nebo pokud to vy\u017eaduje z\u00e1kon.<\/span><span style=\"font-weight: 400;\"> V\u00fdhern\u00ed sn\u00edmky mohou b\u00fdt ve\u0159ejn\u011b vystaveny na na\u0161ich webov\u00fdch str\u00e1nk\u00e1ch, soci\u00e1ln\u00edch s\u00edt\u00edch nebo v jin\u00fdch propaga\u010dn\u00edch materi\u00e1lech spolu s va\u0161\u00edm jm\u00e9nem a dal\u0161\u00edmi identifika\u010dn\u00edmi \u00fadaji, kter\u00e9 n\u00e1m poskytnete.<\/span><\/p>\n<h2 data-sourcepos=\"1:1-1:35\">\u00a0<\/h2>\n<h2><b>Va\u0161e pr\u00e1va<\/b><\/h2>\n<p><span style=\"font-weight: 400;\">Ve\u0161ker\u00e1 pr\u00e1va k va\u0161im obr\u00e1zk\u016fm, s v\u00fdjimkou omezen\u00e9 licence ud\u011blen\u00e9 n\u00e1m, si ponech\u00e1v\u00e1te. O odstran\u011bn\u00ed sv\u00e9ho obr\u00e1zku z na\u0161ich webov\u00fdch str\u00e1nek nebo propaga\u010dn\u00edch materi\u00e1l\u016f m\u016f\u017eete po\u017e\u00e1dat tak, \u017ee n\u00e1s kontaktujete. Krom\u011b toho m\u00e1te pr\u00e1vo na p\u0159\u00edstup k osobn\u00edm \u00fadaj\u016fm, kter\u00e9 o v\u00e1s uchov\u00e1v\u00e1me, na jejich opravu nebo odstran\u011bn\u00ed. V p\u0159\u00edpad\u011b jak\u00fdchkoli dotaz\u016f nebo obav t\u00fdkaj\u00edc\u00edch se t\u011bchto z\u00e1sad n\u00e1s pros\u00edm kontaktujte na adrese info@heat-pump-day.org.<\/span><\/p>\n<h2 data-sourcepos=\"1:1-1:35\">\u00a0<\/h2>\n<h2><b>Soubory cookie<\/b><\/h2>\n<p><span style=\"font-weight: 400;\">Soubory cookie pou\u017e\u00edv\u00e1me k efektivn\u00ed navigaci a k prov\u00e1d\u011bn\u00ed ur\u010dit\u00fdch funkc\u00ed. Podrobn\u00e9 informace o v\u0161ech souborech cookie naleznete pod jednotliv\u00fdmi kategoriemi souhlas\u016f n\u00ed\u017ee.<\/span><\/p>\n<h2 data-sourcepos=\"1:1-1:35\">\u00a0<\/h2>\n<p><span style=\"font-weight: 400;\">Soubory cookie, kter\u00e9 jsou klasifikov\u00e1ny jako \"nezbytn\u00e9\", jsou ulo\u017eeny ve va\u0161em prohl\u00ed\u017ee\u010di, proto\u017ee jsou nezbytn\u00e9 pro umo\u017en\u011bn\u00ed z\u00e1kladn\u00edch funkc\u00ed webu.<\/span><\/p>\n<h2 data-sourcepos=\"1:1-1:35\">\u00a0<\/h2>\n<p><span style=\"font-weight: 400;\">Pou\u017e\u00edv\u00e1me tak\u00e9 soubory cookie t\u0159et\u00edch stran, kter\u00e9 n\u00e1m pom\u00e1haj\u00ed analyzovat, jak tyto webov\u00e9 str\u00e1nky pou\u017e\u00edv\u00e1te, ukl\u00e1dat va\u0161e preference a poskytovat obsah a reklamy, kter\u00e9 jsou pro v\u00e1s relevantn\u00ed. Tyto soubory cookie se do va\u0161eho prohl\u00ed\u017ee\u010de ukl\u00e1daj\u00ed pouze s va\u0161\u00edm p\u0159edchoz\u00edm souhlasem.<\/span><\/p>\n<h2 data-sourcepos=\"1:1-1:35\">\u00a0<\/h2>\n<p><span style=\"font-weight: 400;\">N\u011bkter\u00e9 nebo v\u0161echny tyto soubory cookie m\u016f\u017eete povolit nebo zak\u00e1zat, ale zak\u00e1z\u00e1n\u00ed n\u011bkter\u00fdch z nich m\u016f\u017ee ovlivnit va\u0161e prohl\u00ed\u017een\u00ed.<\/span><\/p>\n<h2 data-sourcepos=\"1:1-1:35\">\u00a0<\/h2>\n<p><span style=\"font-weight: 400;\">EHPA shroma\u017e\u010fuje a ukl\u00e1d\u00e1 soubory cookie, mal\u00e9 textov\u00e9 soubory, kter\u00e9 webov\u00e9 str\u00e1nky ukl\u00e1daj\u00ed do va\u0161eho po\u010d\u00edta\u010de nebo mobiln\u00edho za\u0159\u00edzen\u00ed, kdy\u017e je nav\u0161t\u00edv\u00edte. D\u00edky n\u011bmu si webov\u00e9 str\u00e1nky po ur\u010ditou dobu pamatuj\u00ed va\u0161e akce a preference, tak\u017ee je nemus\u00edte znovu zad\u00e1vat, kdykoli se na str\u00e1nky vr\u00e1t\u00edte nebo p\u0159ejdete z jedn\u00e9 str\u00e1nky na druhou. EHPA pou\u017e\u00edv\u00e1 tyto soubory cookie ke zlep\u0161en\u00ed u\u017eivatelsk\u00e9ho komfortu na sv\u00fdch webov\u00fdch str\u00e1nk\u00e1ch, nap\u0159\u00edklad prost\u0159ednictv\u00edm slu\u017eby Google Analytics.<\/span><\/p>\n<h2 data-sourcepos=\"1:1-1:35\">\u00a0<\/h2>\n<h3><strong><i>Nezbytn\u00e9\u00a0<\/i><\/strong><\/h3>\n<p><span style=\"font-weight: 400;\">Nezbytn\u00e9 soubory cookie jsou nutn\u00e9 k umo\u017en\u011bn\u00ed z\u00e1kladn\u00edch funkc\u00ed t\u011bchto str\u00e1nek, jako je bezpe\u010dn\u00e9 p\u0159ihl\u00e1\u0161en\u00ed nebo nastaven\u00ed preferenc\u00ed souhlasu. Tyto soubory cookie neukl\u00e1daj\u00ed \u017e\u00e1dn\u00e9 osobn\u00ed \u00fadaje.<\/span><\/p>\n<ul>\n<li style=\"font-weight: 400;\" aria-level=\"1\"><span style=\"font-weight: 400;\">Souhlas s cookieyes: CookieYes nastavuje tento soubor cookie k zapamatov\u00e1n\u00ed preferenc\u00ed souhlasu u\u017eivatel\u016f, aby byly jejich preference respektov\u00e1ny p\u0159i dal\u0161\u00edch n\u00e1v\u0161t\u011bv\u00e1ch t\u011bchto str\u00e1nek. Neshroma\u017e\u010fuje ani neukl\u00e1d\u00e1 \u017e\u00e1dn\u00e9 osobn\u00ed \u00fadaje o n\u00e1v\u0161t\u011bvn\u00edc\u00edch str\u00e1nek.<\/span><\/li>\n<li style=\"font-weight: 400;\" aria-level=\"1\"><span style=\"font-weight: 400;\">Elementor: Tento soubor cookie pou\u017e\u00edv\u00e1 t\u00e9ma WordPress na webov\u00fdch str\u00e1nk\u00e1ch. Umo\u017e\u0148uje majiteli webu implementovat nebo m\u011bnit obsah webu v re\u00e1ln\u00e9m \u010dase.<\/span><\/li>\n<li style=\"font-weight: 400;\" aria-level=\"1\"><span style=\"font-weight: 400;\">wpEmojiSettingsSupports: Tento soubor cookie WordPress nastav\u00ed, kdy\u017e u\u017eivatel na webu WordPress interaguje s emoji. Pom\u00e1h\u00e1 ur\u010dit, zda prohl\u00ed\u017ee\u010d u\u017eivatele dok\u00e1\u017ee emoji spr\u00e1vn\u011b zobrazit.<\/span><\/li>\n<li style=\"font-weight: 400;\" aria-level=\"1\"><span style=\"font-weight: 400;\">rc::c: Tento soubor cookie nastavuje slu\u017eba Google recaptcha k identifikaci bot\u016f, aby chr\u00e1nila webov\u00e9 str\u00e1nky p\u0159ed \u00fatoky \u0161kodliv\u00e9ho spamu.\u00a0<\/span><\/li>\n<\/ul>\n<h2 data-sourcepos=\"1:1-1:35\">\u00a0<\/h2>\n<h3><strong><i>Analytick\u00e9<\/i><\/strong><\/h3>\n<p><span style=\"font-weight: 400;\">Analytick\u00e9 soubory cookie se pou\u017e\u00edvaj\u00ed k pochopen\u00ed interakce n\u00e1v\u0161t\u011bvn\u00edk\u016f s webov\u00fdmi str\u00e1nkami. Tyto soubory cookie pom\u00e1haj\u00ed poskytovat informace o metrik\u00e1ch, jako je po\u010det n\u00e1v\u0161t\u011bvn\u00edk\u016f, m\u00edra odsko\u010den\u00ed, zdroj n\u00e1v\u0161t\u011bvnosti atd.<\/span><\/p>\n<ul>\n<li style=\"font-weight: 400;\" aria-level=\"1\"><span style=\"font-weight: 400;\">Analytika Google: Google Analytics nastavuje soubory cookie pro 1. ukl\u00e1d\u00e1n\u00ed a po\u010d\u00edt\u00e1n\u00ed zobrazen\u00ed str\u00e1nek; 2. v\u00fdpo\u010det \u00fadaj\u016f o n\u00e1v\u0161t\u011bvn\u00edc\u00edch, relac\u00edch a kampan\u00edch a sledov\u00e1n\u00ed pou\u017e\u00edv\u00e1n\u00ed str\u00e1nek pro analytickou zpr\u00e1vu webu. Soubor cookie ukl\u00e1d\u00e1 informace anonymn\u011b a k rozpozn\u00e1n\u00ed jedine\u010dn\u00fdch n\u00e1v\u0161t\u011bvn\u00edk\u016f p\u0159i\u0159azuje n\u00e1hodn\u011b vygenerovan\u00e9 \u010d\u00edslo.<\/span><\/li>\n<\/ul>\n<h2 data-sourcepos=\"1:1-1:35\"><br \/><br \/><\/h2>\n<h2><b>Vlo\u017een\u00fd obsah z jin\u00fdch webov\u00fdch str\u00e1nek<\/b><\/h2>\n<p><span style=\"font-weight: 400;\">\u010cl\u00e1nky na t\u011bchto str\u00e1nk\u00e1ch mohou obsahovat vlo\u017een\u00fd obsah (nap\u0159. videa, obr\u00e1zky, \u010dl\u00e1nky atd.). Vlo\u017een\u00fd obsah z jin\u00fdch webov\u00fdch str\u00e1nek se chov\u00e1 \u00fapln\u011b stejn\u011b, jako kdyby n\u00e1v\u0161t\u011bvn\u00edk nav\u0161t\u00edvil jinou webovou str\u00e1nku.<\/span><\/p>\n<h2 data-sourcepos=\"1:1-1:35\">\u00a0<\/h2>\n<p><span style=\"font-weight: 400;\">Tyto webov\u00e9 str\u00e1nky mohou shroma\u017e\u010fovat \u00fadaje o v\u00e1s, pou\u017e\u00edvat soubory cookie, vkl\u00e1dat dal\u0161\u00ed sledov\u00e1n\u00ed t\u0159et\u00edch stran a sledovat va\u0161i interakci s vlo\u017een\u00fdm obsahem, v\u010detn\u011b sledov\u00e1n\u00ed va\u0161\u00ed interakce s vlo\u017een\u00fdm obsahem, pokud m\u00e1te \u00fa\u010det a jste p\u0159ihl\u00e1\u0161eni na dan\u00e9 webov\u00e9 str\u00e1nce.<\/span><\/p>\n<h2 data-sourcepos=\"1:1-1:35\">\u00a0<\/h2>\n<h2><b>Aktualizace<\/b><\/h2>\n<p><span style=\"font-weight: 400;\">Tyto z\u00e1sady byly zve\u0159ejn\u011bny na <\/span><span style=\"font-weight: 400;\">27. \u010dervna 2024.\u00a0<\/span><\/p>\n<h2 data-sourcepos=\"1:1-1:35\">\u00a0<\/h2>\n<p><span style=\"font-weight: 400;\">Pokud m\u00e1te obavy, \u017ee jsme nedodr\u017eeli va\u0161e z\u00e1konn\u00e1 pr\u00e1va nebo platn\u00e9 z\u00e1kony o ochran\u011b osobn\u00edch \u00fadaj\u016f, m\u016f\u017eete se obr\u00e1tit na belgick\u00fd \u00fa\u0159ad pro ochranu osobn\u00edch \u00fadaj\u016f (https:\/\/www.dataprotectionauthority.be\/). Pokud se nach\u00e1z\u00edte mimo Belgii, m\u016f\u017eete se p\u0159\u00edpadn\u011b obr\u00e1tit na m\u00edstn\u00ed \u00fa\u0159ad pro ochranu osobn\u00edch \u00fadaj\u016f.<\/span><\/p>\t\t\t\t\t\t<\/div>\n\t\t\t\t<\/div>\n\t\t\t\t\t<\/div>\n\t\t\t\t<\/div>\n\t\t\t\t<\/div>","protected":false},"excerpt":{"rendered":"<p>Z\u00e1sady ochrany osobn\u00edch \u00fadaj\u016f pro Heat Pump Day Kdo jsme Heat Pump Day hostuje Evropsk\u00e1 asociace tepeln\u00fdch \u010derpadel AISBL. Na\u0161e hlavn\u00ed webov\u00e1 adresa je: https:\/\/www.ehpa.org.   Provozujeme tak\u00e9 dal\u0161\u00ed webov\u00e9 str\u00e1nky projekt\u016f a akc\u00ed, v\u010detn\u011b www.heatpumpkeymark.com, www.dryficiency.eu, www.heat4cool.eu a www.decarbheat.eu.   Evropsk\u00e1 asociace tepeln\u00fdch \u010derpadel AISBL, ve zkr\u00e1cen\u00e9 podob\u011b EHPA, p\u0159ipojuje [...]<\/p>","protected":false},"author":1,"featured_media":0,"parent":0,"menu_order":0,"comment_status":"closed","ping_status":"open","template":"elementor_header_footer","meta":{"footnotes":""},"class_list":["post-3","page","type-page","status-publish","hentry"],"yoast_head":"<!-- This site is optimized with the Yoast SEO plugin v24.5 - https:\/\/yoast.com\/wordpress\/plugins\/seo\/ -->\n<title>Privacy Policy - Heat Pump Day<\/title>\n<meta name=\"robots\" content=\"index, follow, max-snippet:-1, max-image-preview:large, max-video-preview:-1\" \/>\n<link rel=\"canonical\" href=\"https:\/\/heat-pump-day.org\/cs\/privacy-policy\/\" \/>\n<meta property=\"og:locale\" content=\"cs_CZ\" \/>\n<meta property=\"og:type\" content=\"article\" \/>\n<meta property=\"og:title\" content=\"Privacy Policy - Heat Pump Day\" \/>\n<meta property=\"og:description\" content=\"Privacy Policy for Heat Pump Day Who we are The Heat Pump Day is hosted by The European Heat Pump Association AISBL. Our main website address is: https:\/\/www.ehpa.org. \u00a0 We also run other project and event websites, including www.heatpumpkeymark.com, www.dryficiency.eu, www.heat4cool.eu, and www.decarbheat.eu. \u00a0 The European Heat Pump Association AISBL, in abbreviated form EHPA, attaches [&hellip;]\" \/>\n<meta property=\"og:url\" content=\"https:\/\/heat-pump-day.org\/cs\/privacy-policy\/\" \/>\n<meta property=\"og:site_name\" content=\"Heat Pump Day\" \/>\n<meta property=\"article:modified_time\" content=\"2025-01-29T15:20:37+00:00\" \/>\n<meta name=\"twitter:card\" content=\"summary_large_image\" \/>\n<meta name=\"twitter:label1\" content=\"Odhadovan\u00e1 doba \u010dten\u00ed\" \/>\n\t<meta name=\"twitter:data1\" content=\"5 minut\" \/>\n<script type=\"application\/ld+json\" class=\"yoast-schema-graph\">{\"@context\":\"https:\/\/schema.org\",\"@graph\":[{\"@type\":\"WebPage\",\"@id\":\"https:\/\/heat-pump-day.org\/privacy-policy\/\",\"url\":\"https:\/\/heat-pump-day.org\/privacy-policy\/\",\"name\":\"Privacy Policy - Heat Pump Day\",\"isPartOf\":{\"@id\":\"https:\/\/heat-pump-day.org\/#website\"},\"datePublished\":\"2024-05-27T12:31:48+00:00\",\"dateModified\":\"2025-01-29T15:20:37+00:00\",\"breadcrumb\":{\"@id\":\"https:\/\/heat-pump-day.org\/privacy-policy\/#breadcrumb\"},\"inLanguage\":\"cs\",\"potentialAction\":[{\"@type\":\"ReadAction\",\"target\":[\"https:\/\/heat-pump-day.org\/privacy-policy\/\"]}]},{\"@type\":\"BreadcrumbList\",\"@id\":\"https:\/\/heat-pump-day.org\/privacy-policy\/#breadcrumb\",\"itemListElement\":[{\"@type\":\"ListItem\",\"position\":1,\"name\":\"Home\",\"item\":\"https:\/\/heat-pump-day.org\/\"},{\"@type\":\"ListItem\",\"position\":2,\"name\":\"Privacy Policy\"}]},{\"@type\":\"WebSite\",\"@id\":\"https:\/\/heat-pump-day.org\/#website\",\"url\":\"https:\/\/heat-pump-day.org\/\",\"name\":\"Heat Pump Day\",\"description\":\"\",\"publisher\":{\"@id\":\"https:\/\/heat-pump-day.org\/#organization\"},\"potentialAction\":[{\"@type\":\"SearchAction\",\"target\":{\"@type\":\"EntryPoint\",\"urlTemplate\":\"https:\/\/heat-pump-day.org\/?s={search_term_string}\"},\"query-input\":{\"@type\":\"PropertyValueSpecification\",\"valueRequired\":true,\"valueName\":\"search_term_string\"}}],\"inLanguage\":\"cs\"},{\"@type\":\"Organization\",\"@id\":\"https:\/\/heat-pump-day.org\/#organization\",\"name\":\"Heat Pump Day\",\"url\":\"https:\/\/heat-pump-day.org\/\",\"logo\":{\"@type\":\"ImageObject\",\"inLanguage\":\"cs\",\"@id\":\"https:\/\/heat-pump-day.org\/#\/schema\/logo\/image\/\",\"url\":\"https:\/\/heat-pump-day.org\/wp-content\/uploads\/2024\/05\/fundo.png\",\"contentUrl\":\"https:\/\/heat-pump-day.org\/wp-content\/uploads\/2024\/05\/fundo.png\",\"width\":1676,\"height\":1092,\"caption\":\"Heat Pump Day\"},\"image\":{\"@id\":\"https:\/\/heat-pump-day.org\/#\/schema\/logo\/image\/\"}}]}<\/script>\n<!-- \/ Yoast SEO plugin. -->","yoast_head_json":{"title":"Privacy Policy - Heat Pump Day","robots":{"index":"index","follow":"follow","max-snippet":"max-snippet:-1","max-image-preview":"max-image-preview:large","max-video-preview":"max-video-preview:-1"},"canonical":"https:\/\/heat-pump-day.org\/cs\/privacy-policy\/","og_locale":"cs_CZ","og_type":"article","og_title":"Privacy Policy - Heat Pump Day","og_description":"Privacy Policy for Heat Pump Day Who we are The Heat Pump Day is hosted by The European Heat Pump Association AISBL. Our main website address is: https:\/\/www.ehpa.org. \u00a0 We also run other project and event websites, including www.heatpumpkeymark.com, www.dryficiency.eu, www.heat4cool.eu, and www.decarbheat.eu. \u00a0 The European Heat Pump Association AISBL, in abbreviated form EHPA, attaches [&hellip;]","og_url":"https:\/\/heat-pump-day.org\/cs\/privacy-policy\/","og_site_name":"Heat Pump Day","article_modified_time":"2025-01-29T15:20:37+00:00","twitter_card":"summary_large_image","twitter_misc":{"Odhadovan\u00e1 doba \u010dten\u00ed":"5 minut"},"schema":{"@context":"https:\/\/schema.org","@graph":[{"@type":"WebPage","@id":"https:\/\/heat-pump-day.org\/privacy-policy\/","url":"https:\/\/heat-pump-day.org\/privacy-policy\/","name":"Privacy Policy - Heat Pump Day","isPartOf":{"@id":"https:\/\/heat-pump-day.org\/#website"},"datePublished":"2024-05-27T12:31:48+00:00","dateModified":"2025-01-29T15:20:37+00:00","breadcrumb":{"@id":"https:\/\/heat-pump-day.org\/privacy-policy\/#breadcrumb"},"inLanguage":"cs","potentialAction":[{"@type":"ReadAction","target":["https:\/\/heat-pump-day.org\/privacy-policy\/"]}]},{"@type":"BreadcrumbList","@id":"https:\/\/heat-pump-day.org\/privacy-policy\/#breadcrumb","itemListElement":[{"@type":"ListItem","position":1,"name":"Home","item":"https:\/\/heat-pump-day.org\/"},{"@type":"ListItem","position":2,"name":"Privacy Policy"}]},{"@type":"WebSite","@id":"https:\/\/heat-pump-day.org\/#website","url":"https:\/\/heat-pump-day.org\/","name":"Heat Pump Day","description":"","publisher":{"@id":"https:\/\/heat-pump-day.org\/#organization"},"potentialAction":[{"@type":"SearchAction","target":{"@type":"EntryPoint","urlTemplate":"https:\/\/heat-pump-day.org\/?s={search_term_string}"},"query-input":{"@type":"PropertyValueSpecification","valueRequired":true,"valueName":"search_term_string"}}],"inLanguage":"cs"},{"@type":"Organization","@id":"https:\/\/heat-pump-day.org\/#organization","name":"Heat Pump Day","url":"https:\/\/heat-pump-day.org\/","logo":{"@type":"ImageObject","inLanguage":"cs","@id":"https:\/\/heat-pump-day.org\/#\/schema\/logo\/image\/","url":"https:\/\/heat-pump-day.org\/wp-content\/uploads\/2024\/05\/fundo.png","contentUrl":"https:\/\/heat-pump-day.org\/wp-content\/uploads\/2024\/05\/fundo.png","width":1676,"height":1092,"caption":"Heat Pump Day"},"image":{"@id":"https:\/\/heat-pump-day.org\/#\/schema\/logo\/image\/"}}]}},"_links":{"self":[{"href":"https:\/\/heat-pump-day.org\/cs\/wp-json\/wp\/v2\/pages\/3","targetHints":{"allow":["GET"]}}],"collection":[{"href":"https:\/\/heat-pump-day.org\/cs\/wp-json\/wp\/v2\/pages"}],"about":[{"href":"https:\/\/heat-pump-day.org\/cs\/wp-json\/wp\/v2\/types\/page"}],"author":[{"embeddable":true,"href":"https:\/\/heat-pump-day.org\/cs\/wp-json\/wp\/v2\/users\/1"}],"replies":[{"embeddable":true,"href":"https:\/\/heat-pump-day.org\/cs\/wp-json\/wp\/v2\/comments?post=3"}],"version-history":[{"count":19,"href":"https:\/\/heat-pump-day.org\/cs\/wp-json\/wp\/v2\/pages\/3\/revisions"}],"predecessor-version":[{"id":1461,"href":"https:\/\/heat-pump-day.org\/cs\/wp-json\/wp\/v2\/pages\/3\/revisions\/1461"}],"wp:attachment":[{"href":"https:\/\/heat-pump-day.org\/cs\/wp-json\/wp\/v2\/media?parent=3"}],"curies":[{"name":"wp","href":"https:\/\/api.w.org\/{rel}","templated":true}]}}